{"id":6668,"date":"2021-10-21T11:24:24","date_gmt":"2021-10-21T16:24:24","guid":{"rendered":"https:\/\/www.carbide.audio\/product\/viscoring\/"},"modified":"2024-10-30T18:09:44","modified_gmt":"2024-10-30T23:09:44","slug":"lepkosc","status":"publish","type":"product","link":"https:\/\/carbide.audio\/pl\/produkt\/lepkosc\/","title":{"rendered":"ViscoRing\u2122"},"content":{"rendered":"<p>ViscoRing\u2122 Wiskoelastyczne pier\u015bcienie izolacyjne s\u0105 instalowane w naszych stopkach audio Carbide Base. Mo\u017cna je zam\u00f3wi\u0107 dla maksymalnej wagi sprz\u0119tu Super Light (30 funt\u00f3w lub 13,5 kg), Light (60 funt\u00f3w lub 27 kg), Medium (120 funt\u00f3w lub 54 kg), Heavy (240 funt\u00f3w lub 108 kg) lub Super Heavy (1000 funt\u00f3w lub 453 kg) (gdy s\u0105 u\u017cywane jako zestaw 4). <\/p>\n","protected":false},"excerpt":{"rendered":"<p>Wymienne wiskoelastyczne pier\u015bcienie izolacyjne ViscoRing\u2122 do stosowania w naszej stopce audio Carbide Base. Sprzedawane pojedynczo. <\/p>\n","protected":false},"featured_media":16903,"template":"","meta":{"editor_plus_copied_stylings":"{}","_monsterinsights_skip_tracking":false,"_monsterinsights_sitenote_active":false,"_monsterinsights_sitenote_note":"","_monsterinsights_sitenote_category":0},"product_brand":[],"product_cat":[464,406],"product_tag":[],"class_list":{"0":"post-6668","1":"product","2":"type-product","3":"status-publish","4":"has-post-thumbnail","6":"product_cat-akcesoria","7":"product_cat-carbide-base-pl","8":"product_shipping_class-baza-z-weglika","9":"tm-has-styled-variations","10":"tm-no-options-pxq","12":"first","13":"instock","14":"taxable","15":"shipping-taxable","16":"purchasable","17":"product-type-variable","18":"has-default-attributes"},"aioseo_notices":[],"_links":{"self":[{"href":"https:\/\/carbide.audio\/pl\/wp-json\/wp\/v2\/product\/6668","targetHints":{"allow":["GET"]}}],"collection":[{"href":"https:\/\/carbide.audio\/pl\/wp-json\/wp\/v2\/product"}],"about":[{"href":"https:\/\/carbide.audio\/pl\/wp-json\/wp\/v2\/types\/product"}],"wp:featuredmedia":[{"embeddable":true,"href":"https:\/\/carbide.audio\/pl\/wp-json\/wp\/v2\/media\/16903"}],"wp:attachment":[{"href":"https:\/\/carbide.audio\/pl\/wp-json\/wp\/v2\/media?parent=6668"}],"wp:term":[{"taxonomy":"product_brand","embeddable":true,"href":"https:\/\/carbide.audio\/pl\/wp-json\/wp\/v2\/product_brand?post=6668"},{"taxonomy":"product_cat","embeddable":true,"href":"https:\/\/carbide.audio\/pl\/wp-json\/wp\/v2\/product_cat?post=6668"},{"taxonomy":"product_tag","embeddable":true,"href":"https:\/\/carbide.audio\/pl\/wp-json\/wp\/v2\/product_tag?post=6668"}],"curies":[{"name":"wp","href":"https:\/\/api.w.org\/{rel}","templated":true}]}}