{"id":47630,"date":"2025-10-15T17:14:24","date_gmt":"2025-10-15T22:14:24","guid":{"rendered":"https:\/\/carbide.audio\/product\/podkladki\/"},"modified":"2025-10-16T19:30:51","modified_gmt":"2025-10-17T00:30:51","slug":"podkladki","status":"publish","type":"product","link":"https:\/\/carbide.audio\/pl\/produkt\/podkladki\/","title":{"rendered":"Podk\u0142adki"},"content":{"rendered":"<p>Podk\u0142adki Picawood i TwinDamp\u2122, kt\u00f3re mog\u0105 by\u0107 stosowane nad lub pod naszymi stopkami.<\/p>\n","protected":false},"excerpt":{"rendered":"<p>Podk\u0142adki do u\u017cytku z naszymi stopkami audio. Podk\u0142adki dzia\u0142aj\u0105 podobnie do naszych opcjonalnych kolc\u00f3w, ale maj\u0105 st\u0119piony koniec, aby unikn\u0105\u0107 wgniecenia powierzchni no\u015bnej lub sprz\u0119tu. <\/p>\n<p>&nbsp;<\/p>\n<p>Podk\u0142adka Picawood wkr\u0119ca si\u0119 w g\u00f3rn\u0105 cz\u0119\u015b\u0107 naszych stopek, aby zapewni\u0107 dodatkowy prze\u015bwit dla wystaj\u0105cych element\u00f3w na spodzie sprz\u0119tu, takich jak \u015bruby. Picawood sk\u0142ada si\u0119 z cienkich warstw brzozy sprasowanych pomi\u0119dzy warstwami \u017cywicy. Rezultatem jest twardy materia\u0142 o doskona\u0142ych w\u0142a\u015bciwo\u015bciach t\u0142umi\u0105cych.  <\/p>\n<p>&nbsp;<\/p>\n<p>Podk\u0142adka TwinDamp\u2122 jest stosowana na spodzie naszych stopek jako niskoprofilowa alternatywa dla kolc\u00f3w. TwinDamp\u2122 to nasz stop o wysokim wsp\u00f3\u0142czynniku t\u0142umienia z 10-krotnie wi\u0119ksz\u0105 zdolno\u015bci\u0105 t\u0142umienia ni\u017c mied\u017a. <\/p>\n<p>&nbsp;<\/p>\n<p>Wszystkie podk\u0142adki s\u0105 sprzedawane pojedynczo.<\/p>\n","protected":false},"featured_media":47540,"template":"","meta":{"editor_plus_copied_stylings":"{}","_monsterinsights_skip_tracking":false,"_monsterinsights_sitenote_active":false,"_monsterinsights_sitenote_note":"","_monsterinsights_sitenote_category":0},"product_brand":[],"product_cat":[464,406],"product_tag":[],"class_list":{"0":"post-47630","1":"product","2":"type-product","3":"status-publish","4":"has-post-thumbnail","6":"product_cat-akcesoria","7":"product_cat-carbide-base-pl","8":"tm-has-styled-variations","9":"tm-no-options-pxq","11":"first","12":"instock","13":"taxable","14":"shipping-taxable","15":"purchasable","16":"product-type-variable"},"aioseo_notices":[],"_links":{"self":[{"href":"https:\/\/carbide.audio\/pl\/wp-json\/wp\/v2\/product\/47630","targetHints":{"allow":["GET"]}}],"collection":[{"href":"https:\/\/carbide.audio\/pl\/wp-json\/wp\/v2\/product"}],"about":[{"href":"https:\/\/carbide.audio\/pl\/wp-json\/wp\/v2\/types\/product"}],"wp:featuredmedia":[{"embeddable":true,"href":"https:\/\/carbide.audio\/pl\/wp-json\/wp\/v2\/media\/47540"}],"wp:attachment":[{"href":"https:\/\/carbide.audio\/pl\/wp-json\/wp\/v2\/media?parent=47630"}],"wp:term":[{"taxonomy":"product_brand","embeddable":true,"href":"https:\/\/carbide.audio\/pl\/wp-json\/wp\/v2\/product_brand?post=47630"},{"taxonomy":"product_cat","embeddable":true,"href":"https:\/\/carbide.audio\/pl\/wp-json\/wp\/v2\/product_cat?post=47630"},{"taxonomy":"product_tag","embeddable":true,"href":"https:\/\/carbide.audio\/pl\/wp-json\/wp\/v2\/product_tag?post=47630"}],"curies":[{"name":"wp","href":"https:\/\/api.w.org\/{rel}","templated":true}]}}