{"id":29275,"date":"2024-03-06T09:16:13","date_gmt":"2024-03-06T15:16:13","guid":{"rendered":"https:\/\/carbide.audio\/product\/nano\/"},"modified":"2025-07-14T00:36:10","modified_gmt":"2025-07-14T05:36:10","slug":"nano","status":"publish","type":"product","link":"https:\/\/carbide.audio\/pl\/produkt\/nano\/","title":{"rendered":"Nano"},"content":{"rendered":"<p>Stopki audio Nano firmy Carbide Audio. Stopki Nano s\u0105 dost\u0119pne w wersji Standard lub Diamond. Sprzedawane w zestawach po 3 i 4 sztuki.  <\/p>\n","protected":false},"excerpt":{"rendered":"<p>Stopka audio Nano destyluje nasz\u0105 najlepsz\u0105 technologi\u0119 izolator\u00f3w kulkowych do najmniejszej mo\u017cliwej formy.<\/p>\n<p>&nbsp;<\/p>\n<p>Ekstremalna twardo\u015b\u0107 i niskie tarcie bie\u017cni \u0142o\u017cysk kulkowych zastosowanych w ka\u017cdej stopce pozwala na doskona\u0142\u0105 izolacj\u0119 drga\u0144 w szerokim zakresie cz\u0119stotliwo\u015bci.<\/p>\n<p>&nbsp;<\/p>\n<p>Nano jest dost\u0119pny w wersji Standard z naszymi szafirowymi bie\u017cniami \u0142o\u017cysk lub w wersji Diamond z naszymi diamentowymi bie\u017cniami \u0142o\u017cysk i stopem o wysokim wsp\u00f3\u0142czynniku t\u0142umienia TwinDamp\u2122.<\/p>\n<p>&nbsp;<\/p>\n<p>Stopki audio Nano mog\u0105 opcjonalnie przyjmowa\u0107 nasze kolce do przebijania si\u0119 przez dywan lub nasz zestaw \u015brub do przykr\u0119cania bezpo\u015brednio do g\u0142o\u015bnik\u00f3w lub sprz\u0119tu audio. Ka\u017cda stopka Nano mo\u017ce utrzyma\u0107 do 55 kg (121 funt\u00f3w). <\/p>\n<p>&nbsp;<\/p>\n<p>Sprzedawane w zestawach po 3 lub 4 sztuki.<\/p>\n","protected":false},"featured_media":28160,"template":"","meta":{"editor_plus_copied_stylings":"{}","_monsterinsights_skip_tracking":false,"_monsterinsights_sitenote_active":false,"_monsterinsights_sitenote_note":"","_monsterinsights_sitenote_category":0},"product_brand":[],"product_cat":[406],"product_tag":[],"class_list":{"0":"post-29275","1":"product","2":"type-product","3":"status-publish","4":"has-post-thumbnail","6":"product_cat-carbide-base-pl","7":"pa_version-diament","8":"pa_version-standard-pl","9":"tm-has-styled-variations","10":"tm-no-options-pxq","12":"first","13":"instock","14":"taxable","15":"shipping-taxable","16":"purchasable","17":"product-type-variable","18":"has-default-attributes"},"aioseo_notices":[],"_links":{"self":[{"href":"https:\/\/carbide.audio\/pl\/wp-json\/wp\/v2\/product\/29275","targetHints":{"allow":["GET"]}}],"collection":[{"href":"https:\/\/carbide.audio\/pl\/wp-json\/wp\/v2\/product"}],"about":[{"href":"https:\/\/carbide.audio\/pl\/wp-json\/wp\/v2\/types\/product"}],"wp:featuredmedia":[{"embeddable":true,"href":"https:\/\/carbide.audio\/pl\/wp-json\/wp\/v2\/media\/28160"}],"wp:attachment":[{"href":"https:\/\/carbide.audio\/pl\/wp-json\/wp\/v2\/media?parent=29275"}],"wp:term":[{"taxonomy":"product_brand","embeddable":true,"href":"https:\/\/carbide.audio\/pl\/wp-json\/wp\/v2\/product_brand?post=29275"},{"taxonomy":"product_cat","embeddable":true,"href":"https:\/\/carbide.audio\/pl\/wp-json\/wp\/v2\/product_cat?post=29275"},{"taxonomy":"product_tag","embeddable":true,"href":"https:\/\/carbide.audio\/pl\/wp-json\/wp\/v2\/product_tag?post=29275"}],"curies":[{"name":"wp","href":"https:\/\/api.w.org\/{rel}","templated":true}]}}