{"id":29265,"date":"2024-03-06T09:00:17","date_gmt":"2024-03-06T15:00:17","guid":{"rendered":"https:\/\/carbide.audio\/product\/micro-viscorings\/"},"modified":"2024-10-30T17:28:25","modified_gmt":"2024-10-30T22:28:25","slug":"micro-viscorings","status":"publish","type":"product","link":"https:\/\/carbide.audio\/pl\/produkt\/micro-viscorings\/","title":{"rendered":"Micro ViscoRings\u2122"},"content":{"rendered":"<p>Wiskoelastyczne pier\u015bcienie izolacyjne Micro ViscoRing\u2122 s\u0105 instalowane w naszych stopkach audio Carbide Base. Mo\u017cna je zam\u00f3wi\u0107 dla lekkich (30 funt\u00f3w lub 13,5 kg), \u015brednich (60 funt\u00f3w lub 27 kg), ci\u0119\u017ckich (170 funt\u00f3w lub 77 kg) lub super ci\u0119\u017ckich (1400 funt\u00f3w lub 635 kg) maksymalnych obci\u0105\u017ce\u0144 sprz\u0119tu (gdy s\u0105 u\u017cywane jako zestaw 4). <\/p>\n","protected":false},"excerpt":{"rendered":"<p>Wymienne wiskoelastyczne pier\u015bcienie izolacyjne Micro ViscoRing\u2122 do stosowania w naszej stopce audio Carbide Base Micro. Wersja Super Heavy jest wykonana z naszego stopu TwinDamp\u2122 o wysokim wsp\u00f3\u0142czynniku t\u0142umienia, zapewniaj\u0105cego maksymaln\u0105 no\u015bno\u015b\u0107. Sprzedawane w zestawie 3 sztuk, kt\u00f3re s\u0105 u\u017cywane w jednej stopce.  <\/p>\n","protected":false},"featured_media":28199,"template":"","meta":{"editor_plus_copied_stylings":"{}","_monsterinsights_skip_tracking":false,"_monsterinsights_sitenote_active":false,"_monsterinsights_sitenote_note":"","_monsterinsights_sitenote_category":0},"product_brand":[],"product_cat":[464,406],"product_tag":[],"class_list":{"0":"post-29265","1":"product","2":"type-product","3":"status-publish","4":"has-post-thumbnail","6":"product_cat-akcesoria","7":"product_cat-carbide-base-pl","8":"tm-has-styled-variations","9":"tm-no-options-pxq","11":"first","12":"instock","13":"taxable","14":"shipping-taxable","15":"purchasable","16":"product-type-variable"},"aioseo_notices":[],"_links":{"self":[{"href":"https:\/\/carbide.audio\/pl\/wp-json\/wp\/v2\/product\/29265","targetHints":{"allow":["GET"]}}],"collection":[{"href":"https:\/\/carbide.audio\/pl\/wp-json\/wp\/v2\/product"}],"about":[{"href":"https:\/\/carbide.audio\/pl\/wp-json\/wp\/v2\/types\/product"}],"wp:featuredmedia":[{"embeddable":true,"href":"https:\/\/carbide.audio\/pl\/wp-json\/wp\/v2\/media\/28199"}],"wp:attachment":[{"href":"https:\/\/carbide.audio\/pl\/wp-json\/wp\/v2\/media?parent=29265"}],"wp:term":[{"taxonomy":"product_brand","embeddable":true,"href":"https:\/\/carbide.audio\/pl\/wp-json\/wp\/v2\/product_brand?post=29265"},{"taxonomy":"product_cat","embeddable":true,"href":"https:\/\/carbide.audio\/pl\/wp-json\/wp\/v2\/product_cat?post=29265"},{"taxonomy":"product_tag","embeddable":true,"href":"https:\/\/carbide.audio\/pl\/wp-json\/wp\/v2\/product_tag?post=29265"}],"curies":[{"name":"wp","href":"https:\/\/api.w.org\/{rel}","templated":true}]}}