{"id":29255,"date":"2024-03-06T08:53:36","date_gmt":"2024-03-06T14:53:36","guid":{"rendered":"https:\/\/carbide.audio\/product\/nano-wkladki\/"},"modified":"2025-06-02T14:02:29","modified_gmt":"2025-06-02T19:02:29","slug":"nano-wkladki","status":"publish","type":"product","link":"https:\/\/carbide.audio\/pl\/produkt\/nano-wkladki\/","title":{"rendered":"Nano-wk\u0142adki"},"content":{"rendered":"<p>Wk\u0142adki Nano do modernizacji stopki audio Nano lub do dodania do \u015brodkowego gwintowanego otworu w stopkach audio Carbide Base i Carbide Base Micro.<\/p>\n","protected":false},"excerpt":{"rendered":"<p>Nano Inserts do aktualizacji standardowej stopki audio Nano do wersji Diamond.<\/p>\n<p>&nbsp;<\/p>\n<p>Wk\u0142adki Nano mo\u017cna r\u00f3wnie\u017c doda\u0107 do \u015brodkowego gwintowanego otworu w stopkach audio Carbide Base i Carbide Base Micro, aby zapewni\u0107 dodatkow\u0105 warstw\u0119 izolacji. Prosz\u0119 okre\u015bli\u0107 w momencie zakupu, czy wk\u0142adki Nano maj\u0105 by\u0107 wst\u0119pnie zainstalowane we wszystkich stopkach zakupionych w tym samym czasie. <\/p>\n","protected":false},"featured_media":28171,"template":"","meta":{"editor_plus_copied_stylings":"{}","_monsterinsights_skip_tracking":false,"_monsterinsights_sitenote_active":false,"_monsterinsights_sitenote_note":"","_monsterinsights_sitenote_category":0},"product_brand":[],"product_cat":[464,406],"product_tag":[],"class_list":{"0":"post-29255","1":"product","2":"type-product","3":"status-publish","4":"has-post-thumbnail","6":"product_cat-akcesoria","7":"product_cat-carbide-base-pl","8":"pa_version-diament","9":"pa_version-szafir","10":"tm-has-styled-variations","11":"tm-no-options-pxq","13":"first","14":"instock","15":"taxable","16":"shipping-taxable","17":"purchasable","18":"product-type-variable","19":"has-default-attributes"},"aioseo_notices":[],"_links":{"self":[{"href":"https:\/\/carbide.audio\/pl\/wp-json\/wp\/v2\/product\/29255","targetHints":{"allow":["GET"]}}],"collection":[{"href":"https:\/\/carbide.audio\/pl\/wp-json\/wp\/v2\/product"}],"about":[{"href":"https:\/\/carbide.audio\/pl\/wp-json\/wp\/v2\/types\/product"}],"wp:featuredmedia":[{"embeddable":true,"href":"https:\/\/carbide.audio\/pl\/wp-json\/wp\/v2\/media\/28171"}],"wp:attachment":[{"href":"https:\/\/carbide.audio\/pl\/wp-json\/wp\/v2\/media?parent=29255"}],"wp:term":[{"taxonomy":"product_brand","embeddable":true,"href":"https:\/\/carbide.audio\/pl\/wp-json\/wp\/v2\/product_brand?post=29255"},{"taxonomy":"product_cat","embeddable":true,"href":"https:\/\/carbide.audio\/pl\/wp-json\/wp\/v2\/product_cat?post=29255"},{"taxonomy":"product_tag","embeddable":true,"href":"https:\/\/carbide.audio\/pl\/wp-json\/wp\/v2\/product_tag?post=29255"}],"curies":[{"name":"wp","href":"https:\/\/api.w.org\/{rel}","templated":true}]}}