{"id":28605,"date":"2024-02-29T13:51:42","date_gmt":"2024-02-29T19:51:42","guid":{"rendered":"https:\/\/carbide.audio\/product\/carbide-base-micro\/"},"modified":"2025-12-19T12:27:42","modified_gmt":"2025-12-19T18:27:42","slug":"carbide-base-micro","status":"publish","type":"product","link":"https:\/\/carbide.audio\/pl\/produkt\/carbide-base-micro\/","title":{"rendered":"Carbide Base Mikro"},"content":{"rendered":"<p>Carbide Base Mikro stopki izolacyjne do Pa\u0144stwa sprz\u0119tu audio Dost\u0119pne w wyko\u0144czeniu czarnym lub srebrnym.<\/p>\n","protected":false},"excerpt":{"rendered":"<p>Stopki Carbide Base Micro s\u0105 sprzedawane pojedynczo w wyko\u0144czeniu czarnym lub srebrnym. Prosz\u0119 wybra\u0107 zainstalowany Micro ViscoRing\u2122 w zale\u017cno\u015bci od planowanego zakresu ci\u0119\u017caru no\u015bnego.<\/p>\n<p>&nbsp;<\/p>\n<p>Wersje Sapphire i Diamond dodaj\u0105 dodatkowy izolator z \u0142o\u017cyskiem kulkowym w g\u00f3rnej cz\u0119\u015bci stopki dla lepszej wydajno\u015bci izolacji.<\/p>\n","protected":false},"featured_media":28061,"template":"","meta":{"editor_plus_copied_stylings":"{}","_monsterinsights_skip_tracking":false,"_monsterinsights_sitenote_active":false,"_monsterinsights_sitenote_note":"","_monsterinsights_sitenote_category":0},"product_brand":[],"product_cat":[406],"product_tag":[],"class_list":{"0":"post-28605","1":"product","2":"type-product","3":"status-publish","4":"has-post-thumbnail","6":"product_cat-carbide-base-pl","7":"pa_version-diament","8":"pa_version-standard-pl","9":"pa_version-szafir","10":"tm-has-styled-variations","11":"tm-no-options-pxq","13":"first","14":"instock","15":"taxable","16":"shipping-taxable","17":"purchasable","18":"product-type-variable"},"aioseo_notices":[],"_links":{"self":[{"href":"https:\/\/carbide.audio\/pl\/wp-json\/wp\/v2\/product\/28605","targetHints":{"allow":["GET"]}}],"collection":[{"href":"https:\/\/carbide.audio\/pl\/wp-json\/wp\/v2\/product"}],"about":[{"href":"https:\/\/carbide.audio\/pl\/wp-json\/wp\/v2\/types\/product"}],"wp:featuredmedia":[{"embeddable":true,"href":"https:\/\/carbide.audio\/pl\/wp-json\/wp\/v2\/media\/28061"}],"wp:attachment":[{"href":"https:\/\/carbide.audio\/pl\/wp-json\/wp\/v2\/media?parent=28605"}],"wp:term":[{"taxonomy":"product_brand","embeddable":true,"href":"https:\/\/carbide.audio\/pl\/wp-json\/wp\/v2\/product_brand?post=28605"},{"taxonomy":"product_cat","embeddable":true,"href":"https:\/\/carbide.audio\/pl\/wp-json\/wp\/v2\/product_cat?post=28605"},{"taxonomy":"product_tag","embeddable":true,"href":"https:\/\/carbide.audio\/pl\/wp-json\/wp\/v2\/product_tag?post=28605"}],"curies":[{"name":"wp","href":"https:\/\/api.w.org\/{rel}","templated":true}]}}