{"id":22126,"date":"2023-09-07T13:38:31","date_gmt":"2023-09-07T18:38:31","guid":{"rendered":"https:\/\/carbide.audio\/product\/kolce\/"},"modified":"2025-10-16T15:39:11","modified_gmt":"2025-10-16T20:39:11","slug":"kolce","status":"publish","type":"product","link":"https:\/\/carbide.audio\/pl\/produkt\/kolce\/","title":{"rendered":"Kolce"},"content":{"rendered":"<p>Kolce do u\u017cytku z naszymi stopkami audio. Zalecane w przypadku korzystania z naszych stopek na pod\u0142ogach pokrytych wyk\u0142adzin\u0105. Sprzedawane indywidualnie.<\/p>\n","protected":false},"excerpt":{"rendered":"<p>Kolce do u\u017cytku z naszymi stopkami audio. Dost\u0119pne w wersji ze stali nierdzewnej lub stopu o wysokim wsp\u00f3\u0142czynniku t\u0142umienia TwinDamp\u2122. Kolce s\u0105 zalecane podczas korzystania z naszych stopek na dywanie, aby zapewni\u0107 najlepsz\u0105 wydajno\u015b\u0107 bas\u00f3w.<\/p>\n<p>&nbsp;<\/p>\n<p>Wszystkie kolce s\u0105 sprzedawane pojedynczo.<\/p>\n","protected":false},"featured_media":22006,"template":"","meta":{"editor_plus_copied_stylings":"{}","_monsterinsights_skip_tracking":false,"_monsterinsights_sitenote_active":false,"_monsterinsights_sitenote_note":"","_monsterinsights_sitenote_category":0},"product_brand":[],"product_cat":[464,406],"product_tag":[],"class_list":{"0":"post-22126","1":"product","2":"type-product","3":"status-publish","4":"has-post-thumbnail","6":"product_cat-akcesoria","7":"product_cat-carbide-base-pl","8":"tm-has-styled-variations","9":"tm-no-options-pxq","11":"first","12":"instock","13":"taxable","14":"shipping-taxable","15":"purchasable","16":"product-type-variable"},"aioseo_notices":[],"_links":{"self":[{"href":"https:\/\/carbide.audio\/pl\/wp-json\/wp\/v2\/product\/22126","targetHints":{"allow":["GET"]}}],"collection":[{"href":"https:\/\/carbide.audio\/pl\/wp-json\/wp\/v2\/product"}],"about":[{"href":"https:\/\/carbide.audio\/pl\/wp-json\/wp\/v2\/types\/product"}],"wp:featuredmedia":[{"embeddable":true,"href":"https:\/\/carbide.audio\/pl\/wp-json\/wp\/v2\/media\/22006"}],"wp:attachment":[{"href":"https:\/\/carbide.audio\/pl\/wp-json\/wp\/v2\/media?parent=22126"}],"wp:term":[{"taxonomy":"product_brand","embeddable":true,"href":"https:\/\/carbide.audio\/pl\/wp-json\/wp\/v2\/product_brand?post=22126"},{"taxonomy":"product_cat","embeddable":true,"href":"https:\/\/carbide.audio\/pl\/wp-json\/wp\/v2\/product_cat?post=22126"},{"taxonomy":"product_tag","embeddable":true,"href":"https:\/\/carbide.audio\/pl\/wp-json\/wp\/v2\/product_tag?post=22126"}],"curies":[{"name":"wp","href":"https:\/\/api.w.org\/{rel}","templated":true}]}}