{"id":22098,"date":"2023-09-07T20:22:19","date_gmt":"2023-09-08T01:22:19","guid":{"rendered":"https:\/\/carbide.audio\/product\/zestaw-srub-do-stopki\/"},"modified":"2025-10-16T15:38:32","modified_gmt":"2025-10-16T20:38:32","slug":"footer-bolt-kit","status":"publish","type":"product","link":"https:\/\/carbide.audio\/pl\/produkt\/footer-bolt-kit\/","title":{"rendered":"Zestaw \u015brub"},"content":{"rendered":"<p>Zestaw \u015brub do monta\u017cu 8 stopek do g\u0142o\u015bnik\u00f3w i innego sprz\u0119tu. Zawiera 8 sztuk ka\u017cdej \u015bruby w rozmiarach metrycznych M4, M6, M8, M10 lub w rozmiarach imperialnych #8-32, 1\/4\u2033-20, 3\/8\u2033-16, 1\/2\u2033-13. <\/p>\n","protected":false},"excerpt":{"rendered":"<p>Zestaw \u015brub zawieraj\u0105cy standardowe \u015bruby maszynowe z p\u0142askim \u0142bem. S\u0142u\u017cy do opcjonalnego monta\u017cu stopek Carbide Audio w miejsce kolc\u00f3w i standardowych stopek pod g\u0142o\u015bnikami lub innym sprz\u0119tem audio. Zawiera 8 \u015brub ka\u017cdego rozmiaru z gwintem metrycznym lub calowym.  <\/p>\n<p>&nbsp;<\/p>\n<p><strong>\u015aruby metryczne:<\/strong> M4, M6, M8, M10<\/p>\n<p><strong>\u015aruby imperialne:<\/strong> #8-32, 1\/4\u2033-20, 3\/8\u2033-16, 1\/2\u2033-13<\/p>\n","protected":false},"featured_media":22087,"template":"","meta":{"editor_plus_copied_stylings":"{}","_monsterinsights_skip_tracking":false,"_monsterinsights_sitenote_active":false,"_monsterinsights_sitenote_note":"","_monsterinsights_sitenote_category":0},"product_brand":[],"product_cat":[464,406],"product_tag":[],"class_list":{"0":"post-22098","1":"product","2":"type-product","3":"status-publish","4":"has-post-thumbnail","6":"product_cat-akcesoria","7":"product_cat-carbide-base-pl","8":"tm-has-styled-variations","9":"tm-no-options-pxq","11":"first","12":"instock","13":"taxable","14":"shipping-taxable","15":"purchasable","16":"product-type-variable","17":"has-default-attributes"},"aioseo_notices":[],"_links":{"self":[{"href":"https:\/\/carbide.audio\/pl\/wp-json\/wp\/v2\/product\/22098","targetHints":{"allow":["GET"]}}],"collection":[{"href":"https:\/\/carbide.audio\/pl\/wp-json\/wp\/v2\/product"}],"about":[{"href":"https:\/\/carbide.audio\/pl\/wp-json\/wp\/v2\/types\/product"}],"wp:featuredmedia":[{"embeddable":true,"href":"https:\/\/carbide.audio\/pl\/wp-json\/wp\/v2\/media\/22087"}],"wp:attachment":[{"href":"https:\/\/carbide.audio\/pl\/wp-json\/wp\/v2\/media?parent=22098"}],"wp:term":[{"taxonomy":"product_brand","embeddable":true,"href":"https:\/\/carbide.audio\/pl\/wp-json\/wp\/v2\/product_brand?post=22098"},{"taxonomy":"product_cat","embeddable":true,"href":"https:\/\/carbide.audio\/pl\/wp-json\/wp\/v2\/product_cat?post=22098"},{"taxonomy":"product_tag","embeddable":true,"href":"https:\/\/carbide.audio\/pl\/wp-json\/wp\/v2\/product_tag?post=22098"}],"curies":[{"name":"wp","href":"https:\/\/api.w.org\/{rel}","templated":true}]}}