{"id":20815,"date":"2023-08-05T19:19:47","date_gmt":"2023-08-06T00:19:47","guid":{"rendered":"https:\/\/carbide.audio\/product\/diamentowa-aktualizacja\/"},"modified":"2024-10-30T19:30:07","modified_gmt":"2024-10-31T00:30:07","slug":"carbide-base-diamond-upgrade","status":"publish","type":"product","link":"https:\/\/carbide.audio\/pl\/produkt\/carbide-base-diamond-upgrade\/","title":{"rendered":"Wk\u0142adki Carbide Base"},"content":{"rendered":"<p>Carbide Base Inserts do modernizacji standardowych Carbide Base i Carbide Base Micro do wersji Diamond i Sapphire.<\/p>\n","protected":false},"excerpt":{"rendered":"<p>Carbide Base Wk\u0142adki do modernizacji standardowych stopek Carbide Base i Carbide Base Micro do wersji Diamond lub Sapphire. Sprzedawane pojedynczo. <\/p>\n<p>&nbsp;<\/p>\n<p>Prosz\u0119 wybra\u0107 wersj\u0119 Sapphire lub Diamond na stronach produkt\u00f3w Carbide Base lub Carbide Base Micro, aby zakupi\u0107 kompletne stopki.<\/p>\n","protected":false},"featured_media":26755,"template":"","meta":{"editor_plus_copied_stylings":"{}","_monsterinsights_skip_tracking":false,"_monsterinsights_sitenote_active":false,"_monsterinsights_sitenote_note":"","_monsterinsights_sitenote_category":0},"product_brand":[],"product_cat":[464,406],"product_tag":[],"class_list":{"0":"post-20815","1":"product","2":"type-product","3":"status-publish","4":"has-post-thumbnail","6":"product_cat-akcesoria","7":"product_cat-carbide-base-pl","8":"product_shipping_class-baza-z-weglika","9":"pa_version-diament","10":"pa_version-standard-pl","11":"pa_version-szafir","12":"tm-has-styled-variations","13":"tm-no-options-pxq","15":"first","16":"instock","17":"taxable","18":"shipping-taxable","19":"purchasable","20":"product-type-variable","21":"has-default-attributes"},"aioseo_notices":[],"_links":{"self":[{"href":"https:\/\/carbide.audio\/pl\/wp-json\/wp\/v2\/product\/20815","targetHints":{"allow":["GET"]}}],"collection":[{"href":"https:\/\/carbide.audio\/pl\/wp-json\/wp\/v2\/product"}],"about":[{"href":"https:\/\/carbide.audio\/pl\/wp-json\/wp\/v2\/types\/product"}],"wp:featuredmedia":[{"embeddable":true,"href":"https:\/\/carbide.audio\/pl\/wp-json\/wp\/v2\/media\/26755"}],"wp:attachment":[{"href":"https:\/\/carbide.audio\/pl\/wp-json\/wp\/v2\/media?parent=20815"}],"wp:term":[{"taxonomy":"product_brand","embeddable":true,"href":"https:\/\/carbide.audio\/pl\/wp-json\/wp\/v2\/product_brand?post=20815"},{"taxonomy":"product_cat","embeddable":true,"href":"https:\/\/carbide.audio\/pl\/wp-json\/wp\/v2\/product_cat?post=20815"},{"taxonomy":"product_tag","embeddable":true,"href":"https:\/\/carbide.audio\/pl\/wp-json\/wp\/v2\/product_tag?post=20815"}],"curies":[{"name":"wp","href":"https:\/\/api.w.org\/{rel}","templated":true}]}}