{"id":13902,"date":"2020-06-25T21:14:03","date_gmt":"2020-06-26T02:14:03","guid":{"rendered":"https:\/\/www.carbide.audio\/product\/carbide-base\/"},"modified":"2025-12-19T12:27:39","modified_gmt":"2025-12-19T18:27:39","slug":"carbide-base","status":"publish","type":"product","link":"https:\/\/carbide.audio\/pl\/produkt\/carbide-base\/","title":{"rendered":"Carbide Base"},"content":{"rendered":"<p>Stopki izolacyjne audio Carbide Base dla Pa\u0144stwa elektroniki audio, g\u0142o\u015bnik\u00f3w i gramofonu. Dost\u0119pne w czarnym lub srebrnym wyko\u0144czeniu.<\/p>\n","protected":false},"excerpt":{"rendered":"<p>Carbide Base Stopki s\u0105 sprzedawane pojedynczo w kolorze czarnym lub srebrnym. Prosz\u0119 wybra\u0107 zainstalowan\u0105 stopk\u0119 ViscoRing\u2122 w zale\u017cno\u015bci od planowanego ci\u0119\u017caru no\u015bnego. <\/p>\n<p>&nbsp;<\/p>\n<p>Modu\u0142owa konstrukcja umo\u017cliwia dodanie wk\u0142adek z \u0142o\u017cyskami kulkowymi w g\u00f3rnej cz\u0119\u015bci stopki w celu zapewnienia dodatkowej izolacji. Prosz\u0119 wybra\u0107 wersj\u0119 Sapphire lub Diamond, aby doda\u0107 odpowiednie wk\u0142adki Carbide Base. Wk\u0142adki Nano mo\u017cna r\u00f3wnie\u017c doda\u0107 do dowolnej wersji, je\u015bli \u015brodkowy otw\u00f3r nie b\u0119dzie u\u017cywany do przykr\u0119cenia stopek do sprz\u0119tu lub przyj\u0119cia ko\u0144c\u00f3wki kolca g\u0142o\u015bnikowego. <\/p>\n","protected":false},"featured_media":17277,"template":"","meta":{"editor_plus_copied_stylings":"{}","_monsterinsights_skip_tracking":false,"_monsterinsights_sitenote_active":false,"_monsterinsights_sitenote_note":"","_monsterinsights_sitenote_category":0},"product_brand":[],"product_cat":[406],"product_tag":[],"class_list":{"0":"post-13902","1":"product","2":"type-product","3":"status-publish","4":"has-post-thumbnail","6":"product_cat-carbide-base-pl","7":"pa_version-diament","8":"pa_version-standard-pl","9":"pa_version-szafir","10":"tm-has-styled-variations","11":"tm-no-options-pxq","13":"first","14":"instock","15":"taxable","16":"shipping-taxable","17":"purchasable","18":"product-type-variable"},"aioseo_notices":[],"_links":{"self":[{"href":"https:\/\/carbide.audio\/pl\/wp-json\/wp\/v2\/product\/13902","targetHints":{"allow":["GET"]}}],"collection":[{"href":"https:\/\/carbide.audio\/pl\/wp-json\/wp\/v2\/product"}],"about":[{"href":"https:\/\/carbide.audio\/pl\/wp-json\/wp\/v2\/types\/product"}],"wp:featuredmedia":[{"embeddable":true,"href":"https:\/\/carbide.audio\/pl\/wp-json\/wp\/v2\/media\/17277"}],"wp:attachment":[{"href":"https:\/\/carbide.audio\/pl\/wp-json\/wp\/v2\/media?parent=13902"}],"wp:term":[{"taxonomy":"product_brand","embeddable":true,"href":"https:\/\/carbide.audio\/pl\/wp-json\/wp\/v2\/product_brand?post=13902"},{"taxonomy":"product_cat","embeddable":true,"href":"https:\/\/carbide.audio\/pl\/wp-json\/wp\/v2\/product_cat?post=13902"},{"taxonomy":"product_tag","embeddable":true,"href":"https:\/\/carbide.audio\/pl\/wp-json\/wp\/v2\/product_tag?post=13902"}],"curies":[{"name":"wp","href":"https:\/\/api.w.org\/{rel}","templated":true}]}}