{"id":6882,"date":"2021-10-20T22:22:29","date_gmt":"2021-10-21T03:22:29","guid":{"rendered":"https:\/\/www.carbide.audio\/pomiary\/"},"modified":"2023-05-12T18:45:46","modified_gmt":"2023-05-12T23:45:46","slug":"pomiary","status":"publish","type":"page","link":"https:\/\/carbide.audio\/pl\/pomiary\/","title":{"rendered":"Pomiary"},"content":{"rendered":"<div class=\"wpb-content-wrapper\"><p>[vc_row css_animation=&#8221;&#8221; row_type=&#8221;row&#8221; use_row_as_full_screen_section=&#8221;no&#8221; type=&#8221;full_width&#8221; angled_section=&#8221;no&#8221; text_align=&#8221;left&#8221; background_image_as_pattern=&#8221;without_pattern&#8221;][vc_column el_class=&#8221;lower-angle-polygon&#8221;][vc_raw_html css=&#8221;&#8221;]PHN2ZyB2aWV3Ym94PSIwIDAgMTAwIDYiIGNsYXNzPSJzbW9vdGgtYWxsIiBzdHlsZT0iIj4KICAgICAgICAgICAgPHBvbHlnb24gcG9pbnRzPSIwLDUgMCwwIDEwMCwwIDEwMCw0IDY5LDEuNSIgc3R5bGU9ImZpbGw6ICM0MTQxNDE4ZjsiLz4KICAgICAgICAgICAgPHBvbHlnb24gcG9pbnRzPSIwLDMgMCwwIDEwMCwwIDEwMCwyIDcwLDEiIHN0eWxlPSJmaWxsOiAjNDE0MTQxOyIvPiAgCjwvc3ZnPg==[\/vc_raw_html][\/vc_column][\/vc_row][vc_row css_animation=&#8221;&#8221; row_type=&#8221;row&#8221; use_row_as_full_screen_section=&#8221;no&#8221; type=&#8221;full_width&#8221; angled_section=&#8221;no&#8221; text_align=&#8221;left&#8221; background_image_as_pattern=&#8221;without_pattern&#8221; el_class=&#8221;main-row&#8221; z_index=&#8221;&#8221; css=&#8221;.vc_custom_1746749148594{padding-top: 120px !important;}&#8221;][vc_column width=&#8221;1\/6&#8243;][\/vc_column][vc_column width=&#8221;2\/3&#8243; el_class=&#8221;center-column&#8221;][vc_column_text el_class=&#8221;section-row&#8221;]<\/p>\n<h1>POMIARY<\/h1>\n<p>[\/vc_column_text][vc_row_inner row_type=&#8221;row&#8221; type=&#8221;full_width&#8221; text_align=&#8221;left&#8221; css_animation=&#8221;&#8221; el_class=&#8221;section-row&#8221;][vc_column_inner offset=&#8221;vc_col-lg-3 vc_col-md-12 vc_col-xs-12&#8243;][vc_single_image image=&#8221;24313&#8243; img_size=&#8221;large&#8221; alignment=&#8221;center&#8221; qode_css_animation=&#8221;&#8221; el_class=&#8221;img-borders&#8221;][\/vc_column_inner][vc_column_inner offset=&#8221;vc_col-lg-9 vc_col-md-12 vc_col-xs-12&#8243;][vc_column_text]<\/p>\n<h2><a href=\"https:\/\/carbide.audio\/pl\/pomiary\/twindamp-poprawa-zdolnosci-tlumienia-manganu-i-miedzi\/\">TwinDamp\u2122: Poprawa zdolno\u015bci t\u0142umienia manganu i miedzi<\/a><\/h2>\n<p>Pomiary por\u00f3wnuj\u0105ce zdolno\u015b\u0107 t\u0142umienia naszego stopu TwinDamp\u2122 do stopu manganowo-miedzianego i stali nierdzewnej.[\/vc_column_text][vc_raw_html el_class=&#8221;more-arrow-button&#8221;]PGRpdiBjbGFzcz0iYXJyb3ctYnV0dG9uIHNtb290aC1hbGwiPgo8YSBpdGVtcHJvcD0idXJsIiBocmVmPSJodHRwczovL2NhcmJpZGUuYXVkaW8vcGwvcG9taWFyeS90d2luZGFtcC1wb3ByYXdhLXpkb2xub3NjaS10bHVtaWVuaWEtbWFuZ2FudS1pLW1pZWR6aS8iIHRhcmdldD0iX3NlbGYiPgoJICAgIDxzcGFuPjxpIGNsYXNzPSJxb2RlX2ljb25fZm9udF9hd2Vzb21lXzUgZmE1IGZhcyBmYS1jaGV2cm9uLXJpZ2h0IGFycm93LWJ1dHRvbi1hcnJvdyAiPjwvaT48L3NwYW4+CQo8L2E+CjwvZGl2Pg==[\/vc_raw_html][\/vc_column_inner][\/vc_row_inner][vc_row_inner row_type=&#8221;row&#8221; type=&#8221;full_width&#8221; text_align=&#8221;left&#8221; css_animation=&#8221;&#8221; el_class=&#8221;section-row&#8221;][vc_column_inner offset=&#8221;vc_col-lg-3 vc_col-md-12 vc_col-xs-12&#8243;][vc_single_image image=&#8221;18514&#8243; img_size=&#8221;large&#8221; alignment=&#8221;center&#8221; qode_css_animation=&#8221;&#8221; el_class=&#8221;img-borders&#8221;][\/vc_column_inner][vc_column_inner offset=&#8221;vc_col-lg-9 vc_col-md-12 vc_col-xs-12&#8243;][vc_column_text]<\/p>\n<h2><a href=\"https:\/\/carbide.audio\/pl\/pomiary\/omijanie-sciezki-transmisji\/\">Omijanie \u015bcie\u017cki transmisji<\/a><\/h2>\n<p>Przegl\u0105d koncepcji unikania \u015bcie\u017cki przenoszenia drga\u0144 i jej uwzgl\u0119dnienia w projekcie stopki Carbide Base Diamond.[\/vc_column_text][vc_raw_html el_class=&#8221;more-arrow-button&#8221;]PGRpdiBjbGFzcz0iYXJyb3ctYnV0dG9uIHNtb290aC1hbGwiPgo8YSBpdGVtcHJvcD0idXJsIiBocmVmPSJodHRwczovL2NhcmJpZGUuYXVkaW8vcGwvcG9taWFyeS9vbWlqYW5pZS1zY2llemtpLXRyYW5zbWlzamkvIiB0YXJnZXQ9Il9zZWxmIj4KCSAgICA8c3Bhbj48aSBjbGFzcz0icW9kZV9pY29uX2ZvbnRfYXdlc29tZV81IGZhNSBmYXMgZmEtY2hldnJvbi1yaWdodCBhcnJvdy1idXR0b24tYXJyb3cgIj48L2k+PC9zcGFuPgkKPC9hPgo8L2Rpdj4=[\/vc_raw_html][\/vc_column_inner][\/vc_row_inner][vc_row_inner row_type=&#8221;row&#8221; type=&#8221;full_width&#8221; text_align=&#8221;left&#8221; css_animation=&#8221;&#8221; el_class=&#8221;section-row&#8221;][vc_column_inner offset=&#8221;vc_col-lg-3 vc_col-md-12 vc_col-xs-12&#8243;][vc_single_image image=&#8221;14601&#8243; img_size=&#8221;large&#8221; alignment=&#8221;center&#8221; qode_css_animation=&#8221;&#8221; el_class=&#8221;img-borders&#8221;][\/vc_column_inner][vc_column_inner offset=&#8221;vc_col-lg-9 vc_col-md-12 vc_col-xs-12&#8243;][vc_column_text]<\/p>\n<h2><a href=\"https:\/\/carbide.audio\/pl\/pomiary\/przeglad-projektow-stopek-audio\/\">Przegl\u0105d projekt\u00f3w stopek audio<\/a><\/h2>\n<p>Przegl\u0105d kilku projekt\u00f3w stopek do sprz\u0119tu audio. Wydajno\u015b\u0107 wibroizolacji ka\u017cdej konstrukcji jest mierzona i przedstawiana na wykresie w celu wzgl\u0119dnego por\u00f3wnania.[\/vc_column_text][vc_raw_html el_class=&#8221;more-arrow-button&#8221;]PGRpdiBjbGFzcz0iYXJyb3ctYnV0dG9uIHNtb290aC1hbGwiPgo8YSBpdGVtcHJvcD0idXJsIiBocmVmPSJodHRwczovL2NhcmJpZGUuYXVkaW8vcGwvcG9taWFyeS9wcnplZ2xhZC1wcm9qZWt0b3ctc3RvcGVrLWF1ZGlvLyIgdGFyZ2V0PSJfc2VsZiI+CgkgICAgPHNwYW4+PGkgY2xhc3M9InFvZGVfaWNvbl9mb250X2F3ZXNvbWVfNSBmYTUgZmFzIGZhLWNoZXZyb24tcmlnaHQgYXJyb3ctYnV0dG9uLWFycm93ICI+PC9pPjwvc3Bhbj4JCjwvYT4KPC9kaXY+[\/vc_raw_html][\/vc_column_inner][\/vc_row_inner][vc_row_inner row_type=&#8221;row&#8221; type=&#8221;full_width&#8221; text_align=&#8221;left&#8221; css_animation=&#8221;&#8221; el_class=&#8221;section-row&#8221;][vc_column_inner offset=&#8221;vc_col-lg-3 vc_col-md-12 vc_col-xs-12&#8243;][vc_single_image image=&#8221;13351&#8243; img_size=&#8221;large&#8221; alignment=&#8221;center&#8221; qode_css_animation=&#8221;&#8221; el_class=&#8221;img-borders&#8221;][\/vc_column_inner][vc_column_inner offset=&#8221;vc_col-lg-9 vc_col-md-12 vc_col-xs-12&#8243;][vc_column_text]<\/p>\n<h2><a href=\"https:\/\/carbide.audio\/pl\/pomiary\/wykorzystanie-elastomerow-o-niskim-wspolczynniku-ksztaltu\/\">Wykorzystanie elastomer\u00f3w o niskim wsp\u00f3\u0142czynniku kszta\u0142tu<\/a><\/h2>\n<p>Analiza nowatorskiego projektu stopki audio Carbide Bases. Zalety elastomer\u00f3w o niskim wsp\u00f3\u0142czynniku kszta\u0142tu i unikalnej konfiguracji \u0142o\u017cysk kulkowych zastosowanych w stopce zosta\u0142y okre\u015blone ilo\u015bciowo za pomoc\u0105 pomiar\u00f3w.[\/vc_column_text][vc_raw_html el_class=&#8221;more-arrow-button&#8221;]PGRpdiBjbGFzcz0iYXJyb3ctYnV0dG9uIHNtb290aC1hbGwiPgo8YSBpdGVtcHJvcD0idXJsIiBocmVmPSJodHRwczovL2NhcmJpZGUuYXVkaW8vcGwvcG9taWFyeS93eWtvcnp5c3RhbmllLWVsYXN0b21lcm93LW8tbmlza2ltLXdzcG9sY3p5bm5pa3Uta3N6dGFsdHUvIiB0YXJnZXQ9Il9zZWxmIj4KCSAgICA8c3Bhbj48aSBjbGFzcz0icW9kZV9pY29uX2ZvbnRfYXdlc29tZV81IGZhNSBmYXMgZmEtY2hldnJvbi1yaWdodCBhcnJvdy1idXR0b24tYXJyb3cgIj48L2k+PC9zcGFuPgkKPC9hPgo8L2Rpdj4=[\/vc_raw_html][\/vc_column_inner][\/vc_row_inner][vc_row_inner row_type=&#8221;row&#8221; type=&#8221;full_width&#8221; text_align=&#8221;left&#8221; css_animation=&#8221;&#8221; el_class=&#8221;section-row&#8221;][vc_column_inner offset=&#8221;vc_col-lg-3 vc_col-md-12 vc_col-xs-12&#8243;][vc_single_image image=&#8221;4172&#8243; img_size=&#8221;large&#8221; alignment=&#8221;center&#8221; qode_css_animation=&#8221;&#8221; el_class=&#8221;img-borders&#8221;][\/vc_column_inner][vc_column_inner offset=&#8221;vc_col-lg-9 vc_col-md-9 vc_col-xs-12&#8243;][vc_column_text]<\/p>\n<h2><a href=\"https:\/\/carbide.audio\/pl\/pomiary\/rozpraszanie-drgan-za-pomoca-stopek-z-carbide-base\/\">Rozpraszanie drga\u0144 za pomoc\u0105 stopek Carbide Bases<\/a><\/h2>\n<p>Pomiary por\u00f3wnuj\u0105ce zdolno\u015b\u0107 rozpraszania wibracji przez stopki Carbide Base do standardowych kolc\u00f3w pod\u0142ogowych. G\u0142o\u015bnik testowy jest skonstruowany w celu przeanalizowania efektu t\u0142umienia, jaki maj\u0105 stopki na rezonanse panelu obudowy.[\/vc_column_text][vc_raw_html el_class=&#8221;more-arrow-button&#8221;]PGRpdiBjbGFzcz0iYXJyb3ctYnV0dG9uIHNtb290aC1hbGwiPgo8YSBpdGVtcHJvcD0idXJsIiBocmVmPSJodHRwczovL2NhcmJpZGUuYXVkaW8vcGwvcG9taWFyeS9yb3pwcmFzemFuaWUtZHJnYW4temEtcG9tb2NhLXN0b3Blay16LWNhcmJpZGUtYmFzZS8iIHRhcmdldD0iX3NlbGYiPgoJICAgIDxzcGFuPjxpIGNsYXNzPSJxb2RlX2ljb25fZm9udF9hd2Vzb21lXzUgZmE1IGZhcyBmYS1jaGV2cm9uLXJpZ2h0IGFycm93LWJ1dHRvbi1hcnJvdyAiPjwvaT48L3NwYW4+CQo8L2E+CjwvZGl2Pg==[\/vc_raw_html][\/vc_column_inner][\/vc_row_inner][\/vc_column][vc_column width=&#8221;1\/6&#8243;][\/vc_column][\/vc_row][vc_row css_animation=&#8221;&#8221; row_type=&#8221;row&#8221; use_row_as_full_screen_section=&#8221;no&#8221; type=&#8221;full_width&#8221; angled_section=&#8221;no&#8221; text_align=&#8221;left&#8221; background_image_as_pattern=&#8221;without_pattern&#8221;][vc_column el_class=&#8221;lower-angle-polygon&#8221;][vc_raw_html]PHN2ZyB2aWV3Ym94PSIwIDAgMTAwIDYiIGNsYXNzPSJzbW9vdGgtYWxsIiBzdHlsZT0iIj4KICAgICAgICA8cG9seWdvbiBwb2ludHM9IjAsMyAwLDAgMTAwLDAgMTAwLDIgNzAsMSIgc3R5bGU9ImZpbGw6ICNmZmZmZmY7Ii8+CiAgICAgICAgPHBvbHlnb24gcG9pbnRzPSIwLDUgMCwwIDEwMCwwIDEwMCw0IDY5LDEuNSIgc3R5bGU9ImZpbGw6ICNmZmZmZmY4ZjsiLz4KPC9zdmc+[\/vc_raw_html][\/vc_column][\/vc_row]<\/p>\n<\/div>","protected":false},"excerpt":{"rendered":"<p>[vc_row css_animation=&#8221;&#8221; row_type=&#8221;row&#8221; use_row_as_full_screen_section=&#8221;no&#8221; type=&#8221;full_width&#8221; angled_section=&#8221;no&#8221; text_align=&#8221;left&#8221; background_image_as_pattern=&#8221;without_pattern&#8221;][vc_column el_class=&#8221;lower-angle-polygon&#8221;][vc_raw_html css=&#8221;&#8221;]PHN2ZyB2aWV3Ym94PSIwIDAgMTAwIDYiIGNsYXNzPSJzbW9vdGgtYWxsIiBzdHlsZT0iIj4KICAgICAgICAgICAgPHBvbHlnb24gcG9pbnRzPSIwLDUgMCwwIDEwMCwwIDEwMCw0IDY5LDEuNSIgc3R5bGU9ImZpbGw6ICM0MTQxNDE4ZjsiLz4KICAgICAgICAgICAgPHBvbHlnb24gcG9pbnRzPSIwLDMgMCwwIDEwMCwwIDEwMCwyIDcwLDEiIHN0eWxlPSJmaWxsOiAjNDE0MTQxOyIvPiAgCjwvc3ZnPg==[\/vc_raw_html][\/vc_column][\/vc_row][vc_row css_animation=&#8221;&#8221; row_type=&#8221;row&#8221; use_row_as_full_screen_section=&#8221;no&#8221; type=&#8221;full_width&#8221; angled_section=&#8221;no&#8221; text_align=&#8221;left&#8221; background_image_as_pattern=&#8221;without_pattern&#8221; el_class=&#8221;main-row&#8221; z_index=&#8221;&#8221; css=&#8221;.vc_custom_1746749148594{padding-top: 120px !important;}&#8221;][vc_column width=&#8221;1\/6&#8243;][\/vc_column][vc_column width=&#8221;2\/3&#8243; el_class=&#8221;center-column&#8221;][vc_column_text el_class=&#8221;section-row&#8221;] POMIARY [\/vc_column_text][vc_row_inner row_type=&#8221;row&#8221; type=&#8221;full_width&#8221; text_align=&#8221;left&#8221; css_animation=&#8221;&#8221; el_class=&#8221;section-row&#8221;][vc_column_inner offset=&#8221;vc_col-lg-3 vc_col-md-12 vc_col-xs-12&#8243;][vc_single_image image=&#8221;24313&#8243; img_size=&#8221;large&#8221; alignment=&#8221;center&#8221; qode_css_animation=&#8221;&#8221; el_class=&#8221;img-borders&#8221;][\/vc_column_inner][vc_column_inner offset=&#8221;vc_col-lg-9 vc_col-md-12 vc_col-xs-12&#8243;][vc_column_text] TwinDamp\u2122:&#8230;<\/p>\n","protected":false},"author":1,"featured_media":0,"parent":0,"menu_order":0,"comment_status":"closed","ping_status":"closed","template":"full_width.php","meta":{"editor_plus_copied_stylings":"{}","_monsterinsights_skip_tracking":false,"_monsterinsights_sitenote_active":false,"_monsterinsights_sitenote_note":"","_monsterinsights_sitenote_category":0,"footnotes":""},"class_list":["post-6882","page","type-page","status-publish","hentry"],"aioseo_notices":[],"_links":{"self":[{"href":"https:\/\/carbide.audio\/pl\/wp-json\/wp\/v2\/pages\/6882","targetHints":{"allow":["GET"]}}],"collection":[{"href":"https:\/\/carbide.audio\/pl\/wp-json\/wp\/v2\/pages"}],"about":[{"href":"https:\/\/carbide.audio\/pl\/wp-json\/wp\/v2\/types\/page"}],"author":[{"embeddable":true,"href":"https:\/\/carbide.audio\/pl\/wp-json\/wp\/v2\/users\/1"}],"replies":[{"embeddable":true,"href":"https:\/\/carbide.audio\/pl\/wp-json\/wp\/v2\/comments?post=6882"}],"version-history":[{"count":0,"href":"https:\/\/carbide.audio\/pl\/wp-json\/wp\/v2\/pages\/6882\/revisions"}],"wp:attachment":[{"href":"https:\/\/carbide.audio\/pl\/wp-json\/wp\/v2\/media?parent=6882"}],"curies":[{"name":"wp","href":"https:\/\/api.w.org\/{rel}","templated":true}]}}