{"id":6593,"date":"2020-06-25T21:38:15","date_gmt":"2020-06-26T02:38:15","guid":{"rendered":"https:\/\/www.carbide.audio\/o\/"},"modified":"2025-05-08T22:46:10","modified_gmt":"2025-05-09T03:46:10","slug":"o","status":"publish","type":"page","link":"https:\/\/carbide.audio\/pl\/o\/","title":{"rendered":"O"},"content":{"rendered":"<div class=\"wpb-content-wrapper\"><p>[vc_row css_animation=&#8221;&#8221; row_type=&#8221;row&#8221; use_row_as_full_screen_section=&#8221;no&#8221; type=&#8221;full_width&#8221; angled_section=&#8221;no&#8221; text_align=&#8221;left&#8221; background_image_as_pattern=&#8221;without_pattern&#8221;][vc_column el_class=&#8221;lower-angle-polygon&#8221;][vc_raw_html css=&#8221;&#8221;]PHN2ZyB2aWV3Ym94PSIwIDAgMTAwIDYiIGNsYXNzPSJzbW9vdGgtYWxsIiBzdHlsZT0iIj4KICAgICAgICAgICAgPHBvbHlnb24gcG9pbnRzPSIwLDUgMCwwIDEwMCwwIDEwMCw0IDY5LDEuNSIgc3R5bGU9ImZpbGw6ICM0MTQxNDE4ZjsiLz4KICAgICAgICAgICAgPHBvbHlnb24gcG9pbnRzPSIwLDMgMCwwIDEwMCwwIDEwMCwyIDcwLDEiIHN0eWxlPSJmaWxsOiAjNDE0MTQxOyIvPiAgCjwvc3ZnPg==[\/vc_raw_html][\/vc_column][\/vc_row][vc_row css_animation=&#8221;&#8221; row_type=&#8221;row&#8221; use_row_as_full_screen_section=&#8221;no&#8221; type=&#8221;full_width&#8221; angled_section=&#8221;no&#8221; text_align=&#8221;left&#8221; background_image_as_pattern=&#8221;without_pattern&#8221; z_index=&#8221;&#8221; el_class=&#8221;row-background&#8221;][vc_column width=&#8221;1\/6&#8243; offset=&#8221;vc_hidden-sm vc_hidden-xs&#8221;][\/vc_column][vc_column offset=&#8221;vc_col-lg-8 vc_col-md-8 vc_col-xs-12&#8243; el_class=&#8221;center-content-column&#8221;][vc_column_text el_class=&#8221;section-text&#8221;]<\/p>\n<h1>Carbide Audio<\/h1>\n<p><span style=\"font-weight: 400;\">Carbide Audio ma siedzib\u0119 w mie\u015bcie Llano po\u0142o\u017conym w Teksasie, na zach\u00f3d od Austin. Projektujemy i wytwarzamy nasze produkty we w\u0142asnym zak\u0142adzie obr\u00f3bki CNC. Nasz zesp\u00f3\u0142 wykorzystuje najnowsze technologie modelowania komputerowego i produkcji, aby przesuwa\u0107 granice technologii audio HiFi. Jeste\u015bmy dumni z tego, \u017ce mo\u017cemy by\u0107 z Pa\u0144stwem na wszystkich etapach rozwoju naszych produkt\u00f3w.   <\/span>[\/vc_column_text][vc_single_image image=&#8221;14458&#8243; img_size=&#8221;full&#8221; alignment=&#8221;center&#8221; qode_css_animation=&#8221;&#8221; el_class=&#8221;img-border&#8221;][vc_column_text css=&#8221;.vc_custom_1730036623415{border-bottom-width: 30px !important;padding-top: 30px !important;}&#8221; el_class=&#8221;section-text&#8221;]<\/p>\n<h2>Zaanga\u017cowanie w jako\u015b\u0107<\/h2>\n<p><span style=\"font-weight: 400;\">Carbide Audio sk\u0142ada si\u0119 z pe\u0142nego pasji zespo\u0142u skoncentrowanego na jako\u015bci. Ta koncentracja na jako\u015bci rozci\u0105ga si\u0119 na surowce, kt\u00f3rych u\u017cywamy. Dla przyk\u0142adu, nasze aluminium jest wyt\u0142aczane na zam\u00f3wienie ze specjalistycznego stopu o drobnoziarnistej strukturze w celu uzyskania najlepszego wyko\u0144czenia powierzchni. Wykorzystujemy zar\u00f3wno automatyzacj\u0119, jak i procesy r\u0119czne, aby osi\u0105gn\u0105\u0107 wysokie standardy jako\u015bci oczekiwane przez naszych klient\u00f3w na ca\u0142ym \u015bwiecie.   <\/span><\/p>\n<p>&nbsp;<\/p>\n<p><span style=\"font-weight: 400;\">Nasze produkty przechodz\u0105 wiele iteracji rozwoju wewn\u0119trznego zanim trafi\u0105 na rynek:<\/span><\/p>\n<ul class=\"stages-list fa-ul\">\n<li><i class=\"qode_icon_font_awesome_5 fa5 fas fa-chevron-right stages-list-icon\"><\/i>Modelowanie i symulacja CAD\n<ul class=\"stages-list fa-ul\">\n<li class=\"stages-list-inner\">Pe\u0142na symulacja opracowanego projektu.<\/li>\n<\/ul>\n<\/li>\n<li><i class=\"qode_icon_font_awesome_5 fa5 fas fa-chevron-right stages-list-icon\"><\/i>Prototypowanie i pomiary\n<ul class=\"stages-list fa-ul\">\n<li class=\"stages-list-inner\">Sprawdzi\u0107 dzia\u0142anie projektu fizycznego za pomoc\u0105 pomiar\u00f3w.<\/li>\n<\/ul>\n<\/li>\n<li><i class=\"qode_icon_font_awesome_5 fa5 fas fa-chevron-right stages-list-icon\"><\/i>S\u0142uchanie\n<ul class=\"stages-list fa-ul\">\n<li class=\"stages-list-inner\">Pomiary nale\u017cy zweryfikowa\u0107 za pomoc\u0105 szczeg\u00f3\u0142owych ods\u0142uch\u00f3w.<\/li>\n<\/ul>\n<\/li>\n<\/ul>\n<p>[\/vc_column_text][\/vc_column][vc_column width=&#8221;1\/6&#8243; offset=&#8221;vc_hidden-sm vc_hidden-xs&#8221;][\/vc_column][\/vc_row][vc_row css_animation=&#8221;&#8221; row_type=&#8221;row&#8221; use_row_as_full_screen_section=&#8221;no&#8221; type=&#8221;full_width&#8221; angled_section=&#8221;no&#8221; text_align=&#8221;left&#8221; background_image_as_pattern=&#8221;without_pattern&#8221;][vc_column el_class=&#8221;lower-angle-polygon&#8221;][vc_raw_html]PHN2ZyB2aWV3Ym94PSIwIDAgMTAwIDYiIGNsYXNzPSJzbW9vdGgtYWxsIiBzdHlsZT0iIj4KICAgICAgICA8cG9seWdvbiBwb2ludHM9IjAsMyAwLDAgMTAwLDAgMTAwLDIgNzAsMSIgc3R5bGU9ImZpbGw6ICNmZmZmZmY7Ii8+CiAgICAgICAgPHBvbHlnb24gcG9pbnRzPSIwLDUgMCwwIDEwMCwwIDEwMCw0IDY5LDEuNSIgc3R5bGU9ImZpbGw6ICNmZmZmZmY4ZjsiLz4KPC9zdmc+[\/vc_raw_html][\/vc_column][\/vc_row][vc_row css_animation=&#8221;&#8221; row_type=&#8221;row&#8221; use_row_as_full_screen_section=&#8221;no&#8221; type=&#8221;full_width&#8221; angled_section=&#8221;no&#8221; text_align=&#8221;left&#8221; background_image_as_pattern=&#8221;without_pattern&#8221; el_class=&#8221;main-img-center-row&#8221; z_index=&#8221;&#8221;][vc_column css=&#8221;.vc_custom_1654037759102{padding-top: 0px !important;background-color: #414141 !important;}&#8221;]<div class=\"qode-advanced-image-gallery  qode-aig-grid-type qode-no-space   \">\n\t<div class=\"qode-aig-inner qode-outer-space qode-aig-grid qode-aig-two-columns\">\n\t\t\t\t\t<div class=\"qode-aig-image qode-item-space\">\n\t\t\t\t<div class=\"qode-aig-image-inner\">\n\t\t\t\t\t\t\t\t\t\t\t<img loading=\"lazy\" decoding=\"async\" width=\"1430\" height=\"894\" src=\"https:\/\/carbide.audio\/wp-content\/uploads\/2021\/06\/carbide-base-cnc-1.jpg\" class=\"attachment-full size-full\" alt=\"\" srcset=\"https:\/\/carbide.audio\/wp-content\/uploads\/2021\/06\/carbide-base-cnc-1.jpg 1430w, https:\/\/carbide.audio\/wp-content\/uploads\/2021\/06\/carbide-base-cnc-1-1080x675.jpg 1080w, https:\/\/carbide.audio\/wp-content\/uploads\/2021\/06\/carbide-base-cnc-1-1000x625.jpg 1000w, https:\/\/carbide.audio\/wp-content\/uploads\/2021\/06\/carbide-base-cnc-1-300x188.jpg 300w, https:\/\/carbide.audio\/wp-content\/uploads\/2021\/06\/carbide-base-cnc-1-1024x640.jpg 1024w, https:\/\/carbide.audio\/wp-content\/uploads\/2021\/06\/carbide-base-cnc-1-768x480.jpg 768w, https:\/\/carbide.audio\/wp-content\/uploads\/2021\/06\/carbide-base-cnc-1-700x438.jpg 700w\" sizes=\"auto, (max-width: 1430px) 100vw, 1430px\" \/>\t\t\t\t\t\t<span class=\"aig-gallery-hover\">\n\t\t\t\t\t\t\t\t\t\t\t\t\t<\/span>\n\t\t\t\t\t\t\t\t\t<\/div>\n\t\t\t<\/div>\n\t\t\t\t\t\t\t\t<div class=\"qode-aig-image qode-item-space\">\n\t\t\t\t<div class=\"qode-aig-image-inner\">\n\t\t\t\t\t\t\t\t\t\t\t<img loading=\"lazy\" decoding=\"async\" width=\"1430\" height=\"894\" src=\"https:\/\/carbide.audio\/wp-content\/uploads\/2021\/06\/carbide-base-parts-rack-1.jpg\" class=\"attachment-full size-full\" alt=\"\" srcset=\"https:\/\/carbide.audio\/wp-content\/uploads\/2021\/06\/carbide-base-parts-rack-1.jpg 1430w, https:\/\/carbide.audio\/wp-content\/uploads\/2021\/06\/carbide-base-parts-rack-1-1080x675.jpg 1080w, https:\/\/carbide.audio\/wp-content\/uploads\/2021\/06\/carbide-base-parts-rack-1-1000x625.jpg 1000w, https:\/\/carbide.audio\/wp-content\/uploads\/2021\/06\/carbide-base-parts-rack-1-300x188.jpg 300w, https:\/\/carbide.audio\/wp-content\/uploads\/2021\/06\/carbide-base-parts-rack-1-1024x640.jpg 1024w, https:\/\/carbide.audio\/wp-content\/uploads\/2021\/06\/carbide-base-parts-rack-1-768x480.jpg 768w, https:\/\/carbide.audio\/wp-content\/uploads\/2021\/06\/carbide-base-parts-rack-1-700x438.jpg 700w\" sizes=\"auto, (max-width: 1430px) 100vw, 1430px\" \/>\t\t\t\t\t\t<span class=\"aig-gallery-hover\">\n\t\t\t\t\t\t\t\t\t\t\t\t\t<\/span>\n\t\t\t\t\t\t\t\t\t<\/div>\n\t\t\t<\/div>\n\t\t\t\t\t\t<\/div>\n<\/div>[\/vc_column][\/vc_row][vc_row css_animation=&#8221;&#8221; row_type=&#8221;row&#8221; use_row_as_full_screen_section=&#8221;no&#8221; type=&#8221;full_width&#8221; angled_section=&#8221;no&#8221; text_align=&#8221;left&#8221; background_image_as_pattern=&#8221;without_pattern&#8221;][vc_column el_class=&#8221;upper-angle-polygon&#8221;][vc_raw_html]PHN2ZyB2aWV3Ym94PSIwIDAgMTAwIDYiIGNsYXNzPSJzbW9vdGgtYWxsIiBzdHlsZT0iIj4KICAgICAgICA8cG9seWdvbiBwb2ludHM9IjAsMiA2MCw0IDEwMCwyLjUgMTAwLDYgMCw2IiBzdHlsZT0iZmlsbDogI0ZGRkZGRjsiLz4KICAgICAgICA8cG9seWdvbiBwb2ludHM9IjAsMCA1OSwzLjUgMTAwLDIgMTAwLDYgMCw2IiBzdHlsZT0iZmlsbDogI0ZGRkZGRjhmOyIvPgo8L3N2Zz4=[\/vc_raw_html][\/vc_column][\/vc_row][vc_row css_animation=&#8221;&#8221; row_type=&#8221;row&#8221; use_row_as_full_screen_section=&#8221;no&#8221; type=&#8221;full_width&#8221; angled_section=&#8221;no&#8221; text_align=&#8221;left&#8221; background_image_as_pattern=&#8221;without_pattern&#8221; z_index=&#8221;&#8221; el_class=&#8221;row-background&#8221;][vc_column width=&#8221;1\/6&#8243; offset=&#8221;vc_hidden-md vc_hidden-sm vc_hidden-xs&#8221;][\/vc_column][vc_column offset=&#8221;vc_col-lg-8 vc_col-md-12 vc_col-xs-12&#8243; el_class=&#8221;center-content-column&#8221;][vc_column_text css=&#8221;.vc_custom_1730036515480{border-bottom-width: 30px !important;}&#8221; el_class=&#8221;section-text&#8221;]<\/p>\n<h2>Zaanga\u017cowanie w satysfakcj\u0119 klienta<\/h2>\n<p>Dok\u0142adamy wszelkich stara\u0144, aby byli Pa\u0144stwo zadowoleni. Prosimy <a href=\"https:\/\/www.carbide.audio\/contact-us\/\">o kontakt<\/a>, a niezw\u0142ocznie odpowiemy na wszelkie pytania dotycz\u0105ce naszej firmy lub naszych produkt\u00f3w.  Nasza sie\u0107 mi\u0119dzynarodowych <a href=\"https:\/\/carbide.audio\/pl\/dystrybutorzy\/\">dystrybutor\u00f3w<\/a> jest r\u00f3wnie\u017c dost\u0119pna jako lokalne kontakty, aby Pa\u0144stwu pom\u00f3c. Nasi dystrybutorzy s\u0105 ekspertami w zakresie korzystania z naszych produkt\u00f3w i zostali wybrani do reprezentowania nas zgodnie z naszymi wysokimi standardami zadowolenia klienta.[\/vc_column_text][\/vc_column][vc_column width=&#8221;1\/6&#8243; offset=&#8221;vc_hidden-md vc_hidden-sm vc_hidden-xs&#8221;][\/vc_column][\/vc_row][vc_row css_animation=&#8221;&#8221; row_type=&#8221;row&#8221; use_row_as_full_screen_section=&#8221;no&#8221; type=&#8221;full_width&#8221; angled_section=&#8221;no&#8221; text_align=&#8221;left&#8221; background_image_as_pattern=&#8221;without_pattern&#8221;][vc_column el_class=&#8221;lower-angle-polygon&#8221;][vc_raw_html]PHN2ZyB2aWV3Ym94PSIwIDAgMTAwIDYiIGNsYXNzPSJzbW9vdGgtYWxsIiBzdHlsZT0iIj4KICAgICAgICA8cG9seWdvbiBwb2ludHM9IjAsMyAwLDAgMTAwLDAgMTAwLDIgNzAsMSIgc3R5bGU9ImZpbGw6ICNmZmZmZmY7Ii8+CiAgICAgICAgPHBvbHlnb24gcG9pbnRzPSIwLDUgMCwwIDEwMCwwIDEwMCw0IDY5LDEuNSIgc3R5bGU9ImZpbGw6ICNmZmZmZmY4ZjsiLz4KPC9zdmc+[\/vc_raw_html][\/vc_column][\/vc_row][vc_row css_animation=&#8221;&#8221; row_type=&#8221;row&#8221; use_row_as_full_screen_section=&#8221;no&#8221; type=&#8221;full_width&#8221; angled_section=&#8221;no&#8221; text_align=&#8221;left&#8221; background_image_as_pattern=&#8221;without_pattern&#8221; el_class=&#8221;main-img-center-row&#8221; z_index=&#8221;&#8221;][vc_column css=&#8221;.vc_custom_1654037785537{padding-top: 0px !important;background-color: #414141 !important;}&#8221;]<div class=\"qode-advanced-image-gallery  qode-aig-grid-type qode-no-space   \">\n\t<div class=\"qode-aig-inner qode-outer-space qode-aig-grid qode-aig-two-columns\">\n\t\t\t\t\t<div class=\"qode-aig-image qode-item-space\">\n\t\t\t\t<div class=\"qode-aig-image-inner\">\n\t\t\t\t\t\t\t\t\t\t\t<img loading=\"lazy\" decoding=\"async\" width=\"1430\" height=\"894\" src=\"https:\/\/carbide.audio\/wp-content\/uploads\/2021\/07\/carbide-base-bandsaw-2.jpg\" class=\"attachment-full size-full\" alt=\"\" srcset=\"https:\/\/carbide.audio\/wp-content\/uploads\/2021\/07\/carbide-base-bandsaw-2.jpg 1430w, https:\/\/carbide.audio\/wp-content\/uploads\/2021\/07\/carbide-base-bandsaw-2-1080x675.jpg 1080w, https:\/\/carbide.audio\/wp-content\/uploads\/2021\/07\/carbide-base-bandsaw-2-1000x625.jpg 1000w, https:\/\/carbide.audio\/wp-content\/uploads\/2021\/07\/carbide-base-bandsaw-2-300x188.jpg 300w, https:\/\/carbide.audio\/wp-content\/uploads\/2021\/07\/carbide-base-bandsaw-2-1024x640.jpg 1024w, https:\/\/carbide.audio\/wp-content\/uploads\/2021\/07\/carbide-base-bandsaw-2-768x480.jpg 768w, https:\/\/carbide.audio\/wp-content\/uploads\/2021\/07\/carbide-base-bandsaw-2-700x438.jpg 700w\" sizes=\"auto, (max-width: 1430px) 100vw, 1430px\" \/>\t\t\t\t\t\t<span class=\"aig-gallery-hover\">\n\t\t\t\t\t\t\t\t\t\t\t\t\t<\/span>\n\t\t\t\t\t\t\t\t\t<\/div>\n\t\t\t<\/div>\n\t\t\t\t\t\t\t\t<div class=\"qode-aig-image qode-item-space\">\n\t\t\t\t<div class=\"qode-aig-image-inner\">\n\t\t\t\t\t\t\t\t\t\t\t<img loading=\"lazy\" decoding=\"async\" width=\"1430\" height=\"894\" src=\"https:\/\/carbide.audio\/wp-content\/uploads\/2021\/10\/carbide-base-lower-assembly-1.jpg\" class=\"attachment-full size-full\" alt=\"\" srcset=\"https:\/\/carbide.audio\/wp-content\/uploads\/2021\/10\/carbide-base-lower-assembly-1.jpg 1430w, https:\/\/carbide.audio\/wp-content\/uploads\/2021\/10\/carbide-base-lower-assembly-1-1080x675.jpg 1080w, https:\/\/carbide.audio\/wp-content\/uploads\/2021\/10\/carbide-base-lower-assembly-1-1000x625.jpg 1000w, https:\/\/carbide.audio\/wp-content\/uploads\/2021\/10\/carbide-base-lower-assembly-1-300x188.jpg 300w, https:\/\/carbide.audio\/wp-content\/uploads\/2021\/10\/carbide-base-lower-assembly-1-1024x640.jpg 1024w, https:\/\/carbide.audio\/wp-content\/uploads\/2021\/10\/carbide-base-lower-assembly-1-768x480.jpg 768w, https:\/\/carbide.audio\/wp-content\/uploads\/2021\/10\/carbide-base-lower-assembly-1-700x438.jpg 700w\" sizes=\"auto, (max-width: 1430px) 100vw, 1430px\" \/>\t\t\t\t\t\t<span class=\"aig-gallery-hover\">\n\t\t\t\t\t\t\t\t\t\t\t\t\t<\/span>\n\t\t\t\t\t\t\t\t\t<\/div>\n\t\t\t<\/div>\n\t\t\t\t\t\t<\/div>\n<\/div>[\/vc_column][\/vc_row][vc_row css_animation=&#8221;&#8221; row_type=&#8221;row&#8221; use_row_as_full_screen_section=&#8221;no&#8221; type=&#8221;full_width&#8221; angled_section=&#8221;no&#8221; text_align=&#8221;left&#8221; background_image_as_pattern=&#8221;without_pattern&#8221; css=&#8221;.vc_custom_1659039365998{background-color: #414141 !important;}&#8221; z_index=&#8221;&#8221;][vc_column el_class=&#8221;upper-angle-polygon&#8221;][vc_raw_html]PHN2ZyB2aWV3Ym94PSIwIDAgMTAwIDYiIGNsYXNzPSJzbW9vdGgtYWxsIiBzdHlsZT0iIj4KICAgICAgICA8cG9seWdvbiBwb2ludHM9IjAsMyA0MCw1IDEwMCwxLjUgMTAwLDYgMCw2IiBzdHlsZT0iZmlsbDogIzQxNDE0MTsiLz4KICAgICAgICA8cG9seWdvbiBwb2ludHM9IjAsMCA0MSw0LjUgMTAwLDAgMTAwLDYgMCw2IiBzdHlsZT0iZmlsbDogIzQxNDE0MThmOyIvPgo8L3N2Zz4=[\/vc_raw_html][\/vc_column][\/vc_row]<\/p>\n<\/div>","protected":false},"excerpt":{"rendered":"<p>[vc_row css_animation=&#8221;&#8221; row_type=&#8221;row&#8221; use_row_as_full_screen_section=&#8221;no&#8221; type=&#8221;full_width&#8221; angled_section=&#8221;no&#8221; text_align=&#8221;left&#8221; background_image_as_pattern=&#8221;without_pattern&#8221;][vc_column el_class=&#8221;lower-angle-polygon&#8221;][vc_raw_html css=&#8221;&#8221;]PHN2ZyB2aWV3Ym94PSIwIDAgMTAwIDYiIGNsYXNzPSJzbW9vdGgtYWxsIiBzdHlsZT0iIj4KICAgICAgICAgICAgPHBvbHlnb24gcG9pbnRzPSIwLDUgMCwwIDEwMCwwIDEwMCw0IDY5LDEuNSIgc3R5bGU9ImZpbGw6ICM0MTQxNDE4ZjsiLz4KICAgICAgICAgICAgPHBvbHlnb24gcG9pbnRzPSIwLDMgMCwwIDEwMCwwIDEwMCwyIDcwLDEiIHN0eWxlPSJmaWxsOiAjNDE0MTQxOyIvPiAgCjwvc3ZnPg==[\/vc_raw_html][\/vc_column][\/vc_row][vc_row css_animation=&#8221;&#8221; row_type=&#8221;row&#8221; use_row_as_full_screen_section=&#8221;no&#8221; type=&#8221;full_width&#8221; angled_section=&#8221;no&#8221; text_align=&#8221;left&#8221; background_image_as_pattern=&#8221;without_pattern&#8221; z_index=&#8221;&#8221; el_class=&#8221;row-background&#8221;][vc_column width=&#8221;1\/6&#8243; offset=&#8221;vc_hidden-sm vc_hidden-xs&#8221;][\/vc_column][vc_column offset=&#8221;vc_col-lg-8 vc_col-md-8 vc_col-xs-12&#8243; el_class=&#8221;center-content-column&#8221;][vc_column_text el_class=&#8221;section-text&#8221;] Carbide Audio Carbide Audio ma siedzib\u0119 w mie\u015bcie Llano po\u0142o\u017conym w Teksasie, na zach\u00f3d od Austin. Projektujemy i&#8230;<\/p>\n","protected":false},"author":1,"featured_media":0,"parent":0,"menu_order":0,"comment_status":"closed","ping_status":"closed","template":"full_width.php","meta":{"editor_plus_copied_stylings":"{}","_monsterinsights_skip_tracking":false,"_monsterinsights_sitenote_active":false,"_monsterinsights_sitenote_note":"","_monsterinsights_sitenote_category":0,"footnotes":""},"class_list":["post-6593","page","type-page","status-publish","hentry"],"aioseo_notices":[],"_links":{"self":[{"href":"https:\/\/carbide.audio\/pl\/wp-json\/wp\/v2\/pages\/6593","targetHints":{"allow":["GET"]}}],"collection":[{"href":"https:\/\/carbide.audio\/pl\/wp-json\/wp\/v2\/pages"}],"about":[{"href":"https:\/\/carbide.audio\/pl\/wp-json\/wp\/v2\/types\/page"}],"author":[{"embeddable":true,"href":"https:\/\/carbide.audio\/pl\/wp-json\/wp\/v2\/users\/1"}],"replies":[{"embeddable":true,"href":"https:\/\/carbide.audio\/pl\/wp-json\/wp\/v2\/comments?post=6593"}],"version-history":[{"count":0,"href":"https:\/\/carbide.audio\/pl\/wp-json\/wp\/v2\/pages\/6593\/revisions"}],"wp:attachment":[{"href":"https:\/\/carbide.audio\/pl\/wp-json\/wp\/v2\/media?parent=6593"}],"curies":[{"name":"wp","href":"https:\/\/api.w.org\/{rel}","templated":true}]}}