{"id":5380,"date":"2020-06-25T21:41:23","date_gmt":"2020-06-26T02:41:23","guid":{"rendered":"https:\/\/www.carbide.audio\/warunki\/"},"modified":"2025-05-08T22:46:03","modified_gmt":"2025-05-09T03:46:03","slug":"warunki","status":"publish","type":"page","link":"https:\/\/carbide.audio\/pl\/warunki\/","title":{"rendered":"Warunki"},"content":{"rendered":"<div class=\"wpb-content-wrapper\"><p>[vc_row css_animation=&#8221;&#8221; row_type=&#8221;row&#8221; use_row_as_full_screen_section=&#8221;no&#8221; type=&#8221;full_width&#8221; angled_section=&#8221;no&#8221; text_align=&#8221;left&#8221; background_image_as_pattern=&#8221;without_pattern&#8221;][vc_column el_class=&#8221;lower-angle-polygon&#8221;][vc_raw_html css=&#8221;&#8221;]PHN2ZyB2aWV3Ym94PSIwIDAgMTAwIDYiIGNsYXNzPSJzbW9vdGgtYWxsIiBzdHlsZT0iIj4KICAgICAgICAgICAgPHBvbHlnb24gcG9pbnRzPSIwLDUgMCwwIDEwMCwwIDEwMCw0IDY5LDEuNSIgc3R5bGU9ImZpbGw6ICM0MTQxNDE4ZjsiLz4KICAgICAgICAgICAgPHBvbHlnb24gcG9pbnRzPSIwLDMgMCwwIDEwMCwwIDEwMCwyIDcwLDEiIHN0eWxlPSJmaWxsOiAjNDE0MTQxOyIvPiAgCjwvc3ZnPg==[\/vc_raw_html][\/vc_column][\/vc_row][vc_row css_animation=&#8221;&#8221; row_type=&#8221;row&#8221; use_row_as_full_screen_section=&#8221;no&#8221; type=&#8221;full_width&#8221; angled_section=&#8221;no&#8221; text_align=&#8221;left&#8221; background_image_as_pattern=&#8221;without_pattern&#8221; z_index=&#8221;&#8221; el_class=&#8221;main-row&#8221; css=&#8221;.vc_custom_1746749352621{padding-top: 120px !important;}&#8221;][vc_column width=&#8221;1\/6&#8243;][\/vc_column][vc_column width=&#8221;2\/3&#8243;][vc_column_text el_class=&#8221;section-text&#8221;]<\/p>\n<h2>Zasady i warunki u\u017cytkowania<\/h2>\n<p class=\"\">Niniejsze warunki reguluj\u0105 korzystanie przez Pa\u0144stwa z tej strony internetowej; kontynuuj\u0105c przegl\u0105danie i korzystanie z tej strony internetowej, wyra\u017caj\u0105 Pa\u0144stwo zgod\u0119 na przestrzeganie poni\u017cszych warunk\u00f3w u\u017cytkowania, kt\u00f3re wraz z nasz\u0105 polityk\u0105 prywatno\u015bci reguluj\u0105 relacje Carbide Audio LLC z Pa\u0144stwem w odniesieniu do tej strony internetowej. Je\u015bli nie zgadzasz si\u0119 z jak\u0105kolwiek cz\u0119\u015bci\u0105 tych warunk\u00f3w, prosimy nie korzysta\u0107 z naszej strony internetowej. <\/p>\n<p>&nbsp;<\/p>\n<p class=\"\">Termin &#8222;Carbide Audio&#8221;, &#8222;nas&#8221; lub &#8222;my&#8221; odnosi si\u0119 do w\u0142a\u015bciciela strony internetowej. Termin &#8222;Ty&#8221; odnosi si\u0119 do u\u017cytkownika lub osoby przegl\u0105daj\u0105cej nasz\u0105 stron\u0119 internetow\u0105. <\/p>\n<p>&nbsp;<\/p>\n<p class=\"\">Korzystanie z tej strony internetowej podlega nast\u0119puj\u0105cym warunkom u\u017cytkowania:<\/p>\n<p>[\/vc_column_text][vc_column_text css=&#8221;.vc_custom_1634411941721{margin-bottom: 50px !important;margin-left: 15px !important;padding-top: 0px !important;}&#8221; el_class=&#8221;section-text&#8221;]<\/p>\n<ul>\n<li>Zawarto\u015b\u0107 stron tej witryny jest przeznaczona wy\u0142\u0105cznie do og\u00f3lnej informacji i u\u017cytku. Mo\u017ce on ulec zmianie bez uprzedzenia. <\/li>\n<\/ul>\n<p>&nbsp;<\/p>\n<ul>\n<li>Ta strona u\u017cywa plik\u00f3w cookie do monitorowania preferencji przegl\u0105dania. Je\u015bli zezwol\u0105 Pa\u0144stwo na korzystanie z plik\u00f3w cookie, nast\u0119puj\u0105ce dane osobowe mog\u0105 by\u0107 przechowywane przez nas w celu wykorzystania przez osoby trzecie, jak wskazano w naszej <a href=\"https:\/\/www.carbide.audio\/policy\/\">Polityce prywatno\u015bci<\/a>. <\/li>\n<\/ul>\n<p>&nbsp;<\/p>\n<ul>\n<li>Ani my, ani osoby trzecie nie udzielamy \u017cadnych gwarancji ani r\u0119kojmi co do dok\u0142adno\u015bci, aktualno\u015bci, wydajno\u015bci, kompletno\u015bci lub przydatno\u015bci informacji i materia\u0142\u00f3w znalezionych lub oferowanych na tej stronie do jakiegokolwiek konkretnego celu. U\u017cytkownik przyjmuje do wiadomo\u015bci, \u017ce takie informacje i materia\u0142y mog\u0105 zawiera\u0107 nie\u015bcis\u0142o\u015bci lub b\u0142\u0119dy, a my wyra\u017anie wy\u0142\u0105czamy odpowiedzialno\u015b\u0107 za wszelkie takie nie\u015bcis\u0142o\u015bci lub b\u0142\u0119dy w najszerszym zakresie dozwolonym przez prawo. <\/li>\n<\/ul>\n<p>&nbsp;<\/p>\n<ul>\n<li>U\u017cytkownik korzysta z jakichkolwiek informacji lub materia\u0142\u00f3w na tej stronie wy\u0142\u0105cznie na w\u0142asne ryzyko, za kt\u00f3re nie ponosimy odpowiedzialno\u015bci. U\u017cytkownik ponosi w\u0142asn\u0105 odpowiedzialno\u015b\u0107 za zapewnienie, \u017ce wszelkie produkty, us\u0142ugi lub informacje dost\u0119pne za po\u015brednictwem tej strony internetowej spe\u0142niaj\u0105 jego szczeg\u00f3lne wymagania. <\/li>\n<\/ul>\n<p>&nbsp;<\/p>\n<ul>\n<li>Niniejsza strona internetowa zawiera materia\u0142y, kt\u00f3re s\u0105 nasz\u0105 w\u0142asno\u015bci\u0105 lub na kt\u00f3re mamy licencj\u0119. Materia\u0142y te obejmuj\u0105, ale nie ograniczaj\u0105 si\u0119 do projektu, uk\u0142adu, wygl\u0105du, wygl\u0105du i grafiki. Powielanie jest zabronione, chyba \u017ce zgodnie z informacj\u0105 o prawach autorskich, kt\u00f3ra stanowi cz\u0119\u015b\u0107 niniejszych warunk\u00f3w.  <\/li>\n<\/ul>\n<p>&nbsp;<\/p>\n<ul>\n<li>Wszystkie znaki towarowe zamieszczone na tej stronie internetowej, kt\u00f3re nie s\u0105 w\u0142asno\u015bci\u0105 operatora lub nie s\u0105 na niego licencjonowane, s\u0105 na niej zaznaczone. Nieuprawnione korzystanie z tej strony mo\u017ce by\u0107 podstaw\u0105 do roszcze\u0144 o odszkodowanie i\/lub stanowi\u0107 przest\u0119pstwo. <\/li>\n<\/ul>\n<p>&nbsp;<\/p>\n<ul>\n<li>Od czasu do czasu, niniejsza strona mo\u017ce zawiera\u0107 linki do innych stron internetowych. Linki te zosta\u0142y zamieszczone dla Pa\u0144stwa wygody, aby zapewni\u0107 dalsze informacje. Nie oznaczaj\u0105 one, \u017ce popieramy dan\u0105 stron\u0119 (strony). Nie ponosimy odpowiedzialno\u015bci za tre\u015b\u0107 stron, do kt\u00f3rych prowadz\u0105 linki.   <\/li>\n<\/ul>\n<p>&nbsp;<\/p>\n<ul>\n<li>Korzystanie z niniejszej strony internetowej oraz wszelkie spory wynikaj\u0105ce z takiego korzystania z witryny podlegaj\u0105 prawu stanu Teksas (USA).<\/li>\n<\/ul>\n<p>[\/vc_column_text][\/vc_column][vc_column width=&#8221;1\/6&#8243;][\/vc_column][\/vc_row][vc_row css_animation=&#8221;&#8221; row_type=&#8221;row&#8221; use_row_as_full_screen_section=&#8221;no&#8221; type=&#8221;full_width&#8221; angled_section=&#8221;no&#8221; text_align=&#8221;left&#8221; background_image_as_pattern=&#8221;without_pattern&#8221;][vc_column el_class=&#8221;lower-angle-polygon&#8221;][vc_raw_html]PHN2ZyB2aWV3Ym94PSIwIDAgMTAwIDYiIGNsYXNzPSJzbW9vdGgtYWxsIiBzdHlsZT0iIj4KICAgICAgICA8cG9seWdvbiBwb2ludHM9IjAsMyAwLDAgMTAwLDAgMTAwLDIgNzAsMSIgc3R5bGU9ImZpbGw6ICNmZmZmZmY7Ii8+CiAgICAgICAgPHBvbHlnb24gcG9pbnRzPSIwLDUgMCwwIDEwMCwwIDEwMCw0IDY5LDEuNSIgc3R5bGU9ImZpbGw6ICNmZmZmZmY4ZjsiLz4KPC9zdmc+[\/vc_raw_html][\/vc_column][\/vc_row]<\/p>\n<\/div>","protected":false},"excerpt":{"rendered":"<p>[vc_row css_animation=&#8221;&#8221; row_type=&#8221;row&#8221; use_row_as_full_screen_section=&#8221;no&#8221; type=&#8221;full_width&#8221; angled_section=&#8221;no&#8221; text_align=&#8221;left&#8221; background_image_as_pattern=&#8221;without_pattern&#8221;][vc_column el_class=&#8221;lower-angle-polygon&#8221;][vc_raw_html css=&#8221;&#8221;]PHN2ZyB2aWV3Ym94PSIwIDAgMTAwIDYiIGNsYXNzPSJzbW9vdGgtYWxsIiBzdHlsZT0iIj4KICAgICAgICAgICAgPHBvbHlnb24gcG9pbnRzPSIwLDUgMCwwIDEwMCwwIDEwMCw0IDY5LDEuNSIgc3R5bGU9ImZpbGw6ICM0MTQxNDE4ZjsiLz4KICAgICAgICAgICAgPHBvbHlnb24gcG9pbnRzPSIwLDMgMCwwIDEwMCwwIDEwMCwyIDcwLDEiIHN0eWxlPSJmaWxsOiAjNDE0MTQxOyIvPiAgCjwvc3ZnPg==[\/vc_raw_html][\/vc_column][\/vc_row][vc_row css_animation=&#8221;&#8221; row_type=&#8221;row&#8221; use_row_as_full_screen_section=&#8221;no&#8221; type=&#8221;full_width&#8221; angled_section=&#8221;no&#8221; text_align=&#8221;left&#8221; background_image_as_pattern=&#8221;without_pattern&#8221; z_index=&#8221;&#8221; el_class=&#8221;main-row&#8221; css=&#8221;.vc_custom_1746749352621{padding-top: 120px !important;}&#8221;][vc_column width=&#8221;1\/6&#8243;][\/vc_column][vc_column width=&#8221;2\/3&#8243;][vc_column_text el_class=&#8221;section-text&#8221;] Zasady i warunki u\u017cytkowania Niniejsze warunki reguluj\u0105 korzystanie przez Pa\u0144stwa z tej strony internetowej; kontynuuj\u0105c przegl\u0105danie i korzystanie z tej&#8230;<\/p>\n","protected":false},"author":1,"featured_media":0,"parent":0,"menu_order":0,"comment_status":"closed","ping_status":"closed","template":"","meta":{"editor_plus_copied_stylings":"{}","_monsterinsights_skip_tracking":false,"_monsterinsights_sitenote_active":false,"_monsterinsights_sitenote_note":"","_monsterinsights_sitenote_category":0,"footnotes":""},"class_list":["post-5380","page","type-page","status-publish","hentry"],"aioseo_notices":[],"_links":{"self":[{"href":"https:\/\/carbide.audio\/pl\/wp-json\/wp\/v2\/pages\/5380","targetHints":{"allow":["GET"]}}],"collection":[{"href":"https:\/\/carbide.audio\/pl\/wp-json\/wp\/v2\/pages"}],"about":[{"href":"https:\/\/carbide.audio\/pl\/wp-json\/wp\/v2\/types\/page"}],"author":[{"embeddable":true,"href":"https:\/\/carbide.audio\/pl\/wp-json\/wp\/v2\/users\/1"}],"replies":[{"embeddable":true,"href":"https:\/\/carbide.audio\/pl\/wp-json\/wp\/v2\/comments?post=5380"}],"version-history":[{"count":0,"href":"https:\/\/carbide.audio\/pl\/wp-json\/wp\/v2\/pages\/5380\/revisions"}],"wp:attachment":[{"href":"https:\/\/carbide.audio\/pl\/wp-json\/wp\/v2\/media?parent=5380"}],"curies":[{"name":"wp","href":"https:\/\/api.w.org\/{rel}","templated":true}]}}