{"id":5361,"date":"2020-06-25T21:40:06","date_gmt":"2020-06-26T02:40:06","guid":{"rendered":"https:\/\/www.carbide.audio\/polityka\/"},"modified":"2025-05-08T22:46:10","modified_gmt":"2025-05-09T03:46:10","slug":"polityka","status":"publish","type":"page","link":"https:\/\/carbide.audio\/pl\/polityka\/","title":{"rendered":"Polityka"},"content":{"rendered":"<div class=\"wpb-content-wrapper\"><p>[vc_row css_animation=&#8221;&#8221; row_type=&#8221;row&#8221; use_row_as_full_screen_section=&#8221;no&#8221; type=&#8221;full_width&#8221; angled_section=&#8221;no&#8221; text_align=&#8221;left&#8221; background_image_as_pattern=&#8221;without_pattern&#8221;][vc_column el_class=&#8221;lower-angle-polygon&#8221;][vc_raw_html css=&#8221;&#8221;]PHN2ZyB2aWV3Ym94PSIwIDAgMTAwIDYiIGNsYXNzPSJzbW9vdGgtYWxsIiBzdHlsZT0iIj4KICAgICAgICAgICAgPHBvbHlnb24gcG9pbnRzPSIwLDUgMCwwIDEwMCwwIDEwMCw0IDY5LDEuNSIgc3R5bGU9ImZpbGw6ICM0MTQxNDE4ZjsiLz4KICAgICAgICAgICAgPHBvbHlnb24gcG9pbnRzPSIwLDMgMCwwIDEwMCwwIDEwMCwyIDcwLDEiIHN0eWxlPSJmaWxsOiAjNDE0MTQxOyIvPiAgCjwvc3ZnPg==[\/vc_raw_html][\/vc_column][\/vc_row][vc_row css_animation=&#8221;&#8221; row_type=&#8221;row&#8221; use_row_as_full_screen_section=&#8221;no&#8221; type=&#8221;full_width&#8221; angled_section=&#8221;no&#8221; text_align=&#8221;left&#8221; background_image_as_pattern=&#8221;without_pattern&#8221; z_index=&#8221;&#8221; el_class=&#8221;main-row&#8221; css=&#8221;.vc_custom_1746749321118{padding-top: 120px !important;}&#8221;][vc_column width=&#8221;1\/6&#8243; css=&#8221;.vc_custom_1634410637578{margin-top: -100px !important;}&#8221;][\/vc_column][vc_column width=&#8221;2\/3&#8243; css=&#8221;.vc_custom_1654119564503{padding-top: 30px !important;}&#8221;][vc_column_text el_class=&#8221;section-text&#8221;]<\/p>\n<h2 id=\"returns\">Polityka zam\u00f3wie\u0144<\/h2>\n<p>Zam\u00f3wienia wysy\u0142ane do klient\u00f3w w regionach obj\u0119tych przez jednego z naszych mi\u0119dzynarodowych <a href=\"https:\/\/carbide.audio\/pl\/dystrybutorzy\/\">dystrybutor\u00f3w<\/a> b\u0119d\u0105 realizowane przez tego dystrybutora. Prosz\u0119 skorzysta\u0107 z opcji &#8222;Popro\u015b o faktur\u0119&#8221; na stronie kasy, a lokalny dystrybutor skontaktuje si\u0119 z Pa\u0144stwem w celu sfinalizowania transakcji.<\/p>\n<p>&nbsp;<\/p>\n<p>Carbide Audio b\u0119dzie bezpo\u015brednio wysy\u0142a\u0107 do klient\u00f3w we wszystkich innych regionach.[\/vc_column_text][vc_column_text css=&#8221;&#8221; el_class=&#8221;section-text&#8221;]<\/p>\n<h2 id=\"shipping\">Polityka wysy\u0142kowa<\/h2>\n<p>Wszystkie zam\u00f3wienia w Ameryce P\u00f3\u0142nocnej s\u0105 wysy\u0142ane za darmo. Zam\u00f3wienia mi\u0119dzynarodowe powy\u017cej 800 USD s\u0105 wysy\u0142ane bezp\u0142atnie. <\/p>\n<p>&nbsp;<\/p>\n<p>Czas realizacji nowych zam\u00f3wie\u0144 wynosi zazwyczaj od 3 do 5 dni roboczych. Otrzymaj\u0105 Pa\u0144stwo wiadomo\u015b\u0107 e-mail zawieraj\u0105c\u0105 informacje o \u015bledzeniu przesy\u0142ki na kr\u00f3tko przed jej wys\u0142aniem. <\/p>\n<p>&nbsp;<\/p>\n<p>Paczki krajowe w USA s\u0105 wysy\u0142ane za po\u015brednictwem UPS Ground, kt\u00f3ry ma 3-5 dni czasu tranzytu.<\/p>\n<p>&nbsp;<\/p>\n<p>Paczki mi\u0119dzynarodowe s\u0105 wysy\u0142ane za po\u015brednictwem firmy UPS Worldwide Expedited lub UPS Standard, kt\u00f3re maj\u0105 3-7 dni czasu dostawy.<\/p>\n<p>&nbsp;<\/p>\n<p>Kupuj\u0105cy jest odpowiedzialny za dyspozycyjno\u015b\u0107 w momencie dostarczenia przesy\u0142ki. Firma UPS podejmie kilka pr\u00f3b dor\u0119czenia, po czym przesy\u0142ka zostanie zwr\u00f3cona do nas. W takim przypadku b\u0119dzie to traktowane jako zwrot, a koszt przesy\u0142ki zwrotnej zostanie odliczony od zwracanej kwoty.[\/vc_column_text][vc_column_text css=&#8221;&#8221; el_class=&#8221;section-text&#8221;]<\/p>\n<h2 id=\"tax\">Polityka w zakresie podatk\u00f3w i ce\u0142 importowych<\/h2>\n<p>Ameryka\u0144skie zam\u00f3wienia krajowe wysy\u0142ane na adres w Teksasie podlegaj\u0105 opodatkowaniu podatkiem od sprzeda\u017cy.<\/p>\n<p>&nbsp;<\/p>\n<p>W przypadku zam\u00f3wie\u0144 mi\u0119dzynarodowych naliczany jest podatek w oparciu o c\u0142a importowe i podatki (np. VAT) obowi\u0105zuj\u0105ce w danym kraju. Nale\u017cno\u015bci celne przywozowe i podatki s\u0105 pobierane z g\u00f3ry w momencie realizacji transakcji. Wysy\u0142amy przesy\u0142ki mi\u0119dzynarodowe jako DDP (Delivery Duty Paid), aby upro\u015bci\u0107 odpraw\u0119 celn\u0105 i zapewni\u0107, \u017ce nie b\u0119d\u0105 Pa\u0144stwo odpowiedzialni za \u017cadne dodatkowe op\u0142aty przy dostawie.[\/vc_column_text][vc_column_text el_class=&#8221;section-text&#8221;]<\/p>\n<h2 id=\"currency\">Polityka walutowa<\/h2>\n<p>Akceptujemy wi\u0119kszo\u015b\u0107 g\u0142\u00f3wnych walut. Ceny s\u0105 wy\u015bwietlane w lokalnej walucie w oparciu o Pa\u0144stwa lokalizacj\u0119 geograficzn\u0105 lub lokalizacj\u0119 wysy\u0142ki okre\u015blon\u0105 na stronie p\u0142atno\u015bci. Je\u015bli nie widzisz cen w oczekiwanej walucie, skontaktuj si\u0119 <a href=\"https:\/\/carbide.audio\/pl\/skontaktuj-sie-z-nami\/\">z nami<\/a>, a my mo\u017cemy dostarczy\u0107 Ci faktur\u0119 w \u017c\u0105danej walucie.[\/vc_column_text][vc_column_text css=&#8221;&#8221; el_class=&#8221;section-text&#8221;]<\/p>\n<h2 id=\"returns\">Polityka zwrot\u00f3w<\/h2>\n<p>Stopki audio zakupione bezpo\u015brednio od Carbide Audio mog\u0105 zosta\u0107 zwr\u00f3cone lub wymienione na inne. Je\u015bli z jakiegokolwiek powodu nie s\u0105 Pa\u0144stwo zadowoleni, mog\u0105 Pa\u0144stwo zwr\u00f3ci\u0107 przedmiot w ci\u0105gu 30 dni od jego otrzymania. <\/p>\n<p>&nbsp;<\/p>\n<p>Prosimy pami\u0119ta\u0107, \u017ce nie mo\u017cemy zwr\u00f3ci\u0107 oryginalnych koszt\u00f3w wysy\u0142ki. Nie mo\u017cemy r\u00f3wnie\u017c zwr\u00f3ci\u0107 podatk\u00f3w zap\u0142aconych za zam\u00f3wienia mi\u0119dzynarodowe, poniewa\u017c koszty te s\u0105 naliczane przez UPS. Prosimy ubezpieczy\u0107 przesy\u0142k\u0119 i <a href=\"https:\/\/www.carbide.audio\/contact-us\/\">poda\u0107 nam<\/a> numer przesy\u0142ki wraz z numerem zam\u00f3wienia, aby\u015bmy mogli prawid\u0142owo dokona\u0107 zwrotu pieni\u0119dzy.  <\/p>\n<p>&nbsp;<\/p>\n<h5>Kryteria refundacji<\/h5>\n<ul class=\"returns-list\">\n<li>S\u0105 Pa\u0144stwo odpowiedzialni za upewnienie si\u0119, \u017ce zwracany przedmiot jest kompletny. Wszystkie oryginalne opakowania i akcesoria musz\u0105 by\u0107 do\u0142\u0105czone. <\/li>\n<li>S\u0105 Pa\u0144stwo odpowiedzialni za upewnienie si\u0119, \u017ce zwracany przedmiot dotrze do nas sprawny, nieuszkodzony i w stanie jak nowy lub lekko u\u017cywany.<\/li>\n<li>Carbide Audio nie ponosi odpowiedzialno\u015bci za zagubione, skradzione lub uszkodzone przesy\u0142ki w transporcie. Carbide Audio nie ponosi r\u00f3wnie\u017c odpowiedzialno\u015bci za nieubezpieczone przesy\u0142ki. Prosimy korzysta\u0107 z metod wysy\u0142ki, kt\u00f3re mo\u017cna \u015bledzi\u0107 i kt\u00f3re s\u0105 ubezpieczone, takich jak UPS.  <\/li>\n<\/ul>\n<p>&nbsp;<\/p>\n<h5>Ramy czasowe refundacji<\/h5>\n<p>Po otrzymaniu i zweryfikowaniu przez nas zwrotu, otrzymaj\u0105 Pa\u0144stwo zwrot ceny zakupu artyku\u0142u. Zwrot zostanie dokonany w ci\u0105gu 3 dni roboczych od otrzymania przesy\u0142ki zwrotnej.[\/vc_column_text][vc_column_text css=&#8221;.vc_custom_1636747613394{padding-bottom: 0px !important;}&#8221; el_class=&#8221;section-text&#8221;]<\/p>\n<h2 id=\"privacy\">Polityka prywatno\u015bci<\/h2>\n<p class=\"\">Carbide Audio LLC. (zwana dalej CARBIDE) stworzy\u0142a niniejsz\u0105 polityk\u0119 prywatno\u015bci, aby zademonstrowa\u0107 nasze zaanga\u017cowanie w ochron\u0119 prywatno\u015bci u\u017cytkownik\u00f3w naszych stron internetowych. Prosz\u0119 przeczyta\u0107 poni\u017csze informacje, aby dowiedzie\u0107 si\u0119 wi\u0119cej o naszej polityce prywatno\u015bci i o tym, jak traktujemy dane osobowe zebrane od naszych odwiedzaj\u0105cych i u\u017cytkownik\u00f3w.  <\/p>\n<p>&nbsp;<\/p>\n<p class=\"\"><strong>Co obejmuje niniejsza Polityka Prywatno\u015bci<\/strong><\/p>\n<ul>\n<li>Niniejsza polityka prywatno\u015bci dotyczy traktowania przez CARBIDE informacji umo\u017cliwiaj\u0105cych identyfikacj\u0119 os\u00f3b, zebranych przez CARBIDE za po\u015brednictwem strony internetowej nale\u017c\u0105cej i obs\u0142ugiwanej przez CARBIDE.<\/li>\n<li>Niniejsza polityka prywatno\u015bci nie dotyczy praktyk firm, kt\u00f3rych CARBIDE nie jest w\u0142a\u015bcicielem ani nie kontroluje, ani os\u00f3b, kt\u00f3rych CARBIDE nie zatrudnia i kt\u00f3rymi nie zarz\u0105dza, w tym wszelkich zewn\u0119trznych dostawc\u00f3w tre\u015bci zwi\u0105zanych umow\u0105 oraz wszelkich zewn\u0119trznych stron internetowych, do kt\u00f3rych strony CARBIDE zamieszczaj\u0105 linki.<\/li>\n<\/ul>\n<p>&nbsp;<\/p>\n<p class=\"\"><strong>Gromadzenie i wykorzystywanie danych osobowych<\/strong><\/p>\n<ul>\n<li>Mog\u0105 Pa\u0144stwo odwiedza\u0107 strony internetowe CARBIDE bez ujawniania jakichkolwiek danych osobowych. CARBIDE potrzebuje jednak pewnych danych osobowych, je\u015bli chc\u0105 Pa\u0144stwo zakupi\u0107 nasze produkty, zarejestrowa\u0107 konto partnerskie lub skorzysta\u0107 z niekt\u00f3rych us\u0142ug CARBIDE. <\/li>\n<li>Tam, gdzie jest to wymagane, informacje te mog\u0105 obejmowa\u0107 Pa\u0144stwa osobiste dane kontaktowe i\/lub dane kontaktowe Pa\u0144stwa firmy. CARBIDE wykorzysta te informacje, aby odpowiedzie\u0107 na Pa\u0144stwa zapytania, dostarczy\u0107 Pa\u0144stwu \u017c\u0105dane produkty i us\u0142ugi, skonfigurowa\u0107 Pa\u0144stwa konto cz\u0142onkowskie oraz skontaktowa\u0107 si\u0119 z Pa\u0144stwem w sprawie nowych produkt\u00f3w i us\u0142ug. <\/li>\n<li>Uzyskuj\u0105c dost\u0119p do us\u0142ug CARBIDE i dobrowolnie przekazuj\u0105c nam wymagane dane osobowe, wyra\u017casz zgod\u0119 na gromadzenie i wykorzystywanie tych informacji zgodnie z niniejsz\u0105 polityk\u0105 prywatno\u015bci.<\/li>\n<\/ul>\n<p>&nbsp;<\/p>\n<p class=\"\"><strong>Gromadzenie i wykorzystywanie informacji nieosobowych<\/strong><\/p>\n<ul>\n<li>CARBIDE automatycznie odbiera i zapisuje w dziennikach serwera informacje nieosobowe z Pa\u0144stwa przegl\u0105darki, w tym Pa\u0144stwa adres IP, informacje o plikach cookie, jak okre\u015blono poni\u017cej, oraz \u017c\u0105dan\u0105 stron\u0119. CARBIDE nie \u0142\u0105czy tych danych nieosobowych z \u017cadnymi danymi osobowymi zebranymi od Pa\u0144stwa. <\/li>\n<\/ul>\n<p>&nbsp;<\/p>\n<p class=\"\"><strong>Udost\u0119pnianie i ujawnianie informacji<\/strong><\/p>\n<ul>\n<li>CARBIDE mo\u017ce ujawni\u0107 Pa\u0144stwa dane osobowe stronom trzecim, kt\u00f3re dzia\u0142aj\u0105 w imieniu CARBIDE w celu dostarczenia produkt\u00f3w i us\u0142ug zam\u00f3wionych przez Pa\u0144stwa. B\u0119dziemy udost\u0119pnia\u0107 dane osobowe do tych cel\u00f3w wy\u0142\u0105cznie stronom trzecim, kt\u00f3rych polityka prywatno\u015bci jest zgodna z nasz\u0105 lub kt\u00f3re zgadzaj\u0105 si\u0119 przestrzega\u0107 naszej polityki w odniesieniu do danych osobowych. <\/li>\n<li>CARBIDE mo\u017ce w inny spos\u00f3b ujawni\u0107 Twoje dane osobowe, gdy:\n<ul>\n<li>Mamy Twoj\u0105 wyra\u017an\u0105 zgod\u0119 na udost\u0119pnianie informacji w okre\u015blonym celu;<\/li>\n<li>Musimy odpowiedzie\u0107 na wezwania s\u0105dowe, nakazy s\u0105dowe lub inne procedury prawne;<\/li>\n<li>Musimy chroni\u0107 bezpiecze\u0144stwo osobiste u\u017cytkownik\u00f3w naszych stron internetowych lub broni\u0107 praw lub w\u0142asno\u015bci CARBIDE;<\/li>\n<li>Stwierdzimy, \u017ce Twoje dzia\u0142ania na naszych stronach internetowych naruszaj\u0105 Warunki U\u017cytkowania CARBIDE lub kt\u00f3rekolwiek z naszych wytycznych dotycz\u0105cych u\u017cytkowania okre\u015blonych produkt\u00f3w lub us\u0142ug.<\/li>\n<\/ul>\n<\/li>\n<\/ul>\n<p>&nbsp;<\/p>\n<p class=\"\"><strong>Zgoda<\/strong><\/p>\n<ul>\n<li>Je\u015bli nie wyra\u017caj\u0105 Pa\u0144stwo zgody na gromadzenie, wykorzystywanie lub ujawnianie swoich danych osobowych zgodnie z niniejsz\u0105 polityk\u0105, prosimy nie przekazywa\u0107 \u017cadnych danych osobowych firmie CARBIDE. Je\u015bli przekazali Pa\u0144stwo dane osobowe firmie CARBIDE i nie wyra\u017caj\u0105 ju\u017c zgody na ich wykorzystywanie lub ujawnianie w spos\u00f3b opisany w niniejszym dokumencie, prosimy <a href=\"https:\/\/www.carbide.audio\/contact-us\/\">o kontakt<\/a>. <\/li>\n<\/ul>\n<p>&nbsp;<\/p>\n<p class=\"\"><strong>Bezpiecze\u0144stwo<\/strong><\/p>\n<ul>\n<li>Niestety, \u017cadna transmisja danych przez Internet nie mo\u017ce by\u0107 uznana za w 100% bezpieczn\u0105. Pa\u0144stwa dane CARBIDE s\u0105 jednak chronione dla Pa\u0144stwa prywatno\u015bci i bezpiecze\u0144stwa. W niekt\u00f3rych obszarach naszych stron internetowych, wskazanych na stronie, CARBIDE stosuje standardowe w bran\u017cy szyfrowanie SSL w celu ochrony transmisji danych.  <\/li>\n<li>Chronimy r\u00f3wnie\u017c Pa\u0144stwa dane osobowe przed nieuprawnionym dost\u0119pem, poprzez procedury kontroli dost\u0119pu, zapory sieciowe i fizyczne \u015brodki bezpiecze\u0144stwa.<\/li>\n<li>Ponadto CARBIDE zachowuje Twoje dane osobowe tylko tak d\u0142ugo, jak jest to konieczne do realizacji cel\u00f3w okre\u015blonych powy\u017cej lub jak wymagaj\u0105 tego przepisy prawa.<\/li>\n<\/ul>\n<p>&nbsp;<\/p>\n<p class=\"\"><strong>Zmiany w niniejszej Polityce Prywatno\u015bci<\/strong><\/p>\n<ul>\n<li>CARBIDE mo\u017ce w ka\u017cdej chwili, bez uprzedzenia i wed\u0142ug w\u0142asnego uznania, zmieni\u0107 niniejsz\u0105 polityk\u0119. Prosimy okresowo sprawdza\u0107 niniejsz\u0105 polityk\u0119. Dalsze korzystanie ze stron internetowych CARBIDE po wprowadzeniu takich zmian oznacza Pa\u0144stwa akceptacj\u0119.  <\/li>\n<\/ul>\n<p>&nbsp;<\/p>\n<p class=\"\"><strong>Pytania lub sugestie<\/strong><\/p>\n<ul>\n<li>Je\u015bli masz pytania lub sugestie dotycz\u0105ce niniejszej polityki prywatno\u015bci lub swoich danych osobowych, <a href=\"https:\/\/www.carbide.audio\/contact-us\/\">skontaktuj si\u0119 z nami<\/a><\/li>\n<\/ul>\n<p>&nbsp;<\/p>\n<p class=\"\"><strong>Cookies<\/strong><\/p>\n<p>[\/vc_column_text][vc_raw_js el_class=&#8221;section-text cookie-text&#8221;]JTNDc2NyaXB0JTIwaWQlM0QlMjJDb29raWVEZWNsYXJhdGlvbiUyMiUyMHNyYyUzRCUyMmh0dHBzJTNBJTJGJTJGY29uc2VudC5jb29raWVib3QuY29tJTJGOTU2NzhkMTYtYjE0Ny00MDBkLWFmNTAtMWZjMTNkYWQ0MWUzJTJGY2QuanMlMjIlMjB0eXBlJTNEJTIydGV4dCUyRmphdmFzY3JpcHQlMjIlMjBhc3luYyUzRSUzQyUyRnNjcmlwdCUzRQ==[\/vc_raw_js][\/vc_column][vc_column width=&#8221;1\/6&#8243;][\/vc_column][\/vc_row][vc_row css_animation=&#8221;&#8221; row_type=&#8221;row&#8221; use_row_as_full_screen_section=&#8221;no&#8221; type=&#8221;full_width&#8221; angled_section=&#8221;no&#8221; text_align=&#8221;left&#8221; background_image_as_pattern=&#8221;without_pattern&#8221;][vc_column el_class=&#8221;lower-angle-polygon&#8221;][vc_raw_html]PHN2ZyB2aWV3Ym94PSIwIDAgMTAwIDYiIGNsYXNzPSJzbW9vdGgtYWxsIiBzdHlsZT0iIj4KICAgICAgICA8cG9seWdvbiBwb2ludHM9IjAsMyAwLDAgMTAwLDAgMTAwLDIgNzAsMSIgc3R5bGU9ImZpbGw6ICNmZmZmZmY7Ii8+CiAgICAgICAgPHBvbHlnb24gcG9pbnRzPSIwLDUgMCwwIDEwMCwwIDEwMCw0IDY5LDEuNSIgc3R5bGU9ImZpbGw6ICNmZmZmZmY4ZjsiLz4KPC9zdmc+[\/vc_raw_html][\/vc_column][\/vc_row]<\/p>\n<\/div>","protected":false},"excerpt":{"rendered":"<p>[vc_row css_animation=&#8221;&#8221; row_type=&#8221;row&#8221; use_row_as_full_screen_section=&#8221;no&#8221; type=&#8221;full_width&#8221; angled_section=&#8221;no&#8221; text_align=&#8221;left&#8221; background_image_as_pattern=&#8221;without_pattern&#8221;][vc_column el_class=&#8221;lower-angle-polygon&#8221;][vc_raw_html css=&#8221;&#8221;]PHN2ZyB2aWV3Ym94PSIwIDAgMTAwIDYiIGNsYXNzPSJzbW9vdGgtYWxsIiBzdHlsZT0iIj4KICAgICAgICAgICAgPHBvbHlnb24gcG9pbnRzPSIwLDUgMCwwIDEwMCwwIDEwMCw0IDY5LDEuNSIgc3R5bGU9ImZpbGw6ICM0MTQxNDE4ZjsiLz4KICAgICAgICAgICAgPHBvbHlnb24gcG9pbnRzPSIwLDMgMCwwIDEwMCwwIDEwMCwyIDcwLDEiIHN0eWxlPSJmaWxsOiAjNDE0MTQxOyIvPiAgCjwvc3ZnPg==[\/vc_raw_html][\/vc_column][\/vc_row][vc_row css_animation=&#8221;&#8221; row_type=&#8221;row&#8221; use_row_as_full_screen_section=&#8221;no&#8221; type=&#8221;full_width&#8221; angled_section=&#8221;no&#8221; text_align=&#8221;left&#8221; background_image_as_pattern=&#8221;without_pattern&#8221; z_index=&#8221;&#8221; el_class=&#8221;main-row&#8221; css=&#8221;.vc_custom_1746749321118{padding-top: 120px !important;}&#8221;][vc_column width=&#8221;1\/6&#8243; css=&#8221;.vc_custom_1634410637578{margin-top: -100px !important;}&#8221;][\/vc_column][vc_column width=&#8221;2\/3&#8243; css=&#8221;.vc_custom_1654119564503{padding-top: 30px !important;}&#8221;][vc_column_text el_class=&#8221;section-text&#8221;] Polityka zam\u00f3wie\u0144 Zam\u00f3wienia wysy\u0142ane do klient\u00f3w w regionach obj\u0119tych przez jednego z naszych mi\u0119dzynarodowych&#8230;<\/p>\n","protected":false},"author":1,"featured_media":0,"parent":0,"menu_order":0,"comment_status":"closed","ping_status":"closed","template":"","meta":{"editor_plus_copied_stylings":"{}","_monsterinsights_skip_tracking":false,"_monsterinsights_sitenote_active":false,"_monsterinsights_sitenote_note":"","_monsterinsights_sitenote_category":0,"footnotes":""},"class_list":["post-5361","page","type-page","status-publish","hentry"],"aioseo_notices":[],"_links":{"self":[{"href":"https:\/\/carbide.audio\/pl\/wp-json\/wp\/v2\/pages\/5361","targetHints":{"allow":["GET"]}}],"collection":[{"href":"https:\/\/carbide.audio\/pl\/wp-json\/wp\/v2\/pages"}],"about":[{"href":"https:\/\/carbide.audio\/pl\/wp-json\/wp\/v2\/types\/page"}],"author":[{"embeddable":true,"href":"https:\/\/carbide.audio\/pl\/wp-json\/wp\/v2\/users\/1"}],"replies":[{"embeddable":true,"href":"https:\/\/carbide.audio\/pl\/wp-json\/wp\/v2\/comments?post=5361"}],"version-history":[{"count":0,"href":"https:\/\/carbide.audio\/pl\/wp-json\/wp\/v2\/pages\/5361\/revisions"}],"wp:attachment":[{"href":"https:\/\/carbide.audio\/pl\/wp-json\/wp\/v2\/media?parent=5361"}],"curies":[{"name":"wp","href":"https:\/\/api.w.org\/{rel}","templated":true}]}}