{"id":5351,"date":"2020-07-23T22:06:03","date_gmt":"2020-07-24T03:06:03","guid":{"rendered":"https:\/\/www.carbide.audio\/instrukcje-dotyczace-podstawy-weglikowej\/"},"modified":"2025-07-05T10:32:19","modified_gmt":"2025-07-05T15:32:19","slug":"instrukcje-dotyczace-podstawy-weglikowej","status":"publish","type":"page","link":"https:\/\/carbide.audio\/pl\/instrukcje-dotyczace-podstawy-weglikowej\/","title":{"rendered":"Instrukcje dotycz\u0105ce Carbide Base"},"content":{"rendered":"<div class=\"wpb-content-wrapper\"><p>[vc_row css_animation=&#8221;&#8221; row_type=&#8221;row&#8221; use_row_as_full_screen_section=&#8221;no&#8221; type=&#8221;full_width&#8221; angled_section=&#8221;no&#8221; text_align=&#8221;left&#8221; background_image_as_pattern=&#8221;without_pattern&#8221; el_class=&#8221;instruction-page&#8221; z_index=&#8221;&#8221;][vc_column el_class=&#8221;lower-angle-polygon&#8221;][vc_raw_html css=&#8221;&#8221;]PHN2ZyB2aWV3Ym94PSIwIDAgMTAwIDYiIGNsYXNzPSJzbW9vdGgtYWxsIiBzdHlsZT0iIj4KICAgICAgICAgICAgPHBvbHlnb24gcG9pbnRzPSIwLDUgMCwwIDEwMCwwIDEwMCw0IDY5LDEuNSIgc3R5bGU9ImZpbGw6ICM0MTQxNDE4ZjsiLz4KICAgICAgICAgICAgPHBvbHlnb24gcG9pbnRzPSIwLDMgMCwwIDEwMCwwIDEwMCwyIDcwLDEiIHN0eWxlPSJmaWxsOiAjNDE0MTQxOyIvPiAgCjwvc3ZnPg==[\/vc_raw_html][\/vc_column][\/vc_row][vc_row css_animation=&#8221;&#8221; row_type=&#8221;row&#8221; use_row_as_full_screen_section=&#8221;no&#8221; type=&#8221;full_width&#8221; angled_section=&#8221;no&#8221; text_align=&#8221;left&#8221; background_image_as_pattern=&#8221;without_pattern&#8221; z_index=&#8221;&#8221; el_class=&#8221;instruction-section&#8221; css=&#8221;.vc_custom_1746748509320{padding-top: 100px !important;}&#8221;][vc_column width=&#8221;1\/6&#8243; offset=&#8221;vc_hidden-md vc_hidden-sm vc_hidden-xs&#8221;][\/vc_column][vc_column offset=&#8221;vc_col-lg-8 vc_col-xs-12&#8243; el_class=&#8221;center-column&#8221;][vc_row_inner row_type=&#8221;row&#8221; type=&#8221;full_width&#8221; text_align=&#8221;left&#8221; css_animation=&#8221;&#8221; el_id=&#8221;changing-viscorings&#8221;][vc_column_inner width=&#8221;1\/4&#8243;][vc_single_image image=&#8221;18335&#8243; img_size=&#8221;full&#8221; alignment=&#8221;center&#8221; qode_css_animation=&#8221;&#8221;][\/vc_column_inner][vc_column_inner el_class=&#8221;instruction-steps&#8221; width=&#8221;3\/4&#8243;][vc_column_text el_class=&#8221;section-text&#8221;]<\/p>\n<h2><a href=\"https:\/\/carbide.audio\/pl\/instrukcje-dotyczace-podstawy-weglikowej\/wymiana-pierscieni-viscorings\/\">Wymiana pier\u015bcieni ViscoRings\u2122<\/a><\/h2>\n<p>Instrukcje dotycz\u0105ce demonta\u017cu i monta\u017cu ViscoRing\u2122 wewn\u0105trz stopki Carbide Bases.[\/vc_column_text][vc_raw_html el_class=&#8221;more-arrow-button&#8221;]PGRpdiBjbGFzcz0iYXJyb3ctYnV0dG9uIHNtb290aC1hbGwiPgo8YSBpdGVtcHJvcD0idXJsIiBocmVmPSJodHRwczovL2NhcmJpZGUuYXVkaW8vcGwvaW5zdHJ1a2NqZS1kb3R5Y3phY2UtcG9kc3Rhd3ktd2VnbGlrb3dlai93eW1pYW5hLXBpZXJzY2llbmktdmlzY29yaW5ncy8iIHRhcmdldD0iX3NlbGYiPgoJICAgIDxzcGFuPjxpIGNsYXNzPSJxb2RlX2ljb25fZm9udF9hd2Vzb21lXzUgZmE1IGZhcyBmYS1jaGV2cm9uLXJpZ2h0IGFycm93LWJ1dHRvbi1hcnJvdyAiPjwvaT48L3NwYW4+CQo8L2E+CjwvZGl2Pg==[\/vc_raw_html][\/vc_column_inner][\/vc_row_inner][vc_row_inner row_type=&#8221;row&#8221; type=&#8221;full_width&#8221; text_align=&#8221;left&#8221; css_animation=&#8221;&#8221; el_id=&#8221;installing-bolts&#8221;][vc_column_inner width=&#8221;1\/4&#8243;][vc_single_image image=&#8221;18345&#8243; img_size=&#8221;full&#8221; alignment=&#8221;center&#8221; qode_css_animation=&#8221;&#8221;][\/vc_column_inner][vc_column_inner el_class=&#8221;instruction-steps&#8221; width=&#8221;3\/4&#8243;][vc_column_text el_class=&#8221;section-text&#8221;]<\/p>\n<h2><a href=\"https:\/\/carbide.audio\/pl\/instrukcje-dotyczace-podstawy-weglikowej\/montaz-srub\/\">Monta\u017c \u015brub do g\u0142o\u015bnik\u00f3w<\/a><\/h2>\n<p>Instrukcja monta\u017cu \u015brub na stopce Carbide Bases. Dzi\u0119ki temu stopk\u0119 Carbide Base mo\u017cna wkr\u0119ci\u0107 w g\u0142o\u015bniki i sprz\u0119t w miejsce kolc\u00f3w lub stopek standardowych.[\/vc_column_text][vc_raw_html el_class=&#8221;more-arrow-button&#8221;]PGRpdiBjbGFzcz0iYXJyb3ctYnV0dG9uIHNtb290aC1hbGwiPgo8YSBpdGVtcHJvcD0idXJsIiBocmVmPSJodHRwczovL2NhcmJpZGUuYXVkaW8vcGwvaW5zdHJ1a2NqZS1kb3R5Y3phY2UtcG9kc3Rhd3ktd2VnbGlrb3dlai9tb250YXotc3J1Yi8iIHRhcmdldD0iX3NlbGYiPgoJICAgIDxzcGFuPjxpIGNsYXNzPSJxb2RlX2ljb25fZm9udF9hd2Vzb21lXzUgZmE1IGZhcyBmYS1jaGV2cm9uLXJpZ2h0IGFycm93LWJ1dHRvbi1hcnJvdyAiPjwvaT48L3NwYW4+CQo8L2E+CjwvZGl2Pg==[\/vc_raw_html][\/vc_column_inner][\/vc_row_inner][vc_row_inner row_type=&#8221;row&#8221; type=&#8221;full_width&#8221; text_align=&#8221;left&#8221; css_animation=&#8221;&#8221;][vc_column_inner width=&#8221;1\/4&#8243;][vc_single_image image=&#8221;20269&#8243; img_size=&#8221;full&#8221; alignment=&#8221;center&#8221; qode_css_animation=&#8221;&#8221;][\/vc_column_inner][vc_column_inner el_class=&#8221;instruction-steps&#8221; width=&#8221;3\/4&#8243;][vc_column_text el_class=&#8221;section-text&#8221;]<\/p>\n<h2><a title=\"Modernizacja do Carbide Base Diamond\" href=\"https:\/\/carbide.audio\/pl\/instrukcje-dotyczace-podstawy-weglikowej\/modernizacja-do-carbide-base-diamond\/\">Modernizacja wk\u0142adki Carbide Base<\/a><\/h2>\n<p>Instrukcje dotycz\u0105ce modernizacji standardowej stopki Carbide Base Audio do Carbide Base Sapphire lub Carbide Base Diamond.[\/vc_column_text][vc_raw_html el_class=&#8221;more-arrow-button&#8221;]PGRpdiBjbGFzcz0iYXJyb3ctYnV0dG9uIHNtb290aC1hbGwiPgo8YSBpdGVtcHJvcD0idXJsIiBocmVmPSJodHRwczovL2NhcmJpZGUuYXVkaW8vcGwvaW5zdHJ1a2NqZS1kb3R5Y3phY2UtcG9kc3Rhd3ktd2VnbGlrb3dlai9tb2Rlcm5pemFjamEtZG8tY2FyYmlkZS1iYXNlLWRpYW1vbmQvIiB0YXJnZXQ9Il9zZWxmIj4KCSAgICA8c3Bhbj48aSBjbGFzcz0icW9kZV9pY29uX2ZvbnRfYXdlc29tZV81IGZhNSBmYXMgZmEtY2hldnJvbi1yaWdodCBhcnJvdy1idXR0b24tYXJyb3cgIj48L2k+PC9zcGFuPgkKPC9hPgo8L2Rpdj4=[\/vc_raw_html][\/vc_column_inner][\/vc_row_inner][\/vc_column][vc_column width=&#8221;1\/6&#8243; offset=&#8221;vc_hidden-md vc_hidden-sm vc_hidden-xs&#8221;][\/vc_column][\/vc_row][vc_row css_animation=&#8221;&#8221; row_type=&#8221;row&#8221; use_row_as_full_screen_section=&#8221;no&#8221; type=&#8221;full_width&#8221; angled_section=&#8221;no&#8221; text_align=&#8221;left&#8221; background_image_as_pattern=&#8221;without_pattern&#8221; el_class=&#8221;instruction-page&#8221; z_index=&#8221;&#8221;][vc_column el_class=&#8221;lower-angle-polygon&#8221;][vc_raw_html]PHN2ZyB2aWV3Ym94PSIwIDAgMTAwIDYiIGNsYXNzPSJzbW9vdGgtYWxsIiBzdHlsZT0iIj4KICAgICAgICA8cG9seWdvbiBwb2ludHM9IjAsMyAwLDAgMTAwLDAgMTAwLDIgNzAsMSIgc3R5bGU9ImZpbGw6ICNmZmZmZmY7Ii8+CiAgICAgICAgPHBvbHlnb24gcG9pbnRzPSIwLDUgMCwwIDEwMCwwIDEwMCw0IDY5LDEuNSIgc3R5bGU9ImZpbGw6ICNmZmZmZmY4ZjsiLz4KPC9zdmc+[\/vc_raw_html][\/vc_column][\/vc_row]<\/p>\n<\/div>","protected":false},"excerpt":{"rendered":"<p>[vc_row css_animation=&#8221;&#8221; row_type=&#8221;row&#8221; use_row_as_full_screen_section=&#8221;no&#8221; type=&#8221;full_width&#8221; angled_section=&#8221;no&#8221; text_align=&#8221;left&#8221; background_image_as_pattern=&#8221;without_pattern&#8221; el_class=&#8221;instruction-page&#8221; z_index=&#8221;&#8221;][vc_column el_class=&#8221;lower-angle-polygon&#8221;][vc_raw_html css=&#8221;&#8221;]PHN2ZyB2aWV3Ym94PSIwIDAgMTAwIDYiIGNsYXNzPSJzbW9vdGgtYWxsIiBzdHlsZT0iIj4KICAgICAgICAgICAgPHBvbHlnb24gcG9pbnRzPSIwLDUgMCwwIDEwMCwwIDEwMCw0IDY5LDEuNSIgc3R5bGU9ImZpbGw6ICM0MTQxNDE4ZjsiLz4KICAgICAgICAgICAgPHBvbHlnb24gcG9pbnRzPSIwLDMgMCwwIDEwMCwwIDEwMCwyIDcwLDEiIHN0eWxlPSJmaWxsOiAjNDE0MTQxOyIvPiAgCjwvc3ZnPg==[\/vc_raw_html][\/vc_column][\/vc_row][vc_row css_animation=&#8221;&#8221; row_type=&#8221;row&#8221; use_row_as_full_screen_section=&#8221;no&#8221; type=&#8221;full_width&#8221; angled_section=&#8221;no&#8221; text_align=&#8221;left&#8221; background_image_as_pattern=&#8221;without_pattern&#8221; z_index=&#8221;&#8221; el_class=&#8221;instruction-section&#8221; css=&#8221;.vc_custom_1746748509320{padding-top: 100px !important;}&#8221;][vc_column width=&#8221;1\/6&#8243; offset=&#8221;vc_hidden-md vc_hidden-sm vc_hidden-xs&#8221;][\/vc_column][vc_column offset=&#8221;vc_col-lg-8 vc_col-xs-12&#8243; el_class=&#8221;center-column&#8221;][vc_row_inner row_type=&#8221;row&#8221; type=&#8221;full_width&#8221; text_align=&#8221;left&#8221; css_animation=&#8221;&#8221; el_id=&#8221;changing-viscorings&#8221;][vc_column_inner width=&#8221;1\/4&#8243;][vc_single_image image=&#8221;18335&#8243; img_size=&#8221;full&#8221; alignment=&#8221;center&#8221; qode_css_animation=&#8221;&#8221;][\/vc_column_inner][vc_column_inner el_class=&#8221;instruction-steps&#8221; width=&#8221;3\/4&#8243;][vc_column_text el_class=&#8221;section-text&#8221;] Wymiana&#8230;<\/p>\n","protected":false},"author":1,"featured_media":0,"parent":0,"menu_order":0,"comment_status":"closed","ping_status":"closed","template":"full_width.php","meta":{"editor_plus_copied_stylings":"{}","_monsterinsights_skip_tracking":false,"_monsterinsights_sitenote_active":false,"_monsterinsights_sitenote_note":"","_monsterinsights_sitenote_category":0,"footnotes":""},"class_list":["post-5351","page","type-page","status-publish","hentry"],"aioseo_notices":[],"_links":{"self":[{"href":"https:\/\/carbide.audio\/pl\/wp-json\/wp\/v2\/pages\/5351","targetHints":{"allow":["GET"]}}],"collection":[{"href":"https:\/\/carbide.audio\/pl\/wp-json\/wp\/v2\/pages"}],"about":[{"href":"https:\/\/carbide.audio\/pl\/wp-json\/wp\/v2\/types\/page"}],"author":[{"embeddable":true,"href":"https:\/\/carbide.audio\/pl\/wp-json\/wp\/v2\/users\/1"}],"replies":[{"embeddable":true,"href":"https:\/\/carbide.audio\/pl\/wp-json\/wp\/v2\/comments?post=5351"}],"version-history":[{"count":0,"href":"https:\/\/carbide.audio\/pl\/wp-json\/wp\/v2\/pages\/5351\/revisions"}],"wp:attachment":[{"href":"https:\/\/carbide.audio\/pl\/wp-json\/wp\/v2\/media?parent=5351"}],"curies":[{"name":"wp","href":"https:\/\/api.w.org\/{rel}","templated":true}]}}