{"id":28862,"date":"2024-01-01T16:30:18","date_gmt":"2024-01-01T22:30:18","guid":{"rendered":"https:\/\/carbide.audio\/carbide-base\/wkladki-carbide-base\/"},"modified":"2025-05-08T22:45:45","modified_gmt":"2025-05-09T03:45:45","slug":"wkladki-carbide-base","status":"publish","type":"page","link":"https:\/\/carbide.audio\/pl\/carbide-base\/wkladki-carbide-base\/","title":{"rendered":"Wk\u0142adki Carbide Base"},"content":{"rendered":"<div class=\"wpb-content-wrapper\"><p>[vc_row css_animation=&#8221;&#8221; row_type=&#8221;row&#8221; use_row_as_full_screen_section=&#8221;no&#8221; type=&#8221;full_width&#8221; angled_section=&#8221;no&#8221; text_align=&#8221;left&#8221; background_image_as_pattern=&#8221;without_pattern&#8221;][vc_column el_class=&#8221;lower-angle-polygon&#8221;][vc_raw_html css=&#8221;&#8221;]PHN2ZyB2aWV3Ym94PSIwIDAgMTAwIDYiIGNsYXNzPSJzbW9vdGgtYWxsIiBzdHlsZT0iIj4KICAgICAgICAgICAgPHBvbHlnb24gcG9pbnRzPSIwLDUgMCwwIDEwMCwwIDEwMCw0IDY5LDEuNSIgc3R5bGU9ImZpbGw6ICM0MTQxNDE4ZjsiLz4KICAgICAgICAgICAgPHBvbHlnb24gcG9pbnRzPSIwLDMgMCwwIDEwMCwwIDEwMCwyIDcwLDEiIHN0eWxlPSJmaWxsOiAjNDE0MTQxOyIvPiAgCjwvc3ZnPg==[\/vc_raw_html][\/vc_column][\/vc_row][vc_row css_animation=&#8221;&#8221; row_type=&#8221;row&#8221; use_row_as_full_screen_section=&#8221;no&#8221; type=&#8221;full_width&#8221; angled_section=&#8221;no&#8221; text_align=&#8221;left&#8221; background_image_as_pattern=&#8221;without_pattern&#8221; el_class=&#8221;main-row&#8221; z_index=&#8221;&#8221; css=&#8221;.vc_custom_1746748754429{padding-top: 100px !important;}&#8221;][vc_column width=&#8221;1\/6&#8243; offset=&#8221;vc_hidden-md vc_hidden-sm vc_hidden-xs&#8221;][\/vc_column][vc_column offset=&#8221;vc_col-lg-8 vc_col-md-12 vc_col-xs-12&#8243; el_class=&#8221;product-center-col product-images&#8221;][vc_column_text css=&#8221;&#8221; el_class=&#8221;section-text&#8221;]<\/p>\n<h1>Wk\u0142adki Carbide Base<\/h1>\n<p><a href=\"https:\/\/carbide.audio\/pl\/produkt\/carbide-base-diamond-upgrade\/\">Wk\u0142adka Carbide Base<\/a> mo\u017ce zast\u0105pi\u0107 g\u00f3rn\u0105 \u015brodkow\u0105 cz\u0119\u015b\u0107 stopki Carbide Base wykonan\u0105 ze stali nierdzewnej, aby doda\u0107 dodatkowy stopie\u0144 izolacji drga\u0144. <a href=\"https:\/\/carbide.audio\/pl\/produkt\/nano-wkladki\/\">Wk\u0142adka Nano<\/a> mo\u017ce by\u0107 zainstalowana w \u015brodkowym gwintowanym otworze naszych stopek jako alternatywny spos\u00f3b na popraw\u0119 wydajno\u015bci izolacji.<\/p>\n<p>&nbsp;<\/p>\n<p>Wk\u0142adki te s\u0105 specjalnymi izolatorami drga\u0144, kt\u00f3re wykorzystuj\u0105 ceramiczne \u0142o\u017cyska kulkowe tocz\u0105ce si\u0119 w bie\u017cniach powlekanych w procesie fizycznego osadzania z fazy gazowej (PVD). Starannie zaprojektowana geometria w po\u0142\u0105czeniu z ekstremaln\u0105 twardo\u015bci\u0105 materia\u0142u pozwala na wykorzystanie funkcji <a href=\"https:\/\/carbide.audio\/pl\/pomiary\/omijanie-sciezki-transmisji\/\">Transmission Path Evasion<\/a> w celu poprawy filtrowania mikrowibracji. Wk\u0142adki s\u0105 dost\u0119pne w 2 wersjach: Sapphire i Diamond.  <\/p>\n<p>&nbsp;<\/p>\n<h3>Szafir<\/h3>\n<p>Wk\u0142adki Sapphire wykorzystuj\u0105 bie\u017cnie \u0142o\u017cysk uformowane ze stali wysokow\u0119glowej, kt\u00f3ra jest nast\u0119pnie poddawana obr\u00f3bce cieplnej w celu zwi\u0119kszenia twardo\u015bci. Po 8 etapach polerowania bie\u017cnie \u0142o\u017cysk s\u0105 nast\u0119pnie pokrywane pow\u0142ok\u0105 Diamond-Like Carbon (DLC) po\u0142\u0105czon\u0105 ze specjalnym metalem w procesie PVD. Bie\u017cnie s\u0105 nast\u0119pnie odpuszczane kriogenicznie w celu zmniejszenia napr\u0119\u017ce\u0144 wewn\u0119trznych i poprawy wytrzyma\u0142o\u015bci.  <\/p>\n<p>&nbsp;<\/p>\n<h3>Diament<\/h3>\n<p>Wk\u0142adki Diamond wykorzystuj\u0105 bie\u017cnie wykonane z litej ceramiki o oko\u0142o dwukrotnie wi\u0119kszej twardo\u015bci ni\u017c hartowana stal. Wypolerowane bie\u017cnie \u0142o\u017cysk s\u0105 nast\u0119pnie pokrywane pow\u0142ok\u0105 PVD Diamond. Nasz stop o wysokim wsp\u00f3\u0142czynniku t\u0142umienia <a href=\"https:\/\/carbide.audio\/pl\/pomiary\/twindamp-poprawa-zdolnosci-tlumienia-manganu-i-miedzi\/\">TwinDamp\u2122<\/a> jest stosowany w miejscach powy\u017cej bie\u017cni, aby jeszcze bardziej poprawi\u0107 wydajno\u015b\u0107.[\/vc_column_text][\/vc_column][vc_column width=&#8221;1\/6&#8243; offset=&#8221;vc_hidden-md vc_hidden-sm vc_hidden-xs&#8221;][\/vc_column][\/vc_row][vc_row css_animation=&#8221;&#8221; row_type=&#8221;row&#8221; use_row_as_full_screen_section=&#8221;no&#8221; type=&#8221;full_width&#8221; angled_section=&#8221;no&#8221; text_align=&#8221;left&#8221; background_image_as_pattern=&#8221;without_pattern&#8221; css=&#8221;.vc_custom_1729641854926{padding-top: 30px !important;}&#8221; z_index=&#8221;&#8221; el_class=&#8221;main-row&#8221;][vc_column width=&#8221;1\/6&#8243; offset=&#8221;vc_hidden-md vc_hidden-sm vc_hidden-xs&#8221;][\/vc_column][vc_column offset=&#8221;vc_col-lg-8 vc_col-md-12 vc_col-xs-12&#8243; el_class=&#8221;product-center-col product-images&#8221;][vc_column_text el_class=&#8221;section-text&#8221;]<\/p>\n<h2>Wk\u0142adki Carbide Base<\/h2>\n<p>Wk\u0142adki Carbide Bases wykorzystuj\u0105 trzy pary \u0142o\u017cysk i bie\u017cni. Trzy du\u017ce \u0142o\u017cyska z ceramiki cyrkonowej rozk\u0142adaj\u0105 obci\u0105\u017cenie na wi\u0119ksz\u0105 liczb\u0119 punkt\u00f3w styku, aby zwi\u0119kszy\u0107 zdolno\u015b\u0107 utrzymywania ci\u0119\u017caru. Otw\u00f3r w \u015brodku mo\u017ce by\u0107 u\u017cyty do <a href=\"https:\/\/carbide.audio\/pl\/instrukcje-dotyczace-podstawy-weglikowej\/montaz-srub\/\">przykr\u0119cenia do sprz\u0119tu<\/a> lub przyj\u0119cia ko\u0144c\u00f3wki pod\u0142ogowego kolca g\u0142o\u015bnikowego.[\/vc_column_text][vc_row_inner row_type=&#8221;row&#8221; type=&#8221;full_width&#8221; text_align=&#8221;left&#8221; css_animation=&#8221;&#8221;][vc_column_inner width=&#8221;1\/2&#8243;]<div class=\"qode-specification-list\">\n\t\t\t<div class=\"qode-specification-list-image\">\n\t\t\t<img decoding=\"async\" src=\"https:\/\/carbide.audio\/wp-content\/uploads\/2024\/01\/sapphire-insert-exploded.jpg\" alt=\"\" \/>\n\t\t<\/div>\n\t\t<div class=\"qode-specification-list-text-holder\">\n\t\t<h3 class=\"qode-specification-list-title\">\n\t\t\tSzafirowa wk\u0142adka\t\t<\/h3>\n\t\t<div class=\"qode-specification-list-items\">\n\t\t\t\t\t\t\t<div class=\"qode-specification-list-item\">\n\t\t\t\t\t<span class=\"qode-specification-list-item-label\">\n\t\t\t\t\t\tPod\u0142o\u017ce prowadnicy\t\t\t\t\t<\/span>\n\t\t\t\t\t<span class=\"qode-specification-list-item-value\">\n\t\t\t\t\t\tStal hartowana\t\t\t\t\t<\/span>\n\t\t\t\t<\/div>\n\t\t\t\t\t\t\t<div class=\"qode-specification-list-item\">\n\t\t\t\t\t<span class=\"qode-specification-list-item-label\">\n\t\t\t\t\t\tTwardo\u015b\u0107 pod\u0142o\u017ca\t\t\t\t\t<\/span>\n\t\t\t\t\t<span class=\"qode-specification-list-item-value\">\n\t\t\t\t\t\t830 HV\t\t\t\t\t<\/span>\n\t\t\t\t<\/div>\n\t\t\t\t\t\t\t<div class=\"qode-specification-list-item\">\n\t\t\t\t\t<span class=\"qode-specification-list-item-label\">\n\t\t\t\t\t\tPow\u0142oka Raceway\t\t\t\t\t<\/span>\n\t\t\t\t\t<span class=\"qode-specification-list-item-value\">\n\t\t\t\t\t\tDLC + stop PVD\t\t\t\t\t<\/span>\n\t\t\t\t<\/div>\n\t\t\t\t\t\t\t<div class=\"qode-specification-list-item\">\n\t\t\t\t\t<span class=\"qode-specification-list-item-label\">\n\t\t\t\t\t\tTwardo\u015b\u0107 pow\u0142oki\t\t\t\t\t<\/span>\n\t\t\t\t\t<span class=\"qode-specification-list-item-value\">\n\t\t\t\t\t\tDo 2200 HV\t\t\t\t\t<\/span>\n\t\t\t\t<\/div>\n\t\t\t\t\t\t\t<div class=\"qode-specification-list-item\">\n\t\t\t\t\t<span class=\"qode-specification-list-item-label\">\n\t\t\t\t\t\tWsp\u00f3\u0142czynnik tarcia\t\t\t\t\t<\/span>\n\t\t\t\t\t<span class=\"qode-specification-list-item-value\">\n\t\t\t\t\t\t0.3\t\t\t\t\t<\/span>\n\t\t\t\t<\/div>\n\t\t\t\t\t\t\t<div class=\"qode-specification-list-item\">\n\t\t\t\t\t<span class=\"qode-specification-list-item-label\">\n\t\t\t\t\t\tTwinDamp\u2122\t\t\t\t\t<\/span>\n\t\t\t\t\t<span class=\"qode-specification-list-item-value\">\n\t\t\t\t\t\tNie\t\t\t\t\t<\/span>\n\t\t\t\t<\/div>\n\t\t\t\t\t<\/div>\n\t<\/div>\n\t<\/div>[\/vc_column_inner][vc_column_inner width=&#8221;1\/2&#8243;]<div class=\"qode-specification-list\">\n\t\t\t<div class=\"qode-specification-list-image\">\n\t\t\t<img decoding=\"async\" src=\"https:\/\/carbide.audio\/wp-content\/uploads\/2024\/01\/diamond-insert-exploded.jpg\" alt=\"\" \/>\n\t\t<\/div>\n\t\t<div class=\"qode-specification-list-text-holder\">\n\t\t<h3 class=\"qode-specification-list-title\">\n\t\t\tWk\u0142adka diamentowa\t\t<\/h3>\n\t\t<div class=\"qode-specification-list-items\">\n\t\t\t\t\t\t\t<div class=\"qode-specification-list-item\">\n\t\t\t\t\t<span class=\"qode-specification-list-item-label\">\n\t\t\t\t\t\tPod\u0142o\u017ce prowadnicy\t\t\t\t\t<\/span>\n\t\t\t\t\t<span class=\"qode-specification-list-item-value\">\n\t\t\t\t\t\tCeramika\t\t\t\t\t<\/span>\n\t\t\t\t<\/div>\n\t\t\t\t\t\t\t<div class=\"qode-specification-list-item\">\n\t\t\t\t\t<span class=\"qode-specification-list-item-label\">\n\t\t\t\t\t\tTwardo\u015b\u0107 pod\u0142o\u017ca\t\t\t\t\t<\/span>\n\t\t\t\t\t<span class=\"qode-specification-list-item-value\">\n\t\t\t\t\t\tPonad 1300 HV\t\t\t\t\t<\/span>\n\t\t\t\t<\/div>\n\t\t\t\t\t\t\t<div class=\"qode-specification-list-item\">\n\t\t\t\t\t<span class=\"qode-specification-list-item-label\">\n\t\t\t\t\t\tPow\u0142oka Raceway\t\t\t\t\t<\/span>\n\t\t\t\t\t<span class=\"qode-specification-list-item-value\">\n\t\t\t\t\t\tDiament PVD na CrN\t\t\t\t\t<\/span>\n\t\t\t\t<\/div>\n\t\t\t\t\t\t\t<div class=\"qode-specification-list-item\">\n\t\t\t\t\t<span class=\"qode-specification-list-item-label\">\n\t\t\t\t\t\tTwardo\u015b\u0107 pow\u0142oki\t\t\t\t\t<\/span>\n\t\t\t\t\t<span class=\"qode-specification-list-item-value\">\n\t\t\t\t\t\tDo 6500 HV\t\t\t\t\t<\/span>\n\t\t\t\t<\/div>\n\t\t\t\t\t\t\t<div class=\"qode-specification-list-item\">\n\t\t\t\t\t<span class=\"qode-specification-list-item-label\">\n\t\t\t\t\t\tWsp\u00f3\u0142czynnik tarcia\t\t\t\t\t<\/span>\n\t\t\t\t\t<span class=\"qode-specification-list-item-value\">\n\t\t\t\t\t\t0.1\t\t\t\t\t<\/span>\n\t\t\t\t<\/div>\n\t\t\t\t\t\t\t<div class=\"qode-specification-list-item\">\n\t\t\t\t\t<span class=\"qode-specification-list-item-label\">\n\t\t\t\t\t\tTwinDamp\u2122\t\t\t\t\t<\/span>\n\t\t\t\t\t<span class=\"qode-specification-list-item-value\">\n\t\t\t\t\t\tTak\t\t\t\t\t<\/span>\n\t\t\t\t<\/div>\n\t\t\t\t\t<\/div>\n\t<\/div>\n\t<\/div>[\/vc_column_inner][\/vc_row_inner][\/vc_column][vc_column width=&#8221;1\/6&#8243; offset=&#8221;vc_hidden-md vc_hidden-sm vc_hidden-xs&#8221;][\/vc_column][\/vc_row][vc_row css_animation=&#8221;&#8221; row_type=&#8221;row&#8221; use_row_as_full_screen_section=&#8221;no&#8221; type=&#8221;full_width&#8221; angled_section=&#8221;no&#8221; text_align=&#8221;left&#8221; background_image_as_pattern=&#8221;without_pattern&#8221; z_index=&#8221;&#8221; el_class=&#8221;main-row&#8221;][vc_column width=&#8221;1\/6&#8243; offset=&#8221;vc_hidden-md vc_hidden-sm vc_hidden-xs&#8221;][\/vc_column][vc_column offset=&#8221;vc_col-lg-8 vc_col-md-12 vc_col-xs-12&#8243; el_class=&#8221;product-center-col product-images&#8221;][vc_column_text el_class=&#8221;section-text&#8221;]<\/p>\n<h2>Nano-wk\u0142adki<\/h2>\n<p>Wk\u0142adki Nano zawieraj\u0105 pojedyncze ceramiczne \u0142o\u017cysko kulkowe z tlenku cyrkonu tocz\u0105ce si\u0119 mi\u0119dzy par\u0105 szafirowych lub diamentowych bie\u017cni \u0142o\u017cyska. Wk\u0142adki Nano s\u0105 wykorzystywane przez wszystkie 3 stopki Carbide Audio.[\/vc_column_text][vc_row_inner row_type=&#8221;row&#8221; type=&#8221;full_width&#8221; text_align=&#8221;left&#8221; css_animation=&#8221;&#8221;][vc_column_inner width=&#8221;1\/2&#8243;]<div class=\"qode-specification-list\">\n\t\t\t<div class=\"qode-specification-list-image\">\n\t\t\t<img decoding=\"async\" src=\"https:\/\/carbide.audio\/wp-content\/uploads\/2024\/01\/nano-sapphire-insert-exploded.jpg\" alt=\"\" \/>\n\t\t<\/div>\n\t\t<div class=\"qode-specification-list-text-holder\">\n\t\t<h3 class=\"qode-specification-list-title\">\n\t\t\tNano Sapphire Insert\t\t<\/h3>\n\t\t<div class=\"qode-specification-list-items\">\n\t\t\t\t\t\t\t<div class=\"qode-specification-list-item\">\n\t\t\t\t\t<span class=\"qode-specification-list-item-label\">\n\t\t\t\t\t\tPod\u0142o\u017ce prowadnicy\t\t\t\t\t<\/span>\n\t\t\t\t\t<span class=\"qode-specification-list-item-value\">\n\t\t\t\t\t\tStal hartowana\t\t\t\t\t<\/span>\n\t\t\t\t<\/div>\n\t\t\t\t\t\t\t<div class=\"qode-specification-list-item\">\n\t\t\t\t\t<span class=\"qode-specification-list-item-label\">\n\t\t\t\t\t\tTwardo\u015b\u0107 pod\u0142o\u017ca\t\t\t\t\t<\/span>\n\t\t\t\t\t<span class=\"qode-specification-list-item-value\">\n\t\t\t\t\t\t830 HV\t\t\t\t\t<\/span>\n\t\t\t\t<\/div>\n\t\t\t\t\t\t\t<div class=\"qode-specification-list-item\">\n\t\t\t\t\t<span class=\"qode-specification-list-item-label\">\n\t\t\t\t\t\tPow\u0142oka Raceway\t\t\t\t\t<\/span>\n\t\t\t\t\t<span class=\"qode-specification-list-item-value\">\n\t\t\t\t\t\tDLC + stop PVD\t\t\t\t\t<\/span>\n\t\t\t\t<\/div>\n\t\t\t\t\t\t\t<div class=\"qode-specification-list-item\">\n\t\t\t\t\t<span class=\"qode-specification-list-item-label\">\n\t\t\t\t\t\tTwardo\u015b\u0107 pow\u0142oki\t\t\t\t\t<\/span>\n\t\t\t\t\t<span class=\"qode-specification-list-item-value\">\n\t\t\t\t\t\tDo 2200 HV\t\t\t\t\t<\/span>\n\t\t\t\t<\/div>\n\t\t\t\t\t\t\t<div class=\"qode-specification-list-item\">\n\t\t\t\t\t<span class=\"qode-specification-list-item-label\">\n\t\t\t\t\t\tWsp\u00f3\u0142czynnik tarcia\t\t\t\t\t<\/span>\n\t\t\t\t\t<span class=\"qode-specification-list-item-value\">\n\t\t\t\t\t\t0.3\t\t\t\t\t<\/span>\n\t\t\t\t<\/div>\n\t\t\t\t\t\t\t<div class=\"qode-specification-list-item\">\n\t\t\t\t\t<span class=\"qode-specification-list-item-label\">\n\t\t\t\t\t\tTwinDamp\u2122\t\t\t\t\t<\/span>\n\t\t\t\t\t<span class=\"qode-specification-list-item-value\">\n\t\t\t\t\t\tNie\t\t\t\t\t<\/span>\n\t\t\t\t<\/div>\n\t\t\t\t\t<\/div>\n\t<\/div>\n\t<\/div>[\/vc_column_inner][vc_column_inner width=&#8221;1\/2&#8243;]<div class=\"qode-specification-list\">\n\t\t\t<div class=\"qode-specification-list-image\">\n\t\t\t<img decoding=\"async\" src=\"https:\/\/carbide.audio\/wp-content\/uploads\/2024\/01\/nano-diamond-insert-exploded.jpg\" alt=\"\" \/>\n\t\t<\/div>\n\t\t<div class=\"qode-specification-list-text-holder\">\n\t\t<h3 class=\"qode-specification-list-title\">\n\t\t\tWk\u0142adka nanodiamentowa\t\t<\/h3>\n\t\t<div class=\"qode-specification-list-items\">\n\t\t\t\t\t\t\t<div class=\"qode-specification-list-item\">\n\t\t\t\t\t<span class=\"qode-specification-list-item-label\">\n\t\t\t\t\t\tPod\u0142o\u017ce prowadnicy\t\t\t\t\t<\/span>\n\t\t\t\t\t<span class=\"qode-specification-list-item-value\">\n\t\t\t\t\t\tCeramika\t\t\t\t\t<\/span>\n\t\t\t\t<\/div>\n\t\t\t\t\t\t\t<div class=\"qode-specification-list-item\">\n\t\t\t\t\t<span class=\"qode-specification-list-item-label\">\n\t\t\t\t\t\tTwardo\u015b\u0107 pod\u0142o\u017ca\t\t\t\t\t<\/span>\n\t\t\t\t\t<span class=\"qode-specification-list-item-value\">\n\t\t\t\t\t\tPonad 1300 HV\t\t\t\t\t<\/span>\n\t\t\t\t<\/div>\n\t\t\t\t\t\t\t<div class=\"qode-specification-list-item\">\n\t\t\t\t\t<span class=\"qode-specification-list-item-label\">\n\t\t\t\t\t\tPow\u0142oka Raceway\t\t\t\t\t<\/span>\n\t\t\t\t\t<span class=\"qode-specification-list-item-value\">\n\t\t\t\t\t\tDiament PVD na CrN\t\t\t\t\t<\/span>\n\t\t\t\t<\/div>\n\t\t\t\t\t\t\t<div class=\"qode-specification-list-item\">\n\t\t\t\t\t<span class=\"qode-specification-list-item-label\">\n\t\t\t\t\t\tTwardo\u015b\u0107 pow\u0142oki\t\t\t\t\t<\/span>\n\t\t\t\t\t<span class=\"qode-specification-list-item-value\">\n\t\t\t\t\t\tDo 6500 HV\t\t\t\t\t<\/span>\n\t\t\t\t<\/div>\n\t\t\t\t\t\t\t<div class=\"qode-specification-list-item\">\n\t\t\t\t\t<span class=\"qode-specification-list-item-label\">\n\t\t\t\t\t\tWsp\u00f3\u0142czynnik tarcia\t\t\t\t\t<\/span>\n\t\t\t\t\t<span class=\"qode-specification-list-item-value\">\n\t\t\t\t\t\t0.1\t\t\t\t\t<\/span>\n\t\t\t\t<\/div>\n\t\t\t\t\t\t\t<div class=\"qode-specification-list-item\">\n\t\t\t\t\t<span class=\"qode-specification-list-item-label\">\n\t\t\t\t\t\tTwinDamp\u2122\t\t\t\t\t<\/span>\n\t\t\t\t\t<span class=\"qode-specification-list-item-value\">\n\t\t\t\t\t\tTak\t\t\t\t\t<\/span>\n\t\t\t\t<\/div>\n\t\t\t\t\t<\/div>\n\t<\/div>\n\t<\/div>[\/vc_column_inner][\/vc_row_inner][\/vc_column][vc_column width=&#8221;1\/6&#8243; offset=&#8221;vc_hidden-md vc_hidden-sm vc_hidden-xs&#8221;][\/vc_column][\/vc_row][vc_row css_animation=&#8221;&#8221; row_type=&#8221;row&#8221; use_row_as_full_screen_section=&#8221;no&#8221; type=&#8221;full_width&#8221; angled_section=&#8221;no&#8221; text_align=&#8221;left&#8221; background_image_as_pattern=&#8221;without_pattern&#8221; css=&#8221;.vc_custom_1729641871582{margin-bottom: 100px !important;}&#8221; z_index=&#8221;&#8221; el_class=&#8221;main-row&#8221;][vc_column el_class=&#8221;section-vert-align-left&#8221; offset=&#8221;vc_col-lg-8 vc_col-md-7 vc_col-xs-12&#8243;][vc_column_text css=&#8221;.vc_custom_1709745744324{padding-top: 20px !important;}&#8221; el_class=&#8221;section-text section-text-img-right&#8221;]<\/p>\n<h5>Dodawanie nanop\u0142ytek do Carbide Bases<\/h5>\n<p>Standardow\u0105 gwintowan\u0105 wk\u0142adk\u0119 w \u015brodku stopki Carbide Base i Carbide Base Micro mo\u017cna zast\u0105pi\u0107 wk\u0142adk\u0105 Nano. G\u00f3rna cz\u0119\u015b\u0107 wk\u0142adki Nano wystaje ponad g\u00f3rn\u0105 cz\u0119\u015b\u0107 stopki, aby bezpo\u015brednio styka\u0107 si\u0119 ze spodem sprz\u0119tu. <\/p>\n<p>&nbsp;<\/p>\n<p>Maksymalny ci\u0119\u017car no\u015bny stopki niezale\u017cnie od zainstalowanego ViscoRing\u2122 wyniesie w\u00f3wczas 55 kg (121 funt\u00f3w). Rezygnuje to r\u00f3wnie\u017c z mo\u017cliwo\u015bci przykr\u0119cenia stopek do sprz\u0119tu i przyj\u0119cia ko\u0144c\u00f3wki kolca g\u0142o\u015bnika. W przypadku instalacji Nano Insert\u00f3w nale\u017cy u\u017cy\u0107 co najmniej 3 stopek.  <\/p>\n<p>&nbsp;<\/p>\n<p>Wk\u0142adki Nano mo\u017cna \u0142\u0105czy\u0107 z wk\u0142adkami Sapphire i Diamond Carbide Base w celu dalszej poprawy izolacji.[\/vc_column_text][\/vc_column][vc_column el_class=&#8221;section-img-right&#8221; offset=&#8221;vc_col-lg-4 vc_col-md-5 vc_col-xs-12&#8243;][vc_single_image image=&#8221;28294&#8243; img_size=&#8221;full&#8221; alignment=&#8221;center&#8221; onclick=&#8221;link_image&#8221; qode_css_animation=&#8221;&#8221; el_class=&#8221;exploded-img&#8221;][\/vc_column][\/vc_row][vc_row css_animation=&#8221;&#8221; row_type=&#8221;row&#8221; use_row_as_full_screen_section=&#8221;no&#8221; type=&#8221;full_width&#8221; angled_section=&#8221;no&#8221; text_align=&#8221;left&#8221; background_image_as_pattern=&#8221;without_pattern&#8221;][vc_column el_class=&#8221;upper-angle-polygon&#8221;][vc_raw_html]PHN2ZyB2aWV3Ym94PSIwIDAgMTAwIDYiIGNsYXNzPSJzbW9vdGgtYWxsIiBzdHlsZT0iIj4KICAgICAgICA8cG9seWdvbiBwb2ludHM9IjAsMyA0MCw1IDEwMCwxLjUgMTAwLDYgMCw2IiBzdHlsZT0iZmlsbDogIzQxNDE0MTsiLz4KICAgICAgICA8cG9seWdvbiBwb2ludHM9IjAsMCA0MSw0LjUgMTAwLDAgMTAwLDYgMCw2IiBzdHlsZT0iZmlsbDogIzQxNDE0MThmOyIvPgo8L3N2Zz4=[\/vc_raw_html][\/vc_column][\/vc_row]<\/p>\n<\/div>","protected":false},"excerpt":{"rendered":"<p>[vc_row css_animation=&#8221;&#8221; row_type=&#8221;row&#8221; use_row_as_full_screen_section=&#8221;no&#8221; type=&#8221;full_width&#8221; angled_section=&#8221;no&#8221; text_align=&#8221;left&#8221; background_image_as_pattern=&#8221;without_pattern&#8221;][vc_column el_class=&#8221;lower-angle-polygon&#8221;][vc_raw_html css=&#8221;&#8221;]PHN2ZyB2aWV3Ym94PSIwIDAgMTAwIDYiIGNsYXNzPSJzbW9vdGgtYWxsIiBzdHlsZT0iIj4KICAgICAgICAgICAgPHBvbHlnb24gcG9pbnRzPSIwLDUgMCwwIDEwMCwwIDEwMCw0IDY5LDEuNSIgc3R5bGU9ImZpbGw6ICM0MTQxNDE4ZjsiLz4KICAgICAgICAgICAgPHBvbHlnb24gcG9pbnRzPSIwLDMgMCwwIDEwMCwwIDEwMCwyIDcwLDEiIHN0eWxlPSJmaWxsOiAjNDE0MTQxOyIvPiAgCjwvc3ZnPg==[\/vc_raw_html][\/vc_column][\/vc_row][vc_row css_animation=&#8221;&#8221; row_type=&#8221;row&#8221; use_row_as_full_screen_section=&#8221;no&#8221; type=&#8221;full_width&#8221; angled_section=&#8221;no&#8221; text_align=&#8221;left&#8221; background_image_as_pattern=&#8221;without_pattern&#8221; el_class=&#8221;main-row&#8221; z_index=&#8221;&#8221; css=&#8221;.vc_custom_1746748754429{padding-top: 100px !important;}&#8221;][vc_column width=&#8221;1\/6&#8243; offset=&#8221;vc_hidden-md vc_hidden-sm vc_hidden-xs&#8221;][\/vc_column][vc_column offset=&#8221;vc_col-lg-8 vc_col-md-12 vc_col-xs-12&#8243; el_class=&#8221;product-center-col product-images&#8221;][vc_column_text css=&#8221;&#8221; el_class=&#8221;section-text&#8221;] Wk\u0142adki Carbide Base Wk\u0142adka Carbide Base mo\u017ce zast\u0105pi\u0107 g\u00f3rn\u0105 \u015brodkow\u0105 cz\u0119\u015b\u0107 stopki&#8230;<\/p>\n","protected":false},"author":1,"featured_media":0,"parent":10014,"menu_order":0,"comment_status":"closed","ping_status":"closed","template":"","meta":{"editor_plus_copied_stylings":"{}","_monsterinsights_skip_tracking":false,"_monsterinsights_sitenote_active":false,"_monsterinsights_sitenote_note":"","_monsterinsights_sitenote_category":0,"footnotes":""},"class_list":["post-28862","page","type-page","status-publish","hentry"],"aioseo_notices":[],"_links":{"self":[{"href":"https:\/\/carbide.audio\/pl\/wp-json\/wp\/v2\/pages\/28862","targetHints":{"allow":["GET"]}}],"collection":[{"href":"https:\/\/carbide.audio\/pl\/wp-json\/wp\/v2\/pages"}],"about":[{"href":"https:\/\/carbide.audio\/pl\/wp-json\/wp\/v2\/types\/page"}],"author":[{"embeddable":true,"href":"https:\/\/carbide.audio\/pl\/wp-json\/wp\/v2\/users\/1"}],"replies":[{"embeddable":true,"href":"https:\/\/carbide.audio\/pl\/wp-json\/wp\/v2\/comments?post=28862"}],"version-history":[{"count":0,"href":"https:\/\/carbide.audio\/pl\/wp-json\/wp\/v2\/pages\/28862\/revisions"}],"up":[{"embeddable":true,"href":"https:\/\/carbide.audio\/pl\/wp-json\/wp\/v2\/pages\/10014"}],"wp:attachment":[{"href":"https:\/\/carbide.audio\/pl\/wp-json\/wp\/v2\/media?parent=28862"}],"curies":[{"name":"wp","href":"https:\/\/api.w.org\/{rel}","templated":true}]}}