{"id":24406,"date":"2023-10-19T20:39:04","date_gmt":"2023-10-20T01:39:04","guid":{"rendered":"https:\/\/carbide.audio\/pomiary\/twindamp-poprawa-zdolnosci-tlumienia-manganu-i-miedzi\/"},"modified":"2025-12-10T10:22:22","modified_gmt":"2025-12-10T16:22:22","slug":"twindamp-poprawa-zdolnosci-tlumienia-manganu-i-miedzi","status":"publish","type":"page","link":"https:\/\/carbide.audio\/pl\/pomiary\/twindamp-poprawa-zdolnosci-tlumienia-manganu-i-miedzi\/","title":{"rendered":"TwinDamp\u2122: Poprawa zdolno\u015bci t\u0142umienia manganu i miedzi"},"content":{"rendered":"<div class=\"wpb-content-wrapper\"><p>[vc_row css_animation=&#8221;&#8221; row_type=&#8221;row&#8221; use_row_as_full_screen_section=&#8221;no&#8221; type=&#8221;full_width&#8221; angled_section=&#8221;no&#8221; text_align=&#8221;left&#8221; background_image_as_pattern=&#8221;without_pattern&#8221;][vc_column el_class=&#8221;lower-angle-polygon&#8221;][vc_raw_html css=&#8221;&#8221;]PHN2ZyB2aWV3Ym94PSIwIDAgMTAwIDYiIGNsYXNzPSJzbW9vdGgtYWxsIiBzdHlsZT0iIj4KICAgICAgICAgICAgPHBvbHlnb24gcG9pbnRzPSIwLDUgMCwwIDEwMCwwIDEwMCw0IDY5LDEuNSIgc3R5bGU9ImZpbGw6ICM0MTQxNDE4ZjsiLz4KICAgICAgICAgICAgPHBvbHlnb24gcG9pbnRzPSIwLDMgMCwwIDEwMCwwIDEwMCwyIDcwLDEiIHN0eWxlPSJmaWxsOiAjNDE0MTQxOyIvPiAgCjwvc3ZnPg==[\/vc_raw_html][\/vc_column][\/vc_row][vc_row css_animation=&#8221;&#8221; row_type=&#8221;row&#8221; use_row_as_full_screen_section=&#8221;no&#8221; type=&#8221;full_width&#8221; angled_section=&#8221;no&#8221; text_align=&#8221;left&#8221; background_image_as_pattern=&#8221;without_pattern&#8221; el_class=&#8221;main-row&#8221; z_index=&#8221;&#8221; css=&#8221;.vc_custom_1746750141400{padding-top: 120px !important;}&#8221;][vc_column width=&#8221;1\/6&#8243;][\/vc_column][vc_column width=&#8221;2\/3&#8243; el_class=&#8221;center-column&#8221;][vc_column_text css=&#8221;&#8221; el_class=&#8221;section-row&#8221;]<\/p>\n<h1>TwinDamp\u2122: Poprawa zdolno\u015bci t\u0142umienia manganu i miedzi<\/h1>\n<p>&nbsp;<\/p>\n<p>Podczas projektowania <a href=\"https:\/\/carbide.audio\/product\/carbide-base-diamond-upgrade\/\">wk\u0142adki diamentowej<\/a> do naszej stopki Carbide Base starali\u015bmy si\u0119 wykorzysta\u0107 stop metalu o wysokim wsp\u00f3\u0142czynniku t\u0142umienia, aby poprawi\u0107 wydajno\u015b\u0107 izolacji. Dzi\u0119ki badaniom i testom opracowali\u015bmy TwinDamp\u2122 &#8211; poddany obr\u00f3bce termicznej dwukrystaliczny stop manganowo-miedziowy o wyj\u0105tkowych w\u0142a\u015bciwo\u015bciach t\u0142umi\u0105cych w zakresie od 0,01 Hz do 10 MHz.<\/p>\n<p>&nbsp;<\/p>\n<p>Gdy stopy manganu i miedzi s\u0105 poddawane wibracjom, napr\u0119\u017cenie spowodowane ruchem bli\u017aniak\u00f3w martenzytu lub wzajemnym ruchem mi\u0119dzy granicami bli\u017aniak\u00f3w i granicami faz martenzytycznych rozlu\u017ania napr\u0119\u017cenie i rozprasza energi\u0119 wibracji<a class=\"cite-style\" href=\"#cite-4-1\">[1]<\/a>. Innymi s\u0142owy, niewielkie ruchy mi\u0119dzy granicami materia\u0142u pozwalaj\u0105 mu skutecznie rozprasza\u0107 wibracje poprzez przekszta\u0142canie ich w ciep\u0142o.<\/p>\n<p>&nbsp;<\/p>\n<p>Stopy manganu i miedzi s\u0105 jednymi z najlepiej t\u0142umi\u0105cych stop\u00f3w metali, a ich zdolno\u015b\u0107 t\u0142umienia jest ponad 10 razy wi\u0119ksza ni\u017c miedzi<a class=\"cite-style\" href=\"#cite-4-2\">[2]<\/a>. Chocia\u017c zdolno\u015b\u0107 t\u0142umienia stop\u00f3w manganu i miedzi jest mniejsza ni\u017c elastomer\u00f3w stosowanych w naszych <a href=\"https:\/\/carbide.audio\/pl\/produkt\/lepkosc\/\">ViscoRing\u2122<\/a>, maj\u0105 one t\u0119 wyra\u017an\u0105 zalet\u0119, \u017ce jako sztywny metal lepiej zachowuj\u0105 sw\u00f3j kszta\u0142t pod obci\u0105\u017ceniem.[\/vc_column_text][vc_row_inner row_type=&#8221;row&#8221; type=&#8221;full_width&#8221; text_align=&#8221;left&#8221; css_animation=&#8221;&#8221;][vc_column_inner width=&#8221;1\/6&#8243; offset=&#8221;vc_col-lg-2 vc_col-md-2 vc_hidden-sm vc_hidden-xs&#8221;][\/vc_column_inner][vc_column_inner offset=&#8221;vc_col-lg-8 vc_col-md-8 vc_col-xs-12&#8243;][vc_single_image image=&#8221;44531&#8243; img_size=&#8221;full&#8221; alignment=&#8221;center&#8221; css=&#8221;&#8221; qode_css_animation=&#8221;&#8221;][vc_column_text css=&#8221;&#8221; el_class=&#8221;section-row-spaced&#8221;]<\/p>\n<h3 style=\"text-align: center;\">Zdolno\u015b\u0107 t\u0142umienia<\/h3>\n<p style=\"text-align: center;\">Specyficzna zdolno\u015b\u0107 t\u0142umienia wybranych metali i stop\u00f3w <a class=\"cite-style\" href=\"#cite-4-2\">[2]<\/a><\/p>\n<p>[\/vc_column_text][\/vc_column_inner][vc_column_inner width=&#8221;1\/6&#8243; offset=&#8221;vc_col-lg-2 vc_col-md-2 vc_hidden-sm vc_hidden-xs&#8221;][\/vc_column_inner][\/vc_row_inner][vc_row_inner row_type=&#8221;row&#8221; type=&#8221;full_width&#8221; text_align=&#8221;left&#8221; css_animation=&#8221;&#8221; el_class=&#8221;section-row&#8221;][vc_column_inner offset=&#8221;vc_col-lg-12 vc_col-md-12 vc_col-xs-12&#8243;][vc_column_text css=&#8221;&#8221;]<\/p>\n<h3>W\u0142\u0105czenie TwinDamp\u2122 do wk\u0142adki diamentowej<\/h3>\n<p>Sztywno\u015b\u0107 TwinDamp\u2122 pozwoli\u0142a nam zastosowa\u0107 go w obszarach wk\u0142adki Diamond Insert, w kt\u00f3rych elastomer nie by\u0142by wystarczaj\u0105co sztywny.<\/p>\n<p>&nbsp;<\/p>\n<p>Trzy podk\u0142adki wykonane z materia\u0142u TwinDamp\u2122 zosta\u0142y umieszczone nad pokrytymi diamentem ceramicznymi pier\u015bcieniami \u0142o\u017cyskowymi zastosowanymi wewn\u0105trz izolatora. Podk\u0142adki zosta\u0142y rozmieszczone w taki spos\u00f3b, aby by\u0142y po\u0142\u0105czone szeregowo ze \u015bcie\u017ck\u0105 przenoszenia drga\u0144 przez urz\u0105dzenie. Innymi s\u0142owy, wibracje musz\u0105 przechodzi\u0107 przez podk\u0142adki, aby przedosta\u0107 si\u0119 z jednej strony stopki na drug\u0105. Taka konfiguracja dodatkowo poprawia og\u00f3ln\u0105 wydajno\u015b\u0107 t\u0142umienia stopki.   <\/p>\n<p>&nbsp;<\/p>\n<p>Opcjonalnie dost\u0119pne s\u0105 <a href=\"https:\/\/carbide.audio\/pl\/produkt\/kolce\/\">kolce TwinDamp\u2122<\/a>, kt\u00f3re poprawiaj\u0105 t\u0142umienie drga\u0144 wchodz\u0105cych i wychodz\u0105cych z dolnej cz\u0119\u015bci stopki, gdy trzy kolce s\u0105 skierowane w d\u00f3\u0142. Pojedynczy kolec mo\u017ce by\u0107 r\u00f3wnie\u017c u\u017cyty do zapewnienia wysoce t\u0142umionego interfejsu do spodu sprz\u0119tu, gdy jest skierowany w g\u00f3r\u0119 od g\u00f3rnej \u015brodkowej cz\u0119\u015bci stopki.[\/vc_column_text][\/vc_column_inner][\/vc_row_inner][vc_column_text el_class=&#8221;section-row&#8221;]<\/p>\n<h2>Poprawa w\u0142a\u015bciwo\u015bci manganu i miedzi dzi\u0119ki obr\u00f3bce termicznej<\/h2>\n<p>Wiadomo, \u017ce stopy manganu i miedzi s\u0105 wra\u017cliwe na obr\u00f3bk\u0119 termiczn\u0105. D\u0142ugotrwa\u0142a ekspozycja na wysokie temperatury, znana r\u00f3wnie\u017c jako starzenie si\u0119 metalu, mo\u017ce pocz\u0105tkowo poprawi\u0107 w\u0142a\u015bciwo\u015bci t\u0142umi\u0105ce i wytrzyma\u0142o\u015bciowe tych stop\u00f3w. Jest to spowodowane wzmocnieniem obszar\u00f3w bogatych w mangan w materiale. Nadmierne starzenie mo\u017ce jednak zacz\u0105\u0107 pogarsza\u0107 zdolno\u015b\u0107 t\u0142umienia, dlatego dla uzyskania optymalnych rezultat\u00f3w konieczna jest zr\u00f3wnowa\u017cona temperatura i czas trwania obr\u00f3bki<a class=\"cite-style\" href=\"#cite-4-3\">[3]<\/a>.   <\/p>\n<p>&nbsp;<\/p>\n<p>Stopniowa ekspozycja na temperatury kriogeniczne mo\u017ce r\u00f3wnie\u017c wzmocni\u0107 struktur\u0119 krystaliczn\u0105 metali. Ten kriogeniczny proces odpuszczania mo\u017ce nada\u0107 stopom manganowo-miedzianym po\u017c\u0105dane ulepszenia d\u017awi\u0119kowe. <\/p>\n<p>&nbsp;<\/p>\n<p>Dzi\u0119ki eksperymentom opracowali\u015bmy skuteczny proces obr\u00f3bki temperaturowej stosowanego przez nas stopu manganu i miedzi. Nasz odr\u0119bny proces obejmuje wiele etap\u00f3w zar\u00f3wno gor\u0105cych, jak i zimnych zabieg\u00f3w. Obr\u00f3bka jest wykonywana w ci\u0105gu dw\u00f3ch dni w celu poprawy t\u0142umienia i wydajno\u015bci d\u017awi\u0119kowej tego stopu.[\/vc_column_text][vc_row_inner row_type=&#8221;row&#8221; type=&#8221;full_width&#8221; text_align=&#8221;left&#8221; css_animation=&#8221;&#8221; el_class=&#8221;section-row&#8221;][vc_column_inner width=&#8221;1\/2&#8243;][vc_single_image image=&#8221;24226&#8243; img_size=&#8221;full&#8221; alignment=&#8221;center&#8221; onclick=&#8221;link_image&#8221; qode_css_animation=&#8221;&#8221; el_class=&#8221;img-borders&#8221;][vc_column_text]<\/p>\n<h5 style=\"text-align: center;\">1100\u00b0 C Piec<\/h5>\n<p>[\/vc_column_text][\/vc_column_inner][vc_column_inner width=&#8221;1\/2&#8243;][vc_single_image image=&#8221;24237&#8243; img_size=&#8221;full&#8221; alignment=&#8221;center&#8221; onclick=&#8221;link_image&#8221; qode_css_animation=&#8221;&#8221; el_class=&#8221;img-borders&#8221;][vc_column_text]<\/p>\n<h5 style=\"text-align: center;\">Zamra\u017carka kriogeniczna<\/h5>\n<p>[\/vc_column_text][\/vc_column_inner][\/vc_row_inner][vc_row_inner row_type=&#8221;row&#8221; type=&#8221;full_width&#8221; text_align=&#8221;left&#8221; css_animation=&#8221;&#8221; el_class=&#8221;section-row&#8221;][vc_column_inner offset=&#8221;vc_col-lg-3 vc_col-md-4 vc_col-xs-12&#8243;][vc_single_image image=&#8221;24248&#8243; img_size=&#8221;full&#8221; alignment=&#8221;center&#8221; onclick=&#8221;link_image&#8221; qode_css_animation=&#8221;&#8221; el_class=&#8221;img-borders&#8221;][vc_column_text]<\/p>\n<h5 style=\"text-align: center;\">Pomiar t\u0142umienia drga\u0144<\/h5>\n<p>[\/vc_column_text][\/vc_column_inner][vc_column_inner offset=&#8221;vc_col-lg-9 vc_col-md-8 vc_col-xs-12&#8243;][vc_column_text el_class=&#8221;section-row&#8221;]<\/p>\n<h2>Por\u00f3wnanie TwinDamp\u2122, miedzi manganowej i stali nierdzewnej<\/h2>\n<p>W celu ilo\u015bciowego okre\u015blenia skuteczno\u015bci t\u0142umienia drga\u0144 przez TwinDamp\u2122 przeprowadzili\u015bmy eksperyment. Trzy zestawy po trzy kolce wykonane ze <strong>stali nierdzewnej<\/strong>, <strong>manganowo-miedzianej<\/strong> i <strong>TwinDamp\u2122<\/strong> zosta\u0142y oddzielnie wkr\u0119cone bezpo\u015brednio w stalow\u0105 p\u0142yt\u0119. Na p\u0142ycie umieszczono obci\u0105\u017cnik o wadze 3,6 kg (8 funt\u00f3w), aby zasymulowa\u0107 wag\u0119 sprz\u0119tu. P\u0142ytka zosta\u0142a nast\u0119pnie umieszczona z trzema kolcami skierowanymi w d\u00f3\u0142 na g\u00f3rze uszczelnionego 18-calowego subwoofera. Do p\u0142ytki przymocowano czujniki akcelerometru. Sygna\u0142 sinusoidalny o cz\u0119stotliwo\u015bci od 15 Hz do 200 Hz by\u0142 nast\u0119pnie odtwarzany przez subwoofer w celu pomiaru t\u0142umienia zapewnianego przez ka\u017cdy zestaw skok\u00f3w.     <\/p>\n<p>&nbsp;<\/p>\n<p>Pomiary stali nierdzewnej pokazano na <span style=\"color: #ef6063;\">czerwono<\/span>, manganu i miedzi na <span style=\"color: #57c7a7;\">zielono<\/span>, a TwinDamp\u2122 na <span style=\"color: #557fd1;\">niebiesko<\/span>.[\/vc_column_text][\/vc_column_inner][\/vc_row_inner][vc_single_image image=&#8221;24260&#8243; img_size=&#8221;full&#8221; alignment=&#8221;center&#8221; onclick=&#8221;link_image&#8221; qode_css_animation=&#8221;&#8221;][vc_column_text el_class=&#8221;test-device-label&#8221;]<\/p>\n<h5 style=\"text-align: center;\">Amplituda drga\u0144 dla wszystkich skok\u00f3w<\/h5>\n<p>[\/vc_column_text][vc_single_image image=&#8221;24271&#8243; img_size=&#8221;full&#8221; alignment=&#8221;center&#8221; onclick=&#8221;link_image&#8221; qode_css_animation=&#8221;&#8221;][vc_column_text el_class=&#8221;test-device-label&#8221;]<\/p>\n<h5 style=\"text-align: center;\">Wodospad ze stali nierdzewnej<\/h5>\n<p>[\/vc_column_text][vc_single_image image=&#8221;24282&#8243; img_size=&#8221;full&#8221; alignment=&#8221;center&#8221; onclick=&#8221;link_image&#8221; qode_css_animation=&#8221;&#8221;][vc_column_text el_class=&#8221;test-device-label&#8221;]<\/p>\n<h5 style=\"text-align: center;\">Wodospad manganowo-miedziany<\/h5>\n<p>[\/vc_column_text][vc_single_image image=&#8221;24293&#8243; img_size=&#8221;full&#8221; alignment=&#8221;center&#8221; onclick=&#8221;link_image&#8221; qode_css_animation=&#8221;&#8221;][vc_column_text el_class=&#8221;test-device-label&#8221;]<\/p>\n<h5 style=\"text-align: center;\">Wodospad TwinDamp\u2122<\/h5>\n<p>[\/vc_column_text][vc_column_text el_class=&#8221;section-row&#8221;]<\/p>\n<h3>Wnioski<\/h3>\n<p>Kolce manganowo-miedziane zapewni\u0142y subteln\u0105, ale mierzaln\u0105 popraw\u0119 t\u0142umienia drga\u0144 w por\u00f3wnaniu do kolc\u00f3w ze stali nierdzewnej. Kolce TwinDamp\u2122 zapewni\u0142y jeszcze lepsze t\u0142umienie ni\u017c manganowo-miedziane, potwierdzaj\u0105c skuteczno\u015b\u0107 naszego procesu obr\u00f3bki termicznej. Poprawa by\u0142a najbardziej znacz\u0105ca w okolicach rezonansu obudowy subwoofera przy 80 Hz. Zar\u00f3wno manganowo-miedziany, jak i TwinDamp\u2122 wykaza\u0142y r\u00f3wnie\u017c zwi\u0119kszon\u0105 zdolno\u015b\u0107 t\u0142umienia, o czym \u015bwiadczy wyg\u0142adzenie \u015blad\u00f3w amplitudy drga\u0144 i szybszy zanik drga\u0144 na wykresach wodospadowych.[\/vc_column_text][vc_column_text css=&#8221;&#8221;]<\/p>\n<h3>Referencje<\/h3>\n<p><cite id=\"cite-4-1\">[1] Lu F-S, Wu B, Zhang J-F, Li P i Zhao D-L 2016 Mikrostruktura i w\u0142a\u015bciwo\u015bci t\u0142umi\u0105ce stopu MnCuNiFeCe <i>Rare Met.<\/i> 35 615-9<\/cite><\/p>\n<p>&nbsp;<\/p>\n<p><cite id=\"cite-4-2\">[2] Zhang, J., Perez, R. J., and Lavernia, E. J., &#8222;Documentation of damping capacity of metallic, ceramic and metal-matrix composite materials&#8221;, Journal of Materials Science, Vol. 28, nr 9, s. 2395-2404, 1993. doi:10.1007\/BF01151671  <\/cite><\/p>\n<p>&nbsp;<\/p>\n<p><cite id=\"cite-4-3\">[3] Ke, T. S., Wang, L. T., &amp; Yi, H. C. (1987). <a href=\"https:\/\/hal.science\/file\/index\/docid\/227192\/filename\/ajp-jphyscol198748C888.pdf\">Tarcie wewn\u0119trzne w stopach mangan-mied\u017a i mangan-mied\u017a-aluminium<\/a>. Le Journal de Physique Colloques, 48(C8), C8-559.<\/cite>[\/vc_column_text][\/vc_column][vc_column width=&#8221;1\/6&#8243;][\/vc_column][\/vc_row][vc_row css_animation=&#8221;&#8221; row_type=&#8221;row&#8221; use_row_as_full_screen_section=&#8221;no&#8221; type=&#8221;full_width&#8221; angled_section=&#8221;no&#8221; text_align=&#8221;left&#8221; background_image_as_pattern=&#8221;without_pattern&#8221;][vc_column el_class=&#8221;lower-angle-polygon&#8221;][vc_raw_html]PHN2ZyB2aWV3Ym94PSIwIDAgMTAwIDYiIGNsYXNzPSJzbW9vdGgtYWxsIiBzdHlsZT0iIj4KICAgICAgICA8cG9seWdvbiBwb2ludHM9IjAsMyAwLDAgMTAwLDAgMTAwLDIgNzAsMSIgc3R5bGU9ImZpbGw6ICNmZmZmZmY7Ii8+CiAgICAgICAgPHBvbHlnb24gcG9pbnRzPSIwLDUgMCwwIDEwMCwwIDEwMCw0IDY5LDEuNSIgc3R5bGU9ImZpbGw6ICNmZmZmZmY4ZjsiLz4KPC9zdmc+[\/vc_raw_html][\/vc_column][\/vc_row]<\/p>\n<\/div>","protected":false},"excerpt":{"rendered":"<p>[vc_row css_animation=&#8221;&#8221; row_type=&#8221;row&#8221; use_row_as_full_screen_section=&#8221;no&#8221; type=&#8221;full_width&#8221; angled_section=&#8221;no&#8221; text_align=&#8221;left&#8221; background_image_as_pattern=&#8221;without_pattern&#8221;][vc_column el_class=&#8221;lower-angle-polygon&#8221;][vc_raw_html css=&#8221;&#8221;]PHN2ZyB2aWV3Ym94PSIwIDAgMTAwIDYiIGNsYXNzPSJzbW9vdGgtYWxsIiBzdHlsZT0iIj4KICAgICAgICAgICAgPHBvbHlnb24gcG9pbnRzPSIwLDUgMCwwIDEwMCwwIDEwMCw0IDY5LDEuNSIgc3R5bGU9ImZpbGw6ICM0MTQxNDE4ZjsiLz4KICAgICAgICAgICAgPHBvbHlnb24gcG9pbnRzPSIwLDMgMCwwIDEwMCwwIDEwMCwyIDcwLDEiIHN0eWxlPSJmaWxsOiAjNDE0MTQxOyIvPiAgCjwvc3ZnPg==[\/vc_raw_html][\/vc_column][\/vc_row][vc_row css_animation=&#8221;&#8221; row_type=&#8221;row&#8221; use_row_as_full_screen_section=&#8221;no&#8221; type=&#8221;full_width&#8221; angled_section=&#8221;no&#8221; text_align=&#8221;left&#8221; background_image_as_pattern=&#8221;without_pattern&#8221; el_class=&#8221;main-row&#8221; z_index=&#8221;&#8221; css=&#8221;.vc_custom_1746750141400{padding-top: 120px !important;}&#8221;][vc_column width=&#8221;1\/6&#8243;][\/vc_column][vc_column width=&#8221;2\/3&#8243; el_class=&#8221;center-column&#8221;][vc_column_text css=&#8221;&#8221; el_class=&#8221;section-row&#8221;] TwinDamp\u2122: Poprawa zdolno\u015bci t\u0142umienia manganu i miedzi &nbsp; Podczas projektowania wk\u0142adki diamentowej do naszej stopki Carbide Base starali\u015bmy&#8230;<\/p>\n","protected":false},"author":1,"featured_media":0,"parent":6882,"menu_order":0,"comment_status":"closed","ping_status":"closed","template":"full_width.php","meta":{"editor_plus_copied_stylings":"{}","_monsterinsights_skip_tracking":false,"_monsterinsights_sitenote_active":false,"_monsterinsights_sitenote_note":"","_monsterinsights_sitenote_category":0,"footnotes":""},"class_list":["post-24406","page","type-page","status-publish","hentry"],"aioseo_notices":[],"_links":{"self":[{"href":"https:\/\/carbide.audio\/pl\/wp-json\/wp\/v2\/pages\/24406","targetHints":{"allow":["GET"]}}],"collection":[{"href":"https:\/\/carbide.audio\/pl\/wp-json\/wp\/v2\/pages"}],"about":[{"href":"https:\/\/carbide.audio\/pl\/wp-json\/wp\/v2\/types\/page"}],"author":[{"embeddable":true,"href":"https:\/\/carbide.audio\/pl\/wp-json\/wp\/v2\/users\/1"}],"replies":[{"embeddable":true,"href":"https:\/\/carbide.audio\/pl\/wp-json\/wp\/v2\/comments?post=24406"}],"version-history":[{"count":4,"href":"https:\/\/carbide.audio\/pl\/wp-json\/wp\/v2\/pages\/24406\/revisions"}],"predecessor-version":[{"id":47913,"href":"https:\/\/carbide.audio\/pl\/wp-json\/wp\/v2\/pages\/24406\/revisions\/47913"}],"up":[{"embeddable":true,"href":"https:\/\/carbide.audio\/pl\/wp-json\/wp\/v2\/pages\/6882"}],"wp:attachment":[{"href":"https:\/\/carbide.audio\/pl\/wp-json\/wp\/v2\/media?parent=24406"}],"curies":[{"name":"wp","href":"https:\/\/api.w.org\/{rel}","templated":true}]}}