{"id":20475,"date":"2023-04-15T17:03:38","date_gmt":"2023-04-15T22:03:38","guid":{"rendered":"https:\/\/carbide.audio\/instrukcje-dotyczace-podstawy-weglikowej\/modernizacja-do-carbide-base-diamond\/"},"modified":"2025-05-09T11:33:15","modified_gmt":"2025-05-09T16:33:15","slug":"modernizacja-do-carbide-base-diamond","status":"publish","type":"page","link":"https:\/\/carbide.audio\/pl\/instrukcje-dotyczace-podstawy-weglikowej\/modernizacja-do-carbide-base-diamond\/","title":{"rendered":"Modernizacja wk\u0142adki Carbide Base"},"content":{"rendered":"<div class=\"wpb-content-wrapper\"><p>[vc_row css_animation=&#8221;&#8221; row_type=&#8221;row&#8221; use_row_as_full_screen_section=&#8221;no&#8221; type=&#8221;full_width&#8221; angled_section=&#8221;no&#8221; text_align=&#8221;left&#8221; background_image_as_pattern=&#8221;without_pattern&#8221;][vc_column el_class=&#8221;lower-angle-polygon&#8221;][vc_raw_html css=&#8221;&#8221;]PHN2ZyB2aWV3Ym94PSIwIDAgMTAwIDYiIGNsYXNzPSJzbW9vdGgtYWxsIiBzdHlsZT0iIj4KICAgICAgICAgICAgPHBvbHlnb24gcG9pbnRzPSIwLDUgMCwwIDEwMCwwIDEwMCw0IDY5LDEuNSIgc3R5bGU9ImZpbGw6ICM0MTQxNDE4ZjsiLz4KICAgICAgICAgICAgPHBvbHlnb24gcG9pbnRzPSIwLDMgMCwwIDEwMCwwIDEwMCwyIDcwLDEiIHN0eWxlPSJmaWxsOiAjNDE0MTQxOyIvPiAgCjwvc3ZnPg==[\/vc_raw_html][\/vc_column][\/vc_row][vc_row css_animation=&#8221;&#8221; row_type=&#8221;row&#8221; use_row_as_full_screen_section=&#8221;no&#8221; type=&#8221;full_width&#8221; angled_section=&#8221;no&#8221; text_align=&#8221;left&#8221; background_image_as_pattern=&#8221;without_pattern&#8221; el_id=&#8221;aktualizacja-diament&#8221; z_index=&#8221;&#8221; el_class=&#8221;instruction-section&#8221; css=&#8221;.vc_custom_1746748847845{padding-top: 100px !important;}&#8221;][vc_column width=&#8221;1\/6&#8243; offset=&#8221;vc_hidden-md vc_hidden-sm vc_hidden-xs&#8221;][\/vc_column][vc_column offset=&#8221;vc_col-lg-8 vc_col-md-12 vc_col-xs-12&#8243;][vc_column_text el_class=&#8221;section-text&#8221;]<\/p>\n<h1>Modernizacja wk\u0142adki Carbide Base<\/h1>\n<p>Instrukcje dotycz\u0105ce modernizacji stopek Carbide Base do wersji Sapphire lub Diamond poprzez wymian\u0119 g\u00f3rnej wk\u0142adki na stopce. <a href=\"https:\/\/carbide.audio\/pl\/produkt\/carbide-base-diamond-upgrade\/\">Wk\u0142adki Sapphire i<\/a> Diamond s\u0105 dost\u0119pne oddzielnie dla ka\u017cdej stopki <a href=\"https:\/\/carbide.audio\/pl\/przedstawiamy-evo-wersje-carbide-base\/\">Carbide Base Evo<\/a>.[\/vc_column_text][vc_row_inner row_type=&#8221;row&#8221; type=&#8221;full_width&#8221; text_align=&#8221;left&#8221; css_animation=&#8221;&#8221;][vc_column_inner width=&#8221;1\/2&#8243;][vc_single_image image=&#8221;18104&#8243; img_size=&#8221;full&#8221; alignment=&#8221;center&#8221; qode_css_animation=&#8221;&#8221;][\/vc_column_inner][vc_column_inner el_class=&#8221;instruction-steps&#8221; width=&#8221;1\/2&#8243;][vc_raw_html]PHA+PHNwYW4gY2xhc3M9Imluc3RydWN0aW9uLW51bWJlciI+MTwvc3Bhbj4gV8WCb8W8ecSHIGRvc3RhcmN6b255IMWbcnVib2tyxJl0IGRvIGthxbxkZWdvIHogMyBnw7NybnljaCBvdHdvcsOzdyBpIG9ka3LEmWNpxIcgem5hamR1asSFY2Ugc2nEmSB3IG5pY2ggxZtydWJ5LiA8ZW0+VXdhZ2E6PC9lbT4gUG8gY2HFgmtvd2l0eW0gb2RrcsSZY2VuaXUgxZtydWJ5IHBvem9zdGFuxIUgcG9kIGJsYXRlbSB6ZSBzdGFsaSBuaWVyZHpld25lai48L3A+[\/vc_raw_html][\/vc_column_inner][\/vc_row_inner][vc_row_inner row_type=&#8221;row&#8221; type=&#8221;full_width&#8221; text_align=&#8221;left&#8221; css_animation=&#8221;&#8221;][vc_column_inner width=&#8221;1\/2&#8243;][vc_single_image image=&#8221;18366&#8243; img_size=&#8221;full&#8221; alignment=&#8221;center&#8221; qode_css_animation=&#8221;&#8221;][\/vc_column_inner][vc_column_inner el_class=&#8221;instruction-steps&#8221; width=&#8221;1\/2&#8243;][vc_raw_html]PHA+CjxzcGFuIGNsYXNzPSJpbnN0cnVjdGlvbi1udW1iZXIiPjI8L3NwYW4+IFBvZHdhxbx5xIcgZ8Ozcm7EhSBpIGRvbG7EhSBjesSZxZvEhywgYWJ5IHV6eXNrYcSHIGRvc3TEmXAgZG8gc3BvZHUgZ8Ozcm5laiBvYnVkb3d5LiBQcm9zesSZIHV6YnJvacSHIHNpxJkgdyBjaWVycGxpd2\/Fm8SHLCBwb25pZXdhxbwgVmlzY29SaW5n4oSiIG1vxbxlIHN0YcSHIHNpxJkgbGVwa2kgaSB3b2xubyBzacSZIHJvemR6aWVsYcSHLiBEb2xuYSBjesSZxZvEhyBtb8W8ZSBiecSHIGN6xJnFm2Npb3dvIG5pZWd3aW50b3dhbmEgdyBjZWx1IHp3acSZa3N6ZW5pYSBzacWCeSBwcnplYmljaWEuICAKPC9wPgoKPHA+CiAKPC9wPgoKPHA+CjxzcGFuIGNsYXNzPSJpbnN0cnVjdGlvbi1udW1iZXIiPjM8L3NwYW4+IFByb3N6xJkgdcW8ecSHIGRvxYLEhWN6b25lZ28gxZtydWJva3LEmXRhLCBhYnkgb2RrcsSZY2nEhyAzIMWbcnVieSBtb2N1asSFY2Ugc3RhbmRhcmRvd8SFIHdrxYJhZGvEmSBkbyBnw7NybmVqIG9idWRvd3kuCjwvcD4=[\/vc_raw_html][\/vc_column_inner][\/vc_row_inner][vc_row_inner row_type=&#8221;row&#8221; type=&#8221;full_width&#8221; text_align=&#8221;left&#8221; css_animation=&#8221;&#8221;][vc_column_inner width=&#8221;1\/2&#8243;][vc_single_image image=&#8221;19633&#8243; img_size=&#8221;full&#8221; alignment=&#8221;center&#8221; qode_css_animation=&#8221;&#8221;][\/vc_column_inner][vc_column_inner el_class=&#8221;instruction-steps&#8221; width=&#8221;1\/2&#8243;][vc_raw_html]PHA+CjxzcGFuIGNsYXNzPSJpbnN0cnVjdGlvbi1udW1iZXIiPjQ8L3NwYW4+IFByb3N6xJkgd3lqxIXEhyBzdGFuZGFyZG93xIUgd2vFgmFka8SZLCB3eXB5Y2hhasSFYyBqxIUgeiBkb2xuZWogxZtyb2Rrb3dlaiBjesSZxZtjaSBvYnVkb3d5Lgo8L3A+Cgo8cD4KIAo8L3A+Cgo8cD4KPHNwYW4gY2xhc3M9Imluc3RydWN0aW9uLW51bWJlciI+NTwvc3Bhbj4gV8WCb8W8ecSHIGkgZG9jaXNuxIXEhyBub3fEhSB3a8WCYWRrxJksIGFieSBjYcWCa293aWNpZSBvc2FkemnEhyBqxIUgdyBvdHdvcnplIHcgZ8Ozcm5laiBjesSZxZtjaSBvYnVkb3d5Lgo8L3A+Cgo8cD4KIAo8L3A+Cgo8cD4KPHNwYW4gY2xhc3M9Imluc3RydWN0aW9uLW51bWJlciI+Njwvc3Bhbj4gUHJvc3rEmSB1xbx5xIcgZG\/FgsSFY3pvbmVnbyDFm3J1Ym9rcsSZdGEsIGFieSB3a3LEmWNpxIcgeiBwb3dyb3RlbSAzIMWbcnVieSBtb2N1asSFY2Ugd2vFgmFkIGRvIGfDs3JuZWogb2J1ZG93eS48L3A+CjwvcD4=[\/vc_raw_html][\/vc_column_inner][\/vc_row_inner][vc_row_inner row_type=&#8221;row&#8221; type=&#8221;full_width&#8221; text_align=&#8221;left&#8221; css_animation=&#8221;&#8221;][vc_column_inner width=&#8221;1\/2&#8243;][vc_single_image image=&#8221;19643&#8243; img_size=&#8221;full&#8221; alignment=&#8221;center&#8221; qode_css_animation=&#8221;&#8221;][\/vc_column_inner][vc_column_inner el_class=&#8221;instruction-steps&#8221; width=&#8221;1\/2&#8243;][vc_raw_html]PHA+CjxzcGFuIGNsYXNzPSJpbnN0cnVjdGlvbi1udW1iZXIiPjc8L3NwYW4+IFByb3N6xJkgd3lyw7N3bmHEhyBnw7NybmUgb3R3b3J5IHcgZ8Ozcm5laiBjesSZxZtjaSB6IG90d29yYW1pIGd3aW50b3dhbnltaSB3IGfDs3JuZWogY3rEmcWbY2kgZG9sbmVqIGN6xJnFm2NpLiBXY2nFm25paiBnw7NybsSFIGN6xJnFm8SHIG5hIGfDs3LEmSBkb2xuZWogY3rEmcWbY2kuIFByb3N6xJkgd8WCb8W8ecSHIMWbcnVib2tyxJl0IGRvIGfDs3JueWNoIG90d29yw7N3IGkgZG9rcsSZY2nEhyB6bmFqZHVqxIVjZSBzacSZIHRhbSDFm3J1YnkuIEplxZtsaSDFm3J1YnkgbmFkYWwgbmllIHPEhSBkb3Bhc293YW5lIGRvIHN3b2ljaCBvdHdvcsOzdywgemRlam1paiBnw7NybsSFIGN6xJnFm8SHIGkgc3Byw7NidWogcG9ub3duaWUuICAgCjwvcD4=[\/vc_raw_html][\/vc_column_inner][\/vc_row_inner][\/vc_column][vc_column width=&#8221;1\/6&#8243; offset=&#8221;vc_hidden-md vc_hidden-sm vc_hidden-xs&#8221;][\/vc_column][\/vc_row][vc_row css_animation=&#8221;&#8221; row_type=&#8221;row&#8221; use_row_as_full_screen_section=&#8221;no&#8221; type=&#8221;full_width&#8221; angled_section=&#8221;no&#8221; text_align=&#8221;left&#8221; background_image_as_pattern=&#8221;without_pattern&#8221; el_class=&#8221;instruction-page&#8221; z_index=&#8221;&#8221;][vc_column el_class=&#8221;lower-angle-polygon&#8221;][vc_raw_html]PHN2ZyB2aWV3Ym94PSIwIDAgMTAwIDYiIGNsYXNzPSJzbW9vdGgtYWxsIiBzdHlsZT0iIj4KICAgICAgICA8cG9seWdvbiBwb2ludHM9IjAsMyAwLDAgMTAwLDAgMTAwLDIgNzAsMSIgc3R5bGU9ImZpbGw6ICNmZmZmZmY7Ii8+CiAgICAgICAgPHBvbHlnb24gcG9pbnRzPSIwLDUgMCwwIDEwMCwwIDEwMCw0IDY5LDEuNSIgc3R5bGU9ImZpbGw6ICNmZmZmZmY4ZjsiLz4KPC9zdmc+[\/vc_raw_html][\/vc_column][\/vc_row]<\/p>\n<\/div>","protected":false},"excerpt":{"rendered":"<p>[vc_row css_animation=&#8221;&#8221; row_type=&#8221;row&#8221; use_row_as_full_screen_section=&#8221;no&#8221; type=&#8221;full_width&#8221; angled_section=&#8221;no&#8221; text_align=&#8221;left&#8221; background_image_as_pattern=&#8221;without_pattern&#8221;][vc_column el_class=&#8221;lower-angle-polygon&#8221;][vc_raw_html css=&#8221;&#8221;]PHN2ZyB2aWV3Ym94PSIwIDAgMTAwIDYiIGNsYXNzPSJzbW9vdGgtYWxsIiBzdHlsZT0iIj4KICAgICAgICAgICAgPHBvbHlnb24gcG9pbnRzPSIwLDUgMCwwIDEwMCwwIDEwMCw0IDY5LDEuNSIgc3R5bGU9ImZpbGw6ICM0MTQxNDE4ZjsiLz4KICAgICAgICAgICAgPHBvbHlnb24gcG9pbnRzPSIwLDMgMCwwIDEwMCwwIDEwMCwyIDcwLDEiIHN0eWxlPSJmaWxsOiAjNDE0MTQxOyIvPiAgCjwvc3ZnPg==[\/vc_raw_html][\/vc_column][\/vc_row][vc_row css_animation=&#8221;&#8221; row_type=&#8221;row&#8221; use_row_as_full_screen_section=&#8221;no&#8221; type=&#8221;full_width&#8221; angled_section=&#8221;no&#8221; text_align=&#8221;left&#8221; background_image_as_pattern=&#8221;without_pattern&#8221; el_id=&#8221;aktualizacja-diament&#8221; z_index=&#8221;&#8221; el_class=&#8221;instruction-section&#8221; css=&#8221;.vc_custom_1746748847845{padding-top: 100px !important;}&#8221;][vc_column width=&#8221;1\/6&#8243; offset=&#8221;vc_hidden-md vc_hidden-sm vc_hidden-xs&#8221;][\/vc_column][vc_column offset=&#8221;vc_col-lg-8 vc_col-md-12 vc_col-xs-12&#8243;][vc_column_text el_class=&#8221;section-text&#8221;] Modernizacja wk\u0142adki Carbide Base Instrukcje dotycz\u0105ce modernizacji stopek Carbide Base do wersji Sapphire lub&#8230;<\/p>\n","protected":false},"author":1,"featured_media":0,"parent":5351,"menu_order":0,"comment_status":"closed","ping_status":"closed","template":"","meta":{"editor_plus_copied_stylings":"{}","_monsterinsights_skip_tracking":false,"_monsterinsights_sitenote_active":false,"_monsterinsights_sitenote_note":"","_monsterinsights_sitenote_category":0,"footnotes":""},"class_list":["post-20475","page","type-page","status-publish","hentry"],"aioseo_notices":[],"_links":{"self":[{"href":"https:\/\/carbide.audio\/pl\/wp-json\/wp\/v2\/pages\/20475","targetHints":{"allow":["GET"]}}],"collection":[{"href":"https:\/\/carbide.audio\/pl\/wp-json\/wp\/v2\/pages"}],"about":[{"href":"https:\/\/carbide.audio\/pl\/wp-json\/wp\/v2\/types\/page"}],"author":[{"embeddable":true,"href":"https:\/\/carbide.audio\/pl\/wp-json\/wp\/v2\/users\/1"}],"replies":[{"embeddable":true,"href":"https:\/\/carbide.audio\/pl\/wp-json\/wp\/v2\/comments?post=20475"}],"version-history":[{"count":0,"href":"https:\/\/carbide.audio\/pl\/wp-json\/wp\/v2\/pages\/20475\/revisions"}],"up":[{"embeddable":true,"href":"https:\/\/carbide.audio\/pl\/wp-json\/wp\/v2\/pages\/5351"}],"wp:attachment":[{"href":"https:\/\/carbide.audio\/pl\/wp-json\/wp\/v2\/media?parent=20475"}],"curies":[{"name":"wp","href":"https:\/\/api.w.org\/{rel}","templated":true}]}}