{"id":19438,"date":"2023-04-15T15:07:59","date_gmt":"2023-04-15T20:07:59","guid":{"rendered":"https:\/\/carbide.audio\/instrukcje-dotyczace-podstawy-weglikowej\/montaz-srub\/"},"modified":"2025-06-09T21:19:42","modified_gmt":"2025-06-10T02:19:42","slug":"montaz-srub","status":"publish","type":"page","link":"https:\/\/carbide.audio\/pl\/instrukcje-dotyczace-podstawy-weglikowej\/montaz-srub\/","title":{"rendered":"Monta\u017c \u015brub"},"content":{"rendered":"<div class=\"wpb-content-wrapper\"><p>[vc_row css_animation=&#8221;&#8221; row_type=&#8221;row&#8221; use_row_as_full_screen_section=&#8221;no&#8221; type=&#8221;full_width&#8221; angled_section=&#8221;no&#8221; text_align=&#8221;left&#8221; background_image_as_pattern=&#8221;without_pattern&#8221;][vc_column el_class=&#8221;lower-angle-polygon&#8221;][vc_raw_html css=&#8221;&#8221;]PHN2ZyB2aWV3Ym94PSIwIDAgMTAwIDYiIGNsYXNzPSJzbW9vdGgtYWxsIiBzdHlsZT0iIj4KICAgICAgICAgICAgPHBvbHlnb24gcG9pbnRzPSIwLDUgMCwwIDEwMCwwIDEwMCw0IDY5LDEuNSIgc3R5bGU9ImZpbGw6ICM0MTQxNDE4ZjsiLz4KICAgICAgICAgICAgPHBvbHlnb24gcG9pbnRzPSIwLDMgMCwwIDEwMCwwIDEwMCwyIDcwLDEiIHN0eWxlPSJmaWxsOiAjNDE0MTQxOyIvPiAgCjwvc3ZnPg==[\/vc_raw_html][\/vc_column][\/vc_row][vc_row css_animation=&#8221;&#8221; row_type=&#8221;row&#8221; use_row_as_full_screen_section=&#8221;no&#8221; type=&#8221;full_width&#8221; angled_section=&#8221;no&#8221; text_align=&#8221;left&#8221; background_image_as_pattern=&#8221;without_pattern&#8221; el_id=&#8221;monta\u017c-\u015bruby&#8221; z_index=&#8221;&#8221; el_class=&#8221;instruction-section&#8221; css=&#8221;.vc_custom_1746748802029{padding-top: 100px !important;}&#8221;][vc_column width=&#8221;1\/6&#8243; offset=&#8221;vc_hidden-md vc_hidden-sm vc_hidden-xs&#8221;][\/vc_column][vc_column offset=&#8221;vc_col-lg-8 vc_col-xs-12&#8243;][vc_column_text el_class=&#8221;section-text&#8221;]<\/p>\n<h1>Monta\u017c \u015brub do g\u0142o\u015bnik\u00f3w<\/h1>\n<p>Instrukcja monta\u017cu \u015brub na stopce Carbide Bases. Dzi\u0119ki temu stopk\u0119 Carbide Base mo\u017cna wkr\u0119ci\u0107 w g\u0142o\u015bniki i sprz\u0119t w miejsce kolc\u00f3w lub stopek standardowych. <\/p>\n<p>&nbsp;<\/p>\n<p>Dost\u0119pny jest zestaw <a href=\"https:\/\/carbide.audio\/pl\/produkt\/footer-bolt-kit\/\">\u015brub<\/a>, kt\u00f3ry zawiera \u015bruby o typowych rozmiarach metrycznych lub calowych. Mo\u017cna u\u017cy\u0107 dowolnych powszechnie dost\u0119pnych standardowych \u015brub metrycznych DIN 963A od M4 do M10 lub standardowych \u015brub imperialnych ANSI B18.6.3 od #8-32 do 1\/2\u2033-13.<\/p>\n<p>&nbsp;<\/p>\n<p>Ta metoda monta\u017cu jest opcjonalna. Podobn\u0105 wydajno\u015b\u0107 mo\u017cna uzyska\u0107 po prostu umieszczaj\u0105c ko\u0144c\u00f3wk\u0119 kolca g\u0142o\u015bnikowego w otworze w g\u00f3rnej \u015brodkowej cz\u0119\u015bci stopki.[\/vc_column_text][vc_row_inner row_type=&#8221;row&#8221; type=&#8221;full_width&#8221; text_align=&#8221;left&#8221; css_animation=&#8221;&#8221;][vc_column_inner width=&#8221;1\/2&#8243;][vc_single_image image=&#8221;18104&#8243; img_size=&#8221;full&#8221; alignment=&#8221;center&#8221; qode_css_animation=&#8221;&#8221;][\/vc_column_inner][vc_column_inner el_class=&#8221;instruction-steps&#8221; width=&#8221;1\/2&#8243;][vc_raw_html]PHA+PHNwYW4gY2xhc3M9Imluc3RydWN0aW9uLW51bWJlciI+MTwvc3Bhbj4gV8WCb8W8ecSHIGRvc3RhcmN6b255IHDFgmFza2kgxZtydWJva3LEmXQgZG8gMyBnw7NybnljaCBvdHdvcsOzdyBpIG9ka3LEmWNpxIcgem5hamR1asSFY2Ugc2nEmSB3IG5pY2ggxZtydWJ5LiA8ZW0+VXdhZ2E6PC9lbT4gUG8gY2HFgmtvd2l0eW0gb2RrcsSZY2VuaXUgxZtydWJ5IHBvem9zdGFuxIUgcG9kIGJsYXRlbSB6ZSBzdGFsaSBuaWVyZHpld25lai48L3A+[\/vc_raw_html][\/vc_column_inner][\/vc_row_inner][vc_row_inner row_type=&#8221;row&#8221; type=&#8221;full_width&#8221; text_align=&#8221;left&#8221; css_animation=&#8221;&#8221;][vc_column_inner width=&#8221;1\/2&#8243;][vc_single_image image=&#8221;18148&#8243; img_size=&#8221;full&#8221; alignment=&#8221;center&#8221; qode_css_animation=&#8221;&#8221;][\/vc_column_inner][vc_column_inner el_class=&#8221;instruction-steps&#8221; width=&#8221;1\/2&#8243;][vc_raw_html css=&#8221;&#8221;]PHA+CjxzcGFuIGNsYXNzPSJpbnN0cnVjdGlvbi1udW1iZXIiPjI8L3NwYW4+IFBvZHdhxbx5xIcgZ8Ozcm7EhSBpIGRvbG7EhSBjesSZxZvEhywgYWJ5IHV6eXNrYcSHIGRvc3TEmXAgZG8gc3BvZHUgZ8Ozcm5laiBvYnVkb3d5LiBQcm9zesSZIHphY2hvd2HEhyBjaWVycGxpd2\/Fm8SHIHBvZGN6YXMgcG9kd2HFvGFuaWEsIHBvbmlld2HFvCBzdHJvbmEgVmlzY29SaW5n4oSiIG1vxbxlIHN0YcSHIHNpxJkgbGVwa2EgaSB3b2xubyBzacSZIHJvemR6aWVsYcSHLiAgIDxzdHJvbmc+Q3rEmcWbY2lvd28gcm96a3LEmWNpxIcgZG9sbsSFIGN6xJnFm8SHIHN0b3BraSwgYWJ5IHp3acSZa3N6ecSHIHNpxYLEmSBwb2R3YcW8YW5pYS48L3N0cm9uZz4KPC9wPgoKPHA+CiAKPC9wPgoKPHA+CjxzcGFuIGNsYXNzPSJpbnN0cnVjdGlvbi1udW1iZXIiPjM8L3NwYW4+IFByb3N6xJkgd8WCb8W8ecSHIGRvc3RhcmN6b255IMWbcnVib2tyxJl0IHcgc3pjemVsaW7EmSB3IHVjaHd5Y2llIMWbcnVieSBuYWd3aW50b3dhbnltIHcgZG9sbmVqIMWbcm9ka293ZWogY3rEmcWbY2kgb2J1ZG93eS4KPC9wPg==[\/vc_raw_html][\/vc_column_inner][\/vc_row_inner][vc_row_inner row_type=&#8221;row&#8221; type=&#8221;full_width&#8221; text_align=&#8221;left&#8221; css_animation=&#8221;&#8221;][vc_column_inner width=&#8221;1\/2&#8243;][vc_single_image image=&#8221;18158&#8243; img_size=&#8221;full&#8221; alignment=&#8221;center&#8221; qode_css_animation=&#8221;&#8221;][\/vc_column_inner][vc_column_inner el_class=&#8221;instruction-steps&#8221; width=&#8221;1\/2&#8243;][vc_raw_html]PHA+CjxzcGFuIGNsYXNzPSJpbnN0cnVjdGlvbi1udW1iZXIiPjQ8L3NwYW4+IE9ka3LEmWNpxIcgxZtydWLEmSB6YWJlenBpZWN6YWrEhWPEhSBpIG9kxYJvxbx5xIcgbmEgYm9rLiBQcm9zesSZIG9rcmXFm2xpxIcsIGt0w7NyZWogxZtydWJ5IG5hbGXFvHkgdcW8ecSHLCB3a3LEmWNhasSFYyBqxIUgcsSZY3puaWUgdyBvdHdhcnR5IG90d8OzciBuYSBzcG9kemllIHNwcnrEmXR1IGF1ZGlvIGx1YiBnxYJvxZtuaWthLiAKPC9wPgoKPHA+CiAKPC9wPgoKPHA+CjxzcGFuIGNsYXNzPSJpbnN0cnVjdGlvbi1udW1iZXIiPjU8L3NwYW4+IDxlbT4oT3Bjam9uYWxuaWUpPC9lbT4gSmXFm2xpIMWbcnViYSBqZXN0IHpieXQgZHXFvGEgZGxhIG90d29ydSB3IGN6YXJuZWogbnlsb25vd2VqIHBvZGvFgmFkY2UsIG5hbGXFvHkgasSFIHd5asSFxIcsIG5hY2lza2FqxIVjIGrEhSBvZCBnw7NyeS4gVyBwcnp5cGFka3UgbW5pZWpzenljaCDFm3J1YiBvIHJvem1pYXJ6ZSBNNCwgTTYsICM4LTMyIGx1YiAxLzQiLTIwIG5hbGXFvHkgcG96b3N0YXdpxIcgbnlsb25vd8SFIHBvZGvFgmFka8SZIG5hIG1pZWpzY3UuIAo8L3A+[\/vc_raw_html][\/vc_column_inner][\/vc_row_inner][vc_row_inner row_type=&#8221;row&#8221; type=&#8221;full_width&#8221; text_align=&#8221;left&#8221; css_animation=&#8221;&#8221;][vc_column_inner width=&#8221;1\/2&#8243;][vc_single_image image=&#8221;18168&#8243; img_size=&#8221;full&#8221; alignment=&#8221;center&#8221; qode_css_animation=&#8221;&#8221;][\/vc_column_inner][vc_column_inner el_class=&#8221;instruction-steps&#8221; width=&#8221;1\/2&#8243;][vc_raw_html]PHA+CjxzcGFuIGNsYXNzPSJpbnN0cnVjdGlvbi1udW1iZXIiPjY8L3NwYW4+IFByb3N6xJkgd3N1bsSFxIcgxbzEhWRhbsSFIMWbcnVixJkgdyBkb2xuxIUgY3rEmcWbxIcgb2J1ZG93eS4gUHJ6eXRyenltdWrEhWMgxZtydWLEmSBuYSBtaWVqc2N1IG9kIGfDs3J5IHN0b3BraSwgcHJvc3rEmSA8ZW0+bW9jbm88L2VtPiB3a3LEmWNpxIcgem5hamR1asSFY3kgc2nEmSB6YSBuacSFIHVjaHd5dCDFm3J1YnkuIFVwZXduacSHIHNpxJksIMW8ZSDFm3J1YmEgbmllIHByemVrcsSZY2Egc2nEmSB3IG1pZWpzY3UuIDxlbT5Vd2FnYTo8L2VtPiBKZcWbbGkgxZtydWJhIGtpZWR5a29sd2llayBzacSZIHBvbHV6dWplLCBuYWxlxbx5IGNhxYJrb3dpY2llIG9ka3LEmWNpxIcgaSB6ZGrEhcSHIGRvbG7EhSBjesSZxZvEhyBzdG9wa2kuIFBvbm93bmllIGRva3LEmWNpxIcgxZtydWLEmSB1c3RhbGFqxIVjxIUsIHByemVrxYJhZGFqxIVjIMWbcnVib2tyxJl0IHByemV6IMWbcm9ka293eSBvdHfDs3IgdyBkb2xuZWogY3rEmcWbY2kgc3RvcGtpLiAgIAo8L3A+[\/vc_raw_html][\/vc_column_inner][\/vc_row_inner][vc_row_inner row_type=&#8221;row&#8221; type=&#8221;full_width&#8221; text_align=&#8221;left&#8221; css_animation=&#8221;&#8221;][vc_column_inner width=&#8221;1\/2&#8243;][vc_single_image image=&#8221;18178&#8243; img_size=&#8221;full&#8221; alignment=&#8221;center&#8221; qode_css_animation=&#8221;&#8221;][\/vc_column_inner][vc_column_inner el_class=&#8221;instruction-steps&#8221; width=&#8221;1\/2&#8243;][vc_raw_html css=&#8221;&#8221;]PHA+CjxzcGFuIGNsYXNzPSJpbnN0cnVjdGlvbi1udW1iZXIiPjc8L3NwYW4+IFByb3N6xJkgb3NhZHppxIcgVmlzY29SaW5n4oSiIHdlIHdnxYLEmWJpZW5pdSB3IGRvbG5laiBjesSZxZtjaSB6ZSBzdGFsaSBuaWVyZHpld25lai4gV3lyw7N3bmHEhyBnw7NybmUgb3R3b3J5IHcgZ8Ozcm5laiBjesSZxZtjaSB6IG90d29yYW1pIGd3aW50b3dhbnltaSB3IGfDs3JuZWogY3rEmcWbY2kgZG9sbmVqIGN6xJnFm2NpLiBaZSDFm3J1YmFtaSBuYSBzcG9kemllIG9idWRvd3kgc2tpZXJvd2FueW1pIHByb3N0byB3IGTDs8WCLCBwcm9zesSZIHdjaXNuxIXEhyBnw7NybsSFIGN6xJnFm8SHIG5hIGfDs3LEmSBWaXNjb1JpbmfihKIgaSBkb2xuxIUgY3rEmcWbxIcuIFByb3N6xJkgd8WCb8W8ecSHIMWbcnVib2tyxJl0IGRvIGfDs3JueWNoIG90d29yw7N3IGkgZG9rcsSZY2nEhyB6bmFqZHVqxIVjZSBzacSZIHRhbSDFm3J1YnkuICA8c3Ryb25nPkplxZtsaSDFm3J1YnkgbmFkYWwgbmllIHPEhSBkb3Bhc293YW5lIGRvIHN3b2ljaCBvdHdvcsOzdywgemRlam1paiBnw7NybsSFIGN6xJnFm8SHIGkgc3Byw7NidWogcG9ub3duaWUuPC9zdHJvbmc+CjwvcD4=[\/vc_raw_html][\/vc_column_inner][\/vc_row_inner][vc_row_inner row_type=&#8221;row&#8221; type=&#8221;full_width&#8221; text_align=&#8221;left&#8221; css_animation=&#8221;&#8221;][vc_column_inner width=&#8221;1\/2&#8243;][vc_single_image image=&#8221;18188&#8243; img_size=&#8221;full&#8221; alignment=&#8221;center&#8221; qode_css_animation=&#8221;&#8221;][\/vc_column_inner][vc_column_inner el_class=&#8221;instruction-steps&#8221; width=&#8221;1\/2&#8243;][vc_raw_html]PHA+CjxzcGFuIGNsYXNzPSJpbnN0cnVjdGlvbi1udW1iZXIiPjg8L3NwYW4+IFByb3N6xJkgd2tyxJljacSHIHN0b3BrxJkgQ2FyYmlkZSBCYXNlIHcgZ3dpbnRvd2FuZSBvdHdvcnkgbmEgc3BvZHppZSB1cnrEhWR6ZW5pYSBsdWIgZ8WCb8WbbmlrYS4KPC9wPg==[\/vc_raw_html][\/vc_column_inner][\/vc_row_inner][\/vc_column][vc_column width=&#8221;1\/6&#8243; offset=&#8221;vc_hidden-md vc_hidden-sm vc_hidden-xs&#8221;][\/vc_column][\/vc_row][vc_row css_animation=&#8221;&#8221; row_type=&#8221;row&#8221; use_row_as_full_screen_section=&#8221;no&#8221; type=&#8221;full_width&#8221; angled_section=&#8221;no&#8221; text_align=&#8221;left&#8221; background_image_as_pattern=&#8221;without_pattern&#8221; el_class=&#8221;instruction-page&#8221; z_index=&#8221;&#8221;][vc_column el_class=&#8221;lower-angle-polygon&#8221;][vc_raw_html]PHN2ZyB2aWV3Ym94PSIwIDAgMTAwIDYiIGNsYXNzPSJzbW9vdGgtYWxsIiBzdHlsZT0iIj4KICAgICAgICA8cG9seWdvbiBwb2ludHM9IjAsMyAwLDAgMTAwLDAgMTAwLDIgNzAsMSIgc3R5bGU9ImZpbGw6ICNmZmZmZmY7Ii8+CiAgICAgICAgPHBvbHlnb24gcG9pbnRzPSIwLDUgMCwwIDEwMCwwIDEwMCw0IDY5LDEuNSIgc3R5bGU9ImZpbGw6ICNmZmZmZmY4ZjsiLz4KPC9zdmc+[\/vc_raw_html][\/vc_column][\/vc_row]<\/p>\n<\/div>","protected":false},"excerpt":{"rendered":"<p>[vc_row css_animation=&#8221;&#8221; row_type=&#8221;row&#8221; use_row_as_full_screen_section=&#8221;no&#8221; type=&#8221;full_width&#8221; angled_section=&#8221;no&#8221; text_align=&#8221;left&#8221; background_image_as_pattern=&#8221;without_pattern&#8221;][vc_column el_class=&#8221;lower-angle-polygon&#8221;][vc_raw_html css=&#8221;&#8221;]PHN2ZyB2aWV3Ym94PSIwIDAgMTAwIDYiIGNsYXNzPSJzbW9vdGgtYWxsIiBzdHlsZT0iIj4KICAgICAgICAgICAgPHBvbHlnb24gcG9pbnRzPSIwLDUgMCwwIDEwMCwwIDEwMCw0IDY5LDEuNSIgc3R5bGU9ImZpbGw6ICM0MTQxNDE4ZjsiLz4KICAgICAgICAgICAgPHBvbHlnb24gcG9pbnRzPSIwLDMgMCwwIDEwMCwwIDEwMCwyIDcwLDEiIHN0eWxlPSJmaWxsOiAjNDE0MTQxOyIvPiAgCjwvc3ZnPg==[\/vc_raw_html][\/vc_column][\/vc_row][vc_row css_animation=&#8221;&#8221; row_type=&#8221;row&#8221; use_row_as_full_screen_section=&#8221;no&#8221; type=&#8221;full_width&#8221; angled_section=&#8221;no&#8221; text_align=&#8221;left&#8221; background_image_as_pattern=&#8221;without_pattern&#8221; el_id=&#8221;monta\u017c-\u015bruby&#8221; z_index=&#8221;&#8221; el_class=&#8221;instruction-section&#8221; css=&#8221;.vc_custom_1746748802029{padding-top: 100px !important;}&#8221;][vc_column width=&#8221;1\/6&#8243; offset=&#8221;vc_hidden-md vc_hidden-sm vc_hidden-xs&#8221;][\/vc_column][vc_column offset=&#8221;vc_col-lg-8 vc_col-xs-12&#8243;][vc_column_text el_class=&#8221;section-text&#8221;] Monta\u017c \u015brub do g\u0142o\u015bnik\u00f3w Instrukcja monta\u017cu \u015brub na stopce Carbide Bases. Dzi\u0119ki temu stopk\u0119 Carbide&#8230;<\/p>\n","protected":false},"author":1,"featured_media":0,"parent":5351,"menu_order":0,"comment_status":"closed","ping_status":"closed","template":"","meta":{"editor_plus_copied_stylings":"{}","_monsterinsights_skip_tracking":false,"_monsterinsights_sitenote_active":false,"_monsterinsights_sitenote_note":"","_monsterinsights_sitenote_category":0,"footnotes":""},"class_list":["post-19438","page","type-page","status-publish","hentry"],"aioseo_notices":[],"_links":{"self":[{"href":"https:\/\/carbide.audio\/pl\/wp-json\/wp\/v2\/pages\/19438","targetHints":{"allow":["GET"]}}],"collection":[{"href":"https:\/\/carbide.audio\/pl\/wp-json\/wp\/v2\/pages"}],"about":[{"href":"https:\/\/carbide.audio\/pl\/wp-json\/wp\/v2\/types\/page"}],"author":[{"embeddable":true,"href":"https:\/\/carbide.audio\/pl\/wp-json\/wp\/v2\/users\/1"}],"replies":[{"embeddable":true,"href":"https:\/\/carbide.audio\/pl\/wp-json\/wp\/v2\/comments?post=19438"}],"version-history":[{"count":0,"href":"https:\/\/carbide.audio\/pl\/wp-json\/wp\/v2\/pages\/19438\/revisions"}],"up":[{"embeddable":true,"href":"https:\/\/carbide.audio\/pl\/wp-json\/wp\/v2\/pages\/5351"}],"wp:attachment":[{"href":"https:\/\/carbide.audio\/pl\/wp-json\/wp\/v2\/media?parent=19438"}],"curies":[{"name":"wp","href":"https:\/\/api.w.org\/{rel}","templated":true}]}}