{"id":19403,"date":"2023-04-15T14:36:19","date_gmt":"2023-04-15T19:36:19","guid":{"rendered":"https:\/\/carbide.audio\/instrukcje-dotyczace-podstawy-weglikowej\/wymiana-pierscieni-viscorings\/"},"modified":"2025-05-08T22:45:46","modified_gmt":"2025-05-09T03:45:46","slug":"wymiana-pierscieni-viscorings","status":"publish","type":"page","link":"https:\/\/carbide.audio\/pl\/instrukcje-dotyczace-podstawy-weglikowej\/wymiana-pierscieni-viscorings\/","title":{"rendered":"Wymiana pier\u015bcieni ViscoRings\u2122"},"content":{"rendered":"<div class=\"wpb-content-wrapper\"><p>[vc_row css_animation=&#8221;&#8221; row_type=&#8221;row&#8221; use_row_as_full_screen_section=&#8221;no&#8221; type=&#8221;full_width&#8221; angled_section=&#8221;no&#8221; text_align=&#8221;left&#8221; background_image_as_pattern=&#8221;without_pattern&#8221;][vc_column el_class=&#8221;lower-angle-polygon&#8221;][vc_raw_html css=&#8221;&#8221;]PHN2ZyB2aWV3Ym94PSIwIDAgMTAwIDYiIGNsYXNzPSJzbW9vdGgtYWxsIiBzdHlsZT0iIj4KICAgICAgICAgICAgPHBvbHlnb24gcG9pbnRzPSIwLDUgMCwwIDEwMCwwIDEwMCw0IDY5LDEuNSIgc3R5bGU9ImZpbGw6ICM0MTQxNDE4ZjsiLz4KICAgICAgICAgICAgPHBvbHlnb24gcG9pbnRzPSIwLDMgMCwwIDEwMCwwIDEwMCwyIDcwLDEiIHN0eWxlPSJmaWxsOiAjNDE0MTQxOyIvPiAgCjwvc3ZnPg==[\/vc_raw_html][\/vc_column][\/vc_row][vc_row css_animation=&#8221;&#8221; row_type=&#8221;row&#8221; use_row_as_full_screen_section=&#8221;no&#8221; type=&#8221;full_width&#8221; angled_section=&#8221;no&#8221; text_align=&#8221;left&#8221; background_image_as_pattern=&#8221;without_pattern&#8221; el_id=&#8221;zmiana-wpis\u00f3w&#8221; z_index=&#8221;&#8221; el_class=&#8221;instruction-section&#8221; css=&#8221;.vc_custom_1746748647567{padding-top: 100px !important;}&#8221;][vc_column width=&#8221;1\/6&#8243; offset=&#8221;vc_hidden-md vc_hidden-sm vc_hidden-xs&#8221;][\/vc_column][vc_column offset=&#8221;vc_col-lg-8 vc_col-xs-12&#8243;][vc_column_text el_class=&#8221;section-text&#8221;]<\/p>\n<h1>Wymiana pier\u015bcieni ViscoRings\u2122<\/h1>\n<p>Instrukcje dotycz\u0105ce demonta\u017cu i monta\u017cu ViscoRing\u2122 wewn\u0105trz stopki Carbide Bases.[\/vc_column_text][vc_row_inner row_type=&#8221;row&#8221; type=&#8221;full_width&#8221; text_align=&#8221;left&#8221; css_animation=&#8221;&#8221;][vc_column_inner width=&#8221;1\/2&#8243;][vc_single_image image=&#8221;18104&#8243; img_size=&#8221;full&#8221; alignment=&#8221;center&#8221; qode_css_animation=&#8221;&#8221;][\/vc_column_inner][vc_column_inner el_class=&#8221;instruction-steps&#8221; width=&#8221;1\/2&#8243;][vc_raw_html]PHA+PHNwYW4gY2xhc3M9Imluc3RydWN0aW9uLW51bWJlciI+MTwvc3Bhbj4gV8WCb8W8ecSHIGRvc3RhcmN6b255IMWbcnVib2tyxJl0IGRvIGthxbxkZWdvIHogMyBnw7NybnljaCBvdHdvcsOzdyBpIG9ka3LEmWNpxIcgem5hamR1asSFY2Ugc2nEmSB3IG5pY2ggxZtydWJ5LiA8ZW0+VXdhZ2E6PC9lbT4gUG8gY2HFgmtvd2l0eW0gb2RrcsSZY2VuaXUgxZtydWJ5IHBvem9zdGFuxIUgcG9kIGJsYXRlbSB6ZSBzdGFsaSBuaWVyZHpld25lai48L3A+[\/vc_raw_html][\/vc_column_inner][\/vc_row_inner][vc_row_inner row_type=&#8221;row&#8221; type=&#8221;full_width&#8221; text_align=&#8221;left&#8221; css_animation=&#8221;&#8221;][vc_column_inner width=&#8221;1\/2&#8243;][vc_single_image image=&#8221;18114&#8243; img_size=&#8221;full&#8221; alignment=&#8221;center&#8221; qode_css_animation=&#8221;&#8221;][\/vc_column_inner][vc_column_inner el_class=&#8221;instruction-steps&#8221; width=&#8221;1\/2&#8243;][vc_raw_html]PHA+CjxzcGFuIGNsYXNzPSJpbnN0cnVjdGlvbi1udW1iZXIiPjI8L3NwYW4+IFByb3N6xJkgcG9kd2HFvHnEhyBnw7NybsSFIGkgZG9sbsSFIGN6xJnFm8SHLCBhYnkgdXp5c2thxIcgZG9zdMSZcCBkbyB6YWluc3RhbG93YW5lZ28gVmlzY29SaW5n4oSiLiBQcm9zesSZIHV6YnJvacSHIHNpxJkgdyBjaWVycGxpd2\/Fm8SHLCBwb25pZXdhxbwgVmlzY29SaW5n4oSiIG1vxbxlIHN0YcSHIHNpxJkgbGVwa2kgaSB3b2xubyBzacSZIHJvemR6aWVsYcSHLiBEb2xuYSBjesSZxZvEhyBtb8W8ZSBiecSHIGN6xJnFm2Npb3dvIG5pZWd3aW50b3dhbmEgdyBjZWx1IHp3acSZa3N6ZW5pYSBzacWCeSBwcnplYmljaWEuICAKPC9wPgoKPHA+CiAKPC9wPgoKPHA+CjxzcGFuIGNsYXNzPSJpbnN0cnVjdGlvbi1udW1iZXIiPjM8L3NwYW4+IFByb3N6xJkgd3ltaWVuacSHIFZpc2NvUmluZ+KEoi4gUHJvc3rEmSB1cGV3bmnEhyBzacSZLCDFvGUgbm93eSBWaXNjb1JpbmfihKIgamVzdCBjYcWCa293aWNpZSBvc2Fkem9ueSB3ZSB3Z8WCxJliaWVuaXUgdyBnw7NybmVqIGN6xJnFm2NpIHBvZHN0YXd5IHByemVkIHVtaWVzemN6ZW5pZW0gbmEgbmltIGfDs3JuZWogY3rEmcWbY2kuICAgCjwvcD4=[\/vc_raw_html][\/vc_column_inner][\/vc_row_inner][vc_row_inner row_type=&#8221;row&#8221; type=&#8221;full_width&#8221; text_align=&#8221;left&#8221; css_animation=&#8221;&#8221;][vc_column_inner width=&#8221;1\/2&#8243;][vc_single_image image=&#8221;18124&#8243; img_size=&#8221;full&#8221; alignment=&#8221;center&#8221; qode_css_animation=&#8221;&#8221;][\/vc_column_inner][vc_column_inner el_class=&#8221;instruction-steps&#8221; width=&#8221;1\/2&#8243;][vc_raw_html]PHA+CjxzcGFuIGNsYXNzPSJpbnN0cnVjdGlvbi1udW1iZXIiPjQ8L3NwYW4+IFd5csOzd25haiBnw7NybmUgb3R3b3J5IHcgZ8Ozcm5laiBjesSZxZtjaSB6IG90d29yYW1pIGd3aW50b3dhbnltaSB3IGfDs3JuZWogY3rEmcWbY2kgZG9sbmVqIGN6xJnFm2NpLiBQcm9zesSZIG5hY2lzbsSFxIcgZ8Ozcm7EhSBjesSZxZvEhyB3IGTDs8WCIG5hZCBnw7NybsSFIGN6xJnFm2NpxIUgVmlzY29SaW5n4oSiIGkgZG9sbsSFIGN6xJnFm2NpxIUuIAo8L3A+Cgo8cD4KIAo8L3A+Cgo8cD4KPHNwYW4gY2xhc3M9Imluc3RydWN0aW9uLW51bWJlciI+NTwvc3Bhbj4gUHJvc3rEmSB3xYJvxbx5xIcgxZtydWJva3LEmXQgZG8gZ8Ozcm55Y2ggb3R3b3LDs3cgaSBkb2tyxJljacSHIHpuYWpkdWrEhWNlIHNpxJkgdGFtIMWbcnVieS4gSmXFm2xpIMWbcnVieSBuYWRhbCBuaWUgc8SFIGRvcGFzb3dhbmUgZG8gc3dvaWNoIG90d29yw7N3LCB6ZGVqbWlqIGfDs3JuxIUgY3rEmcWbxIcgaSBzcHLDs2J1aiBwb25vd25pZS4gCjwvcD4=[\/vc_raw_html][\/vc_column_inner][\/vc_row_inner][vc_row_inner row_type=&#8221;row&#8221; type=&#8221;full_width&#8221; text_align=&#8221;left&#8221; css_animation=&#8221;&#8221;][vc_column_inner width=&#8221;1\/2&#8243;][vc_single_image image=&#8221;18135&#8243; img_size=&#8221;full&#8221; alignment=&#8221;center&#8221; qode_css_animation=&#8221;&#8221;][\/vc_column_inner][vc_column_inner el_class=&#8221;instruction-steps&#8221; width=&#8221;1\/2&#8243;][vc_raw_html]PHA+CjxzcGFuIGNsYXNzPSJpbnN0cnVjdGlvbi1udW1iZXIiPjY8L3NwYW4+IDxlbT4oT3Bjam9uYWxuaWUpPC9lbT4gVyByYXppZSBwb3RyemVieSBuYWxlxbx5IHJvemtyxJljacSHIGRvbG7EhSBjesSZxZvEhywgYWJ5IHp3acSZa3N6ecSHIHd5c29rb8WbxIcgc3RvcGtpIENhcmJpZGUgQmFzZSB3IGNlbHUgd3lyw7N3bmFuaWEgbmllcsOzd255Y2ggb2JjacSFxbxlxYQuCjwvcD4=[\/vc_raw_html][\/vc_column_inner][\/vc_row_inner][\/vc_column][vc_column width=&#8221;1\/6&#8243; offset=&#8221;vc_hidden-md vc_hidden-sm vc_hidden-xs&#8221;][\/vc_column][\/vc_row][vc_row css_animation=&#8221;&#8221; row_type=&#8221;row&#8221; use_row_as_full_screen_section=&#8221;no&#8221; type=&#8221;full_width&#8221; angled_section=&#8221;no&#8221; text_align=&#8221;left&#8221; background_image_as_pattern=&#8221;without_pattern&#8221; el_class=&#8221;instruction-page&#8221; z_index=&#8221;&#8221;][vc_column el_class=&#8221;lower-angle-polygon&#8221;][vc_raw_html]PHN2ZyB2aWV3Ym94PSIwIDAgMTAwIDYiIGNsYXNzPSJzbW9vdGgtYWxsIiBzdHlsZT0iIj4KICAgICAgICA8cG9seWdvbiBwb2ludHM9IjAsMyAwLDAgMTAwLDAgMTAwLDIgNzAsMSIgc3R5bGU9ImZpbGw6ICNmZmZmZmY7Ii8+CiAgICAgICAgPHBvbHlnb24gcG9pbnRzPSIwLDUgMCwwIDEwMCwwIDEwMCw0IDY5LDEuNSIgc3R5bGU9ImZpbGw6ICNmZmZmZmY4ZjsiLz4KPC9zdmc+[\/vc_raw_html][\/vc_column][\/vc_row]<\/p>\n<\/div>","protected":false},"excerpt":{"rendered":"<p>[vc_row css_animation=&#8221;&#8221; row_type=&#8221;row&#8221; use_row_as_full_screen_section=&#8221;no&#8221; type=&#8221;full_width&#8221; angled_section=&#8221;no&#8221; text_align=&#8221;left&#8221; background_image_as_pattern=&#8221;without_pattern&#8221;][vc_column el_class=&#8221;lower-angle-polygon&#8221;][vc_raw_html css=&#8221;&#8221;]PHN2ZyB2aWV3Ym94PSIwIDAgMTAwIDYiIGNsYXNzPSJzbW9vdGgtYWxsIiBzdHlsZT0iIj4KICAgICAgICAgICAgPHBvbHlnb24gcG9pbnRzPSIwLDUgMCwwIDEwMCwwIDEwMCw0IDY5LDEuNSIgc3R5bGU9ImZpbGw6ICM0MTQxNDE4ZjsiLz4KICAgICAgICAgICAgPHBvbHlnb24gcG9pbnRzPSIwLDMgMCwwIDEwMCwwIDEwMCwyIDcwLDEiIHN0eWxlPSJmaWxsOiAjNDE0MTQxOyIvPiAgCjwvc3ZnPg==[\/vc_raw_html][\/vc_column][\/vc_row][vc_row css_animation=&#8221;&#8221; row_type=&#8221;row&#8221; use_row_as_full_screen_section=&#8221;no&#8221; type=&#8221;full_width&#8221; angled_section=&#8221;no&#8221; text_align=&#8221;left&#8221; background_image_as_pattern=&#8221;without_pattern&#8221; el_id=&#8221;zmiana-wpis\u00f3w&#8221; z_index=&#8221;&#8221; el_class=&#8221;instruction-section&#8221; css=&#8221;.vc_custom_1746748647567{padding-top: 100px !important;}&#8221;][vc_column width=&#8221;1\/6&#8243; offset=&#8221;vc_hidden-md vc_hidden-sm vc_hidden-xs&#8221;][\/vc_column][vc_column offset=&#8221;vc_col-lg-8 vc_col-xs-12&#8243;][vc_column_text el_class=&#8221;section-text&#8221;] Wymiana pier\u015bcieni ViscoRings\u2122 Instrukcje dotycz\u0105ce demonta\u017cu i monta\u017cu ViscoRing\u2122 wewn\u0105trz stopki Carbide Bases.[\/vc_column_text][vc_row_inner row_type=&#8221;row&#8221; type=&#8221;full_width&#8221;&#8230;<\/p>\n","protected":false},"author":1,"featured_media":0,"parent":5351,"menu_order":0,"comment_status":"closed","ping_status":"closed","template":"","meta":{"editor_plus_copied_stylings":"{}","_monsterinsights_skip_tracking":false,"_monsterinsights_sitenote_active":false,"_monsterinsights_sitenote_note":"","_monsterinsights_sitenote_category":0,"footnotes":""},"class_list":["post-19403","page","type-page","status-publish","hentry"],"aioseo_notices":[],"_links":{"self":[{"href":"https:\/\/carbide.audio\/pl\/wp-json\/wp\/v2\/pages\/19403","targetHints":{"allow":["GET"]}}],"collection":[{"href":"https:\/\/carbide.audio\/pl\/wp-json\/wp\/v2\/pages"}],"about":[{"href":"https:\/\/carbide.audio\/pl\/wp-json\/wp\/v2\/types\/page"}],"author":[{"embeddable":true,"href":"https:\/\/carbide.audio\/pl\/wp-json\/wp\/v2\/users\/1"}],"replies":[{"embeddable":true,"href":"https:\/\/carbide.audio\/pl\/wp-json\/wp\/v2\/comments?post=19403"}],"version-history":[{"count":0,"href":"https:\/\/carbide.audio\/pl\/wp-json\/wp\/v2\/pages\/19403\/revisions"}],"up":[{"embeddable":true,"href":"https:\/\/carbide.audio\/pl\/wp-json\/wp\/v2\/pages\/5351"}],"wp:attachment":[{"href":"https:\/\/carbide.audio\/pl\/wp-json\/wp\/v2\/media?parent=19403"}],"curies":[{"name":"wp","href":"https:\/\/api.w.org\/{rel}","templated":true}]}}