{"id":19208,"date":"2023-05-18T11:45:49","date_gmt":"2023-05-18T16:45:49","guid":{"rendered":"https:\/\/carbide.audio\/pomiary\/wykorzystanie-elastomerow-o-niskim-wspolczynniku-ksztaltu\/"},"modified":"2025-05-09T11:33:26","modified_gmt":"2025-05-09T16:33:26","slug":"wykorzystanie-elastomerow-o-niskim-wspolczynniku-ksztaltu","status":"publish","type":"page","link":"https:\/\/carbide.audio\/pl\/pomiary\/wykorzystanie-elastomerow-o-niskim-wspolczynniku-ksztaltu\/","title":{"rendered":"Wykorzystanie elastomer\u00f3w o niskim wsp\u00f3\u0142czynniku kszta\u0142tu"},"content":{"rendered":"<div class=\"wpb-content-wrapper\"><p>[vc_row css_animation=&#8221;&#8221; row_type=&#8221;row&#8221; use_row_as_full_screen_section=&#8221;no&#8221; type=&#8221;full_width&#8221; angled_section=&#8221;no&#8221; text_align=&#8221;left&#8221; background_image_as_pattern=&#8221;without_pattern&#8221;][vc_column el_class=&#8221;lower-angle-polygon&#8221;][vc_raw_html css=&#8221;&#8221;]PHN2ZyB2aWV3Ym94PSIwIDAgMTAwIDYiIGNsYXNzPSJzbW9vdGgtYWxsIiBzdHlsZT0iIj4KICAgICAgICAgICAgPHBvbHlnb24gcG9pbnRzPSIwLDUgMCwwIDEwMCwwIDEwMCw0IDY5LDEuNSIgc3R5bGU9ImZpbGw6ICM0MTQxNDE4ZjsiLz4KICAgICAgICAgICAgPHBvbHlnb24gcG9pbnRzPSIwLDMgMCwwIDEwMCwwIDEwMCwyIDcwLDEiIHN0eWxlPSJmaWxsOiAjNDE0MTQxOyIvPiAgCjwvc3ZnPg==[\/vc_raw_html][\/vc_column][\/vc_row][vc_row css_animation=&#8221;&#8221; row_type=&#8221;row&#8221; use_row_as_full_screen_section=&#8221;no&#8221; type=&#8221;full_width&#8221; angled_section=&#8221;no&#8221; text_align=&#8221;left&#8221; background_image_as_pattern=&#8221;without_pattern&#8221; el_class=&#8221;main-row&#8221; z_index=&#8221;&#8221; css=&#8221;.vc_custom_1746750096216{padding-top: 120px !important;}&#8221;][vc_column width=&#8221;1\/6&#8243;][\/vc_column][vc_column width=&#8221;2\/3&#8243; el_class=&#8221;center-column&#8221;][vc_column_text]<\/p>\n<h1>Wykorzystanie elastomer\u00f3w o niskim wsp\u00f3\u0142czynniku kszta\u0142tu<\/h1>\n<p>&nbsp;<\/p>\n<p>Wiskoelastyczne polimery lub elastomery s\u0105 szeroko stosowane w aplikacjach kontroli drga\u0144 ze wzgl\u0119du na ich wysok\u0105 zdolno\u015b\u0107 t\u0142umienia. Elastomery mog\u0105 r\u00f3wnie\u017c skutecznie izolowa\u0107 drgania o niskiej cz\u0119stotliwo\u015bci, poniewa\u017c s\u0105 formowane w okre\u015blone kszta\u0142ty. Wsp\u00f3\u0142czynnik kszta\u0142tu to termin artystyczny stosowany do ilo\u015bciowego okre\u015blenia w\u0142a\u015bciwo\u015bci izolacyjnych danego kszta\u0142tu elastomeru. Wynika z tego, \u017ce im ni\u017cszy jest wsp\u00f3\u0142czynnik kszta\u0142tu, tym ni\u017csza jest potencjalna cz\u0119stotliwo\u015b\u0107 rezonansowa. Niska cz\u0119stotliwo\u015b\u0107 rezonansowa zwykle zapewnia szerokie pasmo izolacji drga\u0144. Jest to spowodowane izolacj\u0105 cz\u0119stotliwo\u015bci drga\u0144 powy\u017cej cz\u0119stotliwo\u015bci rezonansowej.     <\/p>\n<p>&nbsp;<\/p>\n<p>Dla wi\u0119kszo\u015bci popularnych kszta\u0142t\u00f3w wsp\u00f3\u0142czynnik kszta\u0142tu jest zwykle definiowany jako:[\/vc_column_text][vc_column_text el_class=&#8221;formula&#8221;]<\/p>\n<blockquote>\n<div style=\"float: left; padding-top: 0.5em; padding-right: 0.5em;\">Wsp\u00f3\u0142czynnik kszta\u0142tu =<\/div>\n<div style=\"float: left; text-align: center;\">\n<div style=\"border-bottom: 2px solid black;\">\u015arednia powierzchnia obci\u0105\u017cona<\/div>\n<div>Powierzchnia wypuk\u0142o\u015bci<\/div>\n<\/div>\n<\/blockquote>\n<p>[\/vc_column_text][vc_column_text el_class=&#8221;section-row&#8221;]\u015arednia powierzchnia \u0142adunku jest \u015bredni\u0105 g\u00f3rnej i dolnej powierzchni podtrzymuj\u0105cej \u0142adunek. Powierzchnia wybrzuszenia to powierzchnia, kt\u00f3ra mo\u017ce wybrzuszy\u0107 si\u0119 prostopadle do obci\u0105\u017cenia. <\/p>\n<p>&nbsp;<\/p>\n<p>Stabilno\u015b\u0107 elastomeru mo\u017ce by\u0107 zagro\u017cona poni\u017cej pewnego wsp\u00f3\u0142czynnika kszta\u0142tu, poniewa\u017c materia\u0142 staje si\u0119 coraz wy\u017cszy i coraz w\u0119\u017cszy. Niekt\u00f3rzy producenci elastomer\u00f3w zalecaj\u0105 utrzymanie wsp\u00f3\u0142czynnika kszta\u0142tu powy\u017cej 0,3, aby zapobiec wyboczeniu &#8211; problemowi, kt\u00f3ry mo\u017ce spowodowa\u0107 przewr\u00f3cenie si\u0119 podtrzymywanego sprz\u0119tu. <\/p>\n<p>&nbsp;<\/p>\n<p>Podczas projektowania <a href=\"https:\/\/www.carbide.audio\/product\/viscoring\/\">ViscoRing\u2122<\/a> elastomer wykorzystany w <a href=\"https:\/\/www.carbide.audio\/carbide-base\/\"><em>Carbide Base<\/em><\/a> zaplanowano wsp\u00f3\u0142czynnik kszta\u0142tu wynosz\u0105cy 0,17. Zosta\u0142o to wybrane w celu przesuni\u0119cia cz\u0119stotliwo\u015bci rezonansowej na tyle nisko, aby najni\u017csze s\u0142yszalne cz\u0119stotliwo\u015bci mog\u0142y by\u0107 skutecznie izolowane.[\/vc_column_text][vc_column_text el_class=&#8221;section-row&#8221;]<\/p>\n<h2>Poprawa stabilno\u015bci<\/h2>\n<p>Eksperyment zosta\u0142 przeprowadzony w celu przetestowania zdolno\u015bci ViscoRing\u2122 do pionowego podtrzymywania obci\u0105\u017cenia i unikni\u0119cia wyboczenia. Eksperyment polega\u0142 na stopniowym przyk\u0142adaniu ci\u0119\u017caru i mierzeniu pionowego odkszta\u0142cenia materia\u0142u. Obci\u0105\u017cniki by\u0142y nak\u0142adane na urz\u0105dzenie Medium ViscoRing\u2122 w odst\u0119pach co 1,13 kg (2,5 funta) w \u015brodowisku o temperaturze pokojowej. Pionowa odleg\u0142o\u015b\u0107 odkszta\u0142cenia zosta\u0142a wykre\u015blona w postaci przedstawionej krzywej napr\u0119\u017cenie-odkszta\u0142cenie. O\u015b y przedstawia napr\u0119\u017cenie lub przy\u0142o\u017cony ci\u0119\u017car, a o\u015b x przedstawia odkszta\u0142cenie lub deformacj\u0119 pionow\u0105 spowodowan\u0105 przy\u0142o\u017ceniem ci\u0119\u017caru.[\/vc_column_text][vc_row_inner row_type=&#8221;row&#8221; type=&#8221;full_width&#8221; text_align=&#8221;left&#8221; css_animation=&#8221;&#8221; el_class=&#8221;section-row&#8221;][vc_column_inner offset=&#8221;vc_col-lg-6 vc_col-md-6 vc_col-xs-12&#8243;][vc_single_image image=&#8221;13311&#8243; img_size=&#8221;full&#8221; alignment=&#8221;center&#8221; qode_css_animation=&#8221;&#8221; el_class=&#8221;img-1000&#8243;][\/vc_column_inner][vc_column_inner offset=&#8221;vc_col-lg-6 vc_col-md-6 vc_col-xs-12&#8243;][vc_single_image image=&#8221;13321&#8243; img_size=&#8221;full&#8221; alignment=&#8221;center&#8221; qode_css_animation=&#8221;&#8221; el_class=&#8221;img-1000&#8243;][\/vc_column_inner][\/vc_row_inner][vc_column_text el_class=&#8221;section-row&#8221;]<span style=\"color: #fd6565;\">Czerwona<\/span> krzywa przedstawia sam\u0105 stron\u0119 ViscoRing\u2122 bez obudowy. Mo\u017cna zauwa\u017cy\u0107, \u017ce wkr\u00f3tce po pierwszym przy\u0142o\u017ceniu ci\u0119\u017caru, materia\u0142 zacz\u0105\u0142 si\u0119 wygina\u0107 i znacznie odkszta\u0142ca\u0107 pod wp\u0142ywem obci\u0105\u017cenia. Materia\u0142 s\u0142abo radzi\u0142 sobie z utrzymaniem nawet niewielkiej masy, czego mo\u017cna si\u0119 by\u0142o spodziewa\u0107, bior\u0105c pod uwag\u0119 wyj\u0105tkowo niski wsp\u00f3\u0142czynnik kszta\u0142tu.<\/p>\n<p>&nbsp;<\/p>\n<p>Aby poprawi\u0107 stabilno\u015b\u0107 ViscoRing\u2122, zaprojektowano dla niego obudow\u0119 w g\u00f3rnej cz\u0119\u015bci stopki, jak pokazano na powy\u017cszej uproszczonej grafice. <em>Carbide Base<\/em> stopki, jak pokazano na powy\u017cszym uproszczonym rysunku. Na obwodzie strony ViscoRing\u2122 w r\u00f3\u017cnych odst\u0119pach dodano wypuk\u0142o\u015bci, aby j\u0105 usztywni\u0107 i zapobiec wyboczeniu. Grzbiety zosta\u0142y rozmieszczone w r\u00f3\u017cnych odleg\u0142o\u015bciach od zewn\u0119trznej strony ViscoRing\u2122.   Uwolni\u0142o to znaczn\u0105 powierzchni\u0119 do wybrzuszenia na zewn\u0105trz, zachowuj\u0105c w ten spos\u00f3b wiele korzy\u015bci p\u0142yn\u0105cych z niskiego wsp\u00f3\u0142czynnika kszta\u0142tu.<\/p>\n<p>&nbsp;<\/p>\n<p>Gdy strona ViscoRing\u2122 wybrzusza\u0142a si\u0119 na zewn\u0105trz, coraz wi\u0119kszy procent wybrzuszonej powierzchni styka\u0142 si\u0119 z nachylonymi grzbietami. Ten wzrost wsp\u00f3\u0142czynnika kszta\u0142tu wraz ze wzrostem masy \u0142adunku da\u0142 bardziej sp\u00f3jn\u0105 cz\u0119stotliwo\u015b\u0107 rezonansow\u0105 w szerszym zakresie mas \u0142adunku. Innymi s\u0142owy, wydajno\u015b\u0107 izolacji <em>Carbide Base<\/em> sta\u0142a si\u0119 bardziej sta\u0142a przy r\u00f3\u017cnych masach \u0142adunku dzi\u0119ki progresywnemu projektowi wsp\u00f3\u0142czynnika kszta\u0142tu.  <\/p>\n<p>&nbsp;<\/p>\n<p><span style=\"color: #6496f9;\">Niebieska<\/span> krzywa pokazuje t\u0119 sam\u0105 stron\u0119 ViscoRing\u2122 umieszczon\u0105 w obudowie g\u00f3rnej cz\u0119\u015bci stopki. <em>Carbide Base<\/em> stopki. Zaobserwowano wzgl\u0119dnie liniowy wzrost odkszta\u0142cenia pionowego wraz z obci\u0105\u017ceniem. Materia\u0142 nie wygina\u0142 si\u0119 zgodnie z za\u0142o\u017ceniami. Sztywno\u015b\u0107 materia\u0142u w ko\u0144cu stopniowo wzrasta wraz ze wzrostem napr\u0119\u017cenia, poniewa\u017c coraz wi\u0119ksza cz\u0119\u015b\u0107 nieobci\u0105\u017conej powierzchni jest usztywniona. Dzi\u0119ki temu po\u017c\u0105dane jest zwi\u0119kszenie maksymalnej no\u015bno\u015bci materia\u0142u.<\/p>\n<p>&nbsp;<\/p>\n<p>Elastomer\u00f3w nie da si\u0119 sprasowa\u0107 do mniejszej obj\u0119to\u015bci. Dlatego elastomery musz\u0105 mie\u0107 mo\u017cliwo\u015b\u0107 wybrzuszania si\u0119 na zewn\u0105trz, aby odkszta\u0142ca\u0107 si\u0119 pod wp\u0142ywem obci\u0105\u017cenia. Selektywnie usztywniona strona ViscoRing\u2122 nie wykaza\u0142a nag\u0142ego wzrostu nachylenia lub sztywno\u015bci, co mia\u0142oby miejsce, gdyby materia\u0142 by\u0142 zabezpieczony przed dalszym wybrzuszaniem. Niska sztywno\u015b\u0107 lub wsp\u00f3\u0142czynnik spr\u0119\u017cysto\u015bci s\u0105 wa\u017cne dla osi\u0105gni\u0119cia niskiej cz\u0119stotliwo\u015bci rezonansowej w przypadku uk\u0142adu spr\u0119\u017cyna-masa, takiego jak ten.[\/vc_column_text][vc_column_text]<\/p>\n<h2>Poprawa izolacji poziomej<\/h2>\n<p>Po sukcesie w wykorzystaniu elastomeru o niskim wsp\u00f3\u0142czynniku kszta\u0142tu do izolacji pionowej, po\u017c\u0105dane by\u0142o uzyskanie podobnych korzy\u015bci w przypadku izolacji poziomej. W celu dalszej poprawy parametr\u00f3w izolacji poziomej zastosowano poziomo zorientowane elastomery o niskim wsp\u00f3\u0142czynniku kszta\u0142tu oraz \u0142o\u017cyska kulkowe. <\/p>\n<p>&nbsp;<\/p>\n<p>Wykorzystanie \u0142o\u017cysk kulkowych do zapewnienia izolacji poziomej jest dobrze znan\u0105 koncepcj\u0105. Wiele konstrukcji umieszcza \u0142o\u017cyska kulkowe pomi\u0119dzy zakrzywionymi bie\u017cniami \u0142o\u017cysk<a class=\"cite-style\" href=\"#cite-2-1\">[1]<\/a>. <\/p>\n<p>&nbsp;<\/p>\n<p>Konstrukcja opracowana dla dolnej cz\u0119\u015bci <em>Carbide Base<\/em> by\u0142a inna, a bie\u017cnie \u0142o\u017cysk by\u0142y p\u0142askie, a nie zakrzywione. Poziomo u\u0142o\u017cone elastomery dzia\u0142a\u0142y jak silnie t\u0142umione spr\u0119\u017cyny, utrzymuj\u0105c urz\u0105dzenie w centralnym po\u0142o\u017ceniu w odpowiedzi na drgania. Aby zminimalizowa\u0107 odkszta\u0142cenia i opory toczenia, na \u0142o\u017cyska wybrano tlenek cyrkonu, a na bie\u017cnie \u0142o\u017cysk &#8211; polerowan\u0105, hartowan\u0105 stal spr\u0119\u017cynow\u0105.[\/vc_column_text][vc_single_image image=&#8221;13375&#8243; img_size=&#8221;full&#8221; alignment=&#8221;center&#8221; qode_css_animation=&#8221;&#8221; el_class=&#8221;img-800 section-row&#8221;][vc_row_inner row_type=&#8221;row&#8221; type=&#8221;full_width&#8221; text_align=&#8221;left&#8221; css_animation=&#8221;&#8221; el_class=&#8221;section-row&#8221;][vc_column_inner offset=&#8221;vc_col-lg-3 vc_col-md-3 vc_col-xs-12&#8243;][vc_single_image image=&#8221;13341&#8243; img_size=&#8221;full&#8221; alignment=&#8221;center&#8221; onclick=&#8221;link_image&#8221; qode_css_animation=&#8221;&#8221; el_class=&#8221;img-borders&#8221;][vc_column_text]<\/p>\n<h3 style=\"text-align: center;\">Pr\u00f3ba wibracyjna<\/h3>\n<p>[\/vc_column_text][\/vc_column_inner][vc_column_inner offset=&#8221;vc_col-lg-9 vc_col-md-9 vc_col-xs-12&#8243;][vc_column_text]<\/p>\n<h2>Pomiar izolacyjno\u015bci poziomej<\/h2>\n<p>Aby oceni\u0107 popraw\u0119 izolacji poziomej, przeprowadzono kolejny eksperyment. Celem eksperymentu by\u0142o ilo\u015bciowe okre\u015blenie poprawy izolacji poziomej, jak\u0105 zapewni\u0142o dodanie \u0142o\u017cysk kulkowych i poziomo zorientowanych elastomer\u00f3w. <\/p>\n<p>&nbsp;<\/p>\n<p>Do wytworzenia drga\u0144 w eksperymencie u\u017cyto elektromagnetycznego sto\u0142u wibracyjnego. St\u00f3\u0142 by\u0142 sterowany cyfrowo za pomoc\u0105 ekranu dotykowego i pokr\u0119te\u0142 pod\u0142\u0105czonych do nap\u0119d\u00f3w o zmiennej cz\u0119stotliwo\u015bci (VFD). Wykorzystano je do precyzyjnej modulacji amplitudy i cz\u0119stotliwo\u015bci drga\u0144 powierzchni sto\u0142u.  <\/p>\n<p>&nbsp;<\/p>\n<p>Cztery <em>Carbide Base<\/em> Na stole wibracyjnym umieszczono cztery stopy z zainstalowan\u0105 aplikacj\u0105 Medium ViscoRings\u2122. Nast\u0119pnie na szczycie st\u00f3p przykr\u0119cono obci\u0105\u017con\u0105 p\u0142yt\u0119 aluminiow\u0105 o \u0142\u0105cznej masie oko\u0142o 45 kg (100 funt\u00f3w). Do pomiaru drga\u0144 zastosowano dwa czujniki akcelerometryczne ACH-01 firmy Measurement Specialties. Pierwszy czujnik zosta\u0142 przymocowany za pomoc\u0105 ta\u015bmy dwustronnej do przedniej kraw\u0119dzi sto\u0142u wibracyjnego. Drugi czujnik zosta\u0142 w podobny spos\u00f3b przymocowany do przedniej kraw\u0119dzi p\u0142yty aluminiowej. Dane wyj\u015bciowe z obu czujnik\u00f3w zosta\u0142y zarejestrowane w celu okre\u015blenia przyspieszenia odczuwanego przez st\u00f3\u0142 i aluminiow\u0105 p\u0142yt\u0119.[\/vc_column_text][\/vc_column_inner][\/vc_row_inner][vc_column_text el_class=&#8221;section-row&#8221;]<\/p>\n<h3>Wykres izolowania poziomego<\/h3>\n<p>Cz\u0119stotliwo\u015b\u0107 drga\u0144 do przodu i do ty\u0142u (o\u015b Y) ustawiono w krokach co 10 Hz od 10 Hz do 300 Hz. Napi\u0119cie wyj\u015bciowe obu czujnik\u00f3w zosta\u0142o wykre\u015blone w ka\u017cdym interwale. Amplituda sto\u0142u by\u0142a regulowana tak, aby st\u00f3\u0142 oscylowa\u0142 sinusoidalnie z przyspieszeniem oko\u0142o 4 <span style=\"vertical-align: super; font-size: 12px;\">m\/s2<\/span>.  <\/p>\n<p>&nbsp;<\/p>\n<p>Odejmuj\u0105c moc wyj\u015bciow\u0105 czujnik\u00f3w, otrzymano transmisj\u0119 drga\u0144 przez stopki. <em>Carbide Base<\/em> stopki. Warto\u015bci dodatnie wskazywa\u0142y na wzmocnienie drga\u0144 przez urz\u0105dzenie. By\u0142o to oczekiwane przy cz\u0119stotliwo\u015bciach drga\u0144 zbli\u017conych do cz\u0119stotliwo\u015bci rezonansowej urz\u0105dzenia. Warto\u015bci ujemne oznaczaj\u0105 zmniejszenie drga\u0144 wytwarzanych przez st\u00f3\u0142. Innymi s\u0142owy, izolacja drga\u0144, kt\u00f3ra by\u0142a po\u017c\u0105dana. Im bardziej ujemna jest ta warto\u015b\u0107, tym wi\u0119ksza jest izolacja.     <\/p>\n<p>&nbsp;<\/p>\n<p><span style=\"color: #fd6565;\">Czerwona<\/span> linia pokazuje pomiary wykonane <em>Carbide Base<\/em> pomini\u0119to \u0142o\u017cyska kulkowe i poziomo u\u0142o\u017cone elastomery. Tylko elastomer ViscoRing\u2122 zapewnia\u0142 izolacj\u0119.  Linia <span style=\"color: #6496f9;\">niebieska<\/span> przedstawia pomiary wykonane z za\u0142o\u017conymi \u0142o\u017cyskami i elastomerami poziomymi. Zastosowanie \u0142o\u017cysk kulkowych i elastomer\u00f3w poziomych znacznie poprawi\u0142o parametry izolacji poziomej. Zmniejszenie amplitudy drga\u0144 by\u0142o szczeg\u00f3lnie wyra\u017ane w okolicy cz\u0119stotliwo\u015bci rezonansowej, co wskazuje na wy\u017cszy poziom t\u0142umienia.[\/vc_column_text][vc_single_image image=&#8221;13362&#8243; img_size=&#8221;full&#8221; alignment=&#8221;center&#8221; qode_css_animation=&#8221;&#8221; el_class=&#8221;img-1200 section-row&#8221;][vc_column_text el_class=&#8221;section-row&#8221;]<\/p>\n<h2>Wniosek<\/h2>\n<p>Kilka cech konstrukcyjnych zosta\u0142o w\u0142\u0105czonych do <em>Carbide Base<\/em> aby niezawodnie wykorzysta\u0107 elastomery o niskim wsp\u00f3\u0142czynniku kszta\u0142tu do izolacji drga\u0144. Elastomery formowane we wsp\u00f3\u0142czynnikach kszta\u0142tu, kt\u00f3re wcze\u015bniej uwa\u017cano za zbyt niestabilne, sta\u0142y si\u0119 wystarczaj\u0105co stabilne dzi\u0119ki specjalnie zaprojektowanej obudowie. Dodatkowe po\u0142\u0105czenie \u0142o\u017cysk i poziomo zorientowanych elastomer\u00f3w jeszcze bardziej poprawi\u0142o izolacj\u0119 poziom\u0105. Te nowatorskie cechy zosta\u0142y p\u00f3\u017aniej uwzgl\u0119dnione w zg\u0142oszeniu patentowym.[\/vc_column_text][vc_column_text]<\/p>\n<h3>Referencje<\/h3>\n<p><cite id=\"cite-2-1\">[1] Kemeny, Zoltan A. &#8222;Mechaniczny filtr sygna\u0142owy&#8221;.<br \/>\nUS 6520283 B2, Urz\u0105d Patent\u00f3w i Znak\u00f3w Towarowych Stan\u00f3w Zjednoczonych, 18 lutego 2003 r.<br \/>\nPatenty Google, <a href=\"https:\/\/patents.google.com\/patent\/US6520283B2\">https:\/\/patents.google.com\/patent\/US6520283B2<\/a>  <\/cite>[\/vc_column_text][\/vc_column][vc_column width=&#8221;1\/6&#8243;][\/vc_column][\/vc_row][vc_row css_animation=&#8221;&#8221; row_type=&#8221;row&#8221; use_row_as_full_screen_section=&#8221;no&#8221; type=&#8221;full_width&#8221; angled_section=&#8221;no&#8221; text_align=&#8221;left&#8221; background_image_as_pattern=&#8221;without_pattern&#8221;][vc_column el_class=&#8221;lower-angle-polygon&#8221;][vc_raw_html]PHN2ZyB2aWV3Ym94PSIwIDAgMTAwIDYiIGNsYXNzPSJzbW9vdGgtYWxsIiBzdHlsZT0iIj4KICAgICAgICA8cG9seWdvbiBwb2ludHM9IjAsMyAwLDAgMTAwLDAgMTAwLDIgNzAsMSIgc3R5bGU9ImZpbGw6ICNmZmZmZmY7Ii8+CiAgICAgICAgPHBvbHlnb24gcG9pbnRzPSIwLDUgMCwwIDEwMCwwIDEwMCw0IDY5LDEuNSIgc3R5bGU9ImZpbGw6ICNmZmZmZmY4ZjsiLz4KPC9zdmc+[\/vc_raw_html][\/vc_column][\/vc_row]<\/p>\n<\/div>","protected":false},"excerpt":{"rendered":"<p>[vc_row css_animation=&#8221;&#8221; row_type=&#8221;row&#8221; use_row_as_full_screen_section=&#8221;no&#8221; type=&#8221;full_width&#8221; angled_section=&#8221;no&#8221; text_align=&#8221;left&#8221; background_image_as_pattern=&#8221;without_pattern&#8221;][vc_column el_class=&#8221;lower-angle-polygon&#8221;][vc_raw_html css=&#8221;&#8221;]PHN2ZyB2aWV3Ym94PSIwIDAgMTAwIDYiIGNsYXNzPSJzbW9vdGgtYWxsIiBzdHlsZT0iIj4KICAgICAgICAgICAgPHBvbHlnb24gcG9pbnRzPSIwLDUgMCwwIDEwMCwwIDEwMCw0IDY5LDEuNSIgc3R5bGU9ImZpbGw6ICM0MTQxNDE4ZjsiLz4KICAgICAgICAgICAgPHBvbHlnb24gcG9pbnRzPSIwLDMgMCwwIDEwMCwwIDEwMCwyIDcwLDEiIHN0eWxlPSJmaWxsOiAjNDE0MTQxOyIvPiAgCjwvc3ZnPg==[\/vc_raw_html][\/vc_column][\/vc_row][vc_row css_animation=&#8221;&#8221; row_type=&#8221;row&#8221; use_row_as_full_screen_section=&#8221;no&#8221; type=&#8221;full_width&#8221; angled_section=&#8221;no&#8221; text_align=&#8221;left&#8221; background_image_as_pattern=&#8221;without_pattern&#8221; el_class=&#8221;main-row&#8221; z_index=&#8221;&#8221; css=&#8221;.vc_custom_1746750096216{padding-top: 120px !important;}&#8221;][vc_column width=&#8221;1\/6&#8243;][\/vc_column][vc_column width=&#8221;2\/3&#8243; el_class=&#8221;center-column&#8221;][vc_column_text] Wykorzystanie elastomer\u00f3w o niskim wsp\u00f3\u0142czynniku kszta\u0142tu &nbsp; Wiskoelastyczne polimery lub elastomery s\u0105 szeroko stosowane w aplikacjach kontroli drga\u0144 ze wzgl\u0119du&#8230;<\/p>\n","protected":false},"author":1,"featured_media":0,"parent":6882,"menu_order":0,"comment_status":"closed","ping_status":"closed","template":"","meta":{"editor_plus_copied_stylings":"{}","_monsterinsights_skip_tracking":false,"_monsterinsights_sitenote_active":false,"_monsterinsights_sitenote_note":"","_monsterinsights_sitenote_category":0,"footnotes":""},"class_list":["post-19208","page","type-page","status-publish","hentry"],"aioseo_notices":[],"_links":{"self":[{"href":"https:\/\/carbide.audio\/pl\/wp-json\/wp\/v2\/pages\/19208","targetHints":{"allow":["GET"]}}],"collection":[{"href":"https:\/\/carbide.audio\/pl\/wp-json\/wp\/v2\/pages"}],"about":[{"href":"https:\/\/carbide.audio\/pl\/wp-json\/wp\/v2\/types\/page"}],"author":[{"embeddable":true,"href":"https:\/\/carbide.audio\/pl\/wp-json\/wp\/v2\/users\/1"}],"replies":[{"embeddable":true,"href":"https:\/\/carbide.audio\/pl\/wp-json\/wp\/v2\/comments?post=19208"}],"version-history":[{"count":0,"href":"https:\/\/carbide.audio\/pl\/wp-json\/wp\/v2\/pages\/19208\/revisions"}],"up":[{"embeddable":true,"href":"https:\/\/carbide.audio\/pl\/wp-json\/wp\/v2\/pages\/6882"}],"wp:attachment":[{"href":"https:\/\/carbide.audio\/pl\/wp-json\/wp\/v2\/media?parent=19208"}],"curies":[{"name":"wp","href":"https:\/\/api.w.org\/{rel}","templated":true}]}}