{"id":18908,"date":"2023-05-18T07:01:34","date_gmt":"2023-05-18T12:01:34","guid":{"rendered":"https:\/\/carbide.audio\/pomiary\/rozpraszanie-drgan-za-pomoca-stopek-z-carbide-base\/"},"modified":"2025-05-09T11:33:22","modified_gmt":"2025-05-09T16:33:22","slug":"rozpraszanie-drgan-za-pomoca-stopek-z-carbide-base","status":"publish","type":"page","link":"https:\/\/carbide.audio\/pl\/pomiary\/rozpraszanie-drgan-za-pomoca-stopek-z-carbide-base\/","title":{"rendered":"Rozpraszanie drga\u0144 za pomoc\u0105 stopek Carbide Bases"},"content":{"rendered":"<div class=\"wpb-content-wrapper\"><p>[vc_row css_animation=&#8221;&#8221; row_type=&#8221;row&#8221; use_row_as_full_screen_section=&#8221;no&#8221; type=&#8221;full_width&#8221; angled_section=&#8221;no&#8221; text_align=&#8221;left&#8221; background_image_as_pattern=&#8221;without_pattern&#8221;][vc_column el_class=&#8221;lower-angle-polygon&#8221;][vc_raw_html css=&#8221;&#8221;]PHN2ZyB2aWV3Ym94PSIwIDAgMTAwIDYiIGNsYXNzPSJzbW9vdGgtYWxsIiBzdHlsZT0iIj4KICAgICAgICAgICAgPHBvbHlnb24gcG9pbnRzPSIwLDUgMCwwIDEwMCwwIDEwMCw0IDY5LDEuNSIgc3R5bGU9ImZpbGw6ICM0MTQxNDE4ZjsiLz4KICAgICAgICAgICAgPHBvbHlnb24gcG9pbnRzPSIwLDMgMCwwIDEwMCwwIDEwMCwyIDcwLDEiIHN0eWxlPSJmaWxsOiAjNDE0MTQxOyIvPiAgCjwvc3ZnPg==[\/vc_raw_html][\/vc_column][\/vc_row][vc_row css_animation=&#8221;&#8221; row_type=&#8221;row&#8221; use_row_as_full_screen_section=&#8221;no&#8221; type=&#8221;full_width&#8221; angled_section=&#8221;no&#8221; text_align=&#8221;left&#8221; background_image_as_pattern=&#8221;without_pattern&#8221; z_index=&#8221;&#8221; el_class=&#8221;main-row&#8221; css=&#8221;.vc_custom_1746750016097{padding-top: 120px !important;}&#8221;][vc_column width=&#8221;1\/6&#8243;][\/vc_column][vc_column width=&#8221;2\/3&#8243; el_class=&#8221;center-column&#8221;][vc_column_text css=&#8221;.vc_custom_1684410292398{margin-bottom: 30px !important;}&#8221;]<\/p>\n<h1>Rozpraszanie drga\u0144 za pomoc\u0105 stopek Carbide Bases<\/h1>\n<p>&nbsp;<\/p>\n<p>Wiadomo, \u017ce obudowa g\u0142o\u015bnika ma znacz\u0105cy udzia\u0142 w ca\u0142kowitym promieniowaniu d\u017awi\u0119ku przy jego ni\u017cszych cz\u0119stotliwo\u015bciach rezonansowych<a class=\"cite-style\" href=\"#cite-1-1\">[1]<\/a>. Mimo, \u017ce pr\u0119dko\u015b\u0107 powierzchniowa paneli g\u0142o\u015bnika jest niewielka, panele promieniuj\u0105 ze skuteczno\u015bci\u0105 wielokrotnie wi\u0119ksz\u0105 ni\u017c przetworniki. Wynika to z du\u017cej powierzchni promieniowania paneli w stosunku do powierzchni promieniowania przetwornik\u00f3w. D\u017awi\u0119k wydobywaj\u0105cy si\u0119 z paneli obudowy mo\u017ce powodowa\u0107 s\u0142yszalne zniekszta\u0142cenia i powinien zosta\u0107 zminimalizowany. T\u0142umienie paneli obudowy jest jednym ze skutecznych sposob\u00f3w na zmniejszenie amplitudy rezonans\u00f3w<a class=\"cite-style\" href=\"#cite-1-2\">[2]<\/a>.<\/p>\n<p>&nbsp;<\/p>\n<p>Celem tego eksperymentu by\u0142o ustalenie, czy umieszczenie stopek pod g\u0142o\u015bnikiem <a href=\"https:\/\/www.carbide.audio\/product\/carbide-base\/\">Carbide Base<\/a> pod g\u0142o\u015bnikiem mo\u017ce zmniejszy\u0107 rezonanse niskiej cz\u0119stotliwo\u015bci w panelach obudowy g\u0142o\u015bnika. Redukcja rezonans\u00f3w paneli pomog\u0142aby w ilo\u015bciowym okre\u015bleniu poprawy w rozpraszaniu drga\u0144 zapewnianej przez stopki. Ta poprawa by\u0142aby por\u00f3wnywana z przypadkiem bazowym, w kt\u00f3rym obudowa g\u0142o\u015bnika stoi na stalowych kolcach pod\u0142ogowych na betonowej pod\u0142odze.[\/vc_column_text][vc_column_text]<\/p>\n<h3>G\u0142o\u015bnik testowy<\/h3>\n<p>Aby przeprowadzi\u0107 testy wibracyjne, najpierw skonstruowali\u015bmy obudow\u0119 g\u0142o\u015bnika testowego. Obudowa zosta\u0142a wykonana maszynowo z p\u0142yt polietylenowych o wysokiej g\u0119sto\u015bci (HDPE) o grubo\u015bci 25 mm (1 cal) na zewn\u0105trz i 50 mm (2 cale) na usztywnienia wewn\u0119trzne. Dwa g\u0142o\u015bniki niskotonowe Accuton AS250-6-552 o \u015brednicy 250 mm (10 cali) zamontowano po przeciwleg\u0142ych stronach obudowy. Obudowa zosta\u0142a uszczelniona o obj\u0119to\u015bci wewn\u0119trznej 129 litr\u00f3w, co daje Qtc oko\u0142o 0,64. Wewn\u0105trz obudowy nie znajdowa\u0142o si\u0119 \u017cadne wypchanie. Ca\u0142kowita masa obudowy z zamontowanymi g\u0142o\u015bnikami niskotonowymi wynosi\u0142a 83 kg (183 funty).[\/vc_column_text][vc_row_inner row_type=&#8221;row&#8221; type=&#8221;full_width&#8221; text_align=&#8221;left&#8221; css_animation=&#8221;&#8221; el_class=&#8221;section-row&#8221;][vc_column_inner offset=&#8221;vc_col-lg-4 vc_col-md-4 vc_col-xs-12&#8243;][vc_single_image image=&#8221;4139&#8243; img_size=&#8221;full&#8221; alignment=&#8221;center&#8221; onclick=&#8221;link_image&#8221; qode_css_animation=&#8221;&#8221; el_class=&#8221;img-borders&#8221;][\/vc_column_inner][vc_column_inner offset=&#8221;vc_col-lg-4 vc_col-md-4 vc_col-xs-12&#8243;][vc_single_image image=&#8221;4161&#8243; img_size=&#8221;full&#8221; alignment=&#8221;center&#8221; onclick=&#8221;link_image&#8221; qode_css_animation=&#8221;&#8221; el_class=&#8221;img-borders&#8221;][\/vc_column_inner][vc_column_inner offset=&#8221;vc_col-lg-4 vc_col-md-4 vc_col-xs-12&#8243;][vc_single_image image=&#8221;4150&#8243; img_size=&#8221;full&#8221; alignment=&#8221;center&#8221; onclick=&#8221;link_image&#8221; qode_css_animation=&#8221;&#8221; el_class=&#8221;img-borders&#8221;][\/vc_column_inner][\/vc_row_inner][vc_row_inner row_type=&#8221;row&#8221; type=&#8221;full_width&#8221; text_align=&#8221;left&#8221; css_animation=&#8221;&#8221; el_class=&#8221;section-row&#8221;][vc_column_inner offset=&#8221;vc_col-lg-3 vc_col-md-3 vc_col-xs-12&#8243;][vc_single_image image=&#8221;4117&#8243; img_size=&#8221;full&#8221; alignment=&#8221;center&#8221; onclick=&#8221;link_image&#8221; qode_css_animation=&#8221;&#8221; el_class=&#8221;img-borders&#8221;][\/vc_column_inner][vc_column_inner offset=&#8221;vc_col-lg-9 vc_col-md-9 vc_col-xs-12&#8243;][vc_column_text]<\/p>\n<h3>Pomiary rozpraszania drga\u0144<\/h3>\n<p>W naszym eksperymencie dotycz\u0105cym rozpraszania drga\u0144 pomiary zosta\u0142y wykonane na zewn\u0119trznych panelach obudowy g\u0142o\u015bnika. Pierwszy zestaw pomiar\u00f3w wykonano na \u015brodku dolnej cz\u0119\u015bci obudowy. Drugi zestaw pomiar\u00f3w wykonano na g\u00f3rnej cz\u0119\u015bci lewego panelu bocznego na wysoko\u015bci 76 cm (30 cali) nad dnem obudowy. Pomiary przeprowadzono najpierw z obudow\u0105 umieszczon\u0105 na stalowych kolcach pod\u0142ogowych bezpo\u015brednio stykaj\u0105cych si\u0119 z betonow\u0105 pod\u0142og\u0105. Ten sam pomiar zosta\u0142 nast\u0119pnie wykonany ponownie z obudow\u0105 umieszczon\u0105 na stopkach Carbide Base.    <\/p>\n<p>&nbsp;<\/p>\n<p>Do pomiaru drga\u0144 wykorzystali\u015bmy piezoelektryczny czujnik akcelerometryczny ACH-01 firmy Measurement Specialties. Czujnik zosta\u0142 przymocowany do obudowy za pomoc\u0105 ta\u015bmy dwustronnej. Sygna\u0142 sinusoidalny o cz\u0119stotliwo\u015bci od 35 Hz do 200 Hz by\u0142 odtwarzany przez g\u0142o\u015bniki niskotonowe, a wibracje panelu by\u0142y mierzone. Wygenerowano wykresy wodospadowe, aby pokaza\u0107 rozk\u0142ad amplitudy drga\u0144 w czasie.   <\/p>\n<p>&nbsp;<\/p>\n<p><span style=\"color: #6496f9;\">Niebieskie<\/span> wodospady reprezentuj\u0105 pomiary z obudow\u0105 na stopkach Carbide Base, a <span style=\"color: #fd6565;\">czerwone<\/span> wodospady reprezentuj\u0105 pomiary z obudow\u0105 na stalowych kolcach pod\u0142ogowych bezpo\u015brednio stykaj\u0105cych si\u0119 z betonow\u0105 pod\u0142og\u0105.[\/vc_column_text][\/vc_column_inner][\/vc_row_inner][vc_column_text]<\/p>\n<h3 style=\"text-align: center;\">Panel dolny<\/h3>\n<p>[\/vc_column_text][vc_row_inner row_type=&#8221;row&#8221; type=&#8221;full_width&#8221; text_align=&#8221;left&#8221; css_animation=&#8221;&#8221; el_class=&#8221;section-row&#8221;][vc_column_inner offset=&#8221;vc_col-lg-6 vc_col-md-6 vc_col-xs-12&#8243;][vc_single_image image=&#8221;4183&#8243; img_size=&#8221;full&#8221; alignment=&#8221;center&#8221; qode_css_animation=&#8221;&#8221;][vc_column_text]<\/p>\n<h6 style=\"text-align: center;\">Na kolcach pod\u0142ogowych<\/h6>\n<p>[\/vc_column_text][\/vc_column_inner][vc_column_inner offset=&#8221;vc_col-lg-6 vc_col-md-6 vc_col-xs-12&#8243;][vc_single_image image=&#8221;4194&#8243; img_size=&#8221;full&#8221; alignment=&#8221;center&#8221; qode_css_animation=&#8221;&#8221;][vc_column_text]<\/p>\n<h6 style=\"text-align: center;\">Na stronie Carbide Base Stopki<\/h6>\n<p>[\/vc_column_text][\/vc_column_inner][\/vc_row_inner][vc_column_text]<\/p>\n<h3 style=\"text-align: center;\">G\u00f3rny panel boczny<\/h3>\n<p>[\/vc_column_text][vc_row_inner row_type=&#8221;row&#8221; type=&#8221;full_width&#8221; text_align=&#8221;left&#8221; css_animation=&#8221;&#8221; el_class=&#8221;section-row&#8221;][vc_column_inner offset=&#8221;vc_col-lg-6 vc_col-md-6 vc_col-xs-12&#8243;][vc_single_image image=&#8221;4205&#8243; img_size=&#8221;full&#8221; alignment=&#8221;center&#8221; qode_css_animation=&#8221;&#8221;][vc_column_text]<\/p>\n<h6 style=\"text-align: center;\">Na kolcach pod\u0142ogowych<\/h6>\n<p>[\/vc_column_text][\/vc_column_inner][vc_column_inner offset=&#8221;vc_col-lg-6 vc_col-md-6 vc_col-xs-12&#8243;][vc_single_image image=&#8221;4216&#8243; img_size=&#8221;full&#8221; alignment=&#8221;center&#8221; qode_css_animation=&#8221;&#8221;][vc_column_text]<\/p>\n<h6 style=\"text-align: center;\">Na stronie Carbide Base Stopki<\/h6>\n<p>[\/vc_column_text][\/vc_column_inner][\/vc_row_inner][vc_column_text el_class=&#8221;section-row&#8221;]<\/p>\n<h3>Wniosek<\/h3>\n<p>Pomiary potwierdzi\u0142y, \u017ce rezonanse o niskiej cz\u0119stotliwo\u015bci w panelach naszej testowej obudowy g\u0142o\u015bnika zosta\u0142y st\u0142umione, gdy g\u0142o\u015bnik zosta\u0142 umieszczony na stopkach Carbide Base zamiast na kolcach pod\u0142ogowych. Ten efekt t\u0142umienia wyst\u0119powa\u0142 nie tylko lokalnie w pobli\u017cu styku z coko\u0142ami, ale r\u00f3wnie\u017c w miejscu znajduj\u0105cym si\u0119 w pobli\u017cu przeciwleg\u0142ego ko\u0144ca obudowy. Amplituda i czas zaniku wi\u0119kszo\u015bci rezonans\u00f3w obecnych w obu panelach zosta\u0142y zmniejszone, gdy g\u0142o\u015bnik znajdowa\u0142 si\u0119 na stopkach Carbide Base. Wyj\u0105tkiem by\u0142 rezonans w okolicy 150 Hz, w kt\u00f3rym nast\u0105pi\u0142 spadek amplitudy i pocz\u0105tkowo szybszy zanik, a nast\u0119pnie niewielkie wyd\u0142u\u017cenie czasu zaniku poni\u017cej -40 dBFS. W zakresie najni\u017cszych cz\u0119stotliwo\u015bci, gdzie rezonanse obudowy s\u0105 najbardziej s\u0142yszalne, amplituda drga\u0144 zosta\u0142a zredukowana w niekt\u00f3rych przypadkach o ponad 80%.[\/vc_column_text][vc_column_text]<\/p>\n<h3>Referencje<\/h3>\n<p><cite id=\"cite-1-1\">[1] Bastyr, K. J., &amp; Capone, D. E. (2003). <a href=\"https:\/\/www.aes.org\/e-lib\/browse.cfm?elib=12234\">O promieniowaniu akustycznym z obudowy g\u0142o\u015bnika<\/a>. <em>AES: Journal of the Audio Engineering Society<\/em>, <em>51<\/em>(4), 234-243.<\/cite><\/p>\n<p>&nbsp;<\/p>\n<p><cite id=\"cite-1-2\">[2] Juha Backman, <a href=\"https:\/\/secure.aes.org\/forum\/pubs\/conventions\/?elib=7384\">Effect of panel damping on loudspeaker en vibration<\/a>, 1996, Nokia Mobile Phones, Finland.<\/cite>[\/vc_column_text][\/vc_column][vc_column width=&#8221;1\/6&#8243;][\/vc_column][\/vc_row][vc_row css_animation=&#8221;&#8221; row_type=&#8221;row&#8221; use_row_as_full_screen_section=&#8221;no&#8221; type=&#8221;full_width&#8221; angled_section=&#8221;no&#8221; text_align=&#8221;left&#8221; background_image_as_pattern=&#8221;without_pattern&#8221;][vc_column el_class=&#8221;lower-angle-polygon&#8221;][vc_raw_html]PHN2ZyB2aWV3Ym94PSIwIDAgMTAwIDYiIGNsYXNzPSJzbW9vdGgtYWxsIiBzdHlsZT0iIj4KICAgICAgICA8cG9seWdvbiBwb2ludHM9IjAsMyAwLDAgMTAwLDAgMTAwLDIgNzAsMSIgc3R5bGU9ImZpbGw6ICNmZmZmZmY7Ii8+CiAgICAgICAgPHBvbHlnb24gcG9pbnRzPSIwLDUgMCwwIDEwMCwwIDEwMCw0IDY5LDEuNSIgc3R5bGU9ImZpbGw6ICNmZmZmZmY4ZjsiLz4KPC9zdmc+[\/vc_raw_html][\/vc_column][\/vc_row]<\/p>\n<\/div>","protected":false},"excerpt":{"rendered":"<p>[vc_row css_animation=&#8221;&#8221; row_type=&#8221;row&#8221; use_row_as_full_screen_section=&#8221;no&#8221; type=&#8221;full_width&#8221; angled_section=&#8221;no&#8221; text_align=&#8221;left&#8221; background_image_as_pattern=&#8221;without_pattern&#8221;][vc_column el_class=&#8221;lower-angle-polygon&#8221;][vc_raw_html css=&#8221;&#8221;]PHN2ZyB2aWV3Ym94PSIwIDAgMTAwIDYiIGNsYXNzPSJzbW9vdGgtYWxsIiBzdHlsZT0iIj4KICAgICAgICAgICAgPHBvbHlnb24gcG9pbnRzPSIwLDUgMCwwIDEwMCwwIDEwMCw0IDY5LDEuNSIgc3R5bGU9ImZpbGw6ICM0MTQxNDE4ZjsiLz4KICAgICAgICAgICAgPHBvbHlnb24gcG9pbnRzPSIwLDMgMCwwIDEwMCwwIDEwMCwyIDcwLDEiIHN0eWxlPSJmaWxsOiAjNDE0MTQxOyIvPiAgCjwvc3ZnPg==[\/vc_raw_html][\/vc_column][\/vc_row][vc_row css_animation=&#8221;&#8221; row_type=&#8221;row&#8221; use_row_as_full_screen_section=&#8221;no&#8221; type=&#8221;full_width&#8221; angled_section=&#8221;no&#8221; text_align=&#8221;left&#8221; background_image_as_pattern=&#8221;without_pattern&#8221; z_index=&#8221;&#8221; el_class=&#8221;main-row&#8221; css=&#8221;.vc_custom_1746750016097{padding-top: 120px !important;}&#8221;][vc_column width=&#8221;1\/6&#8243;][\/vc_column][vc_column width=&#8221;2\/3&#8243; el_class=&#8221;center-column&#8221;][vc_column_text css=&#8221;.vc_custom_1684410292398{margin-bottom: 30px !important;}&#8221;] Rozpraszanie drga\u0144 za pomoc\u0105 stopek Carbide Bases &nbsp; Wiadomo, \u017ce obudowa g\u0142o\u015bnika ma znacz\u0105cy udzia\u0142 w ca\u0142kowitym&#8230;<\/p>\n","protected":false},"author":1,"featured_media":0,"parent":6882,"menu_order":0,"comment_status":"closed","ping_status":"closed","template":"","meta":{"editor_plus_copied_stylings":"{}","_monsterinsights_skip_tracking":false,"_monsterinsights_sitenote_active":false,"_monsterinsights_sitenote_note":"","_monsterinsights_sitenote_category":0,"footnotes":""},"class_list":["post-18908","page","type-page","status-publish","hentry"],"aioseo_notices":[],"_links":{"self":[{"href":"https:\/\/carbide.audio\/pl\/wp-json\/wp\/v2\/pages\/18908","targetHints":{"allow":["GET"]}}],"collection":[{"href":"https:\/\/carbide.audio\/pl\/wp-json\/wp\/v2\/pages"}],"about":[{"href":"https:\/\/carbide.audio\/pl\/wp-json\/wp\/v2\/types\/page"}],"author":[{"embeddable":true,"href":"https:\/\/carbide.audio\/pl\/wp-json\/wp\/v2\/users\/1"}],"replies":[{"embeddable":true,"href":"https:\/\/carbide.audio\/pl\/wp-json\/wp\/v2\/comments?post=18908"}],"version-history":[{"count":0,"href":"https:\/\/carbide.audio\/pl\/wp-json\/wp\/v2\/pages\/18908\/revisions"}],"up":[{"embeddable":true,"href":"https:\/\/carbide.audio\/pl\/wp-json\/wp\/v2\/pages\/6882"}],"wp:attachment":[{"href":"https:\/\/carbide.audio\/pl\/wp-json\/wp\/v2\/media?parent=18908"}],"curies":[{"name":"wp","href":"https:\/\/api.w.org\/{rel}","templated":true}]}}