{"id":47617,"date":"2025-10-15T17:14:24","date_gmt":"2025-10-15T22:14:24","guid":{"rendered":"https:\/\/carbide.audio\/product\/tappetini\/"},"modified":"2025-10-16T19:30:42","modified_gmt":"2025-10-17T00:30:42","slug":"tappetini","status":"publish","type":"product","link":"https:\/\/carbide.audio\/it\/prodotto\/tappetini\/","title":{"rendered":"Tappetini"},"content":{"rendered":"<p>I materassini Picawood e TwinDamp\u2122 possono essere utilizzati sopra o sotto i nostri piedistalli.<\/p>\n","protected":false},"excerpt":{"rendered":"<p>Cuscinetti da utilizzare con i nostri piedini audio. I cuscinetti funzionano in modo simile alle nostre punte opzionali, ma hanno un&#8217;estremit\u00e0 smussata per evitare di incidere la superficie di supporto o l&#8217;apparecchiatura. <\/p>\n<p>&nbsp;<\/p>\n<p>Il Picawood Pad si avvita nella parte superiore dei nostri piedini per fornire uno spazio extra per le sporgenze sul lato inferiore dell&#8217;apparecchiatura, come i bulloni. Il Picawood \u00e8 composto da strati sottili di betulla compressi tra strati di resina. Il risultato \u00e8 un materiale duro con eccellenti propriet\u00e0 di smorzamento.  <\/p>\n<p>&nbsp;<\/p>\n<p>Il cuscinetto TwinDamp\u2122 viene utilizzato sul fondo delle nostre pedane come alternativa a basso profilo ai chiodi. TwinDamp\u2122 \u00e8 la nostra lega ad alto smorzamento con una capacit\u00e0 di smorzamento 10 volte superiore a quella del rame. <\/p>\n<p>&nbsp;<\/p>\n<p>Tutti i cuscinetti sono venduti singolarmente.<\/p>\n","protected":false},"featured_media":47536,"template":"","meta":{"editor_plus_copied_stylings":"{}","_monsterinsights_skip_tracking":false,"_monsterinsights_sitenote_active":false,"_monsterinsights_sitenote_note":"","_monsterinsights_sitenote_category":0},"product_brand":[],"product_cat":[463,410],"product_tag":[],"class_list":{"0":"post-47617","1":"product","2":"type-product","3":"status-publish","4":"has-post-thumbnail","6":"product_cat-accessori","7":"product_cat-carbide-base-it","8":"tm-has-styled-variations","9":"tm-no-options-pxq","11":"first","12":"instock","13":"taxable","14":"shipping-taxable","15":"purchasable","16":"product-type-variable"},"aioseo_notices":[],"_links":{"self":[{"href":"https:\/\/carbide.audio\/it\/wp-json\/wp\/v2\/product\/47617","targetHints":{"allow":["GET"]}}],"collection":[{"href":"https:\/\/carbide.audio\/it\/wp-json\/wp\/v2\/product"}],"about":[{"href":"https:\/\/carbide.audio\/it\/wp-json\/wp\/v2\/types\/product"}],"wp:featuredmedia":[{"embeddable":true,"href":"https:\/\/carbide.audio\/it\/wp-json\/wp\/v2\/media\/47536"}],"wp:attachment":[{"href":"https:\/\/carbide.audio\/it\/wp-json\/wp\/v2\/media?parent=47617"}],"wp:term":[{"taxonomy":"product_brand","embeddable":true,"href":"https:\/\/carbide.audio\/it\/wp-json\/wp\/v2\/product_brand?post=47617"},{"taxonomy":"product_cat","embeddable":true,"href":"https:\/\/carbide.audio\/it\/wp-json\/wp\/v2\/product_cat?post=47617"},{"taxonomy":"product_tag","embeddable":true,"href":"https:\/\/carbide.audio\/it\/wp-json\/wp\/v2\/product_tag?post=47617"}],"curies":[{"name":"wp","href":"https:\/\/api.w.org\/{rel}","templated":true}]}}