{"id":7100,"date":"2020-06-25T21:40:06","date_gmt":"2020-06-26T02:40:06","guid":{"rendered":"https:\/\/www.carbide.audio\/politiche\/"},"modified":"2025-05-08T22:45:19","modified_gmt":"2025-05-09T03:45:19","slug":"politiche","status":"publish","type":"page","link":"https:\/\/carbide.audio\/it\/politiche\/","title":{"rendered":"Politiche"},"content":{"rendered":"<div class=\"wpb-content-wrapper\"><p>[vc_row css_animation=&#8221;&#8221; row_type=&#8221;row&#8221; use_row_as_full_screen_section=&#8221;no&#8221; type=&#8221;full_width&#8221; angled_section=&#8221;no&#8221; text_align=&#8221;left&#8221; background_image_as_pattern=&#8221;without_pattern&#8221;][vc_column el_class=&#8221;lower-angle-polygon&#8221;][vc_raw_html css=&#8221;&#8221;]PHN2ZyB2aWV3Ym94PSIwIDAgMTAwIDYiIGNsYXNzPSJzbW9vdGgtYWxsIiBzdHlsZT0iIj4KICAgICAgICAgICAgPHBvbHlnb24gcG9pbnRzPSIwLDUgMCwwIDEwMCwwIDEwMCw0IDY5LDEuNSIgc3R5bGU9ImZpbGw6ICM0MTQxNDE4ZjsiLz4KICAgICAgICAgICAgPHBvbHlnb24gcG9pbnRzPSIwLDMgMCwwIDEwMCwwIDEwMCwyIDcwLDEiIHN0eWxlPSJmaWxsOiAjNDE0MTQxOyIvPiAgCjwvc3ZnPg==[\/vc_raw_html][\/vc_column][\/vc_row][vc_row css_animation=&#8221;&#8221; row_type=&#8221;row&#8221; use_row_as_full_screen_section=&#8221;no&#8221; type=&#8221;full_width&#8221; angled_section=&#8221;no&#8221; text_align=&#8221;left&#8221; background_image_as_pattern=&#8221;without_pattern&#8221; z_index=&#8221;&#8221; el_class=&#8221;main-row&#8221; css=&#8221;.vc_custom_1746749321118{padding-top: 120px !important;}&#8221;][vc_column width=&#8221;1\/6&#8243; css=&#8221;.vc_custom_1634410637578{margin-top: -100px !important;}&#8221;][\/vc_column][vc_column width=&#8221;2\/3&#8243; css=&#8221;.vc_custom_1654119564503{padding-top: 30px !important;}&#8221;][vc_column_text el_class=&#8221;section-text&#8221;]<\/p>\n<h2 id=\"returns\">Politica degli ordini<\/h2>\n<p>Gli ordini che vengono spediti a clienti in regioni coperte da uno dei nostri <a href=\"https:\/\/carbide.audio\/it\/distributori\/\">distributori<\/a> internazionali saranno evasi da quel distributore. Utilizzi l&#8217;opzione &#8220;Richiedi fattura&#8221; dalla pagina di checkout e il distributore locale la contatter\u00e0 per completare la transazione.<\/p>\n<p>&nbsp;<\/p>\n<p>Carbide Audio spedir\u00e0 direttamente ai clienti di tutte le altre regioni.[\/vc_column_text][vc_column_text css=&#8221;&#8221; el_class=&#8221;section-text&#8221;]<\/p>\n<h2 id=\"shipping\">Politica di spedizione<\/h2>\n<p>Tutti gli ordini del Nord America vengono spediti gratuitamente. Gli ordini internazionali superiori a 800 dollari USA vengono spediti gratuitamente. <\/p>\n<p>&nbsp;<\/p>\n<p>I tempi di gestione dei nuovi ordini sono in genere da 3 a 5 giorni lavorativi. Ricever\u00e0 un&#8217;e-mail contenente le informazioni di tracciamento poco prima della spedizione del pacco. <\/p>\n<p>&nbsp;<\/p>\n<p>I pacchi nazionali degli Stati Uniti vengono spediti tramite UPS Ground che ha un tempo di transito di 3-5 giorni.<\/p>\n<p>&nbsp;<\/p>\n<p>I pacchi internazionali vengono spediti tramite UPS Worldwide Expedited o UPS Standard, con tempi di transito di 3-7 giorni.<\/p>\n<p>&nbsp;<\/p>\n<p>\u00c8 responsabilit\u00e0 dell&#8217;acquirente essere disponibile per la consegna della spedizione. UPS effettuer\u00e0 diversi tentativi di consegna, dopodich\u00e9 l&#8217;articolo ci verr\u00e0 restituito. In questo caso sar\u00e0 considerato un reso e il costo della spedizione di ritorno sar\u00e0 detratto dall&#8217;importo rimborsato.[\/vc_column_text][vc_column_text css=&#8221;&#8221; el_class=&#8221;section-text&#8221;]<\/p>\n<h2 id=\"tax\">Politica delle tasse e dei dazi d&#8217;importazione<\/h2>\n<p>Gli ordini nazionali degli Stati Uniti che spediscono a un indirizzo del Texas sono soggetti a un&#8217;imposta sulle vendite.<\/p>\n<p>&nbsp;<\/p>\n<p>Gli ordini internazionali sono soggetti a una tassa basata sui dazi e le tasse di importazione (ad esempio l&#8217;IVA) di quel Paese. I dazi e le tasse di importazione vengono riscossi in anticipo al momento del pagamento. Spediamo a livello internazionale come DDP (Delivery Duty Paid) per semplificare lo sdoganamento e per garantire che non sia responsabile di eventuali spese aggiuntive al momento della consegna.[\/vc_column_text][vc_column_text el_class=&#8221;section-text&#8221;]<\/p>\n<h2 id=\"currency\">Politica valutaria<\/h2>\n<p>Accettiamo la maggior parte delle valute principali. I prezzi sono indicati nella valuta locale in base alla sua posizione geografica o alla localit\u00e0 di spedizione specificata nella pagina di pagamento. Se non vede i prezzi nella valuta prevista, <a href=\"https:\/\/carbide.audio\/it\/contattateci\/\">ci contatti<\/a> e potremo fornirle una fattura nella valuta richiesta.[\/vc_column_text][vc_column_text css=&#8221;&#8221; el_class=&#8221;section-text&#8221;]<\/p>\n<h2 id=\"returns\">Politica di restituzione<\/h2>\n<p>I piedini audio acquistati direttamente da Carbide Audio possono essere restituiti o sostituiti con altri articoli. Se non \u00e8 soddisfatto per qualsiasi motivo, pu\u00f2 restituire l&#8217;articolo entro 30 giorni dal ricevimento dell&#8217;articolo. <\/p>\n<p>&nbsp;<\/p>\n<p>La preghiamo di notare che non possiamo rimborsare le spese di spedizione originali, ove applicabili. Non possiamo inoltre rimborsare le tasse pagate sugli ordini internazionali, poich\u00e9 tali costi ci vengono addebitati da UPS. La preghiamo di assicurare la sua spedizione e di <a href=\"https:\/\/www.carbide.audio\/contact-us\/\">fornirci<\/a> un numero di tracking insieme al numero d&#8217;ordine, in modo da poter emettere correttamente il rimborso.  <\/p>\n<p>&nbsp;<\/p>\n<h5>Criteri di rimborso<\/h5>\n<ul class=\"returns-list\">\n<li>\u00c8 sua responsabilit\u00e0 assicurarsi che l&#8217;articolo che restituisce sia completo. Tutti gli imballaggi e gli accessori originali devono essere inclusi. <\/li>\n<li>Lei \u00e8 responsabile di assicurarsi che l&#8217;articolo che ci restituisce arrivi funzionante, non danneggiato e in condizioni simili al nuovo o leggermente usato.<\/li>\n<li>Carbide Audio non \u00e8 responsabile per i pacchi persi, rubati o danneggiati durante il trasporto. Carbide Audio non \u00e8 inoltre responsabile per i pacchi non assicurati. La preghiamo di utilizzare un metodo di spedizione tracciabile e assicurato, come ad esempio UPS.  <\/li>\n<\/ul>\n<p>&nbsp;<\/p>\n<h5>Tempi di rimborso<\/h5>\n<p>Una volta che il suo reso \u00e8 stato ricevuto e verificato da noi, le verr\u00e0 rimborsato il prezzo di acquisto dell&#8217;articolo. Il rimborso sar\u00e0 emesso entro 3 giorni lavorativi dalla ricezione del pacco di ritorno.[\/vc_column_text][vc_column_text css=&#8221;.vc_custom_1636747613394{padding-bottom: 0px !important;}&#8221; el_class=&#8221;section-text&#8221;]<\/p>\n<h2 id=\"privacy\">Politica sulla privacy<\/h2>\n<p class=\"\">Carbide Audio LLC. (di seguito denominata CARBIDE) ha creato questa politica sulla privacy per dimostrare il nostro impegno nei confronti della privacy degli utenti dei nostri siti web. La invitiamo a leggere quanto segue per saperne di pi\u00f9 sulla nostra politica sulla privacy e su come trattiamo le informazioni di identificazione personale raccolte dai nostri visitatori e utenti.  <\/p>\n<p>&nbsp;<\/p>\n<p class=\"\"><strong>Cosa copre questa politica sulla privacy<\/strong><\/p>\n<ul>\n<li>Questa politica sulla privacy copre il trattamento da parte di CARBIDE delle informazioni di identificazione personale raccolte da CARBIDE attraverso un sito web di propriet\u00e0 e gestito da CARBIDE.<\/li>\n<li>Questa politica sulla privacy non si applica alle pratiche di societ\u00e0 che CARBIDE non possiede o controlla, o di persone che CARBIDE non impiega o gestisce, compresi eventuali collaboratori di contenuti di terze parti vincolati da contratto e qualsiasi sito web di terze parti a cui i siti web CARBIDE si collegano.<\/li>\n<\/ul>\n<p>&nbsp;<\/p>\n<p class=\"\"><strong>Raccolta e uso delle informazioni personali<\/strong><\/p>\n<ul>\n<li>Pu\u00f2 visitare i siti web di CARBIDE senza rivelare alcuna informazione personale. Tuttavia, CARBIDE ha bisogno di alcune informazioni personali se desidera acquistare i nostri prodotti, registrarsi per un account affiliato o utilizzare alcuni servizi CARBIDE. <\/li>\n<li>Ove richiesto, queste informazioni possono includere le sue informazioni di contatto personali e\/o le informazioni di contatto della sua azienda. CARBIDE utilizzer\u00e0 queste informazioni per rispondere alle sue richieste, per fornirle i prodotti e i servizi richiesti, per configurare il suo account di membro e per contattarla in merito a nuovi prodotti e servizi. <\/li>\n<li>Accedendo ai servizi di CARBIDE e fornendoci volontariamente le informazioni personali richieste, si acconsente alla raccolta e all&#8217;utilizzo delle informazioni in conformit\u00e0 con questa politica sulla privacy.<\/li>\n<\/ul>\n<p>&nbsp;<\/p>\n<p class=\"\"><strong>Raccolta e uso di informazioni non personali<\/strong><\/p>\n<ul>\n<li>CARBIDE riceve e registra automaticamente sui log del nostro server informazioni non personali dal suo browser, tra cui il suo indirizzo IP, le informazioni sui cookie, come definito di seguito, e la pagina richiesta. CARBIDE non collega questi dati non personali a nessuna informazione personale raccolta dall&#8217;utente. <\/li>\n<\/ul>\n<p>&nbsp;<\/p>\n<p class=\"\"><strong>Condivisione e divulgazione delle informazioni<\/strong><\/p>\n<ul>\n<li>CARBIDE pu\u00f2 divulgare le sue informazioni personali a terzi che lavorano per conto di CARBIDE per fornire i prodotti e i servizi da lei richiesti. Condivideremo le informazioni personali per questi scopi solo con terze parti le cui politiche sulla privacy sono coerenti con le nostre o che accettano di rispettare le nostre politiche in materia di informazioni personali. <\/li>\n<li>CARBIDE pu\u00f2 divulgare altrimenti i tuoi dati personali quando:\n<ul>\n<li>Abbiamo il tuo consenso esplicito a condividere le informazioni per uno scopo specifico;<\/li>\n<li>Abbiamo bisogno di rispondere a mandati di comparizione, ordini del tribunale o altri procedimenti legali;<\/li>\n<li>Abbiamo bisogno di proteggere la sicurezza personale degli utenti dei nostri siti web o difendere i diritti o la propriet\u00e0 di CARBIDE;<\/li>\n<li>Riteniamo che le tue azioni sui nostri siti web violino il documento CARBIDE Terms of Use o una qualsiasi delle nostre linee guida di utilizzo per prodotti o servizi specifici.<\/li>\n<\/ul>\n<\/li>\n<\/ul>\n<p>&nbsp;<\/p>\n<p class=\"\"><strong>Consenso<\/strong><\/p>\n<ul>\n<li>Se non acconsente alla raccolta, all&#8217;uso o alla divulgazione dei suoi dati personali come indicato in questa politica, la preghiamo di non fornire alcun dato personale a CARBIDE. Se ha fornito informazioni personali a CARBIDE e non acconsente pi\u00f9 al loro utilizzo o alla loro divulgazione come descritto nel presente documento, la preghiamo di <a href=\"https:\/\/www.carbide.audio\/contact-us\/\">contattarci<\/a>. <\/li>\n<\/ul>\n<p>&nbsp;<\/p>\n<p class=\"\"><strong>Sicurezza<\/strong><\/p>\n<ul>\n<li>Purtroppo, nessuna trasmissione di dati su Internet pu\u00f2 essere considerata sicura al 100%. Tuttavia, le sue Informazioni CARBIDE sono protette per la sua privacy e sicurezza. In alcune aree dei nostri siti web, come indicato sul sito, CARBIDE utilizza la crittografia SSL standard del settore per proteggere le trasmissioni di dati.  <\/li>\n<li>Inoltre, salvaguardiamo le vostre informazioni personali da accessi non autorizzati, attraverso procedure di controllo dell&#8217;accesso, firewall di rete e misure di sicurezza fisica.<\/li>\n<li>Inoltre, CARBIDE conserva i tuoi dati personali solo per il tempo necessario a soddisfare gli scopi identificati sopra o come richiesto dalla legge.<\/li>\n<\/ul>\n<p>&nbsp;<\/p>\n<p class=\"\"><strong>Modifiche a questa politica sulla privacy<\/strong><\/p>\n<ul>\n<li>CARBIDE pu\u00f2 in qualsiasi momento, senza preavviso e a sua esclusiva discrezione, modificare questa politica di volta in volta. La invitiamo a rivedere periodicamente questa politica. L&#8217;uso continuato dei siti web di CARBIDE dopo tali modifiche implica l&#8217;accettazione delle stesse.  <\/li>\n<\/ul>\n<p>&nbsp;<\/p>\n<p class=\"\"><strong>Domande o suggerimenti<\/strong><\/p>\n<ul>\n<li>Se avete domande o suggerimenti su questa informativa sulla privacy, o sui vostri dati personali, <a href=\"https:\/\/www.carbide.audio\/contact-us\/\">contattateci<\/a><\/li>\n<\/ul>\n<p>&nbsp;<\/p>\n<p class=\"\"><strong>Cookie<\/strong><\/p>\n<p>[\/vc_column_text][vc_raw_js el_class=&#8221;section-text cookie-text&#8221;]JTNDc2NyaXB0JTIwaWQlM0QlMjJDb29raWVEZWNsYXJhdGlvbiUyMiUyMHNyYyUzRCUyMmh0dHBzJTNBJTJGJTJGY29uc2VudC5jb29raWVib3QuY29tJTJGOTU2NzhkMTYtYjE0Ny00MDBkLWFmNTAtMWZjMTNkYWQ0MWUzJTJGY2QuanMlMjIlMjB0eXBlJTNEJTIydGV4dCUyRmphdmFzY3JpcHQlMjIlMjBhc3luYyUzRSUzQyUyRnNjcmlwdCUzRQ==[\/vc_raw_js][\/vc_column][vc_column width=&#8221;1\/6&#8243;][\/vc_column][\/vc_row][vc_row css_animation=&#8221;&#8221; row_type=&#8221;row&#8221; use_row_as_full_screen_section=&#8221;no&#8221; type=&#8221;full_width&#8221; angled_section=&#8221;no&#8221; text_align=&#8221;left&#8221; background_image_as_pattern=&#8221;without_pattern&#8221;][vc_column el_class=&#8221;lower-angle-polygon&#8221;][vc_raw_html]PHN2ZyB2aWV3Ym94PSIwIDAgMTAwIDYiIGNsYXNzPSJzbW9vdGgtYWxsIiBzdHlsZT0iIj4KICAgICAgICA8cG9seWdvbiBwb2ludHM9IjAsMyAwLDAgMTAwLDAgMTAwLDIgNzAsMSIgc3R5bGU9ImZpbGw6ICNmZmZmZmY7Ii8+CiAgICAgICAgPHBvbHlnb24gcG9pbnRzPSIwLDUgMCwwIDEwMCwwIDEwMCw0IDY5LDEuNSIgc3R5bGU9ImZpbGw6ICNmZmZmZmY4ZjsiLz4KPC9zdmc+[\/vc_raw_html][\/vc_column][\/vc_row]<\/p>\n<\/div>","protected":false},"excerpt":{"rendered":"<p>[vc_row css_animation=&#8221;&#8221; row_type=&#8221;row&#8221; use_row_as_full_screen_section=&#8221;no&#8221; type=&#8221;full_width&#8221; angled_section=&#8221;no&#8221; text_align=&#8221;left&#8221; background_image_as_pattern=&#8221;without_pattern&#8221;][vc_column el_class=&#8221;lower-angle-polygon&#8221;][vc_raw_html css=&#8221;&#8221;]PHN2ZyB2aWV3Ym94PSIwIDAgMTAwIDYiIGNsYXNzPSJzbW9vdGgtYWxsIiBzdHlsZT0iIj4KICAgICAgICAgICAgPHBvbHlnb24gcG9pbnRzPSIwLDUgMCwwIDEwMCwwIDEwMCw0IDY5LDEuNSIgc3R5bGU9ImZpbGw6ICM0MTQxNDE4ZjsiLz4KICAgICAgICAgICAgPHBvbHlnb24gcG9pbnRzPSIwLDMgMCwwIDEwMCwwIDEwMCwyIDcwLDEiIHN0eWxlPSJmaWxsOiAjNDE0MTQxOyIvPiAgCjwvc3ZnPg==[\/vc_raw_html][\/vc_column][\/vc_row][vc_row css_animation=&#8221;&#8221; row_type=&#8221;row&#8221; use_row_as_full_screen_section=&#8221;no&#8221; type=&#8221;full_width&#8221; angled_section=&#8221;no&#8221; text_align=&#8221;left&#8221; background_image_as_pattern=&#8221;without_pattern&#8221; z_index=&#8221;&#8221; el_class=&#8221;main-row&#8221; css=&#8221;.vc_custom_1746749321118{padding-top: 120px !important;}&#8221;][vc_column width=&#8221;1\/6&#8243; css=&#8221;.vc_custom_1634410637578{margin-top: -100px !important;}&#8221;][\/vc_column][vc_column width=&#8221;2\/3&#8243; css=&#8221;.vc_custom_1654119564503{padding-top: 30px !important;}&#8221;][vc_column_text el_class=&#8221;section-text&#8221;] Politica degli ordini Gli ordini che vengono spediti a clienti in regioni coperte da&#8230;<\/p>\n","protected":false},"author":1,"featured_media":0,"parent":0,"menu_order":0,"comment_status":"closed","ping_status":"closed","template":"","meta":{"editor_plus_copied_stylings":"{}","_monsterinsights_skip_tracking":false,"_monsterinsights_sitenote_active":false,"_monsterinsights_sitenote_note":"","_monsterinsights_sitenote_category":0,"footnotes":""},"class_list":["post-7100","page","type-page","status-publish","hentry"],"aioseo_notices":[],"_links":{"self":[{"href":"https:\/\/carbide.audio\/it\/wp-json\/wp\/v2\/pages\/7100","targetHints":{"allow":["GET"]}}],"collection":[{"href":"https:\/\/carbide.audio\/it\/wp-json\/wp\/v2\/pages"}],"about":[{"href":"https:\/\/carbide.audio\/it\/wp-json\/wp\/v2\/types\/page"}],"author":[{"embeddable":true,"href":"https:\/\/carbide.audio\/it\/wp-json\/wp\/v2\/users\/1"}],"replies":[{"embeddable":true,"href":"https:\/\/carbide.audio\/it\/wp-json\/wp\/v2\/comments?post=7100"}],"version-history":[{"count":0,"href":"https:\/\/carbide.audio\/it\/wp-json\/wp\/v2\/pages\/7100\/revisions"}],"wp:attachment":[{"href":"https:\/\/carbide.audio\/it\/wp-json\/wp\/v2\/media?parent=7100"}],"curies":[{"name":"wp","href":"https:\/\/api.w.org\/{rel}","templated":true}]}}