{"id":7058,"date":"2020-06-25T21:41:23","date_gmt":"2020-06-26T02:41:23","guid":{"rendered":"https:\/\/www.carbide.audio\/termini\/"},"modified":"2025-05-08T22:45:00","modified_gmt":"2025-05-09T03:45:00","slug":"termini","status":"publish","type":"page","link":"https:\/\/carbide.audio\/it\/termini\/","title":{"rendered":"Termini"},"content":{"rendered":"<div class=\"wpb-content-wrapper\"><p>[vc_row css_animation=&#8221;&#8221; row_type=&#8221;row&#8221; use_row_as_full_screen_section=&#8221;no&#8221; type=&#8221;full_width&#8221; angled_section=&#8221;no&#8221; text_align=&#8221;left&#8221; background_image_as_pattern=&#8221;without_pattern&#8221;][vc_column el_class=&#8221;lower-angle-polygon&#8221;][vc_raw_html css=&#8221;&#8221;]PHN2ZyB2aWV3Ym94PSIwIDAgMTAwIDYiIGNsYXNzPSJzbW9vdGgtYWxsIiBzdHlsZT0iIj4KICAgICAgICAgICAgPHBvbHlnb24gcG9pbnRzPSIwLDUgMCwwIDEwMCwwIDEwMCw0IDY5LDEuNSIgc3R5bGU9ImZpbGw6ICM0MTQxNDE4ZjsiLz4KICAgICAgICAgICAgPHBvbHlnb24gcG9pbnRzPSIwLDMgMCwwIDEwMCwwIDEwMCwyIDcwLDEiIHN0eWxlPSJmaWxsOiAjNDE0MTQxOyIvPiAgCjwvc3ZnPg==[\/vc_raw_html][\/vc_column][\/vc_row][vc_row css_animation=&#8221;&#8221; row_type=&#8221;row&#8221; use_row_as_full_screen_section=&#8221;no&#8221; type=&#8221;full_width&#8221; angled_section=&#8221;no&#8221; text_align=&#8221;left&#8221; background_image_as_pattern=&#8221;without_pattern&#8221; z_index=&#8221;&#8221; el_class=&#8221;main-row&#8221; css=&#8221;.vc_custom_1746749352621{padding-top: 120px !important;}&#8221;][vc_column width=&#8221;1\/6&#8243;][\/vc_column][vc_column width=&#8221;2\/3&#8243;][vc_column_text el_class=&#8221;section-text&#8221;]<\/p>\n<h2>Termini e condizioni d&#8217;uso<\/h2>\n<p class=\"\">Questi termini e condizioni regolano l&#8217;uso di questo sito web; se continua a navigare e a usare questo sito web, accetta di rispettare e di essere vincolato dai seguenti termini e condizioni d&#8217;uso, che insieme alla nostra politica sulla privacy regolano il rapporto di Carbide Audio LLC con lei in relazione a questo sito web. Se non \u00e8 d&#8217;accordo con qualsiasi parte di questi termini e condizioni, la preghiamo di non utilizzare il nostro sito web. <\/p>\n<p>&nbsp;<\/p>\n<p class=\"\">Il termine &#8216;Carbide Audio&#8217; o &#8216;noi&#8217; si riferisce al proprietario del sito web. Il termine &#8220;tu&#8221; si riferisce all&#8217;utente o al visitatore del nostro sito web. <\/p>\n<p>&nbsp;<\/p>\n<p class=\"\">L&#8217;uso di questo sito web \u00e8 soggetto alle seguenti condizioni d&#8217;uso:<\/p>\n<p>[\/vc_column_text][vc_column_text css=&#8221;.vc_custom_1634411941721{margin-bottom: 50px !important;margin-left: 15px !important;padding-top: 0px !important;}&#8221; el_class=&#8221;section-text&#8221;]<\/p>\n<ul>\n<li>Il contenuto delle pagine di questo sito web \u00e8 solo per vostra informazione generale e uso. \u00c8 soggetto a modifiche senza preavviso. <\/li>\n<\/ul>\n<p>&nbsp;<\/p>\n<ul>\n<li>Questo sito web utilizza i cookie per monitorare le preferenze di navigazione. Se si consente l&#8217;uso dei cookie, le seguenti informazioni personali possono essere memorizzate da noi per l&#8217;utilizzo da parte di terzi, come indicato nella nostra <a href=\"https:\/\/www.carbide.audio\/policy\/\">politica sulla privacy<\/a>. <\/li>\n<\/ul>\n<p>&nbsp;<\/p>\n<ul>\n<li>N\u00e9 noi n\u00e9 terzi forniamo alcuna garanzia per quanto riguarda l&#8217;accuratezza, la tempestivit\u00e0, le prestazioni, la completezza o l&#8217;idoneit\u00e0 delle informazioni e dei materiali trovati o offerti su questo sito web per qualsiasi scopo particolare. Lei riconosce che tali informazioni e materiali possono contenere imprecisioni o errori e noi escludiamo espressamente la responsabilit\u00e0 per qualsiasi imprecisione o errore nella misura massima consentita dalla legge. <\/li>\n<\/ul>\n<p>&nbsp;<\/p>\n<ul>\n<li>Il vostro uso di qualsiasi informazione o materiale su questo sito web \u00e8 interamente a vostro rischio e pericolo, per il quale non saremo responsabili. Sar\u00e0 vostra responsabilit\u00e0 assicurarvi che qualsiasi prodotto, servizio o informazione disponibile attraverso questo sito web soddisfi le vostre esigenze specifiche. <\/li>\n<\/ul>\n<p>&nbsp;<\/p>\n<ul>\n<li>Questo sito web contiene materiale che \u00e8 di propriet\u00e0 o concesso in licenza a noi. Questo materiale include, ma non \u00e8 limitato a, il design, il layout, il look, l&#8217;aspetto e la grafica. La riproduzione \u00e8 vietata se non in conformit\u00e0 con l&#8217;avviso di copyright, che fa parte di questi termini e condizioni.  <\/li>\n<\/ul>\n<p>&nbsp;<\/p>\n<ul>\n<li>Tutti i marchi riprodotti in questo sito web, che non sono di propriet\u00e0 o concessi in licenza all&#8217;operatore, sono riconosciuti sul sito web. L&#8217;uso non autorizzato di questo sito web pu\u00f2 dar luogo a una richiesta di risarcimento danni e\/o essere un reato penale. <\/li>\n<\/ul>\n<p>&nbsp;<\/p>\n<ul>\n<li>Di tanto in tanto, questo sito pu\u00f2 anche includere link ad altri siti web. Questi link sono forniti per vostra comodit\u00e0 per fornire ulteriori informazioni. Non significano che approviamo il\/i sito\/i. Non siamo responsabili del contenuto dei siti web collegati.   <\/li>\n<\/ul>\n<p>&nbsp;<\/p>\n<ul>\n<li>L&#8217;uso di questo sito web e qualsiasi controversia derivante da tale uso del sito web \u00e8 soggetto alle leggi del Texas (USA).<\/li>\n<\/ul>\n<p>[\/vc_column_text][\/vc_column][vc_column width=&#8221;1\/6&#8243;][\/vc_column][\/vc_row][vc_row css_animation=&#8221;&#8221; row_type=&#8221;row&#8221; use_row_as_full_screen_section=&#8221;no&#8221; type=&#8221;full_width&#8221; angled_section=&#8221;no&#8221; text_align=&#8221;left&#8221; background_image_as_pattern=&#8221;without_pattern&#8221;][vc_column el_class=&#8221;lower-angle-polygon&#8221;][vc_raw_html]PHN2ZyB2aWV3Ym94PSIwIDAgMTAwIDYiIGNsYXNzPSJzbW9vdGgtYWxsIiBzdHlsZT0iIj4KICAgICAgICA8cG9seWdvbiBwb2ludHM9IjAsMyAwLDAgMTAwLDAgMTAwLDIgNzAsMSIgc3R5bGU9ImZpbGw6ICNmZmZmZmY7Ii8+CiAgICAgICAgPHBvbHlnb24gcG9pbnRzPSIwLDUgMCwwIDEwMCwwIDEwMCw0IDY5LDEuNSIgc3R5bGU9ImZpbGw6ICNmZmZmZmY4ZjsiLz4KPC9zdmc+[\/vc_raw_html][\/vc_column][\/vc_row]<\/p>\n<\/div>","protected":false},"excerpt":{"rendered":"<p>[vc_row css_animation=&#8221;&#8221; row_type=&#8221;row&#8221; use_row_as_full_screen_section=&#8221;no&#8221; type=&#8221;full_width&#8221; angled_section=&#8221;no&#8221; text_align=&#8221;left&#8221; background_image_as_pattern=&#8221;without_pattern&#8221;][vc_column el_class=&#8221;lower-angle-polygon&#8221;][vc_raw_html css=&#8221;&#8221;]PHN2ZyB2aWV3Ym94PSIwIDAgMTAwIDYiIGNsYXNzPSJzbW9vdGgtYWxsIiBzdHlsZT0iIj4KICAgICAgICAgICAgPHBvbHlnb24gcG9pbnRzPSIwLDUgMCwwIDEwMCwwIDEwMCw0IDY5LDEuNSIgc3R5bGU9ImZpbGw6ICM0MTQxNDE4ZjsiLz4KICAgICAgICAgICAgPHBvbHlnb24gcG9pbnRzPSIwLDMgMCwwIDEwMCwwIDEwMCwyIDcwLDEiIHN0eWxlPSJmaWxsOiAjNDE0MTQxOyIvPiAgCjwvc3ZnPg==[\/vc_raw_html][\/vc_column][\/vc_row][vc_row css_animation=&#8221;&#8221; row_type=&#8221;row&#8221; use_row_as_full_screen_section=&#8221;no&#8221; type=&#8221;full_width&#8221; angled_section=&#8221;no&#8221; text_align=&#8221;left&#8221; background_image_as_pattern=&#8221;without_pattern&#8221; z_index=&#8221;&#8221; el_class=&#8221;main-row&#8221; css=&#8221;.vc_custom_1746749352621{padding-top: 120px !important;}&#8221;][vc_column width=&#8221;1\/6&#8243;][\/vc_column][vc_column width=&#8221;2\/3&#8243;][vc_column_text el_class=&#8221;section-text&#8221;] Termini e condizioni d&#8217;uso Questi termini e condizioni regolano l&#8217;uso di questo sito web; se continua a navigare e a&#8230;<\/p>\n","protected":false},"author":1,"featured_media":0,"parent":0,"menu_order":0,"comment_status":"closed","ping_status":"closed","template":"","meta":{"editor_plus_copied_stylings":"{}","_monsterinsights_skip_tracking":false,"_monsterinsights_sitenote_active":false,"_monsterinsights_sitenote_note":"","_monsterinsights_sitenote_category":0,"footnotes":""},"class_list":["post-7058","page","type-page","status-publish","hentry"],"aioseo_notices":[],"_links":{"self":[{"href":"https:\/\/carbide.audio\/it\/wp-json\/wp\/v2\/pages\/7058","targetHints":{"allow":["GET"]}}],"collection":[{"href":"https:\/\/carbide.audio\/it\/wp-json\/wp\/v2\/pages"}],"about":[{"href":"https:\/\/carbide.audio\/it\/wp-json\/wp\/v2\/types\/page"}],"author":[{"embeddable":true,"href":"https:\/\/carbide.audio\/it\/wp-json\/wp\/v2\/users\/1"}],"replies":[{"embeddable":true,"href":"https:\/\/carbide.audio\/it\/wp-json\/wp\/v2\/comments?post=7058"}],"version-history":[{"count":0,"href":"https:\/\/carbide.audio\/it\/wp-json\/wp\/v2\/pages\/7058\/revisions"}],"wp:attachment":[{"href":"https:\/\/carbide.audio\/it\/wp-json\/wp\/v2\/media?parent=7058"}],"curies":[{"name":"wp","href":"https:\/\/api.w.org\/{rel}","templated":true}]}}