{"id":24328,"date":"2023-10-19T20:39:04","date_gmt":"2023-10-20T01:39:04","guid":{"rendered":"https:\/\/carbide.audio\/misure\/twindamp-migliorare-la-capacita-di-smorzamento-di-manganese-rame\/"},"modified":"2025-12-10T10:22:56","modified_gmt":"2025-12-10T16:22:56","slug":"twindamp-migliorare-la-capacita-di-smorzamento-di-manganese-rame","status":"publish","type":"page","link":"https:\/\/carbide.audio\/it\/misure\/twindamp-migliorare-la-capacita-di-smorzamento-di-manganese-rame\/","title":{"rendered":"TwinDamp\u2122: Migliorare la capacit\u00e0 di smorzamento di Manganese-Rame"},"content":{"rendered":"<div class=\"wpb-content-wrapper\"><p>[vc_row css_animation=&#8221;&#8221; row_type=&#8221;row&#8221; use_row_as_full_screen_section=&#8221;no&#8221; type=&#8221;full_width&#8221; angled_section=&#8221;no&#8221; text_align=&#8221;left&#8221; background_image_as_pattern=&#8221;without_pattern&#8221;][vc_column el_class=&#8221;lower-angle-polygon&#8221;][vc_raw_html css=&#8221;&#8221;]PHN2ZyB2aWV3Ym94PSIwIDAgMTAwIDYiIGNsYXNzPSJzbW9vdGgtYWxsIiBzdHlsZT0iIj4KICAgICAgICAgICAgPHBvbHlnb24gcG9pbnRzPSIwLDUgMCwwIDEwMCwwIDEwMCw0IDY5LDEuNSIgc3R5bGU9ImZpbGw6ICM0MTQxNDE4ZjsiLz4KICAgICAgICAgICAgPHBvbHlnb24gcG9pbnRzPSIwLDMgMCwwIDEwMCwwIDEwMCwyIDcwLDEiIHN0eWxlPSJmaWxsOiAjNDE0MTQxOyIvPiAgCjwvc3ZnPg==[\/vc_raw_html][\/vc_column][\/vc_row][vc_row css_animation=&#8221;&#8221; row_type=&#8221;row&#8221; use_row_as_full_screen_section=&#8221;no&#8221; type=&#8221;full_width&#8221; angled_section=&#8221;no&#8221; text_align=&#8221;left&#8221; background_image_as_pattern=&#8221;without_pattern&#8221; el_class=&#8221;main-row&#8221; z_index=&#8221;&#8221; css=&#8221;.vc_custom_1746750141400{padding-top: 120px !important;}&#8221;][vc_column width=&#8221;1\/6&#8243;][\/vc_column][vc_column width=&#8221;2\/3&#8243; el_class=&#8221;center-column&#8221;][vc_column_text css=&#8221;&#8221; el_class=&#8221;section-row&#8221;]<\/p>\n<h1>TwinDamp\u2122: Migliorare la capacit\u00e0 di smorzamento di Manganese-Rame<\/h1>\n<p>&nbsp;<\/p>\n<p>Nel progettare l&#8217;<a href=\"https:\/\/carbide.audio\/product\/carbide-base-diamond-upgrade\/\">inserto diamantato<\/a> per la nostra base Carbide Base, abbiamo cercato di utilizzare una lega metallica ad alto smorzamento per migliorare le prestazioni di isolamento. Attraverso la ricerca e i test, abbiamo sviluppato TwinDamp\u2122 &#8211; una lega metallica a due cristalli di manganese e rame trattata a temperatura, con eccezionali propriet\u00e0 di smorzamento da 0,01 Hz a 10 MHz.<\/p>\n<p>&nbsp;<\/p>\n<p>Quando le leghe di manganese-rame sono sottoposte a vibrazioni, la deformazione causata dal movimento dei gemelli di martensite o dal movimento reciproco tra i confini dei gemelli e i confini della fase martensitica rilassa le sollecitazioni e dissipa l&#8217;energia delle vibrazioni<a class=\"cite-style\" href=\"#cite-4-1\">[1]<\/a>. In altre parole, i piccoli movimenti tra i confini all&#8217;interno del materiale gli consentono di dissipare efficacemente le vibrazioni attraverso una conversione in calore.<\/p>\n<p>&nbsp;<\/p>\n<p>Le leghe manganese-rame sono tra le leghe metalliche a pi\u00f9 alto smorzamento esistenti, con una capacit\u00e0 di smorzamento oltre 10 volte superiore a quella del rame<a class=\"cite-style\" href=\"#cite-4-2\">[2]<\/a>. Sebbene la capacit\u00e0 di smorzamento delle leghe di manganese-rame sia inferiore a quella degli elastomeri utilizzati nel nostro <a href=\"https:\/\/carbide.audio\/it\/prodotto\/viscosa\/\">ViscoRing\u2122<\/a>, hanno il netto vantaggio che, essendo un metallo rigido, mantengono meglio la loro forma sotto carico.[\/vc_column_text][vc_row_inner row_type=&#8221;row&#8221; type=&#8221;full_width&#8221; text_align=&#8221;left&#8221; css_animation=&#8221;&#8221;][vc_column_inner width=&#8221;1\/6&#8243; offset=&#8221;vc_col-lg-2 vc_col-md-2 vc_hidden-sm vc_hidden-xs&#8221;][\/vc_column_inner][vc_column_inner offset=&#8221;vc_col-lg-8 vc_col-md-8 vc_col-xs-12&#8243;][vc_single_image image=&#8221;44527&#8243; img_size=&#8221;full&#8221; alignment=&#8221;center&#8221; css=&#8221;&#8221; qode_css_animation=&#8221;&#8221;][vc_column_text css=&#8221;&#8221; el_class=&#8221;section-row-spaced&#8221;]<\/p>\n<h3 style=\"text-align: center;\">Capacit\u00e0 di smorzamento<\/h3>\n<p style=\"text-align: center;\">Capacit\u00e0 specifica di smorzamento di metalli e leghe selezionati <a class=\"cite-style\" href=\"#cite-4-2\">[2]<\/a><\/p>\n<p>[\/vc_column_text][\/vc_column_inner][vc_column_inner width=&#8221;1\/6&#8243; offset=&#8221;vc_col-lg-2 vc_col-md-2 vc_hidden-sm vc_hidden-xs&#8221;][\/vc_column_inner][\/vc_row_inner][vc_row_inner row_type=&#8221;row&#8221; type=&#8221;full_width&#8221; text_align=&#8221;left&#8221; css_animation=&#8221;&#8221; el_class=&#8221;section-row&#8221;][vc_column_inner offset=&#8221;vc_col-lg-12 vc_col-md-12 vc_col-xs-12&#8243;][vc_column_text css=&#8221;&#8221;]<\/p>\n<h3>Incorporazione di TwinDamp\u2122 nell&#8217;inserto in diamante<\/h3>\n<p>La rigidit\u00e0 di TwinDamp\u2122 ci ha permesso di incorporarlo in aree dell&#8217;inserto Diamond in cui un elastomero non sarebbe stato sufficientemente rigido.<\/p>\n<p>&nbsp;<\/p>\n<p>Tre cuscinetti in TwinDamp\u2122 sono stati incorporati sopra le piste dei cuscinetti in ceramica rivestiti di diamante utilizzati all&#8217;interno dell&#8217;isolatore. I pad sono stati disposti in modo da essere in serie con il percorso di trasmissione delle vibrazioni attraverso il dispositivo. In altre parole, le vibrazioni devono passare attraverso i cuscinetti per poter passare da un lato all&#8217;altro della pedana. Questa configurazione migliora ulteriormente le prestazioni di smorzamento complessive del piedistallo.   <\/p>\n<p>&nbsp;<\/p>\n<p>I <a href=\"https:\/\/carbide.audio\/it\/prodotto\/punte\/\">puntali TwinDamp\u2122<\/a> sono disponibili come opzione per migliorare lo smorzamento delle vibrazioni in entrata e in uscita dal fondo del piedistallo quando tre puntali sono rivolti verso il basso. Un singolo puntale pu\u00f2 anche essere utilizzato per fornire un&#8217;interfaccia altamente smorzata con la parte inferiore dell&#8217;apparecchiatura, quando \u00e8 puntato verso l&#8217;alto dal centro superiore del piedistallo.[\/vc_column_text][\/vc_column_inner][\/vc_row_inner][vc_column_text el_class=&#8221;section-row&#8221;]<\/p>\n<h2>Miglioramento del manganese-rame con trattamenti di temperatura<\/h2>\n<p>\u00c8 noto che le leghe manganese-rame sono sensibili ai trattamenti termici. L&#8217;esposizione prolungata ad alte temperature, nota anche come invecchiamento dei metalli, pu\u00f2 inizialmente migliorare le propriet\u00e0 di smorzamento e di resistenza di queste leghe. Ci\u00f2 \u00e8 dovuto all&#8217;aumento delle regioni ricche di manganese all&#8217;interno del materiale. Tuttavia, un invecchiamento eccessivo pu\u00f2 iniziare a compromettere la capacit\u00e0 di smorzamento, per cui \u00e8 necessario un trattamento equilibrato per temperatura e durata, per ottenere risultati ottimali<a class=\"cite-style\" href=\"#cite-4-3\">[3]<\/a>.   <\/p>\n<p>&nbsp;<\/p>\n<p>Un&#8217;esposizione graduale a temperature criogeniche pu\u00f2 anche migliorare la struttura cristallina dei metalli. Questo processo di tempra criogenica pu\u00f2 apportare miglioramenti sonici desiderabili alle leghe di manganese-rame. <\/p>\n<p>&nbsp;<\/p>\n<p>Attraverso la sperimentazione, abbiamo sviluppato un processo di trattamento termico efficace per la lega manganese-rame che utilizziamo. Il nostro processo distinto prevede pi\u00f9 fasi di trattamenti a caldo e a freddo. I trattamenti vengono eseguiti nell&#8217;arco di due giorni per migliorare lo smorzamento e le prestazioni sonore di questa lega.[\/vc_column_text][vc_row_inner row_type=&#8221;row&#8221; type=&#8221;full_width&#8221; text_align=&#8221;left&#8221; css_animation=&#8221;&#8221; el_class=&#8221;section-row&#8221;][vc_column_inner width=&#8221;1\/2&#8243;][vc_single_image image=&#8221;24223&#8243; img_size=&#8221;full&#8221; alignment=&#8221;center&#8221; onclick=&#8221;link_image&#8221; qode_css_animation=&#8221;&#8221; el_class=&#8221;img-borders&#8221;][vc_column_text]<\/p>\n<h5 style=\"text-align: center;\">Forno a 1100\u00b0 C<\/h5>\n<p>[\/vc_column_text][\/vc_column_inner][vc_column_inner width=&#8221;1\/2&#8243;][vc_single_image image=&#8221;24234&#8243; img_size=&#8221;full&#8221; alignment=&#8221;center&#8221; onclick=&#8221;link_image&#8221; qode_css_animation=&#8221;&#8221; el_class=&#8221;img-borders&#8221;][vc_column_text]<\/p>\n<h5 style=\"text-align: center;\">Congelatore criogenico<\/h5>\n<p>[\/vc_column_text][\/vc_column_inner][\/vc_row_inner][vc_row_inner row_type=&#8221;row&#8221; type=&#8221;full_width&#8221; text_align=&#8221;left&#8221; css_animation=&#8221;&#8221; el_class=&#8221;section-row&#8221;][vc_column_inner offset=&#8221;vc_col-lg-3 vc_col-md-4 vc_col-xs-12&#8243;][vc_single_image image=&#8221;24245&#8243; img_size=&#8221;full&#8221; alignment=&#8221;center&#8221; onclick=&#8221;link_image&#8221; qode_css_animation=&#8221;&#8221; el_class=&#8221;img-borders&#8221;][vc_column_text]<\/p>\n<h5 style=\"text-align: center;\">Misurare l&#8217;attenuazione delle vibrazioni<\/h5>\n<p>[\/vc_column_text][\/vc_column_inner][vc_column_inner offset=&#8221;vc_col-lg-9 vc_col-md-8 vc_col-xs-12&#8243;][vc_column_text el_class=&#8221;section-row&#8221;]<\/p>\n<h2>Confronto tra TwinDamp\u2122, Manganese-Rame e Acciaio Inossidabile<\/h2>\n<p>Per quantificare le prestazioni di smorzamento delle vibrazioni di TwinDamp\u2122, abbiamo condotto un esperimento. Tre serie di tre punte in <strong>acciaio inossidabile<\/strong>, <strong>manganese-rame<\/strong> e <strong>TwinDamp\u2122<\/strong> sono state infilate separatamente direttamente in una piastra d&#8217;acciaio. Un peso di 3,6 kg (8 libbre) \u00e8 stato posizionato sopra la piastra per simulare il peso dell&#8217;attrezzatura. La piastra \u00e8 stata poi posizionata con le tre punte rivolte verso il basso sopra un subwoofer sigillato da 18 pollici. I sensori dell&#8217;accelerometro sono stati fissati alla piastra. Un segnale logico sinusoidale da 15 Hz a 200 Hz \u00e8 stato poi riprodotto attraverso il subwoofer per misurare l&#8217;attenuazione fornita da ogni serie di picchi.     <\/p>\n<p>&nbsp;<\/p>\n<p>Le misure dell&#8217;acciaio inossidabile sono indicate in <span style=\"color: #ef6063;\">rosso<\/span>, quelle del manganese-rame in <span style=\"color: #57c7a7;\">verde<\/span> e quelle di TwinDamp\u2122 in <span style=\"color: #557fd1;\">blu<\/span>.[\/vc_column_text][\/vc_column_inner][\/vc_row_inner][vc_single_image image=&#8221;24257&#8243; img_size=&#8221;full&#8221; alignment=&#8221;center&#8221; onclick=&#8221;link_image&#8221; qode_css_animation=&#8221;&#8221;][vc_column_text el_class=&#8221;test-device-label&#8221;]<\/p>\n<h5 style=\"text-align: center;\">Ampiezza di vibrazione per tutti i picchi<\/h5>\n<p>[\/vc_column_text][vc_single_image image=&#8221;24268&#8243; img_size=&#8221;full&#8221; alignment=&#8221;center&#8221; onclick=&#8221;link_image&#8221; qode_css_animation=&#8221;&#8221;][vc_column_text el_class=&#8221;test-device-label&#8221;]<\/p>\n<h5 style=\"text-align: center;\">Cascata in acciaio inox<\/h5>\n<p>[\/vc_column_text][vc_single_image image=&#8221;24279&#8243; img_size=&#8221;full&#8221; alignment=&#8221;center&#8221; onclick=&#8221;link_image&#8221; qode_css_animation=&#8221;&#8221;][vc_column_text el_class=&#8221;test-device-label&#8221;]<\/p>\n<h5 style=\"text-align: center;\">Cascata di rame e manganese<\/h5>\n<p>[\/vc_column_text][vc_single_image image=&#8221;24290&#8243; img_size=&#8221;full&#8221; alignment=&#8221;center&#8221; onclick=&#8221;link_image&#8221; qode_css_animation=&#8221;&#8221;][vc_column_text el_class=&#8221;test-device-label&#8221;]<\/p>\n<h5 style=\"text-align: center;\">TwinDamp\u2122 Cascata<\/h5>\n<p>[\/vc_column_text][vc_column_text el_class=&#8221;section-row&#8221;]<\/p>\n<h3>Conclusione<\/h3>\n<p>Le punte di manganese-rame hanno fornito un miglioramento sottile ma misurabile nell&#8217;attenuazione delle vibrazioni rispetto alle punte di acciaio inossidabile. I picchi TwinDamp\u2122 hanno fornito un&#8217;attenuazione ancora maggiore rispetto al manganese-rame, convalidando l&#8217;efficacia del nostro processo di trattamento termico. I miglioramenti sono stati pi\u00f9 significativi intorno alla risonanza del mobile del subwoofer a 80 Hz. Sia il manganese-rame che TwinDamp\u2122 hanno mostrato anche una maggiore capacit\u00e0 di smorzamento, come evidenziato dall&#8217;attenuazione delle tracce dell&#8217;ampiezza delle vibrazioni e dal decadimento pi\u00f9 rapido delle vibrazioni nei grafici a cascata.[\/vc_column_text][vc_column_text css=&#8221;&#8221;]<\/p>\n<h3>Riferimenti<\/h3>\n<p><cite id=\"cite-4-1\">[1] Lu F-S, Wu B, Zhang J-F, Li P e Zhao D-L 2016 Microstruttura e propriet\u00e0 di smorzamento della lega MnCuNiFeCe <i>Rare Met.<\/i> 35 615-9<\/cite><\/p>\n<p>&nbsp;<\/p>\n<p><cite id=\"cite-4-2\">[2] Zhang, J., Perez, R. J., e Lavernia, E. J., &#8220;Documentazione della capacit\u00e0 di smorzamento di materiali metallici, ceramici e compositi a matrice metallica&#8221;, Journal of Materials Science, vol. 28, n. 9, pp. 2395-2404, 1993. doi:10.1007\/BF01151671  <\/cite><\/p>\n<p>&nbsp;<\/p>\n<p><cite id=\"cite-4-3\">[3] Ke, T. S., Wang, L. T., &amp; Yi, H. C. (1987). <a href=\"https:\/\/hal.science\/file\/index\/docid\/227192\/filename\/ajp-jphyscol198748C888.pdf\">Attrito interno nelle leghe manganese-rame e manganese-rame-alluminio<\/a>. Le Journal de Physique Colloques, 48(C8), C8-559.<\/cite>[\/vc_column_text][\/vc_column][vc_column width=&#8221;1\/6&#8243;][\/vc_column][\/vc_row][vc_row css_animation=&#8221;&#8221; row_type=&#8221;row&#8221; use_row_as_full_screen_section=&#8221;no&#8221; type=&#8221;full_width&#8221; angled_section=&#8221;no&#8221; text_align=&#8221;left&#8221; background_image_as_pattern=&#8221;without_pattern&#8221;][vc_column el_class=&#8221;lower-angle-polygon&#8221;][vc_raw_html]PHN2ZyB2aWV3Ym94PSIwIDAgMTAwIDYiIGNsYXNzPSJzbW9vdGgtYWxsIiBzdHlsZT0iIj4KICAgICAgICA8cG9seWdvbiBwb2ludHM9IjAsMyAwLDAgMTAwLDAgMTAwLDIgNzAsMSIgc3R5bGU9ImZpbGw6ICNmZmZmZmY7Ii8+CiAgICAgICAgPHBvbHlnb24gcG9pbnRzPSIwLDUgMCwwIDEwMCwwIDEwMCw0IDY5LDEuNSIgc3R5bGU9ImZpbGw6ICNmZmZmZmY4ZjsiLz4KPC9zdmc+[\/vc_raw_html][\/vc_column][\/vc_row]<\/p>\n<\/div>","protected":false},"excerpt":{"rendered":"<p>[vc_row css_animation=&#8221;&#8221; row_type=&#8221;row&#8221; use_row_as_full_screen_section=&#8221;no&#8221; type=&#8221;full_width&#8221; angled_section=&#8221;no&#8221; text_align=&#8221;left&#8221; background_image_as_pattern=&#8221;without_pattern&#8221;][vc_column el_class=&#8221;lower-angle-polygon&#8221;][vc_raw_html css=&#8221;&#8221;]PHN2ZyB2aWV3Ym94PSIwIDAgMTAwIDYiIGNsYXNzPSJzbW9vdGgtYWxsIiBzdHlsZT0iIj4KICAgICAgICAgICAgPHBvbHlnb24gcG9pbnRzPSIwLDUgMCwwIDEwMCwwIDEwMCw0IDY5LDEuNSIgc3R5bGU9ImZpbGw6ICM0MTQxNDE4ZjsiLz4KICAgICAgICAgICAgPHBvbHlnb24gcG9pbnRzPSIwLDMgMCwwIDEwMCwwIDEwMCwyIDcwLDEiIHN0eWxlPSJmaWxsOiAjNDE0MTQxOyIvPiAgCjwvc3ZnPg==[\/vc_raw_html][\/vc_column][\/vc_row][vc_row css_animation=&#8221;&#8221; row_type=&#8221;row&#8221; use_row_as_full_screen_section=&#8221;no&#8221; type=&#8221;full_width&#8221; angled_section=&#8221;no&#8221; text_align=&#8221;left&#8221; background_image_as_pattern=&#8221;without_pattern&#8221; el_class=&#8221;main-row&#8221; z_index=&#8221;&#8221; css=&#8221;.vc_custom_1746750141400{padding-top: 120px !important;}&#8221;][vc_column width=&#8221;1\/6&#8243;][\/vc_column][vc_column width=&#8221;2\/3&#8243; el_class=&#8221;center-column&#8221;][vc_column_text css=&#8221;&#8221; el_class=&#8221;section-row&#8221;] TwinDamp\u2122: Migliorare la capacit\u00e0 di smorzamento di Manganese-Rame &nbsp; Nel progettare l&#8217;inserto diamantato per la nostra base Carbide&#8230;<\/p>\n","protected":false},"author":1,"featured_media":0,"parent":7077,"menu_order":0,"comment_status":"closed","ping_status":"closed","template":"full_width.php","meta":{"editor_plus_copied_stylings":"{}","_monsterinsights_skip_tracking":false,"_monsterinsights_sitenote_active":false,"_monsterinsights_sitenote_note":"","_monsterinsights_sitenote_category":0,"footnotes":""},"class_list":["post-24328","page","type-page","status-publish","hentry"],"aioseo_notices":[],"_links":{"self":[{"href":"https:\/\/carbide.audio\/it\/wp-json\/wp\/v2\/pages\/24328","targetHints":{"allow":["GET"]}}],"collection":[{"href":"https:\/\/carbide.audio\/it\/wp-json\/wp\/v2\/pages"}],"about":[{"href":"https:\/\/carbide.audio\/it\/wp-json\/wp\/v2\/types\/page"}],"author":[{"embeddable":true,"href":"https:\/\/carbide.audio\/it\/wp-json\/wp\/v2\/users\/1"}],"replies":[{"embeddable":true,"href":"https:\/\/carbide.audio\/it\/wp-json\/wp\/v2\/comments?post=24328"}],"version-history":[{"count":8,"href":"https:\/\/carbide.audio\/it\/wp-json\/wp\/v2\/pages\/24328\/revisions"}],"predecessor-version":[{"id":47939,"href":"https:\/\/carbide.audio\/it\/wp-json\/wp\/v2\/pages\/24328\/revisions\/47939"}],"up":[{"embeddable":true,"href":"https:\/\/carbide.audio\/it\/wp-json\/wp\/v2\/pages\/7077"}],"wp:attachment":[{"href":"https:\/\/carbide.audio\/it\/wp-json\/wp\/v2\/media?parent=24328"}],"curies":[{"name":"wp","href":"https:\/\/api.w.org\/{rel}","templated":true}]}}