{"id":19240,"date":"2023-05-18T11:45:49","date_gmt":"2023-05-18T16:45:49","guid":{"rendered":"https:\/\/carbide.audio\/misure\/utilizzo-di-elastomeri-a-basso-fattore-di-forma\/"},"modified":"2025-05-09T11:33:05","modified_gmt":"2025-05-09T16:33:05","slug":"utilizzo-di-elastomeri-a-basso-fattore-di-forma","status":"publish","type":"page","link":"https:\/\/carbide.audio\/it\/misure\/utilizzo-di-elastomeri-a-basso-fattore-di-forma\/","title":{"rendered":"Utilizzo di elastomeri a basso fattore di forma"},"content":{"rendered":"<div class=\"wpb-content-wrapper\"><p>[vc_row css_animation=&#8221;&#8221; row_type=&#8221;row&#8221; use_row_as_full_screen_section=&#8221;no&#8221; type=&#8221;full_width&#8221; angled_section=&#8221;no&#8221; text_align=&#8221;left&#8221; background_image_as_pattern=&#8221;without_pattern&#8221;][vc_column el_class=&#8221;lower-angle-polygon&#8221;][vc_raw_html css=&#8221;&#8221;]PHN2ZyB2aWV3Ym94PSIwIDAgMTAwIDYiIGNsYXNzPSJzbW9vdGgtYWxsIiBzdHlsZT0iIj4KICAgICAgICAgICAgPHBvbHlnb24gcG9pbnRzPSIwLDUgMCwwIDEwMCwwIDEwMCw0IDY5LDEuNSIgc3R5bGU9ImZpbGw6ICM0MTQxNDE4ZjsiLz4KICAgICAgICAgICAgPHBvbHlnb24gcG9pbnRzPSIwLDMgMCwwIDEwMCwwIDEwMCwyIDcwLDEiIHN0eWxlPSJmaWxsOiAjNDE0MTQxOyIvPiAgCjwvc3ZnPg==[\/vc_raw_html][\/vc_column][\/vc_row][vc_row css_animation=&#8221;&#8221; row_type=&#8221;row&#8221; use_row_as_full_screen_section=&#8221;no&#8221; type=&#8221;full_width&#8221; angled_section=&#8221;no&#8221; text_align=&#8221;left&#8221; background_image_as_pattern=&#8221;without_pattern&#8221; el_class=&#8221;main-row&#8221; z_index=&#8221;&#8221; css=&#8221;.vc_custom_1746750096216{padding-top: 120px !important;}&#8221;][vc_column width=&#8221;1\/6&#8243;][\/vc_column][vc_column width=&#8221;2\/3&#8243; el_class=&#8221;center-column&#8221;][vc_column_text]<\/p>\n<h1>Utilizzo di elastomeri a basso fattore di forma<\/h1>\n<p>&nbsp;<\/p>\n<p>I polimeri o elastomeri viscoelastici sono ampiamente utilizzati nelle applicazioni di controllo delle vibrazioni, grazie alla loro elevata capacit\u00e0 di smorzamento. Gli elastomeri possono anche isolare efficacemente le vibrazioni a bassa frequenza grazie alla loro forma. Il fattore di forma \u00e8 il termine artistico utilizzato per quantificare le prestazioni di isolamento di una determinata forma di elastomero. Ne consegue che pi\u00f9 basso \u00e8 il fattore di forma, pi\u00f9 bassa \u00e8 la frequenza di risonanza potenziale. Una bassa frequenza di risonanza si traduce tipicamente in un&#8217;ampia larghezza di banda per l&#8217;isolamento dalle vibrazioni. Ci\u00f2 \u00e8 dovuto all&#8217;isolamento delle frequenze di vibrazione superiori alla frequenza di risonanza.     <\/p>\n<p>&nbsp;<\/p>\n<p>Per le forme pi\u00f9 comuni, il fattore di forma \u00e8 generalmente definito come:[\/vc_column_text][vc_column_text el_class=&#8221;formula&#8221;]<\/p>\n<blockquote>\n<div style=\"float: left; padding-top: 0.5em; padding-right: 0.5em;\">Fattore di forma =<\/div>\n<div style=\"float: left; text-align: center;\">\n<div style=\"border-bottom: 2px solid black;\">Superficie media caricata<\/div>\n<div>Superficie di rigonfiamento<\/div>\n<\/div>\n<\/blockquote>\n<p>[\/vc_column_text][vc_column_text el_class=&#8221;section-row&#8221;]La superficie media caricata \u00e8 la media delle superfici superiore e inferiore che supportano il carico utile. La superficie di rigonfiamento \u00e8 la superficie libera di rigonfiarsi perpendicolarmente al carico. <\/p>\n<p>&nbsp;<\/p>\n<p>La stabilit\u00e0 di un elastomero pu\u00f2 essere compromessa al di sotto di un certo fattore di forma, poich\u00e9 il materiale diventa sempre pi\u00f9 alto e stretto. Alcuni produttori di elastomeri raccomandano di non superare un fattore di forma di 0,3 per evitare il buckling, un problema che pu\u00f2 causare il ribaltamento dell&#8217;apparecchiatura supportata. <\/p>\n<p>&nbsp;<\/p>\n<p>Quando si progetta l&#8217;elastomero <a href=\"https:\/\/www.carbide.audio\/product\/viscoring\/\">ViscoRing\u2122<\/a> elastomero utilizzato nei <a href=\"https:\/\/www.carbide.audio\/carbide-base\/\"><em>Carbide Base<\/em><\/a> piedini, \u00e8 stato previsto un fattore di forma di 0,17. Questa scelta \u00e8 stata fatta per spingere la frequenza di risonanza abbastanza in basso, in modo da isolare efficacemente le frequenze udibili pi\u00f9 basse.[\/vc_column_text][vc_column_text el_class=&#8221;section-row&#8221;]<\/p>\n<h2>Migliorare la stabilit\u00e0<\/h2>\n<p>\u00c8 stato condotto un esperimento per verificare la capacit\u00e0 di ViscoRing\u2122 di sostenere verticalmente un carico ed evitare la deformazione. L&#8217;esperimento consisteva nell&#8217;applicare gradualmente un peso e misurare la deformazione verticale del materiale. I pesi sono stati applicati sopra il Medium ViscoRing\u2122 con incrementi di 1,13 kg (2,5 libbre) in un ambiente a temperatura ambiente. La distanza di deformazione verticale \u00e8 stata tracciata sotto forma di curva sforzo-deformazione. L&#8217;asse y rappresenta la sollecitazione o il peso applicato, mentre l&#8217;asse x rappresenta la deformazione verticale causata dall&#8217;applicazione del peso.[\/vc_column_text][vc_row_inner row_type=&#8221;row&#8221; type=&#8221;full_width&#8221; text_align=&#8221;left&#8221; css_animation=&#8221;&#8221; el_class=&#8221;section-row&#8221;][vc_column_inner offset=&#8221;vc_col-lg-6 vc_col-md-6 vc_col-xs-12&#8243;][vc_single_image image=&#8221;13308&#8243; img_size=&#8221;full&#8221; alignment=&#8221;center&#8221; qode_css_animation=&#8221;&#8221; el_class=&#8221;img-1000&#8243;][\/vc_column_inner][vc_column_inner offset=&#8221;vc_col-lg-6 vc_col-md-6 vc_col-xs-12&#8243;][vc_single_image image=&#8221;13318&#8243; img_size=&#8221;full&#8221; alignment=&#8221;center&#8221; qode_css_animation=&#8221;&#8221; el_class=&#8221;img-1000&#8243;][\/vc_column_inner][\/vc_row_inner][vc_column_text el_class=&#8221;section-row&#8221;]La curva <span style=\"color: #fd6565;\">rossa<\/span> mostra il solo ViscoRing\u2122 senza alloggiamento. Si pu\u00f2 notare che poco dopo l&#8217;applicazione iniziale del peso, il materiale ha iniziato a flettersi e a deformarsi notevolmente sotto il carico. Il materiale ha fatto un pessimo lavoro nel sostenere anche una piccola massa, cosa che ci si aspettava visto il fattore di forma estremamente basso.<\/p>\n<p>&nbsp;<\/p>\n<p>Per migliorare la stabilit\u00e0 di ViscoRing\u2122, \u00e8 stato progettato un alloggiamento all&#8217;interno della porzione superiore del <em>Carbide Base<\/em> piedistallo, come mostrato nel grafico semplificato qui sopra. Sono state aggiunte delle creste a intervalli distanziati lungo il perimetro di ViscoRing\u2122 per rinforzarlo ed evitare la deformazione. Le creste sono state distanziate a distanze variabili dall&#8217;esterno di ViscoRing\u2122.   Questo ha liberato una superficie sostanziale per il rigonfiamento verso l&#8217;esterno, preservando cos\u00ec gran parte dei vantaggi prestazionali del basso fattore di forma.<\/p>\n<p>&nbsp;<\/p>\n<p>Man mano che il sito ViscoRing\u2122 si gonfiava verso l&#8217;esterno, una percentuale progressivamente maggiore della superficie del rigonfiamento entrava in contatto con le creste inclinate. Questo aumento del fattore di forma con l&#8217;aumento della massa del carico utile ha fornito una frequenza di risonanza pi\u00f9 coerente in una gamma pi\u00f9 ampia di masse del carico utile. In altre parole, le prestazioni di isolamento del <em>Carbide Base<\/em> footer sono diventate pi\u00f9 costanti al variare del peso del carico utile con questo design a fattore di forma progressivo.<\/p>\n<p>&nbsp;<\/p>\n<p>La curva <span style=\"color: #6496f9;\">blu<\/span> mostra lo stesso ViscoRing\u2122 posizionato nell&#8217;alloggiamento della porzione superiore del <em>Carbide Base<\/em> pi\u00e8 di pagina. \u00c8 stato osservato un aumento relativamente lineare della deformazione verticale con l&#8217;applicazione del peso. Il materiale non si deformava come previsto. La rigidit\u00e0 del materiale, alla fine, \u00e8 destinata ad aumentare gradualmente con l&#8217;aumento delle sollecitazioni, man mano che viene rinforzata una parte maggiore della superficie non caricata. Questo aumenta in modo auspicabile la capacit\u00e0 di sostenere il peso massimo del materiale.<\/p>\n<p>&nbsp;<\/p>\n<p>Gli elastomeri non possono essere compressi in un volume pi\u00f9 piccolo. Per questo motivo, gli elastomeri devono essere in grado di deformarsi sotto carico. I rinforzi selettivi ViscoRing\u2122 non hanno mostrato un aumento improvviso della pendenza o della rigidit\u00e0, come si sarebbe verificato se il materiale fosse stato impedito di rigonfiarsi ulteriormente. Una bassa rigidit\u00e0 o tasso di molla \u00e8 importante per ottenere una bassa frequenza di risonanza con un sistema molla-massa come questo.[\/vc_column_text][vc_column_text]<\/p>\n<h2>Migliorare l&#8217;isolamento orizzontale<\/h2>\n<p>Una volta ottenuto il successo nell&#8217;utilizzo di un elastomero a basso fattore di forma per l&#8217;isolamento verticale, si volevano ottenere vantaggi analoghi per l&#8217;isolamento orizzontale. Per migliorare ulteriormente le prestazioni di isolamento orizzontale sono stati incorporati elastomeri a basso fattore di forma orientati orizzontalmente e cuscinetti a sfera. <\/p>\n<p>&nbsp;<\/p>\n<p>L&#8217;utilizzo di cuscinetti a sfera per garantire l&#8217;isolamento orizzontale \u00e8 un concetto ben noto. Molti progetti prevedono l&#8217;interposizione di cuscinetti a sfere tra piste di rotolamento curve<a class=\"cite-style\" href=\"#cite-2-1\">[1]<\/a>. <\/p>\n<p>&nbsp;<\/p>\n<p>Il design ideato per la parte inferiore dei <em>Carbide Base<\/em> dei piedini era diverso, con le piste di rotolamento dei cuscinetti piatte anzich\u00e9 curve. Gli elastomeri orientati orizzontalmente hanno agito come molle altamente smorzate, mantenendo il dispositivo centrato in risposta alle vibrazioni. Per ridurre al minimo la deformazione e la resistenza al rotolamento, \u00e8 stata scelta la zirconia per i cuscinetti e l&#8217;acciaio per molle temprato e lucidato per le piste dei cuscinetti.[\/vc_column_text][vc_single_image image=&#8221;13372&#8243; img_size=&#8221;full&#8221; alignment=&#8221;center&#8221; qode_css_animation=&#8221;&#8221; el_class=&#8221;img-800 section-row&#8221;][vc_row_inner row_type=&#8221;row&#8221; type=&#8221;full_width&#8221; text_align=&#8221;left&#8221; css_animation=&#8221;&#8221; el_class=&#8221;section-row&#8221;][vc_column_inner offset=&#8221;vc_col-lg-3 vc_col-md-3 vc_col-xs-12&#8243;][vc_single_image image=&#8221;13338&#8243; img_size=&#8221;full&#8221; alignment=&#8221;center&#8221; onclick=&#8221;link_image&#8221; qode_css_animation=&#8221;&#8221; el_class=&#8221;img-borders&#8221;][vc_column_text]<\/p>\n<h3 style=\"text-align: center;\">Test di vibrazione<\/h3>\n<p>[\/vc_column_text][\/vc_column_inner][vc_column_inner offset=&#8221;vc_col-lg-9 vc_col-md-9 vc_col-xs-12&#8243;][vc_column_text]<\/p>\n<h2>Misurazione dell&#8217;isolamento orizzontale<\/h2>\n<p>Per valutare il miglioramento dell&#8217;isolamento orizzontale \u00e8 stato condotto un altro esperimento. L&#8217;obiettivo dell&#8217;esperimento era quello di quantificare i miglioramenti apportati dall&#8217;aggiunta dei cuscinetti a sfera e degli elastomeri orientati orizzontalmente per l&#8217;isolamento orizzontale. <\/p>\n<p>&nbsp;<\/p>\n<p>Per generare le vibrazioni per l&#8217;esperimento \u00e8 stata utilizzata una tavola vibrante elettromagnetica. Il tavolo \u00e8 stato controllato digitalmente tramite un touch screen e quadranti collegati a inverter a frequenza variabile (VFD). Questi sono stati utilizzati per modulare con precisione l&#8217;ampiezza e la frequenza di vibrazione della superficie del tavolo.  <\/p>\n<p>&nbsp;<\/p>\n<p>Quattro <em>Carbide Base<\/em> I piedini con installato Medium ViscoRings\u2122 sono stati posizionati sopra il tavolo di vibrazione. Una piastra di alluminio zavorrata, con una massa totale di circa 45 kg, \u00e8 stata poi imbullonata sopra i piedritti. Per misurare le vibrazioni sono stati utilizzati due sensori accelerometrici ACH-01 di Measurement Specialties. Il primo sensore \u00e8 stato fissato con nastro biadesivo al bordo anteriore della tavola vibrante. Il secondo sensore \u00e8 stato fissato in modo analogo al bordo anteriore della piastra di alluminio. L&#8217;output di entrambi i sensori \u00e8 stato registrato per determinare l&#8217;accelerazione subita dal tavolo e dalla piastra di alluminio.[\/vc_column_text][\/vc_column_inner][\/vc_row_inner][vc_column_text el_class=&#8221;section-row&#8221;]<\/p>\n<h3>Grafico dell&#8217;isolamento orizzontale<\/h3>\n<p>La frequenza di vibrazione in avanti e indietro (asse Y) \u00e8 stata impostata con incrementi di 10 Hz da 10 Hz a 300 Hz. L&#8217;uscita di tensione di entrambi i sensori \u00e8 stata tracciata ad ogni intervallo. L&#8217;ampiezza del tavolo \u00e8 stata regolata per garantire che il tavolo oscillasse in modo sinusoidale con un&#8217;accelerazione di circa 4 <span style=\"vertical-align: super; font-size: 12px;\">m\/s2<\/span>.  <\/p>\n<p>&nbsp;<\/p>\n<p>Sottraendo l&#8217;uscita dei sensori si \u00e8 ottenuta la trasmissione delle vibrazioni attraverso i <em>Carbide Base<\/em> piedistalli. I valori positivi indicano un&#8217;amplificazione delle vibrazioni attraverso il dispositivo. Ci\u00f2 era previsto a frequenze di vibrazione intorno alla frequenza di risonanza del dispositivo. I valori negativi indicano una riduzione delle vibrazioni generate dal tavolo. In altre parole, l&#8217;isolamento delle vibrazioni che si desiderava ottenere. Pi\u00f9 il valore \u00e8 negativo, maggiore \u00e8 l&#8217;isolamento.     <\/p>\n<p>&nbsp;<\/p>\n<p>La linea <span style=\"color: #fd6565;\">rossa<\/span> mostra le misurazioni effettuate con i <em>Carbide Base<\/em> i cuscinetti a sfera e gli elastomeri orientati orizzontalmente. Solo l&#8217;elastomero ViscoRing\u2122 forniva isolamento.  La linea <span style=\"color: #6496f9;\">blu<\/span> mostra le misure effettuate con i cuscinetti e gli elastomeri orizzontali in posizione. L&#8217;incorporazione di cuscinetti a sfera ed elastomeri orizzontali ha migliorato notevolmente le prestazioni di isolamento orizzontale. La riduzione dell&#8217;ampiezza delle vibrazioni \u00e8 stata particolarmente pronunciata intorno alla frequenza di risonanza, indicando un livello di smorzamento pi\u00f9 elevato.[\/vc_column_text][vc_single_image image=&#8221;13359&#8243; img_size=&#8221;full&#8221; alignment=&#8221;center&#8221; qode_css_animation=&#8221;&#8221; el_class=&#8221;img-1200 section-row&#8221;][vc_column_text el_class=&#8221;section-row&#8221;]<\/p>\n<h2>Conclusione<\/h2>\n<p>Diverse caratteristiche di design sono state incorporate nei <em>Carbide Base<\/em> per utilizzare in modo affidabile gli elastomeri a basso fattore di forma per l&#8217;isolamento dalle vibrazioni. Gli elastomeri formati in fattori di forma che in precedenza erano considerati troppo instabili sono stati resi sufficientemente stabili con un alloggiamento appositamente progettato. La combinazione aggiuntiva di cuscinetti ed elastomeri orientati orizzontalmente ha migliorato ulteriormente l&#8217;isolamento orizzontale. Queste caratteristiche inedite sono state successivamente incorporate in un brevetto in corso di registrazione.[\/vc_column_text][vc_column_text]<\/p>\n<h3>Riferimenti<\/h3>\n<p><cite id=\"cite-2-1\">[1] Kemeny, Zoltan A. &#8220;Filtro di segnale meccanico&#8221;.<br \/>\nUS 6520283 B2, Ufficio brevetti e marchi degli Stati Uniti, 18 febbraio 2003.<br \/>\nBrevetti Google, <a href=\"https:\/\/patents.google.com\/patent\/US6520283B2\">https:\/\/patents.google.com\/patent\/US6520283B2<\/a>  <\/cite>[\/vc_column_text][\/vc_column][vc_column width=&#8221;1\/6&#8243;][\/vc_column][\/vc_row][vc_row css_animation=&#8221;&#8221; row_type=&#8221;row&#8221; use_row_as_full_screen_section=&#8221;no&#8221; type=&#8221;full_width&#8221; angled_section=&#8221;no&#8221; text_align=&#8221;left&#8221; background_image_as_pattern=&#8221;without_pattern&#8221;][vc_column el_class=&#8221;lower-angle-polygon&#8221;][vc_raw_html]PHN2ZyB2aWV3Ym94PSIwIDAgMTAwIDYiIGNsYXNzPSJzbW9vdGgtYWxsIiBzdHlsZT0iIj4KICAgICAgICA8cG9seWdvbiBwb2ludHM9IjAsMyAwLDAgMTAwLDAgMTAwLDIgNzAsMSIgc3R5bGU9ImZpbGw6ICNmZmZmZmY7Ii8+CiAgICAgICAgPHBvbHlnb24gcG9pbnRzPSIwLDUgMCwwIDEwMCwwIDEwMCw0IDY5LDEuNSIgc3R5bGU9ImZpbGw6ICNmZmZmZmY4ZjsiLz4KPC9zdmc+[\/vc_raw_html][\/vc_column][\/vc_row]<\/p>\n<\/div>","protected":false},"excerpt":{"rendered":"<p>[vc_row css_animation=&#8221;&#8221; row_type=&#8221;row&#8221; use_row_as_full_screen_section=&#8221;no&#8221; type=&#8221;full_width&#8221; angled_section=&#8221;no&#8221; text_align=&#8221;left&#8221; background_image_as_pattern=&#8221;without_pattern&#8221;][vc_column el_class=&#8221;lower-angle-polygon&#8221;][vc_raw_html css=&#8221;&#8221;]PHN2ZyB2aWV3Ym94PSIwIDAgMTAwIDYiIGNsYXNzPSJzbW9vdGgtYWxsIiBzdHlsZT0iIj4KICAgICAgICAgICAgPHBvbHlnb24gcG9pbnRzPSIwLDUgMCwwIDEwMCwwIDEwMCw0IDY5LDEuNSIgc3R5bGU9ImZpbGw6ICM0MTQxNDE4ZjsiLz4KICAgICAgICAgICAgPHBvbHlnb24gcG9pbnRzPSIwLDMgMCwwIDEwMCwwIDEwMCwyIDcwLDEiIHN0eWxlPSJmaWxsOiAjNDE0MTQxOyIvPiAgCjwvc3ZnPg==[\/vc_raw_html][\/vc_column][\/vc_row][vc_row css_animation=&#8221;&#8221; row_type=&#8221;row&#8221; use_row_as_full_screen_section=&#8221;no&#8221; type=&#8221;full_width&#8221; angled_section=&#8221;no&#8221; text_align=&#8221;left&#8221; background_image_as_pattern=&#8221;without_pattern&#8221; el_class=&#8221;main-row&#8221; z_index=&#8221;&#8221; css=&#8221;.vc_custom_1746750096216{padding-top: 120px !important;}&#8221;][vc_column width=&#8221;1\/6&#8243;][\/vc_column][vc_column width=&#8221;2\/3&#8243; el_class=&#8221;center-column&#8221;][vc_column_text] Utilizzo di elastomeri a basso fattore di forma &nbsp; I polimeri o elastomeri viscoelastici sono ampiamente utilizzati nelle applicazioni di&#8230;<\/p>\n","protected":false},"author":1,"featured_media":0,"parent":7077,"menu_order":0,"comment_status":"closed","ping_status":"closed","template":"","meta":{"editor_plus_copied_stylings":"{}","_monsterinsights_skip_tracking":false,"_monsterinsights_sitenote_active":false,"_monsterinsights_sitenote_note":"","_monsterinsights_sitenote_category":0,"footnotes":""},"class_list":["post-19240","page","type-page","status-publish","hentry"],"aioseo_notices":[],"_links":{"self":[{"href":"https:\/\/carbide.audio\/it\/wp-json\/wp\/v2\/pages\/19240","targetHints":{"allow":["GET"]}}],"collection":[{"href":"https:\/\/carbide.audio\/it\/wp-json\/wp\/v2\/pages"}],"about":[{"href":"https:\/\/carbide.audio\/it\/wp-json\/wp\/v2\/types\/page"}],"author":[{"embeddable":true,"href":"https:\/\/carbide.audio\/it\/wp-json\/wp\/v2\/users\/1"}],"replies":[{"embeddable":true,"href":"https:\/\/carbide.audio\/it\/wp-json\/wp\/v2\/comments?post=19240"}],"version-history":[{"count":0,"href":"https:\/\/carbide.audio\/it\/wp-json\/wp\/v2\/pages\/19240\/revisions"}],"up":[{"embeddable":true,"href":"https:\/\/carbide.audio\/it\/wp-json\/wp\/v2\/pages\/7077"}],"wp:attachment":[{"href":"https:\/\/carbide.audio\/it\/wp-json\/wp\/v2\/media?parent=19240"}],"curies":[{"name":"wp","href":"https:\/\/api.w.org\/{rel}","templated":true}]}}