{"id":18939,"date":"2023-05-18T07:01:34","date_gmt":"2023-05-18T12:01:34","guid":{"rendered":"https:\/\/carbide.audio\/misure\/dissipazione-delle-vibrazioni-con-piedini-di-carbide-base\/"},"modified":"2025-05-09T11:32:51","modified_gmt":"2025-05-09T16:32:51","slug":"dissipazione-delle-vibrazioni-con-piedini-di-carbide-base","status":"publish","type":"page","link":"https:\/\/carbide.audio\/it\/misure\/dissipazione-delle-vibrazioni-con-piedini-di-carbide-base\/","title":{"rendered":"Dissipazione delle vibrazioni con i piedini di Carbide Base."},"content":{"rendered":"<div class=\"wpb-content-wrapper\"><p>[vc_row css_animation=&#8221;&#8221; row_type=&#8221;row&#8221; use_row_as_full_screen_section=&#8221;no&#8221; type=&#8221;full_width&#8221; angled_section=&#8221;no&#8221; text_align=&#8221;left&#8221; background_image_as_pattern=&#8221;without_pattern&#8221;][vc_column el_class=&#8221;lower-angle-polygon&#8221;][vc_raw_html css=&#8221;&#8221;]PHN2ZyB2aWV3Ym94PSIwIDAgMTAwIDYiIGNsYXNzPSJzbW9vdGgtYWxsIiBzdHlsZT0iIj4KICAgICAgICAgICAgPHBvbHlnb24gcG9pbnRzPSIwLDUgMCwwIDEwMCwwIDEwMCw0IDY5LDEuNSIgc3R5bGU9ImZpbGw6ICM0MTQxNDE4ZjsiLz4KICAgICAgICAgICAgPHBvbHlnb24gcG9pbnRzPSIwLDMgMCwwIDEwMCwwIDEwMCwyIDcwLDEiIHN0eWxlPSJmaWxsOiAjNDE0MTQxOyIvPiAgCjwvc3ZnPg==[\/vc_raw_html][\/vc_column][\/vc_row][vc_row css_animation=&#8221;&#8221; row_type=&#8221;row&#8221; use_row_as_full_screen_section=&#8221;no&#8221; type=&#8221;full_width&#8221; angled_section=&#8221;no&#8221; text_align=&#8221;left&#8221; background_image_as_pattern=&#8221;without_pattern&#8221; z_index=&#8221;&#8221; el_class=&#8221;main-row&#8221; css=&#8221;.vc_custom_1746750016097{padding-top: 120px !important;}&#8221;][vc_column width=&#8221;1\/6&#8243;][\/vc_column][vc_column width=&#8221;2\/3&#8243; el_class=&#8221;center-column&#8221;][vc_column_text css=&#8221;.vc_custom_1684410292398{margin-bottom: 30px !important;}&#8221;]<\/p>\n<h1>Dissipazione delle vibrazioni con i piedini di Carbide Base.<\/h1>\n<p>&nbsp;<\/p>\n<p>\u00c8 noto che la cassa di un altoparlante contribuisce significativamente al suono totale irradiato alle sue frequenze di risonanza inferiori<a class=\"cite-style\" href=\"#cite-1-1\">[1]<\/a>. Anche se la velocit\u00e0 superficiale dei pannelli di un altoparlante \u00e8 piccola, i pannelli irradiano con un&#8217;efficienza molte volte superiore a quella degli altoparlanti. Questo \u00e8 dovuto alla grande area radiante dei pannelli rispetto all&#8217;area radiante degli altoparlanti. Il suono che si irradia dai pannelli dell&#8217;involucro pu\u00f2 impartire una distorsione udibile e dovrebbe essere mitigato. Smorzare i pannelli dell&#8217;involucro \u00e8 un modo efficace per ridurre l&#8217;ampiezza delle risonanze<a class=\"cite-style\" href=\"#cite-1-2\">[2]<\/a>.<\/p>\n<p>&nbsp;<\/p>\n<p>L&#8217;obiettivo di questo esperimento era quello di determinare se la collocazione di piedini <a href=\"https:\/\/www.carbide.audio\/product\/carbide-base\/\">Carbide Base<\/a> sotto un altoparlante potesse ridurre le risonanze a bassa frequenza all&#8217;interno dei pannelli dell&#8217;involucro dell&#8217;altoparlante. La riduzione delle risonanze dei pannelli aiuterebbe a quantificare il miglioramento della dissipazione delle vibrazioni fornito dai piedini. Questo miglioramento verrebbe confrontato con il caso base di una cassa acustica appoggiata su punte di acciaio su un pavimento di cemento.[\/vc_column_text][vc_column_text]<\/p>\n<h3>Test Loudspeaker<\/h3>\n<p>Per eseguire i test di vibrazione, abbiamo prima costruito una cassa acustica di prova. L&#8217;involucro \u00e8 stato lavorato da fogli di polietilene ad alta densit\u00e0 (HDPE) con pannelli spessi 25 mm (1 in) usati all&#8217;esterno e pannelli spessi 50 mm (2 in) utilizzati per i rinforzi interni. Due woofer Accuton AS250-6-552 da 250 mm (10 pollici) sono stati montati sui lati opposti del cabinet. Il recinto \u00e8 stato sigillato con un volume interno di 129 litri che produce un Qtc di circa 0,64. Nessuna imbottitura era presente all&#8217;interno del recinto. La massa totale dell&#8217;involucro con i woofer montati era di 83 kg (183 lbs.).[\/vc_column_text][vc_row_inner row_type=&#8221;row&#8221; type=&#8221;full_width&#8221; text_align=&#8221;left&#8221; css_animation=&#8221;&#8221; el_class=&#8221;section-row&#8221;][vc_column_inner offset=&#8221;vc_col-lg-4 vc_col-md-4 vc_col-xs-12&#8243;][vc_single_image image=&#8221;4135&#8243; img_size=&#8221;full&#8221; alignment=&#8221;center&#8221; onclick=&#8221;link_image&#8221; qode_css_animation=&#8221;&#8221; el_class=&#8221;img-borders&#8221;][\/vc_column_inner][vc_column_inner offset=&#8221;vc_col-lg-4 vc_col-md-4 vc_col-xs-12&#8243;][vc_single_image image=&#8221;4157&#8243; img_size=&#8221;full&#8221; alignment=&#8221;center&#8221; onclick=&#8221;link_image&#8221; qode_css_animation=&#8221;&#8221; el_class=&#8221;img-borders&#8221;][\/vc_column_inner][vc_column_inner offset=&#8221;vc_col-lg-4 vc_col-md-4 vc_col-xs-12&#8243;][vc_single_image image=&#8221;4146&#8243; img_size=&#8221;full&#8221; alignment=&#8221;center&#8221; onclick=&#8221;link_image&#8221; qode_css_animation=&#8221;&#8221; el_class=&#8221;img-borders&#8221;][\/vc_column_inner][\/vc_row_inner][vc_row_inner row_type=&#8221;row&#8221; type=&#8221;full_width&#8221; text_align=&#8221;left&#8221; css_animation=&#8221;&#8221; el_class=&#8221;section-row&#8221;][vc_column_inner offset=&#8221;vc_col-lg-3 vc_col-md-3 vc_col-xs-12&#8243;][vc_single_image image=&#8221;4113&#8243; img_size=&#8221;full&#8221; alignment=&#8221;center&#8221; onclick=&#8221;link_image&#8221; qode_css_animation=&#8221;&#8221; el_class=&#8221;img-borders&#8221;][\/vc_column_inner][vc_column_inner offset=&#8221;vc_col-lg-9 vc_col-md-9 vc_col-xs-12&#8243;][vc_column_text]<\/p>\n<h3>Misurazioni della dissipazione delle vibrazioni<\/h3>\n<p>Nel nostro esperimento di dissipazione delle vibrazioni, le misurazioni sono state effettuate sui pannelli esterni della cassa del diffusore. La prima serie di misurazioni \u00e8 stata presa sul centro inferiore dell&#8217;involucro. La seconda serie di misurazioni \u00e8 stata presa sulla porzione superiore del pannello laterale sinistro ad un&#8217;altezza di 76 cm (30 in) sopra il fondo del recinto. Le misurazioni sono state effettuate prima con il recinto seduto su picchetti di acciaio a contatto diretto con un pavimento di cemento. La stessa misurazione \u00e8 stata poi ripetuta con l&#8217;involucro appoggiato sui piedini Carbide Base.    <\/p>\n<p>&nbsp;<\/p>\n<p>Per misurare le vibrazioni abbiamo utilizzato un sensore accelerometrico piezoelettrico Measurement Specialties ACH-01. Il sensore \u00e8 stato fissato all&#8217;involucro con del nastro biadesivo. Un segnale logico sinusoidale da 35 Hz a 200 Hz \u00e8 stato riprodotto attraverso i woofer e sono state misurate le vibrazioni del pannello. Sono stati generati dei grafici a cascata per mostrare il decadimento dell&#8217;ampiezza della vibrazione nel tempo.   <\/p>\n<p>&nbsp;<\/p>\n<p>Le cascate <span style=\"color: #6496f9;\">blu<\/span> rappresentano le misurazioni con l&#8217;involucro sui piedini Carbide Base e le cascate <span style=\"color: #fd6565;\">rosse<\/span> rappresentano le misurazioni con l&#8217;involucro sui puntali in acciaio a contatto con il pavimento in cemento.[\/vc_column_text][\/vc_column_inner][\/vc_row_inner][vc_column_text]<\/p>\n<h3 style=\"text-align: center;\">Pannello inferiore<\/h3>\n<p>[\/vc_column_text][vc_row_inner row_type=&#8221;row&#8221; type=&#8221;full_width&#8221; text_align=&#8221;left&#8221; css_animation=&#8221;&#8221; el_class=&#8221;section-row&#8221;][vc_column_inner offset=&#8221;vc_col-lg-6 vc_col-md-6 vc_col-xs-12&#8243;][vc_single_image image=&#8221;4179&#8243; img_size=&#8221;full&#8221; alignment=&#8221;center&#8221; qode_css_animation=&#8221;&#8221;][vc_column_text]<\/p>\n<h6 style=\"text-align: center;\">Sui picchi del pavimento<\/h6>\n<p>[\/vc_column_text][\/vc_column_inner][vc_column_inner offset=&#8221;vc_col-lg-6 vc_col-md-6 vc_col-xs-12&#8243;][vc_single_image image=&#8221;4190&#8243; img_size=&#8221;full&#8221; alignment=&#8221;center&#8221; qode_css_animation=&#8221;&#8221;][vc_column_text]<\/p>\n<h6 style=\"text-align: center;\">Su Carbide Base Pi\u00e8 di pagina<\/h6>\n<p>[\/vc_column_text][\/vc_column_inner][\/vc_row_inner][vc_column_text]<\/p>\n<h3 style=\"text-align: center;\">Pannello laterale superiore<\/h3>\n<p>[\/vc_column_text][vc_row_inner row_type=&#8221;row&#8221; type=&#8221;full_width&#8221; text_align=&#8221;left&#8221; css_animation=&#8221;&#8221; el_class=&#8221;section-row&#8221;][vc_column_inner offset=&#8221;vc_col-lg-6 vc_col-md-6 vc_col-xs-12&#8243;][vc_single_image image=&#8221;4201&#8243; img_size=&#8221;full&#8221; alignment=&#8221;center&#8221; qode_css_animation=&#8221;&#8221;][vc_column_text]<\/p>\n<h6 style=\"text-align: center;\">Sui picchi del pavimento<\/h6>\n<p>[\/vc_column_text][\/vc_column_inner][vc_column_inner offset=&#8221;vc_col-lg-6 vc_col-md-6 vc_col-xs-12&#8243;][vc_single_image image=&#8221;4212&#8243; img_size=&#8221;full&#8221; alignment=&#8221;center&#8221; qode_css_animation=&#8221;&#8221;][vc_column_text]<\/p>\n<h6 style=\"text-align: center;\">Su Carbide Base Pi\u00e8 di pagina<\/h6>\n<p>[\/vc_column_text][\/vc_column_inner][\/vc_row_inner][vc_column_text el_class=&#8221;section-row&#8221;]<\/p>\n<h3>Conclusione<\/h3>\n<p>Le misurazioni hanno confermato che le risonanze a bassa frequenza all&#8217;interno dei pannelli della nostra cassa acustica di prova sono state attenuate quando il diffusore \u00e8 stato posizionato su piedini Carbide Base invece che su punte del pavimento. Questo effetto di smorzamento si \u00e8 verificato non solo localmente vicino al contatto con i piedini, ma anche in un punto vicino all&#8217;estremit\u00e0 opposta del recinto. L&#8217;ampiezza e il tempo di decadimento della maggior parte delle risonanze presenti in entrambi i pannelli sono stati ridotti quando l&#8217;altoparlante si trovava sui piedini Carbide Base. Una notevole eccezione era la risonanza intorno a 150 Hz in cui c&#8217;era una diminuzione dell&#8217;ampiezza e un decadimento inizialmente pi\u00f9 veloce, seguita da un piccolo aumento del tempo di decadimento sotto -40 dBFS. Nella regione di frequenza pi\u00f9 bassa, dove le risonanze dell&#8217;involucro sono pi\u00f9 udibili, l&#8217;ampiezza delle vibrazioni \u00e8 stata ridotta in alcuni casi di oltre l&#8217;80%.[\/vc_column_text][vc_column_text]<\/p>\n<h3>Riferimenti<\/h3>\n<p><cite id=\"cite-1-1\">[1] Bastyr, K. J., &amp; Capone, D. E. (2003). <a href=\"https:\/\/www.aes.org\/e-lib\/browse.cfm?elib=12234\">Sulla radiazione acustica dal cabinet di un altoparlante<\/a>. <em>AES: Journal of the Audio Engineering Society<\/em>, <em>51<\/em>(4), 234-243.<\/cite><\/p>\n<p>&nbsp;<\/p>\n<p><cite id=\"cite-1-2\">[2] Juha Backman, <a href=\"https:\/\/secure.aes.org\/forum\/pubs\/conventions\/?elib=7384\">Effect of panel damping on loudspeaker enclosure vibration<\/a>, 1996, Nokia Mobile Phones, Finlandia.<\/cite>[\/vc_column_text][\/vc_column][vc_column width=&#8221;1\/6&#8243;][\/vc_column][\/vc_row][vc_row css_animation=&#8221;&#8221; row_type=&#8221;row&#8221; use_row_as_full_screen_section=&#8221;no&#8221; type=&#8221;full_width&#8221; angled_section=&#8221;no&#8221; text_align=&#8221;left&#8221; background_image_as_pattern=&#8221;without_pattern&#8221;][vc_column el_class=&#8221;lower-angle-polygon&#8221;][vc_raw_html]PHN2ZyB2aWV3Ym94PSIwIDAgMTAwIDYiIGNsYXNzPSJzbW9vdGgtYWxsIiBzdHlsZT0iIj4KICAgICAgICA8cG9seWdvbiBwb2ludHM9IjAsMyAwLDAgMTAwLDAgMTAwLDIgNzAsMSIgc3R5bGU9ImZpbGw6ICNmZmZmZmY7Ii8+CiAgICAgICAgPHBvbHlnb24gcG9pbnRzPSIwLDUgMCwwIDEwMCwwIDEwMCw0IDY5LDEuNSIgc3R5bGU9ImZpbGw6ICNmZmZmZmY4ZjsiLz4KPC9zdmc+[\/vc_raw_html][\/vc_column][\/vc_row]<\/p>\n<\/div>","protected":false},"excerpt":{"rendered":"<p>[vc_row css_animation=&#8221;&#8221; row_type=&#8221;row&#8221; use_row_as_full_screen_section=&#8221;no&#8221; type=&#8221;full_width&#8221; angled_section=&#8221;no&#8221; text_align=&#8221;left&#8221; background_image_as_pattern=&#8221;without_pattern&#8221;][vc_column el_class=&#8221;lower-angle-polygon&#8221;][vc_raw_html css=&#8221;&#8221;]PHN2ZyB2aWV3Ym94PSIwIDAgMTAwIDYiIGNsYXNzPSJzbW9vdGgtYWxsIiBzdHlsZT0iIj4KICAgICAgICAgICAgPHBvbHlnb24gcG9pbnRzPSIwLDUgMCwwIDEwMCwwIDEwMCw0IDY5LDEuNSIgc3R5bGU9ImZpbGw6ICM0MTQxNDE4ZjsiLz4KICAgICAgICAgICAgPHBvbHlnb24gcG9pbnRzPSIwLDMgMCwwIDEwMCwwIDEwMCwyIDcwLDEiIHN0eWxlPSJmaWxsOiAjNDE0MTQxOyIvPiAgCjwvc3ZnPg==[\/vc_raw_html][\/vc_column][\/vc_row][vc_row css_animation=&#8221;&#8221; row_type=&#8221;row&#8221; use_row_as_full_screen_section=&#8221;no&#8221; type=&#8221;full_width&#8221; angled_section=&#8221;no&#8221; text_align=&#8221;left&#8221; background_image_as_pattern=&#8221;without_pattern&#8221; z_index=&#8221;&#8221; el_class=&#8221;main-row&#8221; css=&#8221;.vc_custom_1746750016097{padding-top: 120px !important;}&#8221;][vc_column width=&#8221;1\/6&#8243;][\/vc_column][vc_column width=&#8221;2\/3&#8243; el_class=&#8221;center-column&#8221;][vc_column_text css=&#8221;.vc_custom_1684410292398{margin-bottom: 30px !important;}&#8221;] Dissipazione delle vibrazioni con i piedini di Carbide Base. &nbsp; \u00c8 noto che la cassa di un&#8230;<\/p>\n","protected":false},"author":1,"featured_media":0,"parent":7077,"menu_order":0,"comment_status":"closed","ping_status":"closed","template":"","meta":{"editor_plus_copied_stylings":"{}","_monsterinsights_skip_tracking":false,"_monsterinsights_sitenote_active":false,"_monsterinsights_sitenote_note":"","_monsterinsights_sitenote_category":0,"footnotes":""},"class_list":["post-18939","page","type-page","status-publish","hentry"],"aioseo_notices":[],"_links":{"self":[{"href":"https:\/\/carbide.audio\/it\/wp-json\/wp\/v2\/pages\/18939","targetHints":{"allow":["GET"]}}],"collection":[{"href":"https:\/\/carbide.audio\/it\/wp-json\/wp\/v2\/pages"}],"about":[{"href":"https:\/\/carbide.audio\/it\/wp-json\/wp\/v2\/types\/page"}],"author":[{"embeddable":true,"href":"https:\/\/carbide.audio\/it\/wp-json\/wp\/v2\/users\/1"}],"replies":[{"embeddable":true,"href":"https:\/\/carbide.audio\/it\/wp-json\/wp\/v2\/comments?post=18939"}],"version-history":[{"count":0,"href":"https:\/\/carbide.audio\/it\/wp-json\/wp\/v2\/pages\/18939\/revisions"}],"up":[{"embeddable":true,"href":"https:\/\/carbide.audio\/it\/wp-json\/wp\/v2\/pages\/7077"}],"wp:attachment":[{"href":"https:\/\/carbide.audio\/it\/wp-json\/wp\/v2\/media?parent=18939"}],"curies":[{"name":"wp","href":"https:\/\/api.w.org\/{rel}","templated":true}]}}