{"id":7005,"date":"2021-10-21T11:24:24","date_gmt":"2021-10-21T16:24:24","guid":{"rendered":"https:\/\/www.carbide.audio\/product\/viscoring\/"},"modified":"2024-10-30T17:51:11","modified_gmt":"2024-10-30T22:51:11","slug":"viscoser","status":"publish","type":"product","link":"https:\/\/carbide.audio\/fr\/produit\/viscoser\/","title":{"rendered":"ViscoRing\u2122"},"content":{"rendered":"<p>ViscoRing\u2122 Les anneaux d&rsquo;isolation visco\u00e9lastiques sont install\u00e9s dans nos pieds audio Carbide Base. Ils peuvent \u00eatre command\u00e9s pour des poids maximum d&rsquo;\u00e9quipement Super Light (30 lbs ou 13,5 kg), Light (60 lbs ou 27 kg), Medium (120 lbs ou 54 kg), Heavy (240 lbs ou 108 kg), ou Super Heavy (1000 lbs ou 453 kg) (lorsqu&rsquo;ils sont utilis\u00e9s comme un jeu de 4). <\/p>\n","protected":false},"excerpt":{"rendered":"<p>Anneaux d&rsquo;isolation visco\u00e9lastiques de remplacement ViscoRing\u2122 \u00e0 utiliser dans notre bas de page audio Carbide Base. Vendus s\u00e9par\u00e9ment.<\/p>\n","protected":false},"featured_media":16898,"template":"","meta":{"editor_plus_copied_stylings":"{}","_monsterinsights_skip_tracking":false,"_monsterinsights_sitenote_active":false,"_monsterinsights_sitenote_note":"","_monsterinsights_sitenote_category":0},"product_brand":[],"product_cat":[467,408],"product_tag":[],"class_list":{"0":"post-7005","1":"product","2":"type-product","3":"status-publish","4":"has-post-thumbnail","6":"product_cat-accessoires","7":"product_cat-carbide-base-fr","8":"product_shipping_class-base-de-carbure","9":"tm-has-styled-variations","10":"tm-no-options-pxq","12":"first","13":"instock","14":"taxable","15":"shipping-taxable","16":"purchasable","17":"product-type-variable","18":"has-default-attributes"},"aioseo_notices":[],"_links":{"self":[{"href":"https:\/\/carbide.audio\/fr\/wp-json\/wp\/v2\/product\/7005","targetHints":{"allow":["GET"]}}],"collection":[{"href":"https:\/\/carbide.audio\/fr\/wp-json\/wp\/v2\/product"}],"about":[{"href":"https:\/\/carbide.audio\/fr\/wp-json\/wp\/v2\/types\/product"}],"wp:featuredmedia":[{"embeddable":true,"href":"https:\/\/carbide.audio\/fr\/wp-json\/wp\/v2\/media\/16898"}],"wp:attachment":[{"href":"https:\/\/carbide.audio\/fr\/wp-json\/wp\/v2\/media?parent=7005"}],"wp:term":[{"taxonomy":"product_brand","embeddable":true,"href":"https:\/\/carbide.audio\/fr\/wp-json\/wp\/v2\/product_brand?post=7005"},{"taxonomy":"product_cat","embeddable":true,"href":"https:\/\/carbide.audio\/fr\/wp-json\/wp\/v2\/product_cat?post=7005"},{"taxonomy":"product_tag","embeddable":true,"href":"https:\/\/carbide.audio\/fr\/wp-json\/wp\/v2\/product_tag?post=7005"}],"curies":[{"name":"wp","href":"https:\/\/api.w.org\/{rel}","templated":true}]}}