{"id":47618,"date":"2025-10-15T17:14:24","date_gmt":"2025-10-15T22:14:24","guid":{"rendered":"https:\/\/carbide.audio\/product\/coussinets\/"},"modified":"2025-10-16T19:30:36","modified_gmt":"2025-10-17T00:30:36","slug":"coussinets","status":"publish","type":"product","link":"https:\/\/carbide.audio\/fr\/produit\/coussinets\/","title":{"rendered":"Coussinets"},"content":{"rendered":"<p>Picawood et TwinDamp\u2122 qui peuvent \u00eatre utilis\u00e9s au-dessus ou au-dessous des semelles.<\/p>\n","protected":false},"excerpt":{"rendered":"<p>Coussinets \u00e0 utiliser avec nos pieds audio. Ils fonctionnent de la m\u00eame mani\u00e8re que nos pointes optionnelles, mais leur extr\u00e9mit\u00e9 est \u00e9mouss\u00e9e afin d&rsquo;\u00e9viter d&rsquo;entailler la surface de support ou l&rsquo;\u00e9quipement. <\/p>\n<p>&nbsp;<\/p>\n<p>Le coussin Picawood se visse dans la partie sup\u00e9rieure ou dans les semelles afin d&rsquo;offrir un espace suppl\u00e9mentaire pour les protub\u00e9rances de la face inf\u00e9rieure de l&rsquo;\u00e9quipement, telles que les boulons. Picawood est compos\u00e9 de fines couches de bouleau compress\u00e9es entre des couches de r\u00e9sine. Le r\u00e9sultat est un mat\u00e9riau dur avec d&rsquo;excellentes propri\u00e9t\u00e9s d&rsquo;amortissement.  <\/p>\n<p>&nbsp;<\/p>\n<p>Le tampon TwinDamp\u2122 est utilis\u00e9 sur le bas de nos semelles comme alternative discr\u00e8te aux pointes. TwinDamp\u2122 est notre alliage \u00e0 fort pouvoir d&rsquo;amortissement, dont la capacit\u00e9 d&rsquo;amortissement est 10 fois sup\u00e9rieure \u00e0 celle du cuivre. <\/p>\n<p>&nbsp;<\/p>\n<p>Tous les tampons sont vendus individuellement.<\/p>\n","protected":false},"featured_media":47533,"template":"","meta":{"editor_plus_copied_stylings":"{}","_monsterinsights_skip_tracking":false,"_monsterinsights_sitenote_active":false,"_monsterinsights_sitenote_note":"","_monsterinsights_sitenote_category":0},"product_brand":[],"product_cat":[467,408],"product_tag":[],"class_list":{"0":"post-47618","1":"product","2":"type-product","3":"status-publish","4":"has-post-thumbnail","6":"product_cat-accessoires","7":"product_cat-carbide-base-fr","8":"tm-has-styled-variations","9":"tm-no-options-pxq","11":"first","12":"instock","13":"taxable","14":"shipping-taxable","15":"purchasable","16":"product-type-variable"},"aioseo_notices":[],"_links":{"self":[{"href":"https:\/\/carbide.audio\/fr\/wp-json\/wp\/v2\/product\/47618","targetHints":{"allow":["GET"]}}],"collection":[{"href":"https:\/\/carbide.audio\/fr\/wp-json\/wp\/v2\/product"}],"about":[{"href":"https:\/\/carbide.audio\/fr\/wp-json\/wp\/v2\/types\/product"}],"wp:featuredmedia":[{"embeddable":true,"href":"https:\/\/carbide.audio\/fr\/wp-json\/wp\/v2\/media\/47533"}],"wp:attachment":[{"href":"https:\/\/carbide.audio\/fr\/wp-json\/wp\/v2\/media?parent=47618"}],"wp:term":[{"taxonomy":"product_brand","embeddable":true,"href":"https:\/\/carbide.audio\/fr\/wp-json\/wp\/v2\/product_brand?post=47618"},{"taxonomy":"product_cat","embeddable":true,"href":"https:\/\/carbide.audio\/fr\/wp-json\/wp\/v2\/product_cat?post=47618"},{"taxonomy":"product_tag","embeddable":true,"href":"https:\/\/carbide.audio\/fr\/wp-json\/wp\/v2\/product_tag?post=47618"}],"curies":[{"name":"wp","href":"https:\/\/api.w.org\/{rel}","templated":true}]}}