{"id":29274,"date":"2024-03-06T09:16:13","date_gmt":"2024-03-06T15:16:13","guid":{"rendered":"https:\/\/carbide.audio\/product\/nano\/"},"modified":"2025-07-14T00:35:54","modified_gmt":"2025-07-14T05:35:54","slug":"nano","status":"publish","type":"product","link":"https:\/\/carbide.audio\/fr\/produit\/nano\/","title":{"rendered":"Nano"},"content":{"rendered":"<p>Pieds de page audio Nano par Carbide Audio. Les pieds de page Nano sont disponibles en version standard ou en version diamant. Ils sont vendus par lots de 3 et 4.  <\/p>\n","protected":false},"excerpt":{"rendered":"<p>Le pied de page audio Nano distille notre meilleure technologie d&rsquo;isolateur \u00e0 roulement \u00e0 billes dans le plus petit facteur de forme possible.<\/p>\n<p>&nbsp;<\/p>\n<p>L&rsquo;extr\u00eame duret\u00e9 et le faible frottement des chemins de roulement \u00e0 billes utilis\u00e9s dans chaque pied permettent une excellente isolation des vibrations sur une large gamme de fr\u00e9quences.<\/p>\n<p>&nbsp;<\/p>\n<p>Nano est disponible en version Standard avec nos bagues de roulement en saphir ou en version Diamond avec nos bagues de roulement en diamant et l&rsquo;alliage \u00e0 amortissement \u00e9lev\u00e9 TwinDamp\u2122.<\/p>\n<p>&nbsp;<\/p>\n<p>Les pieds audio Nano peuvent recevoir en option nos pointes pour percer la moquette, ou notre kit de boulons pour les fixer directement sur les haut-parleurs ou l&rsquo;\u00e9quipement audio. Chaque pied Nano peut supporter jusqu&rsquo;\u00e0 55 kg. <\/p>\n<p>&nbsp;<\/p>\n<p>Vendu par lot de 3 ou 4.<\/p>\n","protected":false},"featured_media":28155,"template":"","meta":{"editor_plus_copied_stylings":"{}","_monsterinsights_skip_tracking":false,"_monsterinsights_sitenote_active":false,"_monsterinsights_sitenote_note":"","_monsterinsights_sitenote_category":0},"product_brand":[],"product_cat":[408],"product_tag":[],"class_list":{"0":"post-29274","1":"product","2":"type-product","3":"status-publish","4":"has-post-thumbnail","6":"product_cat-carbide-base-fr","7":"pa_version-standard-fr","8":"pa_version-diamant","9":"tm-has-styled-variations","10":"tm-no-options-pxq","12":"first","13":"outofstock","14":"taxable","15":"shipping-taxable","16":"purchasable","17":"product-type-variable","18":"has-default-attributes"},"aioseo_notices":[],"_links":{"self":[{"href":"https:\/\/carbide.audio\/fr\/wp-json\/wp\/v2\/product\/29274","targetHints":{"allow":["GET"]}}],"collection":[{"href":"https:\/\/carbide.audio\/fr\/wp-json\/wp\/v2\/product"}],"about":[{"href":"https:\/\/carbide.audio\/fr\/wp-json\/wp\/v2\/types\/product"}],"wp:featuredmedia":[{"embeddable":true,"href":"https:\/\/carbide.audio\/fr\/wp-json\/wp\/v2\/media\/28155"}],"wp:attachment":[{"href":"https:\/\/carbide.audio\/fr\/wp-json\/wp\/v2\/media?parent=29274"}],"wp:term":[{"taxonomy":"product_brand","embeddable":true,"href":"https:\/\/carbide.audio\/fr\/wp-json\/wp\/v2\/product_brand?post=29274"},{"taxonomy":"product_cat","embeddable":true,"href":"https:\/\/carbide.audio\/fr\/wp-json\/wp\/v2\/product_cat?post=29274"},{"taxonomy":"product_tag","embeddable":true,"href":"https:\/\/carbide.audio\/fr\/wp-json\/wp\/v2\/product_tag?post=29274"}],"curies":[{"name":"wp","href":"https:\/\/api.w.org\/{rel}","templated":true}]}}