{"id":29264,"date":"2024-03-06T09:00:17","date_gmt":"2024-03-06T15:00:17","guid":{"rendered":"https:\/\/carbide.audio\/product\/micro-viscoring\/"},"modified":"2024-10-30T17:24:04","modified_gmt":"2024-10-30T22:24:04","slug":"micro-viscoring","status":"publish","type":"product","link":"https:\/\/carbide.audio\/fr\/produit\/micro-viscoring\/","title":{"rendered":"Micro ViscoRing\u2122"},"content":{"rendered":"<p>Les anneaux d&rsquo;isolation visco\u00e9lastiques Micro ViscoRing\u2122 sont install\u00e9s dans nos pieds audio Carbide Base. Ils peuvent \u00eatre command\u00e9s pour des poids d&rsquo;\u00e9quipement maximum l\u00e9gers (30 lbs ou 13,5 kg), moyens (60 lbs ou 27 kg), lourds (170 lbs ou 77 kg) ou super lourds (1400 lbs ou 635 kg) (lorsqu&rsquo;ils sont utilis\u00e9s comme un jeu de 4). <\/p>\n","protected":false},"excerpt":{"rendered":"<p>Anneaux d&rsquo;isolation visco\u00e9lastiques Micro ViscoRing\u2122 de rechange \u00e0 utiliser dans notre pied audio Carbide Base Micro. La version Super Heavy est fabriqu\u00e9e \u00e0 partir de notre alliage \u00e0 amortissement \u00e9lev\u00e9 TwinDamp\u2122 pour une capacit\u00e9 de support de poids maximale. Vendu dans un set de 3 qui est utilis\u00e9 dans un seul pied de page.<\/p>\n","protected":false},"featured_media":28194,"template":"","meta":{"editor_plus_copied_stylings":"{}","_monsterinsights_skip_tracking":false,"_monsterinsights_sitenote_active":false,"_monsterinsights_sitenote_note":"","_monsterinsights_sitenote_category":0},"product_brand":[],"product_cat":[467,408],"product_tag":[],"class_list":{"0":"post-29264","1":"product","2":"type-product","3":"status-publish","4":"has-post-thumbnail","6":"product_cat-accessoires","7":"product_cat-carbide-base-fr","8":"tm-has-styled-variations","9":"tm-no-options-pxq","11":"first","12":"instock","13":"taxable","14":"shipping-taxable","15":"purchasable","16":"product-type-variable"},"aioseo_notices":[],"_links":{"self":[{"href":"https:\/\/carbide.audio\/fr\/wp-json\/wp\/v2\/product\/29264","targetHints":{"allow":["GET"]}}],"collection":[{"href":"https:\/\/carbide.audio\/fr\/wp-json\/wp\/v2\/product"}],"about":[{"href":"https:\/\/carbide.audio\/fr\/wp-json\/wp\/v2\/types\/product"}],"wp:featuredmedia":[{"embeddable":true,"href":"https:\/\/carbide.audio\/fr\/wp-json\/wp\/v2\/media\/28194"}],"wp:attachment":[{"href":"https:\/\/carbide.audio\/fr\/wp-json\/wp\/v2\/media?parent=29264"}],"wp:term":[{"taxonomy":"product_brand","embeddable":true,"href":"https:\/\/carbide.audio\/fr\/wp-json\/wp\/v2\/product_brand?post=29264"},{"taxonomy":"product_cat","embeddable":true,"href":"https:\/\/carbide.audio\/fr\/wp-json\/wp\/v2\/product_cat?post=29264"},{"taxonomy":"product_tag","embeddable":true,"href":"https:\/\/carbide.audio\/fr\/wp-json\/wp\/v2\/product_tag?post=29264"}],"curies":[{"name":"wp","href":"https:\/\/api.w.org\/{rel}","templated":true}]}}