{"id":29254,"date":"2024-03-06T08:53:36","date_gmt":"2024-03-06T14:53:36","guid":{"rendered":"https:\/\/carbide.audio\/product\/inserts-nano\/"},"modified":"2025-06-02T14:01:53","modified_gmt":"2025-06-02T19:01:53","slug":"inserts-nano","status":"publish","type":"product","link":"https:\/\/carbide.audio\/fr\/produit\/inserts-nano\/","title":{"rendered":"Inserts Nano"},"content":{"rendered":"<p>Inserts Nano pour la mise \u00e0 niveau du pied audio Nano ou pour l&rsquo;ajout dans le trou filet\u00e9 central des pieds audio Carbide Base et Carbide Base Micro.<\/p>\n","protected":false},"excerpt":{"rendered":"<p>Inserts Nano pour la mise \u00e0 niveau du pied de page audio Nano standard vers la version Diamond.<\/p>\n<p>&nbsp;<\/p>\n<p>Les inserts Nano peuvent \u00e9galement \u00eatre ajout\u00e9s dans le trou filet\u00e9 central des pieds audio Carbide Base et Carbide Base Micro afin de fournir une couche d&rsquo;isolation suppl\u00e9mentaire. Pr\u00e9cisez au moment de l&rsquo;achat si vous souhaitez que les inserts Nano soient pr\u00e9install\u00e9s dans les pieds de page achet\u00e9s en m\u00eame temps. <\/p>\n","protected":false},"featured_media":28166,"template":"","meta":{"editor_plus_copied_stylings":"{}","_monsterinsights_skip_tracking":false,"_monsterinsights_sitenote_active":false,"_monsterinsights_sitenote_note":"","_monsterinsights_sitenote_category":0},"product_brand":[],"product_cat":[467,408],"product_tag":[],"class_list":{"0":"post-29254","1":"product","2":"type-product","3":"status-publish","4":"has-post-thumbnail","6":"product_cat-accessoires","7":"product_cat-carbide-base-fr","8":"pa_version-diamant","9":"pa_version-saphir","10":"tm-has-styled-variations","11":"tm-no-options-pxq","13":"first","14":"instock","15":"taxable","16":"shipping-taxable","17":"purchasable","18":"product-type-variable","19":"has-default-attributes"},"aioseo_notices":[],"_links":{"self":[{"href":"https:\/\/carbide.audio\/fr\/wp-json\/wp\/v2\/product\/29254","targetHints":{"allow":["GET"]}}],"collection":[{"href":"https:\/\/carbide.audio\/fr\/wp-json\/wp\/v2\/product"}],"about":[{"href":"https:\/\/carbide.audio\/fr\/wp-json\/wp\/v2\/types\/product"}],"wp:featuredmedia":[{"embeddable":true,"href":"https:\/\/carbide.audio\/fr\/wp-json\/wp\/v2\/media\/28166"}],"wp:attachment":[{"href":"https:\/\/carbide.audio\/fr\/wp-json\/wp\/v2\/media?parent=29254"}],"wp:term":[{"taxonomy":"product_brand","embeddable":true,"href":"https:\/\/carbide.audio\/fr\/wp-json\/wp\/v2\/product_brand?post=29254"},{"taxonomy":"product_cat","embeddable":true,"href":"https:\/\/carbide.audio\/fr\/wp-json\/wp\/v2\/product_cat?post=29254"},{"taxonomy":"product_tag","embeddable":true,"href":"https:\/\/carbide.audio\/fr\/wp-json\/wp\/v2\/product_tag?post=29254"}],"curies":[{"name":"wp","href":"https:\/\/api.w.org\/{rel}","templated":true}]}}