{"id":28603,"date":"2024-02-29T13:51:42","date_gmt":"2024-02-29T19:51:42","guid":{"rendered":"https:\/\/carbide.audio\/product\/carbide-base-micro\/"},"modified":"2025-12-19T12:26:34","modified_gmt":"2025-12-19T18:26:34","slug":"carbide-base-micro","status":"publish","type":"product","link":"https:\/\/carbide.audio\/fr\/produit\/carbide-base-micro\/","title":{"rendered":"Carbide Base Micro"},"content":{"rendered":"<p>Carbide Base Pieds d&rsquo;isolation micro audio pour votre \u00e9quipement audio Disponibles en finition noire ou argent\u00e9e.<\/p>\n","protected":false},"excerpt":{"rendered":"<p>Carbide Base Les micro-pieds sont vendus individuellement en finition noire ou argent\u00e9e. Choisissez le Micro ViscoRing\u2122 install\u00e9 en fonction du poids que vous souhaitez supporter.<\/p>\n<p>&nbsp;<\/p>\n<p>Les versions Saphir et Diamant ajoutent un isolateur \u00e0 roulement \u00e0 billes suppl\u00e9mentaire dans la partie sup\u00e9rieure de la semelle pour am\u00e9liorer les performances d&rsquo;isolation.<\/p>\n","protected":false},"featured_media":28056,"template":"","meta":{"editor_plus_copied_stylings":"{}","_monsterinsights_skip_tracking":false,"_monsterinsights_sitenote_active":false,"_monsterinsights_sitenote_note":"","_monsterinsights_sitenote_category":0},"product_brand":[],"product_cat":[408],"product_tag":[],"class_list":{"0":"post-28603","1":"product","2":"type-product","3":"status-publish","4":"has-post-thumbnail","6":"product_cat-carbide-base-fr","7":"pa_version-diamant","8":"pa_version-saphir","9":"pa_version-standard-fr","10":"tm-has-styled-variations","11":"tm-no-options-pxq","13":"first","14":"instock","15":"taxable","16":"shipping-taxable","17":"purchasable","18":"product-type-variable"},"aioseo_notices":[],"_links":{"self":[{"href":"https:\/\/carbide.audio\/fr\/wp-json\/wp\/v2\/product\/28603","targetHints":{"allow":["GET"]}}],"collection":[{"href":"https:\/\/carbide.audio\/fr\/wp-json\/wp\/v2\/product"}],"about":[{"href":"https:\/\/carbide.audio\/fr\/wp-json\/wp\/v2\/types\/product"}],"wp:featuredmedia":[{"embeddable":true,"href":"https:\/\/carbide.audio\/fr\/wp-json\/wp\/v2\/media\/28056"}],"wp:attachment":[{"href":"https:\/\/carbide.audio\/fr\/wp-json\/wp\/v2\/media?parent=28603"}],"wp:term":[{"taxonomy":"product_brand","embeddable":true,"href":"https:\/\/carbide.audio\/fr\/wp-json\/wp\/v2\/product_brand?post=28603"},{"taxonomy":"product_cat","embeddable":true,"href":"https:\/\/carbide.audio\/fr\/wp-json\/wp\/v2\/product_cat?post=28603"},{"taxonomy":"product_tag","embeddable":true,"href":"https:\/\/carbide.audio\/fr\/wp-json\/wp\/v2\/product_tag?post=28603"}],"curies":[{"name":"wp","href":"https:\/\/api.w.org\/{rel}","templated":true}]}}