{"id":22125,"date":"2023-09-07T13:38:31","date_gmt":"2023-09-07T18:38:31","guid":{"rendered":"https:\/\/carbide.audio\/product\/pointes\/"},"modified":"2025-10-16T15:38:13","modified_gmt":"2025-10-16T20:38:13","slug":"pointes","status":"publish","type":"product","link":"https:\/\/carbide.audio\/fr\/produit\/pointes\/","title":{"rendered":"Pointes"},"content":{"rendered":"<p>Pointes \u00e0 utiliser avec nos bas de page audio. Recommand\u00e9 lors de l&rsquo;utilisation de nos semelles sur des sols recouverts de moquette. Vendus s\u00e9par\u00e9ment.<\/p>\n","protected":false},"excerpt":{"rendered":"<p>Pointes \u00e0 utiliser avec nos bas de page audio. Disponible en acier inoxydable ou en alliage TwinDamp\u2122 \u00e0 amortissement \u00e9lev\u00e9. Il est recommand\u00e9 d&rsquo;utiliser des pointes lorsque vous utilisez nos pieds sur de la moquette afin d&rsquo;obtenir les meilleures performances en mati\u00e8re de basses.<\/p>\n<p>&nbsp;<\/p>\n<p>Toutes les pointes sont vendues individuellement.<\/p>\n","protected":false},"featured_media":22001,"template":"","meta":{"editor_plus_copied_stylings":"{}","_monsterinsights_skip_tracking":false,"_monsterinsights_sitenote_active":false,"_monsterinsights_sitenote_note":"","_monsterinsights_sitenote_category":0},"product_brand":[],"product_cat":[467,408],"product_tag":[],"class_list":{"0":"post-22125","1":"product","2":"type-product","3":"status-publish","4":"has-post-thumbnail","6":"product_cat-accessoires","7":"product_cat-carbide-base-fr","8":"tm-has-styled-variations","9":"tm-no-options-pxq","11":"first","12":"instock","13":"taxable","14":"shipping-taxable","15":"purchasable","16":"product-type-variable"},"aioseo_notices":[],"_links":{"self":[{"href":"https:\/\/carbide.audio\/fr\/wp-json\/wp\/v2\/product\/22125","targetHints":{"allow":["GET"]}}],"collection":[{"href":"https:\/\/carbide.audio\/fr\/wp-json\/wp\/v2\/product"}],"about":[{"href":"https:\/\/carbide.audio\/fr\/wp-json\/wp\/v2\/types\/product"}],"wp:featuredmedia":[{"embeddable":true,"href":"https:\/\/carbide.audio\/fr\/wp-json\/wp\/v2\/media\/22001"}],"wp:attachment":[{"href":"https:\/\/carbide.audio\/fr\/wp-json\/wp\/v2\/media?parent=22125"}],"wp:term":[{"taxonomy":"product_brand","embeddable":true,"href":"https:\/\/carbide.audio\/fr\/wp-json\/wp\/v2\/product_brand?post=22125"},{"taxonomy":"product_cat","embeddable":true,"href":"https:\/\/carbide.audio\/fr\/wp-json\/wp\/v2\/product_cat?post=22125"},{"taxonomy":"product_tag","embeddable":true,"href":"https:\/\/carbide.audio\/fr\/wp-json\/wp\/v2\/product_tag?post=22125"}],"curies":[{"name":"wp","href":"https:\/\/api.w.org\/{rel}","templated":true}]}}