{"id":22101,"date":"2023-09-07T20:22:19","date_gmt":"2023-09-08T01:22:19","guid":{"rendered":"https:\/\/carbide.audio\/product\/kit-de-boulons-de-pied-de-page\/"},"modified":"2025-10-16T15:38:03","modified_gmt":"2025-10-16T20:38:03","slug":"kit-footer-bolt","status":"publish","type":"product","link":"https:\/\/carbide.audio\/fr\/produit\/kit-footer-bolt\/","title":{"rendered":"Kit de boulons"},"content":{"rendered":"<p>Kit de boulons pour le montage de 8 footers sur des haut-parleurs et autres \u00e9quipements. Comprend 8 boulons de chaque taille m\u00e9trique M4, M6, M8, M10 ou de taille imp\u00e9riale #8-32, 1\/4\u2033-20, 3\/8\u2033-16, 1\/2\u2033-13. <\/p>\n","protected":false},"excerpt":{"rendered":"<p>Kit de boulons comprenant des vis standard \u00e0 t\u00eate plate. Utilis\u00e9 pour le montage optionnel de 8 Carbide Audio footers \u00e0 la place des pointes et des footers d&rsquo;origine sous les enceintes ou autres \u00e9quipements audio. Comprend 8 vis de chaque taille en filetage m\u00e9trique ou imp\u00e9rial.  <\/p>\n<p>&nbsp;<\/p>\n<p><strong>Vis m\u00e9triques :<\/strong> M4, M6, M8, M10<\/p>\n<p><strong>Vis imp\u00e9riales :<\/strong> #8-32, 1\/4\u2033-20, 3\/8\u2033-16, 1\/2\u2033-13<\/p>\n","protected":false},"featured_media":22082,"template":"","meta":{"editor_plus_copied_stylings":"{}","_monsterinsights_skip_tracking":false,"_monsterinsights_sitenote_active":false,"_monsterinsights_sitenote_note":"","_monsterinsights_sitenote_category":0},"product_brand":[],"product_cat":[467,408],"product_tag":[],"class_list":{"0":"post-22101","1":"product","2":"type-product","3":"status-publish","4":"has-post-thumbnail","6":"product_cat-accessoires","7":"product_cat-carbide-base-fr","8":"tm-has-styled-variations","9":"tm-no-options-pxq","11":"first","12":"instock","13":"taxable","14":"shipping-taxable","15":"purchasable","16":"product-type-variable","17":"has-default-attributes"},"aioseo_notices":[],"_links":{"self":[{"href":"https:\/\/carbide.audio\/fr\/wp-json\/wp\/v2\/product\/22101","targetHints":{"allow":["GET"]}}],"collection":[{"href":"https:\/\/carbide.audio\/fr\/wp-json\/wp\/v2\/product"}],"about":[{"href":"https:\/\/carbide.audio\/fr\/wp-json\/wp\/v2\/types\/product"}],"wp:featuredmedia":[{"embeddable":true,"href":"https:\/\/carbide.audio\/fr\/wp-json\/wp\/v2\/media\/22082"}],"wp:attachment":[{"href":"https:\/\/carbide.audio\/fr\/wp-json\/wp\/v2\/media?parent=22101"}],"wp:term":[{"taxonomy":"product_brand","embeddable":true,"href":"https:\/\/carbide.audio\/fr\/wp-json\/wp\/v2\/product_brand?post=22101"},{"taxonomy":"product_cat","embeddable":true,"href":"https:\/\/carbide.audio\/fr\/wp-json\/wp\/v2\/product_cat?post=22101"},{"taxonomy":"product_tag","embeddable":true,"href":"https:\/\/carbide.audio\/fr\/wp-json\/wp\/v2\/product_tag?post=22101"}],"curies":[{"name":"wp","href":"https:\/\/api.w.org\/{rel}","templated":true}]}}