{"id":21630,"date":"2020-06-25T21:14:03","date_gmt":"2020-06-26T02:14:03","guid":{"rendered":"https:\/\/carbide.audio\/product\/carbide-base\/"},"modified":"2025-12-19T12:26:52","modified_gmt":"2025-12-19T18:26:52","slug":"carbide-base","status":"publish","type":"product","link":"https:\/\/carbide.audio\/fr\/produit\/carbide-base\/","title":{"rendered":"Carbide Base"},"content":{"rendered":"<p>Pieds d&rsquo;isolation audio Carbide Base Audio pour votre \u00e9lectronique audio, vos haut-parleurs et votre platine vinyle. Disponible en noir ou en argent.<\/p>\n","protected":false},"excerpt":{"rendered":"<p>Les pieds de Carbide Bases sont vendus individuellement en finition noire ou argent\u00e9e. Choisissez le site ViscoRing\u2122 en fonction du poids que vous souhaitez supporter. <\/p>\n<p>&nbsp;<\/p>\n<p>Une conception modulaire permet d&rsquo;ajouter des inserts de roulements \u00e0 billes dans la partie sup\u00e9rieure de la semelle pour une isolation suppl\u00e9mentaire. Choisissez la version Saphir ou Diamant pour ajouter les inserts Carbide Base correspondants. Les inserts Nano peuvent \u00e9galement \u00eatre ajout\u00e9s \u00e0 toutes les versions si le trou central n&rsquo;est pas utilis\u00e9 pour boulonner les pieds \u00e0 l&rsquo;\u00e9quipement ou pour accepter l&rsquo;extr\u00e9mit\u00e9 d&rsquo;une pointe de haut-parleur. <\/p>\n","protected":false},"featured_media":17272,"template":"","meta":{"editor_plus_copied_stylings":"{}","_monsterinsights_skip_tracking":false,"_monsterinsights_sitenote_active":false,"_monsterinsights_sitenote_note":"","_monsterinsights_sitenote_category":0},"product_brand":[],"product_cat":[408],"product_tag":[],"class_list":{"0":"post-21630","1":"product","2":"type-product","3":"status-publish","4":"has-post-thumbnail","6":"product_cat-carbide-base-fr","7":"pa_version-diamant","8":"pa_version-saphir","9":"pa_version-standard-fr","10":"tm-has-styled-variations","11":"tm-no-options-pxq","13":"first","14":"instock","15":"taxable","16":"shipping-taxable","17":"purchasable","18":"product-type-variable"},"aioseo_notices":[],"_links":{"self":[{"href":"https:\/\/carbide.audio\/fr\/wp-json\/wp\/v2\/product\/21630","targetHints":{"allow":["GET"]}}],"collection":[{"href":"https:\/\/carbide.audio\/fr\/wp-json\/wp\/v2\/product"}],"about":[{"href":"https:\/\/carbide.audio\/fr\/wp-json\/wp\/v2\/types\/product"}],"wp:featuredmedia":[{"embeddable":true,"href":"https:\/\/carbide.audio\/fr\/wp-json\/wp\/v2\/media\/17272"}],"wp:attachment":[{"href":"https:\/\/carbide.audio\/fr\/wp-json\/wp\/v2\/media?parent=21630"}],"wp:term":[{"taxonomy":"product_brand","embeddable":true,"href":"https:\/\/carbide.audio\/fr\/wp-json\/wp\/v2\/product_brand?post=21630"},{"taxonomy":"product_cat","embeddable":true,"href":"https:\/\/carbide.audio\/fr\/wp-json\/wp\/v2\/product_cat?post=21630"},{"taxonomy":"product_tag","embeddable":true,"href":"https:\/\/carbide.audio\/fr\/wp-json\/wp\/v2\/product_tag?post=21630"}],"curies":[{"name":"wp","href":"https:\/\/api.w.org\/{rel}","templated":true}]}}