{"id":7043,"date":"2020-06-25T21:40:06","date_gmt":"2020-06-26T02:40:06","guid":{"rendered":"https:\/\/www.carbide.audio\/politiques\/"},"modified":"2025-05-08T22:45:19","modified_gmt":"2025-05-09T03:45:19","slug":"politiques","status":"publish","type":"page","link":"https:\/\/carbide.audio\/fr\/politiques\/","title":{"rendered":"Politiques"},"content":{"rendered":"<div class=\"wpb-content-wrapper\"><p>[vc_row css_animation=\u00a0\u00bb\u00a0\u00bb row_type=\u00a0\u00bbrow\u00a0\u00bb use_row_as_full_screen_section=\u00a0\u00bbno\u00a0\u00bb type=\u00a0\u00bbfull_width\u00a0\u00bb angled_section=\u00a0\u00bbno\u00a0\u00bb text_align=\u00a0\u00bbleft\u00a0\u00bb background_image_as_pattern=\u00a0\u00bbwithout_pattern\u00a0\u00bb][vc_column el_class=\u00a0\u00bblower-angle-polygon\u00a0\u00bb][vc_raw_html css=\u00a0\u00bb\u00a0\u00bb]PHN2ZyB2aWV3Ym94PSIwIDAgMTAwIDYiIGNsYXNzPSJzbW9vdGgtYWxsIiBzdHlsZT0iIj4KICAgICAgICAgICAgPHBvbHlnb24gcG9pbnRzPSIwLDUgMCwwIDEwMCwwIDEwMCw0IDY5LDEuNSIgc3R5bGU9ImZpbGw6ICM0MTQxNDE4ZjsiLz4KICAgICAgICAgICAgPHBvbHlnb24gcG9pbnRzPSIwLDMgMCwwIDEwMCwwIDEwMCwyIDcwLDEiIHN0eWxlPSJmaWxsOiAjNDE0MTQxOyIvPiAgCjwvc3ZnPg==[\/vc_raw_html][\/vc_column][\/vc_row][vc_row css_animation=\u00a0\u00bb\u00a0\u00bb row_type=\u00a0\u00bbrow\u00a0\u00bb use_row_as_full_screen_section=\u00a0\u00bbno\u00a0\u00bb type=\u00a0\u00bbfull_width\u00a0\u00bb angled_section=\u00a0\u00bbno\u00a0\u00bb text_align=\u00a0\u00bbleft\u00a0\u00bb background_image_as_pattern=\u00a0\u00bbwithout_pattern\u00a0\u00bb z_index=\u00a0\u00bb\u00a0\u00bb el_class=\u00a0\u00bbmain-row\u00a0\u00bb css=\u00a0\u00bb.vc_custom_1746749321118{padding-top: 120px !important;}\u00a0\u00bb][vc_column width=\u00a0\u00bb1\/6&Prime; css=\u00a0\u00bb.vc_custom_1634410637578{margin-top: -100px !important;}\u00a0\u00bb][\/vc_column][vc_column width=\u00a0\u00bb2\/3&Prime; css=\u00a0\u00bb.vc_custom_1654119564503{padding-top: 30px !important;}\u00a0\u00bb][vc_column_text el_class=\u00a0\u00bbsection-text\u00a0\u00bb]<\/p>\n<h2 id=\"returns\">Politique de commande<\/h2>\n<p>Les commandes exp\u00e9di\u00e9es \u00e0 des clients situ\u00e9s dans des r\u00e9gions couvertes par l&rsquo;un de nos <a href=\"https:\/\/carbide.audio\/fr\/distributeurs\/\">distributeurs<\/a> internationaux seront ex\u00e9cut\u00e9es par ce distributeur. Utilisez l&rsquo;option \u00ab\u00a0Demander une facture\u00a0\u00bb sur la page de paiement et votre distributeur local vous contactera pour compl\u00e9ter la transaction.<\/p>\n<p>&nbsp;<\/p>\n<p>Carbide Audio exp\u00e9diera directement aux clients de toutes les autres r\u00e9gions.[\/vc_column_text][vc_column_text css=\u00a0\u00bb\u00a0\u00bb el_class=\u00a0\u00bbsection-text\u00a0\u00bb]<\/p>\n<h2 id=\"shipping\">Politique d&rsquo;exp\u00e9dition<\/h2>\n<p>Toutes les commandes pass\u00e9es en Am\u00e9rique du Nord sont exp\u00e9di\u00e9es gratuitement. Les commandes internationales sup\u00e9rieures \u00e0 800 USD sont exp\u00e9di\u00e9es gratuitement. <\/p>\n<p>&nbsp;<\/p>\n<p>Le d\u00e9lai de traitement des nouvelles commandes est g\u00e9n\u00e9ralement de 3 \u00e0 5 jours ouvrables. Vous recevrez un courriel contenant les informations de suivi peu avant l&rsquo;exp\u00e9dition de votre colis. <\/p>\n<p>&nbsp;<\/p>\n<p>Les colis domestiques am\u00e9ricains sont exp\u00e9di\u00e9s par UPS Ground, avec un d\u00e9lai de livraison de 3 \u00e0 5 jours.<\/p>\n<p>&nbsp;<\/p>\n<p>Les colis internationaux sont exp\u00e9di\u00e9s par UPS Worldwide Expedited ou UPS Standard, avec un d\u00e9lai de livraison de 3 \u00e0 7 jours.<\/p>\n<p>&nbsp;<\/p>\n<p>Il incombe \u00e0 l&rsquo;acheteur d&rsquo;\u00eatre disponible pour la livraison de l&rsquo;envoi. UPS effectuera plusieurs tentatives de livraison, apr\u00e8s quoi l&rsquo;article nous sera renvoy\u00e9. Dans ce cas, il sera consid\u00e9r\u00e9 comme un retour et les frais de retour seront d\u00e9duits du montant rembours\u00e9.[\/vc_column_text][vc_column_text css=\u00a0\u00bb\u00a0\u00bb el_class=\u00a0\u00bbsection-text\u00a0\u00bb]<\/p>\n<h2 id=\"tax\">Politique en mati\u00e8re de taxes et de droits d&rsquo;importation<\/h2>\n<p>Les commandes nationales am\u00e9ricaines exp\u00e9di\u00e9es \u00e0 une adresse au Texas sont soumises \u00e0 la taxe de vente.<\/p>\n<p>&nbsp;<\/p>\n<p>Les commandes internationales sont soumises \u00e0 une taxe bas\u00e9e sur les droits et taxes d&rsquo;importation (TVA par exemple) du pays concern\u00e9. Les droits et taxes \u00e0 l&rsquo;importation sont per\u00e7us au moment de la commande. Les envois internationaux sont effectu\u00e9s en DDP (Delivery Duty Paid) afin de simplifier le d\u00e9douanement et de garantir que vous n&rsquo;aurez pas \u00e0 payer de frais suppl\u00e9mentaires \u00e0 la livraison.[\/vc_column_text][vc_column_text el_class=\u00a0\u00bbsection-text\u00a0\u00bb]<\/p>\n<h2 id=\"currency\">Politique mon\u00e9taire<\/h2>\n<p>Nous acceptons la plupart des devises principales. Les prix sont indiqu\u00e9s dans la devise locale en fonction de votre situation g\u00e9ographique ou du lieu d&rsquo;exp\u00e9dition sp\u00e9cifi\u00e9 sur la page de paiement. Si les prix ne sont pas indiqu\u00e9s dans la devise souhait\u00e9e, veuillez <a href=\"https:\/\/carbide.audio\/fr\/nous-contacter\/\">nous contacter<\/a> et nous vous fournirons une facture dans la devise souhait\u00e9e.[\/vc_column_text][vc_column_text css=\u00a0\u00bb\u00a0\u00bb el_class=\u00a0\u00bbsection-text\u00a0\u00bb]<\/p>\n<h2 id=\"returns\">Politique de retour<\/h2>\n<p>Les footers audio achet\u00e9s directement sur Carbide Audio peuvent \u00eatre retourn\u00e9s ou \u00e9chang\u00e9s contre un autre article. Si vous n&rsquo;\u00eates pas satisfait pour quelque raison que ce soit, vous pouvez retourner votre article dans les 30 jours suivant sa r\u00e9ception. <\/p>\n<p>&nbsp;<\/p>\n<p>Veuillez noter que nous ne pouvons pas rembourser les frais d&rsquo;exp\u00e9dition initiaux, le cas \u00e9ch\u00e9ant. Nous ne pouvons pas non plus rembourser les taxes pay\u00e9es sur les commandes internationales car ces frais nous sont factur\u00e9s par UPS. Veuillez assurer votre envoi et <a href=\"https:\/\/www.carbide.audio\/contact-us\/\">nous fournir<\/a> un num\u00e9ro de suivi ainsi que votre num\u00e9ro de commande afin que nous puissions effectuer correctement votre remboursement.  <\/p>\n<p>&nbsp;<\/p>\n<h5>Crit\u00e8res de remboursement<\/h5>\n<ul class=\"returns-list\">\n<li>Vous devez vous assurer que l&rsquo;article que vous retournez est complet. L&#8217;emballage d&rsquo;origine et les accessoires doivent \u00eatre inclus. <\/li>\n<li>Il vous incombe de veiller \u00e0 ce que l&rsquo;article que vous nous retournez soit en bon \u00e9tat de fonctionnement, intact et dans un \u00e9tat neuf ou l\u00e9g\u00e8rement usag\u00e9.<\/li>\n<li>Carbide Audio n&rsquo;est pas responsable des colis perdus, vol\u00e9s ou endommag\u00e9s pendant le transport. Carbide Audio n&rsquo;est pas non plus responsable des colis non assur\u00e9s. Veuillez utiliser une m\u00e9thode d&rsquo;exp\u00e9dition avec suivi et assurance, telle que UPS.  <\/li>\n<\/ul>\n<p>&nbsp;<\/p>\n<h5>D\u00e9lai de remboursement<\/h5>\n<p>Une fois votre retour re\u00e7u et v\u00e9rifi\u00e9 par nos soins, vous serez rembours\u00e9 du prix d&rsquo;achat de l&rsquo;article. Le remboursement sera effectu\u00e9 dans les 3 jours ouvrables suivant la r\u00e9ception du colis de retour.[\/vc_column_text][vc_column_text css=\u00a0\u00bb.vc_custom_1636747613394{padding-bottom: 0px !important;}\u00a0\u00bb el_class=\u00a0\u00bbsection-text\u00a0\u00bb]<\/p>\n<h2 id=\"privacy\">Politique de confidentialit\u00e9<\/h2>\n<p class=\"\">Carbide Audio LLC. (ci-apr\u00e8s d\u00e9nomm\u00e9e CARBIDE) a cr\u00e9\u00e9 cette politique de confidentialit\u00e9 afin de d\u00e9montrer son engagement \u00e0 respecter la vie priv\u00e9e des utilisateurs de ses sites web. Veuillez lire ce qui suit pour en savoir plus sur notre politique de confidentialit\u00e9 et sur la mani\u00e8re dont nous traitons les informations personnelles identifiables collect\u00e9es aupr\u00e8s de nos visiteurs et utilisateurs.  <\/p>\n<p>&nbsp;<\/p>\n<p class=\"\"><strong>Ce que couvre la pr\u00e9sente politique de confidentialit\u00e9<\/strong><\/p>\n<ul>\n<li>Cette politique de confidentialit\u00e9 couvre le traitement par CARBIDE des informations personnellement identifiables recueillies par CARBIDE par le biais d&rsquo;un site web d\u00e9tenu et exploit\u00e9 par CARBIDE.<\/li>\n<li>Cette politique de confidentialit\u00e9 ne s&rsquo;applique pas aux pratiques des soci\u00e9t\u00e9s que CARBIDE ne poss\u00e8de pas ou ne contr\u00f4le pas, ni aux personnes que CARBIDE n&#8217;emploie pas ou ne g\u00e8re pas, y compris les contributeurs de contenu tiers li\u00e9s par contrat et les sites Web tiers vers lesquels les sites Web de CARBIDE renvoient.<\/li>\n<\/ul>\n<p>&nbsp;<\/p>\n<p class=\"\"><strong>Collecte et utilisation des informations personnelles<\/strong><\/p>\n<ul>\n<li>Vous pouvez visiter les sites web de CARBIDE sans r\u00e9v\u00e9ler aucune information personnelle. Toutefois, CARBIDE a besoin de certaines informations personnelles si vous souhaitez acheter nos produits, vous inscrire pour un compte affili\u00e9 ou utiliser certains services de CARBIDE. <\/li>\n<li>Le cas \u00e9ch\u00e9ant, ces informations peuvent inclure vos coordonn\u00e9es personnelles et\/ou celles de votre entreprise. CARBIDE utilisera ces informations pour r\u00e9pondre \u00e0 vos demandes, pour vous fournir les produits et services demand\u00e9s, pour cr\u00e9er votre compte de membre et pour vous contacter au sujet de nouveaux produits et services. <\/li>\n<li>En acc\u00e9dant aux services de CARBIDE et en nous fournissant volontairement les informations personnelles demand\u00e9es, vous acceptez la collecte et l&rsquo;utilisation de ces informations conform\u00e9ment \u00e0 la pr\u00e9sente politique de confidentialit\u00e9.<\/li>\n<\/ul>\n<p>&nbsp;<\/p>\n<p class=\"\"><strong>Collecte et utilisation d&rsquo;informations non personnelles<\/strong><\/p>\n<ul>\n<li>CARBIDE re\u00e7oit et enregistre automatiquement des informations non personnelles sur les journaux de notre serveur \u00e0 partir de votre navigateur, y compris votre adresse IP, des informations sur les cookies telles que d\u00e9finies ci-dessous, et la page que vous avez demand\u00e9e. CARBIDE ne relie pas ces donn\u00e9es non personnelles aux informations personnelles collect\u00e9es aupr\u00e8s de vous. <\/li>\n<\/ul>\n<p>&nbsp;<\/p>\n<p class=\"\"><strong>Partage et divulgation d&rsquo;informations<\/strong><\/p>\n<ul>\n<li>CARBIDE peut divulguer vos informations personnelles \u00e0 des tiers qui travaillent pour le compte de CARBIDE afin de fournir les produits et services que vous avez demand\u00e9s. Nous ne partagerons vos informations personnelles \u00e0 ces fins qu&rsquo;avec des tiers dont les politiques de confidentialit\u00e9 sont compatibles avec les n\u00f4tres ou qui acceptent de se conformer \u00e0 nos politiques en mati\u00e8re d&rsquo;informations personnelles. <\/li>\n<li>CARBIDE peut autrement divulguer vos informations personnelles lorsque :\n<ul>\n<li>Nous avons votre consentement explicite pour partager ces informations dans un but pr\u00e9cis ;<\/li>\n<li>Nous devons r\u00e9pondre \u00e0 des citations \u00e0 compara\u00eetre, \u00e0 des ordonnances judiciaires ou \u00e0 d&rsquo;autres proc\u00e9dures l\u00e9gales ;<\/li>\n<li>Nous devons prot\u00e9ger la s\u00e9curit\u00e9 personnelle des utilisateurs de nos sites web ou d\u00e9fendre les droits ou la propri\u00e9t\u00e9 de CARBIDE ;<\/li>\n<li>Nous constatons que vos actions sur nos sites Web violent les conditions d&rsquo;utilisation du document CARBIDE ou l&rsquo;une de nos directives d&rsquo;utilisation pour des produits ou services sp\u00e9cifiques.<\/li>\n<\/ul>\n<\/li>\n<\/ul>\n<p>&nbsp;<\/p>\n<p class=\"\"><strong>Consentement<\/strong><\/p>\n<ul>\n<li>Si vous ne consentez pas \u00e0 la collecte, \u00e0 l&rsquo;utilisation ou \u00e0 la divulgation de vos informations personnelles telles que d\u00e9crites dans cette politique, veuillez ne pas fournir d&rsquo;informations personnelles \u00e0 CARBIDE. Si vous avez fourni des informations personnelles \u00e0 CARBIDE et que vous ne consentez plus \u00e0 ce qu&rsquo;elles soient utilis\u00e9es ou divulgu\u00e9es comme indiqu\u00e9 ici, veuillez <a href=\"https:\/\/www.carbide.audio\/contact-us\/\">nous contacter.<\/a> <\/li>\n<\/ul>\n<p>&nbsp;<\/p>\n<p class=\"\"><strong>S\u00e9curit\u00e9<\/strong><\/p>\n<ul>\n<li>Malheureusement, aucune transmission de donn\u00e9es sur l&rsquo;internet ne peut \u00eatre consid\u00e9r\u00e9e comme s\u00fbre \u00e0 100 %. Cependant, vos informations CARBIDE sont prot\u00e9g\u00e9es pour votre vie priv\u00e9e et votre s\u00e9curit\u00e9. Dans certaines zones de nos sites web, telles qu&rsquo;identifi\u00e9es sur le site, CARBIDE utilise un cryptage SSL standard pour prot\u00e9ger les transmissions de donn\u00e9es.  <\/li>\n<li>Nous prot\u00e9geons \u00e9galement vos informations personnelles contre tout acc\u00e8s non autoris\u00e9, gr\u00e2ce \u00e0 des proc\u00e9dures de contr\u00f4le d&rsquo;acc\u00e8s, des pare-feu de r\u00e9seau et des mesures de s\u00e9curit\u00e9 physique.<\/li>\n<li>En outre, CARBIDE ne conserve vos informations personnelles qu&rsquo;aussi longtemps que n\u00e9cessaire pour atteindre les objectifs identifi\u00e9s ci-dessus ou que la loi l&rsquo;exige.<\/li>\n<\/ul>\n<p>&nbsp;<\/p>\n<p class=\"\"><strong>Modifications de la pr\u00e9sente politique de confidentialit\u00e9<\/strong><\/p>\n<ul>\n<li>CARBIDE peut \u00e0 tout moment, sans vous en avertir et \u00e0 sa seule discr\u00e9tion, modifier cette politique. Veuillez revoir cette politique p\u00e9riodiquement. Votre utilisation continue des sites web de CARBIDE apr\u00e8s de tels amendements signifie que vous les acceptez.  <\/li>\n<\/ul>\n<p>&nbsp;<\/p>\n<p class=\"\"><strong>Questions ou suggestions<\/strong><\/p>\n<ul>\n<li>Si vous avez des questions ou des suggestions concernant la pr\u00e9sente politique de confidentialit\u00e9 ou vos informations personnelles, veuillez <a href=\"https:\/\/www.carbide.audio\/contact-us\/\">nous contacter<\/a>.<\/li>\n<\/ul>\n<p>&nbsp;<\/p>\n<p class=\"\"><strong>Cookies<\/strong><\/p>\n<p>[\/vc_column_text][vc_raw_js el_class=\u00a0\u00bbsection-text cookie-text\u00a0\u00bb]JTNDc2NyaXB0JTIwaWQlM0QlMjJDb29raWVEZWNsYXJhdGlvbiUyMiUyMHNyYyUzRCUyMmh0dHBzJTNBJTJGJTJGY29uc2VudC5jb29raWVib3QuY29tJTJGOTU2NzhkMTYtYjE0Ny00MDBkLWFmNTAtMWZjMTNkYWQ0MWUzJTJGY2QuanMlMjIlMjB0eXBlJTNEJTIydGV4dCUyRmphdmFzY3JpcHQlMjIlMjBhc3luYyUzRSUzQyUyRnNjcmlwdCUzRQ==[\/vc_raw_js][\/vc_column][vc_column width=\u00a0\u00bb1\/6&Prime;][\/vc_column][\/vc_row][vc_row css_animation=\u00a0\u00bb\u00a0\u00bb row_type=\u00a0\u00bbrow\u00a0\u00bb use_row_as_full_screen_section=\u00a0\u00bbno\u00a0\u00bb type=\u00a0\u00bbfull_width\u00a0\u00bb angled_section=\u00a0\u00bbno\u00a0\u00bb text_align=\u00a0\u00bbleft\u00a0\u00bb background_image_as_pattern=\u00a0\u00bbwithout_pattern\u00a0\u00bb][vc_column el_class=\u00a0\u00bblower-angle-polygon\u00a0\u00bb][vc_raw_html]PHN2ZyB2aWV3Ym94PSIwIDAgMTAwIDYiIGNsYXNzPSJzbW9vdGgtYWxsIiBzdHlsZT0iIj4KICAgICAgICA8cG9seWdvbiBwb2ludHM9IjAsMyAwLDAgMTAwLDAgMTAwLDIgNzAsMSIgc3R5bGU9ImZpbGw6ICNmZmZmZmY7Ii8+CiAgICAgICAgPHBvbHlnb24gcG9pbnRzPSIwLDUgMCwwIDEwMCwwIDEwMCw0IDY5LDEuNSIgc3R5bGU9ImZpbGw6ICNmZmZmZmY4ZjsiLz4KPC9zdmc+[\/vc_raw_html][\/vc_column][\/vc_row]<\/p>\n<\/div>","protected":false},"excerpt":{"rendered":"<p>[vc_row css_animation=\u00a0\u00bb\u00a0\u00bb row_type=\u00a0\u00bbrow\u00a0\u00bb use_row_as_full_screen_section=\u00a0\u00bbno\u00a0\u00bb type=\u00a0\u00bbfull_width\u00a0\u00bb angled_section=\u00a0\u00bbno\u00a0\u00bb text_align=\u00a0\u00bbleft\u00a0\u00bb background_image_as_pattern=\u00a0\u00bbwithout_pattern\u00a0\u00bb][vc_column el_class=\u00a0\u00bblower-angle-polygon\u00a0\u00bb][vc_raw_html css=\u00a0\u00bb\u00a0\u00bb]PHN2ZyB2aWV3Ym94PSIwIDAgMTAwIDYiIGNsYXNzPSJzbW9vdGgtYWxsIiBzdHlsZT0iIj4KICAgICAgICAgICAgPHBvbHlnb24gcG9pbnRzPSIwLDUgMCwwIDEwMCwwIDEwMCw0IDY5LDEuNSIgc3R5bGU9ImZpbGw6ICM0MTQxNDE4ZjsiLz4KICAgICAgICAgICAgPHBvbHlnb24gcG9pbnRzPSIwLDMgMCwwIDEwMCwwIDEwMCwyIDcwLDEiIHN0eWxlPSJmaWxsOiAjNDE0MTQxOyIvPiAgCjwvc3ZnPg==[\/vc_raw_html][\/vc_column][\/vc_row][vc_row css_animation=\u00a0\u00bb\u00a0\u00bb row_type=\u00a0\u00bbrow\u00a0\u00bb use_row_as_full_screen_section=\u00a0\u00bbno\u00a0\u00bb type=\u00a0\u00bbfull_width\u00a0\u00bb angled_section=\u00a0\u00bbno\u00a0\u00bb text_align=\u00a0\u00bbleft\u00a0\u00bb background_image_as_pattern=\u00a0\u00bbwithout_pattern\u00a0\u00bb z_index=\u00a0\u00bb\u00a0\u00bb el_class=\u00a0\u00bbmain-row\u00a0\u00bb css=\u00a0\u00bb.vc_custom_1746749321118{padding-top: 120px !important;}\u00a0\u00bb][vc_column width=\u00a0\u00bb1\/6&Prime; css=\u00a0\u00bb.vc_custom_1634410637578{margin-top: -100px !important;}\u00a0\u00bb][\/vc_column][vc_column width=\u00a0\u00bb2\/3&Prime; css=\u00a0\u00bb.vc_custom_1654119564503{padding-top: 30px !important;}\u00a0\u00bb][vc_column_text el_class=\u00a0\u00bbsection-text\u00a0\u00bb] Politique de commande Les commandes exp\u00e9di\u00e9es \u00e0 des clients situ\u00e9s dans des r\u00e9gions couvertes&#8230;<\/p>\n","protected":false},"author":1,"featured_media":0,"parent":0,"menu_order":0,"comment_status":"closed","ping_status":"closed","template":"","meta":{"editor_plus_copied_stylings":"{}","_monsterinsights_skip_tracking":false,"_monsterinsights_sitenote_active":false,"_monsterinsights_sitenote_note":"","_monsterinsights_sitenote_category":0,"footnotes":""},"class_list":["post-7043","page","type-page","status-publish","hentry"],"aioseo_notices":[],"_links":{"self":[{"href":"https:\/\/carbide.audio\/fr\/wp-json\/wp\/v2\/pages\/7043","targetHints":{"allow":["GET"]}}],"collection":[{"href":"https:\/\/carbide.audio\/fr\/wp-json\/wp\/v2\/pages"}],"about":[{"href":"https:\/\/carbide.audio\/fr\/wp-json\/wp\/v2\/types\/page"}],"author":[{"embeddable":true,"href":"https:\/\/carbide.audio\/fr\/wp-json\/wp\/v2\/users\/1"}],"replies":[{"embeddable":true,"href":"https:\/\/carbide.audio\/fr\/wp-json\/wp\/v2\/comments?post=7043"}],"version-history":[{"count":0,"href":"https:\/\/carbide.audio\/fr\/wp-json\/wp\/v2\/pages\/7043\/revisions"}],"wp:attachment":[{"href":"https:\/\/carbide.audio\/fr\/wp-json\/wp\/v2\/media?parent=7043"}],"curies":[{"name":"wp","href":"https:\/\/api.w.org\/{rel}","templated":true}]}}