{"id":7025,"date":"2020-06-25T20:44:16","date_gmt":"2020-06-26T01:44:16","guid":{"rendered":"https:\/\/www.carbide.audio\/accueil\/"},"modified":"2024-10-30T10:55:12","modified_gmt":"2024-10-30T15:55:12","slug":"accueil","status":"publish","type":"page","link":"https:\/\/carbide.audio\/fr\/","title":{"rendered":"Accueil"},"content":{"rendered":"<div class=\"wpb-content-wrapper\"><p>[vc_row css_animation=\u00a0\u00bb\u00a0\u00bb row_type=\u00a0\u00bbrow\u00a0\u00bb use_row_as_full_screen_section=\u00a0\u00bbno\u00a0\u00bb type=\u00a0\u00bbfull_width\u00a0\u00bb angled_section=\u00a0\u00bbno\u00a0\u00bb text_align=\u00a0\u00bbleft\u00a0\u00bb background_image_as_pattern=\u00a0\u00bbwithout_pattern\u00a0\u00bb][vc_column el_class=\u00a0\u00bblower-angle-polygon\u00a0\u00bb][vc_raw_html]PHN2ZyB2aWV3Ym94PSIwIDAgMTAwIDYiIGNsYXNzPSJzbW9vdGgtYWxsIiBzdHlsZT0iIj4KICAgICAgICA8cG9seWdvbiBwb2ludHM9IjAsMSAwLDAgMTAwLDAgMTAwLDIgMzAsMy41IiBzdHlsZT0iZmlsbDogIzQxNDE0MTsiLz4KICAgICAgICA8cG9seWdvbiBwb2ludHM9IjAsMi41IDAsMCAxMDAsMCAxMDAsMy41IDMwLjUsNCIgc3R5bGU9ImZpbGw6ICM0MTQxNDE4ZiIvPgo8L3N2Zz4=[\/vc_raw_html][\/vc_column][\/vc_row][vc_row css_animation=\u00a0\u00bb\u00a0\u00bb row_type=\u00a0\u00bbrow\u00a0\u00bb use_row_as_full_screen_section=\u00a0\u00bbno\u00a0\u00bb type=\u00a0\u00bbfull_width\u00a0\u00bb angled_section=\u00a0\u00bbno\u00a0\u00bb text_align=\u00a0\u00bbleft\u00a0\u00bb background_image_as_pattern=\u00a0\u00bbwithout_pattern\u00a0\u00bb row_negative_margin=\u00a0\u00bbdisable_negative_margin\u00a0\u00bb el_class=\u00a0\u00bbcarbide-base-row-background\u00a0\u00bb z_index=\u00a0\u00bb\u00a0\u00bb][vc_column width=\u00a0\u00bb1\/12&Prime; offset=\u00a0\u00bbvc_hidden-md vc_hidden-sm vc_hidden-xs\u00a0\u00bb][\/vc_column][vc_column width=\u00a0\u00bb1\/2&Prime; offset=\u00a0\u00bbvc_col-lg-5 vc_col-md-6 vc_col-xs-12&Prime;][vc_empty_space height=\u00a0\u00bb\u00a0\u00bb el_class=\u00a0\u00bbcarbide-base-background mobile-view mobile-image smooth-all\u00a0\u00bb css=\u00a0\u00bb.vc_custom_1710366233118{margin-bottom: -10px !important;}\u00a0\u00bb][vc_row_inner row_type=\u00a0\u00bbrow\u00a0\u00bb type=\u00a0\u00bbfull_width\u00a0\u00bb text_align=\u00a0\u00bbleft\u00a0\u00bb css_animation=\u00a0\u00bb\u00a0\u00bb el_class=\u00a0\u00bbproduct-row-height smooth-all carbide-base-row-mobile-background\u00a0\u00bb][vc_column_inner el_class=\u00a0\u00bbproduct-row-height smooth-all\u00a0\u00bb][vc_single_image image=\u00a0\u00bb4023&Prime; img_size=\u00a0\u00bbfull\u00a0\u00bb qode_css_animation=\u00a0\u00bb\u00a0\u00bb el_class=\u00a0\u00bbcarbide-base-logo smooth-all\u00a0\u00bb][vc_column_text css=\u00a0\u00bb\u00a0\u00bb el_class=\u00a0\u00bbcarbide-base-text\u00a0\u00bb]<\/p>\n<h1>Pieds d&rsquo;isolation contre les vibrations multiaxiales<\/h1>\n<p>Am\u00e9liorez la clart\u00e9 de la musique avec la <em>Carbide Base<\/em> de pieds d&rsquo;isolation contre les vibrations multiaxiales plac\u00e9s sous votre \u00e9quipement audio.[\/vc_column_text][vc_raw_html]PGEgaXRlbXByb3A9InVybCIgaHJlZj0iaHR0cHM6Ly9jYXJiaWRlLmF1ZGlvL2ZyL2NhcmJpZGUtYmFzZS8iIHRhcmdldD0iX3NlbGYiIGNsYXNzPSJtb3JlLWJ1dHRvbiBzbW9vdGgtYWxsIj4KCSAgICA8c3Bhbj5FbiBzYXZvaXIgcGx1czwvc3Bhbj48c3Bhbj48aSBjbGFzcz0icW9kZV9pY29uX2ZvbnRfYXdlc29tZV81IGZhNSBmYXMgZmEtY2hldnJvbi1yaWdodCBtb3JlLWJ1dHRvbi1hcnJvdyAiPjwvaT48L3NwYW4+CQo8L2E+[\/vc_raw_html][vc_column_text][\/vc_column_text][\/vc_column_inner][\/vc_row_inner][\/vc_column][vc_column width=\u00a0\u00bb1\/2&Prime; offset=\u00a0\u00bbvc_col-lg-5 vc_col-md-6 vc_col-xs-6 vc_hidden-xs\u00a0\u00bb el_class=\u00a0\u00bbcarbide-base-background product-row-height desktop-view smooth-all\u00a0\u00bb][vc_raw_html][\/vc_raw_html][\/vc_column][vc_column width=\u00a0\u00bb1\/12&Prime; offset=\u00a0\u00bbvc_hidden-md vc_hidden-sm vc_hidden-xs\u00a0\u00bb][\/vc_column][\/vc_row][vc_row css_animation=\u00a0\u00bb\u00a0\u00bb row_type=\u00a0\u00bbrow\u00a0\u00bb use_row_as_full_screen_section=\u00a0\u00bbno\u00a0\u00bb type=\u00a0\u00bbfull_width\u00a0\u00bb angled_section=\u00a0\u00bbno\u00a0\u00bb text_align=\u00a0\u00bbleft\u00a0\u00bb background_image_as_pattern=\u00a0\u00bbwithout_pattern\u00a0\u00bb row_negative_margin=\u00a0\u00bbdisable_negative_margin\u00a0\u00bb el_class=\u00a0\u00bbmid-row nano-row-background\u00a0\u00bb z_index=\u00a0\u00bb\u00a0\u00bb][vc_column width=\u00a0\u00bb1\/12&Prime; offset=\u00a0\u00bbvc_hidden-md vc_hidden-sm vc_hidden-xs\u00a0\u00bb][\/vc_column][vc_column width=\u00a0\u00bb1\/2&Prime; el_class=\u00a0\u00bbnano-background product-row-height desktop-view smooth-all\u00a0\u00bb offset=\u00a0\u00bbvc_col-lg-5 vc_col-md-6 vc_col-xs-6 vc_hidden-xs\u00a0\u00bb][vc_raw_html][\/vc_raw_html][\/vc_column][vc_column width=\u00a0\u00bb1\/2&Prime; offset=\u00a0\u00bbvc_col-lg-5 vc_col-md-6 vc_col-xs-12&Prime;][vc_empty_space height=\u00a0\u00bb\u00a0\u00bb el_class=\u00a0\u00bbnano-background mobile-view mobile-image smooth-all\u00a0\u00bb css=\u00a0\u00bb.vc_custom_1710369805127{margin-bottom: -10px !important;}\u00a0\u00bb][vc_row_inner row_type=\u00a0\u00bbrow\u00a0\u00bb type=\u00a0\u00bbfull_width\u00a0\u00bb text_align=\u00a0\u00bbleft\u00a0\u00bb css_animation=\u00a0\u00bb\u00a0\u00bb el_class=\u00a0\u00bbproduct-row-height smooth-all nano-row-mobile-background\u00a0\u00bb][vc_column_inner el_class=\u00a0\u00bbproduct-row-height smooth-all\u00a0\u00bb][vc_single_image image=\u00a0\u00bb28595&Prime; img_size=\u00a0\u00bbfull\u00a0\u00bb alignment=\u00a0\u00bbright\u00a0\u00bb qode_css_animation=\u00a0\u00bb\u00a0\u00bb el_class=\u00a0\u00bbcarbide-base-logo smooth-all\u00a0\u00bb][vc_column_text css=\u00a0\u00bb\u00a0\u00bb el_class=\u00a0\u00bbright-text\u00a0\u00bb]<\/p>\n<h1 style=\"text-align: right;\">Pieds \u00e0 nano-isolation vibratoire<\/h1>\n<p style=\"text-align: right;\">Pieds antivibratoires compacts \u00e0 roulement \u00e0 billes pour l&rsquo;\u00e9lectronique audio et les haut-parleurs.<\/p>\n<p>[\/vc_column_text][vc_raw_html]PGEgaXRlbXByb3A9InVybCIgaHJlZj0iaHR0cHM6Ly9jYXJiaWRlLmF1ZGlvL2ZyL3Byb2R1aXQvbmFuby8iIHRhcmdldD0iX3NlbGYiIGNsYXNzPSJtb3JlLWJ1dHRvbiBzbW9vdGgtYWxsIj4KCSAgICA8c3Bhbj5FbiBzYXZvaXIgcGx1czwvc3Bhbj48c3Bhbj48aSBjbGFzcz0icW9kZV9pY29uX2ZvbnRfYXdlc29tZV81IGZhNSBmYXMgZmEtY2hldnJvbi1yaWdodCBtb3JlLWJ1dHRvbi1hcnJvdyAiPjwvaT48L3NwYW4+CQo8L2E+[\/vc_raw_html][vc_column_text][\/vc_column_text][\/vc_column_inner][\/vc_row_inner][\/vc_column][vc_column width=\u00a0\u00bb1\/12&Prime; offset=\u00a0\u00bbvc_hidden-md vc_hidden-sm vc_hidden-xs\u00a0\u00bb][\/vc_column][\/vc_row][vc_row css_animation=\u00a0\u00bb\u00a0\u00bb row_type=\u00a0\u00bbrow\u00a0\u00bb use_row_as_full_screen_section=\u00a0\u00bbno\u00a0\u00bb type=\u00a0\u00bbfull_width\u00a0\u00bb angled_section=\u00a0\u00bbno\u00a0\u00bb text_align=\u00a0\u00bbleft\u00a0\u00bb background_image_as_pattern=\u00a0\u00bbwithout_pattern\u00a0\u00bb el_class=\u00a0\u00bbmain-row\u00a0\u00bb z_index=\u00a0\u00bb\u00a0\u00bb][vc_column el_class=\u00a0\u00bbupper-angle-polygon\u00a0\u00bb][vc_raw_html]PHN2ZyB2aWV3Ym94PSIwIDAgMTAwIDYiIGNsYXNzPSJzbW9vdGgtYWxsIj4KICAgICAgICA8cG9seWdvbiBwb2ludHM9IjAsNCA0MCwyIDEwMCw0IDEwMCw2IDAsNiIgc3R5bGU9ImZpbGw6ICM0MTQxNDE7Ii8+CiAgICAgICAgPHBvbHlnb24gcG9pbnRzPSIwLDIuNSA0MC41LDEuNSAxMDAsMi41IDEwMCw2IDAsNiIgc3R5bGU9ImZpbGw6ICM0MTQxNDE4ZjsiLz4KPC9zdmc+[\/vc_raw_html][\/vc_column][\/vc_row]<\/p>\n<\/div>","protected":false},"excerpt":{"rendered":"<p>[vc_row css_animation=\u00a0\u00bb\u00a0\u00bb row_type=\u00a0\u00bbrow\u00a0\u00bb use_row_as_full_screen_section=\u00a0\u00bbno\u00a0\u00bb type=\u00a0\u00bbfull_width\u00a0\u00bb angled_section=\u00a0\u00bbno\u00a0\u00bb text_align=\u00a0\u00bbleft\u00a0\u00bb background_image_as_pattern=\u00a0\u00bbwithout_pattern\u00a0\u00bb][vc_column el_class=\u00a0\u00bblower-angle-polygon\u00a0\u00bb][vc_raw_html]PHN2ZyB2aWV3Ym94PSIwIDAgMTAwIDYiIGNsYXNzPSJzbW9vdGgtYWxsIiBzdHlsZT0iIj4KICAgICAgICA8cG9seWdvbiBwb2ludHM9IjAsMSAwLDAgMTAwLDAgMTAwLDIgMzAsMy41IiBzdHlsZT0iZmlsbDogIzQxNDE0MTsiLz4KICAgICAgICA8cG9seWdvbiBwb2ludHM9IjAsMi41IDAsMCAxMDAsMCAxMDAsMy41IDMwLjUsNCIgc3R5bGU9ImZpbGw6ICM0MTQxNDE4ZiIvPgo8L3N2Zz4=[\/vc_raw_html][\/vc_column][\/vc_row][vc_row css_animation=\u00a0\u00bb\u00a0\u00bb row_type=\u00a0\u00bbrow\u00a0\u00bb use_row_as_full_screen_section=\u00a0\u00bbno\u00a0\u00bb type=\u00a0\u00bbfull_width\u00a0\u00bb angled_section=\u00a0\u00bbno\u00a0\u00bb text_align=\u00a0\u00bbleft\u00a0\u00bb background_image_as_pattern=\u00a0\u00bbwithout_pattern\u00a0\u00bb row_negative_margin=\u00a0\u00bbdisable_negative_margin\u00a0\u00bb el_class=\u00a0\u00bbcarbide-base-row-background\u00a0\u00bb z_index=\u00a0\u00bb\u00a0\u00bb][vc_column width=\u00a0\u00bb1\/12&Prime; offset=\u00a0\u00bbvc_hidden-md vc_hidden-sm vc_hidden-xs\u00a0\u00bb][\/vc_column][vc_column width=\u00a0\u00bb1\/2&Prime; offset=\u00a0\u00bbvc_col-lg-5 vc_col-md-6 vc_col-xs-12&Prime;][vc_empty_space height=\u00a0\u00bb\u00a0\u00bb el_class=\u00a0\u00bbcarbide-base-background mobile-view mobile-image smooth-all\u00a0\u00bb css=\u00a0\u00bb.vc_custom_1710366233118{margin-bottom: -10px !important;}\u00a0\u00bb][vc_row_inner row_type=\u00a0\u00bbrow\u00a0\u00bb type=\u00a0\u00bbfull_width\u00a0\u00bb text_align=\u00a0\u00bbleft\u00a0\u00bb css_animation=\u00a0\u00bb\u00a0\u00bb el_class=\u00a0\u00bbproduct-row-height smooth-all carbide-base-row-mobile-background\u00a0\u00bb][vc_column_inner el_class=\u00a0\u00bbproduct-row-height smooth-all\u00a0\u00bb][vc_single_image image=\u00a0\u00bb4023&Prime;&#8230;<\/p>\n","protected":false},"author":1,"featured_media":0,"parent":0,"menu_order":0,"comment_status":"closed","ping_status":"closed","template":"full_width.php","meta":{"editor_plus_copied_stylings":"{}","_monsterinsights_skip_tracking":false,"_monsterinsights_sitenote_active":false,"_monsterinsights_sitenote_note":"","_monsterinsights_sitenote_category":0,"footnotes":""},"class_list":["post-7025","page","type-page","status-publish","hentry"],"aioseo_notices":[],"_links":{"self":[{"href":"https:\/\/carbide.audio\/fr\/wp-json\/wp\/v2\/pages\/7025","targetHints":{"allow":["GET"]}}],"collection":[{"href":"https:\/\/carbide.audio\/fr\/wp-json\/wp\/v2\/pages"}],"about":[{"href":"https:\/\/carbide.audio\/fr\/wp-json\/wp\/v2\/types\/page"}],"author":[{"embeddable":true,"href":"https:\/\/carbide.audio\/fr\/wp-json\/wp\/v2\/users\/1"}],"replies":[{"embeddable":true,"href":"https:\/\/carbide.audio\/fr\/wp-json\/wp\/v2\/comments?post=7025"}],"version-history":[{"count":0,"href":"https:\/\/carbide.audio\/fr\/wp-json\/wp\/v2\/pages\/7025\/revisions"}],"wp:attachment":[{"href":"https:\/\/carbide.audio\/fr\/wp-json\/wp\/v2\/media?parent=7025"}],"curies":[{"name":"wp","href":"https:\/\/api.w.org\/{rel}","templated":true}]}}