{"id":7022,"date":"2021-10-20T22:22:29","date_gmt":"2021-10-21T03:22:29","guid":{"rendered":"https:\/\/www.carbide.audio\/mesures\/"},"modified":"2023-05-12T18:45:42","modified_gmt":"2023-05-12T23:45:42","slug":"mesures","status":"publish","type":"page","link":"https:\/\/carbide.audio\/fr\/mesures\/","title":{"rendered":"Mesures"},"content":{"rendered":"<div class=\"wpb-content-wrapper\"><p>[vc_row css_animation=\u00a0\u00bb\u00a0\u00bb row_type=\u00a0\u00bbrow\u00a0\u00bb use_row_as_full_screen_section=\u00a0\u00bbno\u00a0\u00bb type=\u00a0\u00bbfull_width\u00a0\u00bb angled_section=\u00a0\u00bbno\u00a0\u00bb text_align=\u00a0\u00bbleft\u00a0\u00bb background_image_as_pattern=\u00a0\u00bbwithout_pattern\u00a0\u00bb][vc_column el_class=\u00a0\u00bblower-angle-polygon\u00a0\u00bb][vc_raw_html css=\u00a0\u00bb\u00a0\u00bb]PHN2ZyB2aWV3Ym94PSIwIDAgMTAwIDYiIGNsYXNzPSJzbW9vdGgtYWxsIiBzdHlsZT0iIj4KICAgICAgICAgICAgPHBvbHlnb24gcG9pbnRzPSIwLDUgMCwwIDEwMCwwIDEwMCw0IDY5LDEuNSIgc3R5bGU9ImZpbGw6ICM0MTQxNDE4ZjsiLz4KICAgICAgICAgICAgPHBvbHlnb24gcG9pbnRzPSIwLDMgMCwwIDEwMCwwIDEwMCwyIDcwLDEiIHN0eWxlPSJmaWxsOiAjNDE0MTQxOyIvPiAgCjwvc3ZnPg==[\/vc_raw_html][\/vc_column][\/vc_row][vc_row css_animation=\u00a0\u00bb\u00a0\u00bb row_type=\u00a0\u00bbrow\u00a0\u00bb use_row_as_full_screen_section=\u00a0\u00bbno\u00a0\u00bb type=\u00a0\u00bbfull_width\u00a0\u00bb angled_section=\u00a0\u00bbno\u00a0\u00bb text_align=\u00a0\u00bbleft\u00a0\u00bb background_image_as_pattern=\u00a0\u00bbwithout_pattern\u00a0\u00bb el_class=\u00a0\u00bbmain-row\u00a0\u00bb z_index=\u00a0\u00bb\u00a0\u00bb css=\u00a0\u00bb.vc_custom_1746749148594{padding-top: 120px !important;}\u00a0\u00bb][vc_column width=\u00a0\u00bb1\/6&Prime;][\/vc_column][vc_column width=\u00a0\u00bb2\/3&Prime; el_class=\u00a0\u00bbcenter-column\u00a0\u00bb][vc_column_text el_class=\u00a0\u00bbsection-row\u00a0\u00bb]<\/p>\n<h1>MESURES<\/h1>\n<p>[\/vc_column_text][vc_row_inner row_type=\u00a0\u00bbrow\u00a0\u00bb type=\u00a0\u00bbfull_width\u00a0\u00bb text_align=\u00a0\u00bbleft\u00a0\u00bb css_animation=\u00a0\u00bb\u00a0\u00bb el_class=\u00a0\u00bbsection-row\u00a0\u00bb][vc_column_inner offset=\u00a0\u00bbvc_col-lg-3 vc_col-md-12 vc_col-xs-12&Prime;][vc_single_image image=\u00a0\u00bb24308&Prime; img_size=\u00a0\u00bblarge\u00a0\u00bb alignment=\u00a0\u00bbcenter\u00a0\u00bb qode_css_animation=\u00a0\u00bb\u00a0\u00bb el_class=\u00a0\u00bbimg-borders\u00a0\u00bb][\/vc_column_inner][vc_column_inner offset=\u00a0\u00bbvc_col-lg-9 vc_col-md-12 vc_col-xs-12&Prime;][vc_column_text]<\/p>\n<h2><a href=\"https:\/\/carbide.audio\/fr\/mesures\/twindamp-amelioration-de-la-capacite-damortissement-du-manganese-cuivre\/\">TwinDamp\u2122 : Am\u00e9lioration de la capacit\u00e9 d&rsquo;amortissement du mangan\u00e8se-cuivre<\/a><\/h2>\n<p>Mesures comparant la capacit\u00e9 d&rsquo;amortissement de notre alliage TwinDamp\u2122 \u00e0 celle du mangan\u00e8se-cuivre et de l&rsquo;acier inoxydable.[\/vc_column_text][vc_raw_html el_class=\u00a0\u00bbmore-arrow-button\u00a0\u00bb]PGRpdiBjbGFzcz0iYXJyb3ctYnV0dG9uIHNtb290aC1hbGwiPgo8YSBpdGVtcHJvcD0idXJsIiBocmVmPSJodHRwczovL2NhcmJpZGUuYXVkaW8vZnIvbWVzdXJlcy90d2luZGFtcC1hbWVsaW9yYXRpb24tZGUtbGEtY2FwYWNpdGUtZGFtb3J0aXNzZW1lbnQtZHUtbWFuZ2FuZXNlLWN1aXZyZS8iIHRhcmdldD0iX3NlbGYiPgoJICAgIDxzcGFuPjxpIGNsYXNzPSJxb2RlX2ljb25fZm9udF9hd2Vzb21lXzUgZmE1IGZhcyBmYS1jaGV2cm9uLXJpZ2h0IGFycm93LWJ1dHRvbi1hcnJvdyAiPjwvaT48L3NwYW4+CQo8L2E+CjwvZGl2Pg==[\/vc_raw_html][\/vc_column_inner][\/vc_row_inner][vc_row_inner row_type=\u00a0\u00bbrow\u00a0\u00bb type=\u00a0\u00bbfull_width\u00a0\u00bb text_align=\u00a0\u00bbleft\u00a0\u00bb css_animation=\u00a0\u00bb\u00a0\u00bb el_class=\u00a0\u00bbsection-row\u00a0\u00bb][vc_column_inner offset=\u00a0\u00bbvc_col-lg-3 vc_col-md-12 vc_col-xs-12&Prime;][vc_single_image image=\u00a0\u00bb18509&Prime; img_size=\u00a0\u00bblarge\u00a0\u00bb alignment=\u00a0\u00bbcenter\u00a0\u00bb qode_css_animation=\u00a0\u00bb\u00a0\u00bb el_class=\u00a0\u00bbimg-borders\u00a0\u00bb][\/vc_column_inner][vc_column_inner offset=\u00a0\u00bbvc_col-lg-9 vc_col-md-12 vc_col-xs-12&Prime;][vc_column_text]<\/p>\n<h2><a href=\"https:\/\/carbide.audio\/fr\/mesures\/evasion-du-chemin-de-transmission\/\">\u00c9vasion du chemin de transmission<\/a><\/h2>\n<p>Une vue d&rsquo;ensemble du concept d&rsquo;\u00e9vasion du chemin de transmission des vibrations et de son incorporation dans la conception de la semelle Carbide Base Diamond.[\/vc_column_text][vc_raw_html el_class=\u00a0\u00bbmore-arrow-button\u00a0\u00bb]PGRpdiBjbGFzcz0iYXJyb3ctYnV0dG9uIHNtb290aC1hbGwiPgo8YSBpdGVtcHJvcD0idXJsIiBocmVmPSJodHRwczovL2NhcmJpZGUuYXVkaW8vZnIvbWVzdXJlcy9ldmFzaW9uLWR1LWNoZW1pbi1kZS10cmFuc21pc3Npb24vIiB0YXJnZXQ9Il9zZWxmIj4KCSAgICA8c3Bhbj48aSBjbGFzcz0icW9kZV9pY29uX2ZvbnRfYXdlc29tZV81IGZhNSBmYXMgZmEtY2hldnJvbi1yaWdodCBhcnJvdy1idXR0b24tYXJyb3cgIj48L2k+PC9zcGFuPgkKPC9hPgo8L2Rpdj4=[\/vc_raw_html][\/vc_column_inner][\/vc_row_inner][vc_row_inner row_type=\u00a0\u00bbrow\u00a0\u00bb type=\u00a0\u00bbfull_width\u00a0\u00bb text_align=\u00a0\u00bbleft\u00a0\u00bb css_animation=\u00a0\u00bb\u00a0\u00bb el_class=\u00a0\u00bbsection-row\u00a0\u00bb][vc_column_inner offset=\u00a0\u00bbvc_col-lg-3 vc_col-md-12 vc_col-xs-12&Prime;][vc_single_image image=\u00a0\u00bb14596&Prime; img_size=\u00a0\u00bblarge\u00a0\u00bb alignment=\u00a0\u00bbcenter\u00a0\u00bb qode_css_animation=\u00a0\u00bb\u00a0\u00bb el_class=\u00a0\u00bbimg-borders\u00a0\u00bb][\/vc_column_inner][vc_column_inner offset=\u00a0\u00bbvc_col-lg-9 vc_col-md-12 vc_col-xs-12&Prime;][vc_column_text]<\/p>\n<h2><a href=\"https:\/\/carbide.audio\/fr\/mesures\/enquete-sur-les-conceptions-de-pied-de-page-audio\/\">Enqu\u00eate sur les conceptions de pied de page audio<\/a><\/h2>\n<p>Une \u00e9tude de plusieurs mod\u00e8les de pieds d&rsquo;\u00e9quipement audio. Les performances d&rsquo;isolation vibratoire de chaque mod\u00e8le sont mesur\u00e9es et repr\u00e9sent\u00e9es graphiquement pour une comparaison relative.[\/vc_column_text][vc_raw_html el_class=\u00a0\u00bbmore-arrow-button\u00a0\u00bb]PGRpdiBjbGFzcz0iYXJyb3ctYnV0dG9uIHNtb290aC1hbGwiPgo8YSBpdGVtcHJvcD0idXJsIiBocmVmPSJodHRwczovL2NhcmJpZGUuYXVkaW8vZnIvbWVzdXJlcy9lbnF1ZXRlLXN1ci1sZXMtY29uY2VwdGlvbnMtZGUtcGllZC1kZS1wYWdlLWF1ZGlvLyIgdGFyZ2V0PSJfc2VsZiI+CgkgICAgPHNwYW4+PGkgY2xhc3M9InFvZGVfaWNvbl9mb250X2F3ZXNvbWVfNSBmYTUgZmFzIGZhLWNoZXZyb24tcmlnaHQgYXJyb3ctYnV0dG9uLWFycm93ICI+PC9pPjwvc3Bhbj4JCjwvYT4KPC9kaXY+[\/vc_raw_html][\/vc_column_inner][\/vc_row_inner][vc_row_inner row_type=\u00a0\u00bbrow\u00a0\u00bb type=\u00a0\u00bbfull_width\u00a0\u00bb text_align=\u00a0\u00bbleft\u00a0\u00bb css_animation=\u00a0\u00bb\u00a0\u00bb el_class=\u00a0\u00bbsection-row\u00a0\u00bb][vc_column_inner offset=\u00a0\u00bbvc_col-lg-3 vc_col-md-12 vc_col-xs-12&Prime;][vc_single_image image=\u00a0\u00bb13346&Prime; img_size=\u00a0\u00bblarge\u00a0\u00bb alignment=\u00a0\u00bbcenter\u00a0\u00bb qode_css_animation=\u00a0\u00bb\u00a0\u00bb el_class=\u00a0\u00bbimg-borders\u00a0\u00bb][\/vc_column_inner][vc_column_inner offset=\u00a0\u00bbvc_col-lg-9 vc_col-md-12 vc_col-xs-12&Prime;][vc_column_text]<\/p>\n<h2><a href=\"https:\/\/carbide.audio\/fr\/mesures\/utilisation-delastomeres-a-faible-facteur-de-forme\/\">Utilisation d&rsquo;\u00e9lastom\u00e8res \u00e0 faible facteur de forme<\/a><\/h2>\n<p>Une analyse de la nouvelle conception du pied de page audio de Carbide Base Audio. Les avantages des \u00e9lastom\u00e8res \u00e0 faible facteur de forme et de la configuration unique des roulements \u00e0 billes utilis\u00e9s dans le pied sont quantifi\u00e9s \u00e0 l&rsquo;aide de mesures.[\/vc_column_text][vc_raw_html el_class=\u00a0\u00bbmore-arrow-button\u00a0\u00bb]PGRpdiBjbGFzcz0iYXJyb3ctYnV0dG9uIHNtb290aC1hbGwiPgo8YSBpdGVtcHJvcD0idXJsIiBocmVmPSJodHRwczovL2NhcmJpZGUuYXVkaW8vZnIvbWVzdXJlcy91dGlsaXNhdGlvbi1kZWxhc3RvbWVyZXMtYS1mYWlibGUtZmFjdGV1ci1kZS1mb3JtZS8iIHRhcmdldD0iX3NlbGYiPgoJICAgIDxzcGFuPjxpIGNsYXNzPSJxb2RlX2ljb25fZm9udF9hd2Vzb21lXzUgZmE1IGZhcyBmYS1jaGV2cm9uLXJpZ2h0IGFycm93LWJ1dHRvbi1hcnJvdyAiPjwvaT48L3NwYW4+CQo8L2E+CjwvZGl2Pg==[\/vc_raw_html][\/vc_column_inner][\/vc_row_inner][vc_row_inner row_type=\u00a0\u00bbrow\u00a0\u00bb type=\u00a0\u00bbfull_width\u00a0\u00bb text_align=\u00a0\u00bbleft\u00a0\u00bb css_animation=\u00a0\u00bb\u00a0\u00bb el_class=\u00a0\u00bbsection-row\u00a0\u00bb][vc_column_inner offset=\u00a0\u00bbvc_col-lg-3 vc_col-md-12 vc_col-xs-12&Prime;][vc_single_image image=\u00a0\u00bb4166&Prime; img_size=\u00a0\u00bblarge\u00a0\u00bb alignment=\u00a0\u00bbcenter\u00a0\u00bb qode_css_animation=\u00a0\u00bb\u00a0\u00bb el_class=\u00a0\u00bbimg-borders\u00a0\u00bb][\/vc_column_inner][vc_column_inner offset=\u00a0\u00bbvc_col-lg-9 vc_col-md-9 vc_col-xs-12&Prime;][vc_column_text]<\/p>\n<h2><a href=\"https:\/\/carbide.audio\/fr\/mesures\/dissipation-des-vibrations-a-laide-de-semelles-de-carbide-base\/\">Dissipation des vibrations \u00e0 l&rsquo;aide de semelles en Carbide Bases<\/a><\/h2>\n<p>Mesures comparant la capacit\u00e9 de dissipation des vibrations des semelles Carbide Base \u00e0 celle des pointes de sol standard. Un haut-parleur d&rsquo;essai est construit pour analyser l&rsquo;effet d&rsquo;amortissement que les pieds ont sur les r\u00e9sonances du panneau de l&rsquo;armoire.[\/vc_column_text][vc_raw_html el_class=\u00a0\u00bbmore-arrow-button\u00a0\u00bb]PGRpdiBjbGFzcz0iYXJyb3ctYnV0dG9uIHNtb290aC1hbGwiPgo8YSBpdGVtcHJvcD0idXJsIiBocmVmPSJodHRwczovL2NhcmJpZGUuYXVkaW8vZnIvbWVzdXJlcy9kaXNzaXBhdGlvbi1kZXMtdmlicmF0aW9ucy1hLWxhaWRlLWRlLXNlbWVsbGVzLWRlLWNhcmJpZGUtYmFzZS8iIHRhcmdldD0iX3NlbGYiPgoJICAgIDxzcGFuPjxpIGNsYXNzPSJxb2RlX2ljb25fZm9udF9hd2Vzb21lXzUgZmE1IGZhcyBmYS1jaGV2cm9uLXJpZ2h0IGFycm93LWJ1dHRvbi1hcnJvdyAiPjwvaT48L3NwYW4+CQo8L2E+CjwvZGl2Pg==[\/vc_raw_html][\/vc_column_inner][\/vc_row_inner][\/vc_column][vc_column width=\u00a0\u00bb1\/6&Prime;][\/vc_column][\/vc_row][vc_row css_animation=\u00a0\u00bb\u00a0\u00bb row_type=\u00a0\u00bbrow\u00a0\u00bb use_row_as_full_screen_section=\u00a0\u00bbno\u00a0\u00bb type=\u00a0\u00bbfull_width\u00a0\u00bb angled_section=\u00a0\u00bbno\u00a0\u00bb text_align=\u00a0\u00bbleft\u00a0\u00bb background_image_as_pattern=\u00a0\u00bbwithout_pattern\u00a0\u00bb][vc_column el_class=\u00a0\u00bblower-angle-polygon\u00a0\u00bb][vc_raw_html]PHN2ZyB2aWV3Ym94PSIwIDAgMTAwIDYiIGNsYXNzPSJzbW9vdGgtYWxsIiBzdHlsZT0iIj4KICAgICAgICA8cG9seWdvbiBwb2ludHM9IjAsMyAwLDAgMTAwLDAgMTAwLDIgNzAsMSIgc3R5bGU9ImZpbGw6ICNmZmZmZmY7Ii8+CiAgICAgICAgPHBvbHlnb24gcG9pbnRzPSIwLDUgMCwwIDEwMCwwIDEwMCw0IDY5LDEuNSIgc3R5bGU9ImZpbGw6ICNmZmZmZmY4ZjsiLz4KPC9zdmc+[\/vc_raw_html][\/vc_column][\/vc_row]<\/p>\n<\/div>","protected":false},"excerpt":{"rendered":"<p>[vc_row css_animation=\u00a0\u00bb\u00a0\u00bb row_type=\u00a0\u00bbrow\u00a0\u00bb use_row_as_full_screen_section=\u00a0\u00bbno\u00a0\u00bb type=\u00a0\u00bbfull_width\u00a0\u00bb angled_section=\u00a0\u00bbno\u00a0\u00bb text_align=\u00a0\u00bbleft\u00a0\u00bb background_image_as_pattern=\u00a0\u00bbwithout_pattern\u00a0\u00bb][vc_column el_class=\u00a0\u00bblower-angle-polygon\u00a0\u00bb][vc_raw_html css=\u00a0\u00bb\u00a0\u00bb]PHN2ZyB2aWV3Ym94PSIwIDAgMTAwIDYiIGNsYXNzPSJzbW9vdGgtYWxsIiBzdHlsZT0iIj4KICAgICAgICAgICAgPHBvbHlnb24gcG9pbnRzPSIwLDUgMCwwIDEwMCwwIDEwMCw0IDY5LDEuNSIgc3R5bGU9ImZpbGw6ICM0MTQxNDE4ZjsiLz4KICAgICAgICAgICAgPHBvbHlnb24gcG9pbnRzPSIwLDMgMCwwIDEwMCwwIDEwMCwyIDcwLDEiIHN0eWxlPSJmaWxsOiAjNDE0MTQxOyIvPiAgCjwvc3ZnPg==[\/vc_raw_html][\/vc_column][\/vc_row][vc_row css_animation=\u00a0\u00bb\u00a0\u00bb row_type=\u00a0\u00bbrow\u00a0\u00bb use_row_as_full_screen_section=\u00a0\u00bbno\u00a0\u00bb type=\u00a0\u00bbfull_width\u00a0\u00bb angled_section=\u00a0\u00bbno\u00a0\u00bb text_align=\u00a0\u00bbleft\u00a0\u00bb background_image_as_pattern=\u00a0\u00bbwithout_pattern\u00a0\u00bb el_class=\u00a0\u00bbmain-row\u00a0\u00bb z_index=\u00a0\u00bb\u00a0\u00bb css=\u00a0\u00bb.vc_custom_1746749148594{padding-top: 120px !important;}\u00a0\u00bb][vc_column width=\u00a0\u00bb1\/6&Prime;][\/vc_column][vc_column width=\u00a0\u00bb2\/3&Prime; el_class=\u00a0\u00bbcenter-column\u00a0\u00bb][vc_column_text el_class=\u00a0\u00bbsection-row\u00a0\u00bb] MESURES [\/vc_column_text][vc_row_inner row_type=\u00a0\u00bbrow\u00a0\u00bb type=\u00a0\u00bbfull_width\u00a0\u00bb text_align=\u00a0\u00bbleft\u00a0\u00bb css_animation=\u00a0\u00bb\u00a0\u00bb el_class=\u00a0\u00bbsection-row\u00a0\u00bb][vc_column_inner offset=\u00a0\u00bbvc_col-lg-3 vc_col-md-12 vc_col-xs-12&Prime;][vc_single_image image=\u00a0\u00bb24308&Prime; img_size=\u00a0\u00bblarge\u00a0\u00bb alignment=\u00a0\u00bbcenter\u00a0\u00bb qode_css_animation=\u00a0\u00bb\u00a0\u00bb el_class=\u00a0\u00bbimg-borders\u00a0\u00bb][\/vc_column_inner][vc_column_inner offset=\u00a0\u00bbvc_col-lg-9 vc_col-md-12 vc_col-xs-12&Prime;][vc_column_text] TwinDamp\u2122&#8230;<\/p>\n","protected":false},"author":1,"featured_media":0,"parent":0,"menu_order":0,"comment_status":"closed","ping_status":"closed","template":"full_width.php","meta":{"editor_plus_copied_stylings":"{}","_monsterinsights_skip_tracking":false,"_monsterinsights_sitenote_active":false,"_monsterinsights_sitenote_note":"","_monsterinsights_sitenote_category":0,"footnotes":""},"class_list":["post-7022","page","type-page","status-publish","hentry"],"aioseo_notices":[],"_links":{"self":[{"href":"https:\/\/carbide.audio\/fr\/wp-json\/wp\/v2\/pages\/7022","targetHints":{"allow":["GET"]}}],"collection":[{"href":"https:\/\/carbide.audio\/fr\/wp-json\/wp\/v2\/pages"}],"about":[{"href":"https:\/\/carbide.audio\/fr\/wp-json\/wp\/v2\/types\/page"}],"author":[{"embeddable":true,"href":"https:\/\/carbide.audio\/fr\/wp-json\/wp\/v2\/users\/1"}],"replies":[{"embeddable":true,"href":"https:\/\/carbide.audio\/fr\/wp-json\/wp\/v2\/comments?post=7022"}],"version-history":[{"count":0,"href":"https:\/\/carbide.audio\/fr\/wp-json\/wp\/v2\/pages\/7022\/revisions"}],"wp:attachment":[{"href":"https:\/\/carbide.audio\/fr\/wp-json\/wp\/v2\/media?parent=7022"}],"curies":[{"name":"wp","href":"https:\/\/api.w.org\/{rel}","templated":true}]}}