{"id":7014,"date":"2020-06-25T21:38:15","date_gmt":"2020-06-26T02:38:15","guid":{"rendered":"https:\/\/www.carbide.audio\/a-propos-de\/"},"modified":"2025-05-08T22:45:10","modified_gmt":"2025-05-09T03:45:10","slug":"a-propos-de","status":"publish","type":"page","link":"https:\/\/carbide.audio\/fr\/a-propos-de\/","title":{"rendered":"\u00c0 propos de"},"content":{"rendered":"<div class=\"wpb-content-wrapper\"><p>[vc_row css_animation=\u00a0\u00bb\u00a0\u00bb row_type=\u00a0\u00bbrow\u00a0\u00bb use_row_as_full_screen_section=\u00a0\u00bbno\u00a0\u00bb type=\u00a0\u00bbfull_width\u00a0\u00bb angled_section=\u00a0\u00bbno\u00a0\u00bb text_align=\u00a0\u00bbleft\u00a0\u00bb background_image_as_pattern=\u00a0\u00bbwithout_pattern\u00a0\u00bb][vc_column el_class=\u00a0\u00bblower-angle-polygon\u00a0\u00bb][vc_raw_html css=\u00a0\u00bb\u00a0\u00bb]PHN2ZyB2aWV3Ym94PSIwIDAgMTAwIDYiIGNsYXNzPSJzbW9vdGgtYWxsIiBzdHlsZT0iIj4KICAgICAgICAgICAgPHBvbHlnb24gcG9pbnRzPSIwLDUgMCwwIDEwMCwwIDEwMCw0IDY5LDEuNSIgc3R5bGU9ImZpbGw6ICM0MTQxNDE4ZjsiLz4KICAgICAgICAgICAgPHBvbHlnb24gcG9pbnRzPSIwLDMgMCwwIDEwMCwwIDEwMCwyIDcwLDEiIHN0eWxlPSJmaWxsOiAjNDE0MTQxOyIvPiAgCjwvc3ZnPg==[\/vc_raw_html][\/vc_column][\/vc_row][vc_row css_animation=\u00a0\u00bb\u00a0\u00bb row_type=\u00a0\u00bbrow\u00a0\u00bb use_row_as_full_screen_section=\u00a0\u00bbno\u00a0\u00bb type=\u00a0\u00bbfull_width\u00a0\u00bb angled_section=\u00a0\u00bbno\u00a0\u00bb text_align=\u00a0\u00bbleft\u00a0\u00bb background_image_as_pattern=\u00a0\u00bbwithout_pattern\u00a0\u00bb z_index=\u00a0\u00bb\u00a0\u00bb el_class=\u00a0\u00bbrow-background\u00a0\u00bb][vc_column width=\u00a0\u00bb1\/6&Prime; offset=\u00a0\u00bbvc_hidden-sm vc_hidden-xs\u00a0\u00bb][\/vc_column][vc_column offset=\u00a0\u00bbvc_col-lg-8 vc_col-md-8 vc_col-xs-12&Prime; el_class=\u00a0\u00bbcenter-content-column\u00a0\u00bb][vc_column_text el_class=\u00a0\u00bbsection-text\u00a0\u00bb]<\/p>\n<h1>Carbide Audio<\/h1>\n<p><span style=\"font-weight: 400;\">Carbide Audio a son si\u00e8ge dans la ville de Llano, situ\u00e9e dans la r\u00e9gion des collines du Texas, \u00e0 l&rsquo;ouest d&rsquo;Austin. Nous concevons et fabriquons nos produits en interne dans nos propres installations d&rsquo;usinage CNC. Notre \u00e9quipe utilise les derni\u00e8res technologies de mod\u00e9lisation et de fabrication par ordinateur pour repousser les limites de la technologie audio HiFi. Nous sommes fiers de participer \u00e0 toutes les \u00e9tapes du d\u00e9veloppement des produits.   <\/span>[\/vc_column_text][vc_single_image image=\u00a0\u00bb14453&Prime; img_size=\u00a0\u00bbfull\u00a0\u00bb alignment=\u00a0\u00bbcenter\u00a0\u00bb qode_css_animation=\u00a0\u00bb\u00a0\u00bb el_class=\u00a0\u00bbimg-border\u00a0\u00bb][vc_column_text css=\u00a0\u00bb.vc_custom_1730036623415{border-bottom-width: 30px !important;padding-top: 30px !important;}\u00a0\u00bb el_class=\u00a0\u00bbsection-text\u00a0\u00bb]<\/p>\n<h2>Engagement envers la qualit\u00e9<\/h2>\n<p><span style=\"font-weight: 400;\">Carbide Audio est compos\u00e9e d&rsquo;une \u00e9quipe passionn\u00e9e et soucieuse de la qualit\u00e9. Ce souci de qualit\u00e9 s&rsquo;\u00e9tend jusqu&rsquo;aux mati\u00e8res premi\u00e8res que nous utilisons. Par exemple, notre stock d&rsquo;aluminium est extrud\u00e9 sur mesure \u00e0 partir d&rsquo;un alliage sp\u00e9cialis\u00e9 dont le grain fin permet d&rsquo;obtenir la meilleure finition de surface. Nous tirons parti \u00e0 la fois de l&rsquo;automatisation et des processus manuels pour atteindre les normes de qualit\u00e9 \u00e9lev\u00e9es attendues par nos clients dans le monde entier.   <\/span><\/p>\n<p>&nbsp;<\/p>\n<p><span style=\"font-weight: 400;\">Nos produits subissent de nombreuses it\u00e9rations de d\u00e9veloppement en interne avant d&rsquo;\u00eatre commercialis\u00e9s :<\/span><\/p>\n<ul class=\"stages-list fa-ul\">\n<li><i class=\"qode_icon_font_awesome_5 fa5 fas fa-chevron-right stages-list-icon\"><\/i>Mod\u00e9lisation et simulation CAO\n<ul class=\"stages-list fa-ul\">\n<li class=\"stages-list-inner\">Simuler enti\u00e8rement la conception con\u00e7ue.<\/li>\n<\/ul>\n<\/li>\n<li><i class=\"qode_icon_font_awesome_5 fa5 fas fa-chevron-right stages-list-icon\"><\/i>Prototypage et mesures\n<ul class=\"stages-list fa-ul\">\n<li class=\"stages-list-inner\">V\u00e9rifiez les performances de la conception physique \u00e0 l&rsquo;aide de mesures.<\/li>\n<\/ul>\n<\/li>\n<li><i class=\"qode_icon_font_awesome_5 fa5 fas fa-chevron-right stages-list-icon\"><\/i>\u00c9coute\n<ul class=\"stages-list fa-ul\">\n<li class=\"stages-list-inner\">V\u00e9rifiez les mesures par une \u00e9coute approfondie.<\/li>\n<\/ul>\n<\/li>\n<\/ul>\n<p>[\/vc_column_text][\/vc_column][vc_column width=\u00a0\u00bb1\/6&Prime; offset=\u00a0\u00bbvc_hidden-sm vc_hidden-xs\u00a0\u00bb][\/vc_column][\/vc_row][vc_row css_animation=\u00a0\u00bb\u00a0\u00bb row_type=\u00a0\u00bbrow\u00a0\u00bb use_row_as_full_screen_section=\u00a0\u00bbno\u00a0\u00bb type=\u00a0\u00bbfull_width\u00a0\u00bb angled_section=\u00a0\u00bbno\u00a0\u00bb text_align=\u00a0\u00bbleft\u00a0\u00bb background_image_as_pattern=\u00a0\u00bbwithout_pattern\u00a0\u00bb][vc_column el_class=\u00a0\u00bblower-angle-polygon\u00a0\u00bb][vc_raw_html]PHN2ZyB2aWV3Ym94PSIwIDAgMTAwIDYiIGNsYXNzPSJzbW9vdGgtYWxsIiBzdHlsZT0iIj4KICAgICAgICA8cG9seWdvbiBwb2ludHM9IjAsMyAwLDAgMTAwLDAgMTAwLDIgNzAsMSIgc3R5bGU9ImZpbGw6ICNmZmZmZmY7Ii8+CiAgICAgICAgPHBvbHlnb24gcG9pbnRzPSIwLDUgMCwwIDEwMCwwIDEwMCw0IDY5LDEuNSIgc3R5bGU9ImZpbGw6ICNmZmZmZmY4ZjsiLz4KPC9zdmc+[\/vc_raw_html][\/vc_column][\/vc_row][vc_row css_animation=\u00a0\u00bb\u00a0\u00bb row_type=\u00a0\u00bbrow\u00a0\u00bb use_row_as_full_screen_section=\u00a0\u00bbno\u00a0\u00bb type=\u00a0\u00bbfull_width\u00a0\u00bb angled_section=\u00a0\u00bbno\u00a0\u00bb text_align=\u00a0\u00bbleft\u00a0\u00bb background_image_as_pattern=\u00a0\u00bbwithout_pattern\u00a0\u00bb el_class=\u00a0\u00bbmain-img-center-row\u00a0\u00bb z_index=\u00a0\u00bb\u00a0\u00bb][vc_column css=\u00a0\u00bb.vc_custom_1654037759102{padding-top: 0px !important;background-color: #414141 !important;}\u00a0\u00bb]<div class=\"qode-advanced-image-gallery  qode-aig-grid-type qode-no-space   \">\n\t<div class=\"qode-aig-inner qode-outer-space qode-aig-grid qode-aig-two-columns\">\n\t\t\t\t\t<div class=\"qode-aig-image qode-item-space\">\n\t\t\t\t<div class=\"qode-aig-image-inner\">\n\t\t\t\t\t\t\t\t\t\t\t<img loading=\"lazy\" decoding=\"async\" width=\"1430\" height=\"894\" src=\"https:\/\/carbide.audio\/wp-content\/uploads\/2021\/06\/carbide-base-cnc-1.jpg\" class=\"attachment-full size-full\" alt=\"\" srcset=\"https:\/\/carbide.audio\/wp-content\/uploads\/2021\/06\/carbide-base-cnc-1.jpg 1430w, https:\/\/carbide.audio\/wp-content\/uploads\/2021\/06\/carbide-base-cnc-1-1080x675.jpg 1080w, https:\/\/carbide.audio\/wp-content\/uploads\/2021\/06\/carbide-base-cnc-1-1000x625.jpg 1000w, https:\/\/carbide.audio\/wp-content\/uploads\/2021\/06\/carbide-base-cnc-1-300x188.jpg 300w, https:\/\/carbide.audio\/wp-content\/uploads\/2021\/06\/carbide-base-cnc-1-1024x640.jpg 1024w, https:\/\/carbide.audio\/wp-content\/uploads\/2021\/06\/carbide-base-cnc-1-768x480.jpg 768w, https:\/\/carbide.audio\/wp-content\/uploads\/2021\/06\/carbide-base-cnc-1-700x438.jpg 700w\" sizes=\"auto, (max-width: 1430px) 100vw, 1430px\" \/>\t\t\t\t\t\t<span class=\"aig-gallery-hover\">\n\t\t\t\t\t\t\t\t\t\t\t\t\t<\/span>\n\t\t\t\t\t\t\t\t\t<\/div>\n\t\t\t<\/div>\n\t\t\t\t\t\t\t\t<div class=\"qode-aig-image qode-item-space\">\n\t\t\t\t<div class=\"qode-aig-image-inner\">\n\t\t\t\t\t\t\t\t\t\t\t<img loading=\"lazy\" decoding=\"async\" width=\"1430\" height=\"894\" src=\"https:\/\/carbide.audio\/wp-content\/uploads\/2021\/06\/carbide-base-parts-rack-1.jpg\" class=\"attachment-full size-full\" alt=\"\" srcset=\"https:\/\/carbide.audio\/wp-content\/uploads\/2021\/06\/carbide-base-parts-rack-1.jpg 1430w, https:\/\/carbide.audio\/wp-content\/uploads\/2021\/06\/carbide-base-parts-rack-1-1080x675.jpg 1080w, https:\/\/carbide.audio\/wp-content\/uploads\/2021\/06\/carbide-base-parts-rack-1-1000x625.jpg 1000w, https:\/\/carbide.audio\/wp-content\/uploads\/2021\/06\/carbide-base-parts-rack-1-300x188.jpg 300w, https:\/\/carbide.audio\/wp-content\/uploads\/2021\/06\/carbide-base-parts-rack-1-1024x640.jpg 1024w, https:\/\/carbide.audio\/wp-content\/uploads\/2021\/06\/carbide-base-parts-rack-1-768x480.jpg 768w, https:\/\/carbide.audio\/wp-content\/uploads\/2021\/06\/carbide-base-parts-rack-1-700x438.jpg 700w\" sizes=\"auto, (max-width: 1430px) 100vw, 1430px\" \/>\t\t\t\t\t\t<span class=\"aig-gallery-hover\">\n\t\t\t\t\t\t\t\t\t\t\t\t\t<\/span>\n\t\t\t\t\t\t\t\t\t<\/div>\n\t\t\t<\/div>\n\t\t\t\t\t\t<\/div>\n<\/div>[\/vc_column][\/vc_row][vc_row css_animation=\u00a0\u00bb\u00a0\u00bb row_type=\u00a0\u00bbrow\u00a0\u00bb use_row_as_full_screen_section=\u00a0\u00bbno\u00a0\u00bb type=\u00a0\u00bbfull_width\u00a0\u00bb angled_section=\u00a0\u00bbno\u00a0\u00bb text_align=\u00a0\u00bbleft\u00a0\u00bb background_image_as_pattern=\u00a0\u00bbwithout_pattern\u00a0\u00bb][vc_column el_class=\u00a0\u00bbupper-angle-polygon\u00a0\u00bb][vc_raw_html]PHN2ZyB2aWV3Ym94PSIwIDAgMTAwIDYiIGNsYXNzPSJzbW9vdGgtYWxsIiBzdHlsZT0iIj4KICAgICAgICA8cG9seWdvbiBwb2ludHM9IjAsMiA2MCw0IDEwMCwyLjUgMTAwLDYgMCw2IiBzdHlsZT0iZmlsbDogI0ZGRkZGRjsiLz4KICAgICAgICA8cG9seWdvbiBwb2ludHM9IjAsMCA1OSwzLjUgMTAwLDIgMTAwLDYgMCw2IiBzdHlsZT0iZmlsbDogI0ZGRkZGRjhmOyIvPgo8L3N2Zz4=[\/vc_raw_html][\/vc_column][\/vc_row][vc_row css_animation=\u00a0\u00bb\u00a0\u00bb row_type=\u00a0\u00bbrow\u00a0\u00bb use_row_as_full_screen_section=\u00a0\u00bbno\u00a0\u00bb type=\u00a0\u00bbfull_width\u00a0\u00bb angled_section=\u00a0\u00bbno\u00a0\u00bb text_align=\u00a0\u00bbleft\u00a0\u00bb background_image_as_pattern=\u00a0\u00bbwithout_pattern\u00a0\u00bb z_index=\u00a0\u00bb\u00a0\u00bb el_class=\u00a0\u00bbrow-background\u00a0\u00bb][vc_column width=\u00a0\u00bb1\/6&Prime; offset=\u00a0\u00bbvc_hidden-md vc_hidden-sm vc_hidden-xs\u00a0\u00bb][\/vc_column][vc_column offset=\u00a0\u00bbvc_col-lg-8 vc_col-md-12 vc_col-xs-12&Prime; el_class=\u00a0\u00bbcenter-content-column\u00a0\u00bb][vc_column_text css=\u00a0\u00bb.vc_custom_1730036515480{border-bottom-width: 30px !important;}\u00a0\u00bb el_class=\u00a0\u00bbsection-text\u00a0\u00bb]<\/p>\n<h2>Engagement envers la satisfaction du client<\/h2>\n<p>Nous nous engageons \u00e0 faire en sorte que vous soyez satisfait. <a href=\"https:\/\/www.carbide.audio\/contact-us\/\">Contactez-nous<\/a> et nous r\u00e9pondrons rapidement \u00e0 toutes les questions que vous vous posez sur notre entreprise ou nos produits.  Notre r\u00e9seau de <a href=\"https:\/\/carbide.audio\/fr\/distributeurs\/\">distributeurs<\/a> internationaux est \u00e9galement \u00e0 votre disposition en tant que contacts locaux pour vous aider. Nos distributeurs sont des experts dans l&rsquo;utilisation de nos produits et ont \u00e9t\u00e9 choisis pour nous repr\u00e9senter conform\u00e9ment \u00e0 nos normes \u00e9lev\u00e9es en mati\u00e8re de satisfaction de la client\u00e8le.[\/vc_column_text][\/vc_column][vc_column width=\u00a0\u00bb1\/6&Prime; offset=\u00a0\u00bbvc_hidden-md vc_hidden-sm vc_hidden-xs\u00a0\u00bb][\/vc_column][\/vc_row][vc_row css_animation=\u00a0\u00bb\u00a0\u00bb row_type=\u00a0\u00bbrow\u00a0\u00bb use_row_as_full_screen_section=\u00a0\u00bbno\u00a0\u00bb type=\u00a0\u00bbfull_width\u00a0\u00bb angled_section=\u00a0\u00bbno\u00a0\u00bb text_align=\u00a0\u00bbleft\u00a0\u00bb background_image_as_pattern=\u00a0\u00bbwithout_pattern\u00a0\u00bb][vc_column el_class=\u00a0\u00bblower-angle-polygon\u00a0\u00bb][vc_raw_html]PHN2ZyB2aWV3Ym94PSIwIDAgMTAwIDYiIGNsYXNzPSJzbW9vdGgtYWxsIiBzdHlsZT0iIj4KICAgICAgICA8cG9seWdvbiBwb2ludHM9IjAsMyAwLDAgMTAwLDAgMTAwLDIgNzAsMSIgc3R5bGU9ImZpbGw6ICNmZmZmZmY7Ii8+CiAgICAgICAgPHBvbHlnb24gcG9pbnRzPSIwLDUgMCwwIDEwMCwwIDEwMCw0IDY5LDEuNSIgc3R5bGU9ImZpbGw6ICNmZmZmZmY4ZjsiLz4KPC9zdmc+[\/vc_raw_html][\/vc_column][\/vc_row][vc_row css_animation=\u00a0\u00bb\u00a0\u00bb row_type=\u00a0\u00bbrow\u00a0\u00bb use_row_as_full_screen_section=\u00a0\u00bbno\u00a0\u00bb type=\u00a0\u00bbfull_width\u00a0\u00bb angled_section=\u00a0\u00bbno\u00a0\u00bb text_align=\u00a0\u00bbleft\u00a0\u00bb background_image_as_pattern=\u00a0\u00bbwithout_pattern\u00a0\u00bb el_class=\u00a0\u00bbmain-img-center-row\u00a0\u00bb z_index=\u00a0\u00bb\u00a0\u00bb][vc_column css=\u00a0\u00bb.vc_custom_1654037785537{padding-top: 0px !important;background-color: #414141 !important;}\u00a0\u00bb]<div class=\"qode-advanced-image-gallery  qode-aig-grid-type qode-no-space   \">\n\t<div class=\"qode-aig-inner qode-outer-space qode-aig-grid qode-aig-two-columns\">\n\t\t\t\t\t<div class=\"qode-aig-image qode-item-space\">\n\t\t\t\t<div class=\"qode-aig-image-inner\">\n\t\t\t\t\t\t\t\t\t\t\t<img loading=\"lazy\" decoding=\"async\" width=\"1430\" height=\"894\" src=\"https:\/\/carbide.audio\/wp-content\/uploads\/2021\/07\/carbide-base-bandsaw-2.jpg\" class=\"attachment-full size-full\" alt=\"\" srcset=\"https:\/\/carbide.audio\/wp-content\/uploads\/2021\/07\/carbide-base-bandsaw-2.jpg 1430w, https:\/\/carbide.audio\/wp-content\/uploads\/2021\/07\/carbide-base-bandsaw-2-1080x675.jpg 1080w, https:\/\/carbide.audio\/wp-content\/uploads\/2021\/07\/carbide-base-bandsaw-2-1000x625.jpg 1000w, https:\/\/carbide.audio\/wp-content\/uploads\/2021\/07\/carbide-base-bandsaw-2-300x188.jpg 300w, https:\/\/carbide.audio\/wp-content\/uploads\/2021\/07\/carbide-base-bandsaw-2-1024x640.jpg 1024w, https:\/\/carbide.audio\/wp-content\/uploads\/2021\/07\/carbide-base-bandsaw-2-768x480.jpg 768w, https:\/\/carbide.audio\/wp-content\/uploads\/2021\/07\/carbide-base-bandsaw-2-700x438.jpg 700w\" sizes=\"auto, (max-width: 1430px) 100vw, 1430px\" \/>\t\t\t\t\t\t<span class=\"aig-gallery-hover\">\n\t\t\t\t\t\t\t\t\t\t\t\t\t<\/span>\n\t\t\t\t\t\t\t\t\t<\/div>\n\t\t\t<\/div>\n\t\t\t\t\t\t\t\t<div class=\"qode-aig-image qode-item-space\">\n\t\t\t\t<div class=\"qode-aig-image-inner\">\n\t\t\t\t\t\t\t\t\t\t\t<img loading=\"lazy\" decoding=\"async\" width=\"1430\" height=\"894\" src=\"https:\/\/carbide.audio\/wp-content\/uploads\/2021\/10\/carbide-base-lower-assembly-1.jpg\" class=\"attachment-full size-full\" alt=\"\" srcset=\"https:\/\/carbide.audio\/wp-content\/uploads\/2021\/10\/carbide-base-lower-assembly-1.jpg 1430w, https:\/\/carbide.audio\/wp-content\/uploads\/2021\/10\/carbide-base-lower-assembly-1-1080x675.jpg 1080w, https:\/\/carbide.audio\/wp-content\/uploads\/2021\/10\/carbide-base-lower-assembly-1-1000x625.jpg 1000w, https:\/\/carbide.audio\/wp-content\/uploads\/2021\/10\/carbide-base-lower-assembly-1-300x188.jpg 300w, https:\/\/carbide.audio\/wp-content\/uploads\/2021\/10\/carbide-base-lower-assembly-1-1024x640.jpg 1024w, https:\/\/carbide.audio\/wp-content\/uploads\/2021\/10\/carbide-base-lower-assembly-1-768x480.jpg 768w, https:\/\/carbide.audio\/wp-content\/uploads\/2021\/10\/carbide-base-lower-assembly-1-700x438.jpg 700w\" sizes=\"auto, (max-width: 1430px) 100vw, 1430px\" \/>\t\t\t\t\t\t<span class=\"aig-gallery-hover\">\n\t\t\t\t\t\t\t\t\t\t\t\t\t<\/span>\n\t\t\t\t\t\t\t\t\t<\/div>\n\t\t\t<\/div>\n\t\t\t\t\t\t<\/div>\n<\/div>[\/vc_column][\/vc_row][vc_row css_animation=\u00a0\u00bb\u00a0\u00bb row_type=\u00a0\u00bbrow\u00a0\u00bb use_row_as_full_screen_section=\u00a0\u00bbno\u00a0\u00bb type=\u00a0\u00bbfull_width\u00a0\u00bb angled_section=\u00a0\u00bbno\u00a0\u00bb text_align=\u00a0\u00bbleft\u00a0\u00bb background_image_as_pattern=\u00a0\u00bbwithout_pattern\u00a0\u00bb css=\u00a0\u00bb.vc_custom_1659039365998{background-color: #414141 !important;}\u00a0\u00bb z_index=\u00a0\u00bb\u00a0\u00bb][vc_column el_class=\u00a0\u00bbupper-angle-polygon\u00a0\u00bb][vc_raw_html]PHN2ZyB2aWV3Ym94PSIwIDAgMTAwIDYiIGNsYXNzPSJzbW9vdGgtYWxsIiBzdHlsZT0iIj4KICAgICAgICA8cG9seWdvbiBwb2ludHM9IjAsMyA0MCw1IDEwMCwxLjUgMTAwLDYgMCw2IiBzdHlsZT0iZmlsbDogIzQxNDE0MTsiLz4KICAgICAgICA8cG9seWdvbiBwb2ludHM9IjAsMCA0MSw0LjUgMTAwLDAgMTAwLDYgMCw2IiBzdHlsZT0iZmlsbDogIzQxNDE0MThmOyIvPgo8L3N2Zz4=[\/vc_raw_html][\/vc_column][\/vc_row]<\/p>\n<\/div>","protected":false},"excerpt":{"rendered":"<p>[vc_row css_animation=\u00a0\u00bb\u00a0\u00bb row_type=\u00a0\u00bbrow\u00a0\u00bb use_row_as_full_screen_section=\u00a0\u00bbno\u00a0\u00bb type=\u00a0\u00bbfull_width\u00a0\u00bb angled_section=\u00a0\u00bbno\u00a0\u00bb text_align=\u00a0\u00bbleft\u00a0\u00bb background_image_as_pattern=\u00a0\u00bbwithout_pattern\u00a0\u00bb][vc_column el_class=\u00a0\u00bblower-angle-polygon\u00a0\u00bb][vc_raw_html css=\u00a0\u00bb\u00a0\u00bb]PHN2ZyB2aWV3Ym94PSIwIDAgMTAwIDYiIGNsYXNzPSJzbW9vdGgtYWxsIiBzdHlsZT0iIj4KICAgICAgICAgICAgPHBvbHlnb24gcG9pbnRzPSIwLDUgMCwwIDEwMCwwIDEwMCw0IDY5LDEuNSIgc3R5bGU9ImZpbGw6ICM0MTQxNDE4ZjsiLz4KICAgICAgICAgICAgPHBvbHlnb24gcG9pbnRzPSIwLDMgMCwwIDEwMCwwIDEwMCwyIDcwLDEiIHN0eWxlPSJmaWxsOiAjNDE0MTQxOyIvPiAgCjwvc3ZnPg==[\/vc_raw_html][\/vc_column][\/vc_row][vc_row css_animation=\u00a0\u00bb\u00a0\u00bb row_type=\u00a0\u00bbrow\u00a0\u00bb use_row_as_full_screen_section=\u00a0\u00bbno\u00a0\u00bb type=\u00a0\u00bbfull_width\u00a0\u00bb angled_section=\u00a0\u00bbno\u00a0\u00bb text_align=\u00a0\u00bbleft\u00a0\u00bb background_image_as_pattern=\u00a0\u00bbwithout_pattern\u00a0\u00bb z_index=\u00a0\u00bb\u00a0\u00bb el_class=\u00a0\u00bbrow-background\u00a0\u00bb][vc_column width=\u00a0\u00bb1\/6&Prime; offset=\u00a0\u00bbvc_hidden-sm vc_hidden-xs\u00a0\u00bb][\/vc_column][vc_column offset=\u00a0\u00bbvc_col-lg-8 vc_col-md-8 vc_col-xs-12&Prime; el_class=\u00a0\u00bbcenter-content-column\u00a0\u00bb][vc_column_text el_class=\u00a0\u00bbsection-text\u00a0\u00bb] Carbide Audio Carbide Audio a son si\u00e8ge dans la ville de Llano, situ\u00e9e dans la r\u00e9gion des collines&#8230;<\/p>\n","protected":false},"author":1,"featured_media":0,"parent":0,"menu_order":0,"comment_status":"closed","ping_status":"closed","template":"full_width.php","meta":{"editor_plus_copied_stylings":"{}","_monsterinsights_skip_tracking":false,"_monsterinsights_sitenote_active":false,"_monsterinsights_sitenote_note":"","_monsterinsights_sitenote_category":0,"footnotes":""},"class_list":["post-7014","page","type-page","status-publish","hentry"],"aioseo_notices":[],"_links":{"self":[{"href":"https:\/\/carbide.audio\/fr\/wp-json\/wp\/v2\/pages\/7014","targetHints":{"allow":["GET"]}}],"collection":[{"href":"https:\/\/carbide.audio\/fr\/wp-json\/wp\/v2\/pages"}],"about":[{"href":"https:\/\/carbide.audio\/fr\/wp-json\/wp\/v2\/types\/page"}],"author":[{"embeddable":true,"href":"https:\/\/carbide.audio\/fr\/wp-json\/wp\/v2\/users\/1"}],"replies":[{"embeddable":true,"href":"https:\/\/carbide.audio\/fr\/wp-json\/wp\/v2\/comments?post=7014"}],"version-history":[{"count":0,"href":"https:\/\/carbide.audio\/fr\/wp-json\/wp\/v2\/pages\/7014\/revisions"}],"wp:attachment":[{"href":"https:\/\/carbide.audio\/fr\/wp-json\/wp\/v2\/media?parent=7014"}],"curies":[{"name":"wp","href":"https:\/\/api.w.org\/{rel}","templated":true}]}}