{"id":20476,"date":"2023-04-15T17:03:38","date_gmt":"2023-04-15T22:03:38","guid":{"rendered":"https:\/\/carbide.audio\/instructions-pour-lacarbide-base\/passage-au-carbide-bases-diamant\/"},"modified":"2025-05-09T11:32:41","modified_gmt":"2025-05-09T16:32:41","slug":"passage-au-carbide-bases-diamant","status":"publish","type":"page","link":"https:\/\/carbide.audio\/fr\/instructions-pour-lacarbide-base\/passage-au-carbide-bases-diamant\/","title":{"rendered":"Am\u00e9lioration de la plaquette Carbide Bases"},"content":{"rendered":"<div class=\"wpb-content-wrapper\"><p>[vc_row css_animation=\u00a0\u00bb\u00a0\u00bb row_type=\u00a0\u00bbrow\u00a0\u00bb use_row_as_full_screen_section=\u00a0\u00bbno\u00a0\u00bb type=\u00a0\u00bbfull_width\u00a0\u00bb angled_section=\u00a0\u00bbno\u00a0\u00bb text_align=\u00a0\u00bbleft\u00a0\u00bb background_image_as_pattern=\u00a0\u00bbwithout_pattern\u00a0\u00bb][vc_column el_class=\u00a0\u00bblower-angle-polygon\u00a0\u00bb][vc_raw_html css=\u00a0\u00bb\u00a0\u00bb]PHN2ZyB2aWV3Ym94PSIwIDAgMTAwIDYiIGNsYXNzPSJzbW9vdGgtYWxsIiBzdHlsZT0iIj4KICAgICAgICAgICAgPHBvbHlnb24gcG9pbnRzPSIwLDUgMCwwIDEwMCwwIDEwMCw0IDY5LDEuNSIgc3R5bGU9ImZpbGw6ICM0MTQxNDE4ZjsiLz4KICAgICAgICAgICAgPHBvbHlnb24gcG9pbnRzPSIwLDMgMCwwIDEwMCwwIDEwMCwyIDcwLDEiIHN0eWxlPSJmaWxsOiAjNDE0MTQxOyIvPiAgCjwvc3ZnPg==[\/vc_raw_html][\/vc_column][\/vc_row][vc_row css_animation=\u00a0\u00bb\u00a0\u00bb row_type=\u00a0\u00bbrow\u00a0\u00bb use_row_as_full_screen_section=\u00a0\u00bbno\u00a0\u00bb type=\u00a0\u00bbfull_width\u00a0\u00bb angled_section=\u00a0\u00bbno\u00a0\u00bb text_align=\u00a0\u00bbleft\u00a0\u00bb background_image_as_pattern=\u00a0\u00bbwithout_pattern\u00a0\u00bb el_id=\u00a0\u00bbmise \u00e0 niveau-diamant\u00a0\u00bb z_index=\u00a0\u00bb\u00a0\u00bb el_class=\u00a0\u00bbinstruction-section\u00a0\u00bb css=\u00a0\u00bb.vc_custom_1746748847845{padding-top: 100px !important;}\u00a0\u00bb][vc_column width=\u00a0\u00bb1\/6&Prime; offset=\u00a0\u00bbvc_hidden-md vc_hidden-sm vc_hidden-xs\u00a0\u00bb][\/vc_column][vc_column offset=\u00a0\u00bbvc_col-lg-8 vc_col-md-12 vc_col-xs-12&Prime;][vc_column_text el_class=\u00a0\u00bbsection-text\u00a0\u00bb]<\/p>\n<h1>Am\u00e9lioration de la plaquette Carbide Bases<\/h1>\n<p>Instructions pour la mise \u00e0 niveau des pieds Carbide Base vers les versions Sapphire ou Diamond en rempla\u00e7ant l&rsquo;insert sup\u00e9rieur du pied. Les <a href=\"https:\/\/carbide.audio\/fr\/produit\/carbide-base-diamond-upgrade\/\">inserts Sapphire et Diamond<\/a> sont disponibles s\u00e9par\u00e9ment pour toutes les semelles <a href=\"https:\/\/carbide.audio\/fr\/presentation-de-la-version-evo-de-la-carbide-base\/\">Carbide Base Evo<\/a>.[\/vc_column_text][vc_row_inner row_type=\u00a0\u00bbrow\u00a0\u00bb type=\u00a0\u00bbfull_width\u00a0\u00bb text_align=\u00a0\u00bbleft\u00a0\u00bb css_animation=\u00a0\u00bb\u00a0\u00bb][vc_column_inner width=\u00a0\u00bb1\/2&Prime;][vc_single_image image=\u00a0\u00bb18099&Prime; img_size=\u00a0\u00bbfull\u00a0\u00bb alignment=\u00a0\u00bbcenter\u00a0\u00bb qode_css_animation=\u00a0\u00bb\u00a0\u00bb][\/vc_column_inner][vc_column_inner el_class=\u00a0\u00bbinstruction-steps\u00a0\u00bb width=\u00a0\u00bb1\/2&Prime;][vc_raw_html]PHA+PHNwYW4gY2xhc3M9Imluc3RydWN0aW9uLW51bWJlciI+MTwvc3Bhbj4gSW5zw6lyZXogbGUgdG91cm5ldmlzIGZvdXJuaSBkYW5zIGNoYWN1biBkZXMgdHJvaXMgdHJvdXMgZGUgbGEgcGFydGllIHN1cMOpcmlldXJlIGV0IGTDqXZpc3NleiBsZXMgYm91bG9ucyBxdWkgcyd5IHRyb3V2ZW50LiA8ZW0+UmVtYXJxdWUgOjwvZW0+IHVuZSBmb2lzIGTDqXZpc3PDqXMsIGxlcyBib3Vsb25zIHJlc3Rlcm9udCBzb3VzIGxhIHBhcnRpZSBzdXDDqXJpZXVyZSBlbiBhY2llciBpbm94eWRhYmxlLjwvcD4=[\/vc_raw_html][\/vc_column_inner][\/vc_row_inner][vc_row_inner row_type=\u00a0\u00bbrow\u00a0\u00bb type=\u00a0\u00bbfull_width\u00a0\u00bb text_align=\u00a0\u00bbleft\u00a0\u00bb css_animation=\u00a0\u00bb\u00a0\u00bb][vc_column_inner width=\u00a0\u00bb1\/2&Prime;][vc_single_image image=\u00a0\u00bb18361&Prime; img_size=\u00a0\u00bbfull\u00a0\u00bb alignment=\u00a0\u00bbcenter\u00a0\u00bb qode_css_animation=\u00a0\u00bb\u00a0\u00bb][\/vc_column_inner][vc_column_inner el_class=\u00a0\u00bbinstruction-steps\u00a0\u00bb width=\u00a0\u00bb1\/2&Prime;][vc_raw_html]PHA+CjxzcGFuIGNsYXNzPSJpbnN0cnVjdGlvbi1udW1iZXIiPjI8L3NwYW4+IMOJY2FydGV6IGxlcyBwYXJ0aWVzIHN1cMOpcmlldXJlIGV0IGluZsOpcmlldXJlIHBvdXIgYWNjw6lkZXIgw6AgbGEgZmFjZSBpbmbDqXJpZXVyZSBkdSBib8OudGllciBzdXDDqXJpZXVyLiBGYWl0ZXMgcHJldXZlIGRlIHBhdGllbmNlIHBvdXIgc8OpcGFyZXIgbGVzIGRldXggcGFydGllcywgY2FyIGxlIFZpc2NvUmluZ+KEoiBwZXV0IGRldmVuaXIgY29sbGFudCBldCBtZXR0cmUgZHUgdGVtcHMgw6Agc2Ugc8OpcGFyZXIuIExhIHBhcnRpZSBpbmbDqXJpZXVyZSBwZXV0IMOqdHJlIHBhcnRpZWxsZW1lbnQgbm9uIGZpbGV0w6llIHBvdXIgYXVnbWVudGVyIGxhIGZvcmNlIGRlIGxldmllci4gIAo8L3A+Cgo8cD4KIAo8L3A+Cgo8cD4KPHNwYW4gY2xhc3M9Imluc3RydWN0aW9uLW51bWJlciI+Mzwvc3Bhbj4gVXRpbGlzZXogbGUgdG91cm5ldmlzIGZvdXJuaSBwb3VyIGTDqXZpc3NlciBsZXMgMyB2aXMgcXVpIG1haW50aWVubmVudCBsJ2luc2VydCBzdGFuZGFyZCBzdXIgbGUgYm\/DrnRpZXIgc3Vww6lyaWV1ci4KPC9wPg==[\/vc_raw_html][\/vc_column_inner][\/vc_row_inner][vc_row_inner row_type=\u00a0\u00bbrow\u00a0\u00bb type=\u00a0\u00bbfull_width\u00a0\u00bb text_align=\u00a0\u00bbleft\u00a0\u00bb css_animation=\u00a0\u00bb\u00a0\u00bb][vc_column_inner width=\u00a0\u00bb1\/2&Prime;][vc_single_image image=\u00a0\u00bb19628&Prime; img_size=\u00a0\u00bbfull\u00a0\u00bb alignment=\u00a0\u00bbcenter\u00a0\u00bb qode_css_animation=\u00a0\u00bb\u00a0\u00bb][\/vc_column_inner][vc_column_inner el_class=\u00a0\u00bbinstruction-steps\u00a0\u00bb width=\u00a0\u00bb1\/2&Prime;][vc_raw_html]PHA+CjxzcGFuIGNsYXNzPSJpbnN0cnVjdGlvbi1udW1iZXIiPjQ8L3NwYW4+IFJldGlyZXogbCdpbnNlcnQgc3RhbmRhcmQgZW4gbGUgcG91c3NhbnQgZGVwdWlzIGxlIGNlbnRyZSBpbmbDqXJpZXVyIGR1IGJvw650aWVyLgo8L3A+Cgo8cD4KIAo8L3A+Cgo8cD4KPHNwYW4gY2xhc3M9Imluc3RydWN0aW9uLW51bWJlciI+NTwvc3Bhbj4gSW5zw6lyZXogbGUgbm91dmVsIGluc2VydCBkYW5zIGwnb3V2ZXJ0dXJlIHNpdHXDqWUgc3VyIGxlIGRlc3N1cyBkdSBib8OudGllciBzdXDDqXJpZXVyIGV0IGFwcHV5ZXogZGVzc3VzIHBvdXIgbGUgbWV0dHJlIGNvbXBsw6h0ZW1lbnQgZW4gcGxhY2UuCjwvcD4KCjxwPgogCjwvcD4KCjxwPgo8c3BhbiBjbGFzcz0iaW5zdHJ1Y3Rpb24tbnVtYmVyIj42PC9zcGFuPiBVdGlsaXNleiBsZSB0b3VybmV2aXMgZm91cm5pIHBvdXIgcmV2aXNzZXIgbGVzIDMgdmlzIHF1aSBtYWludGllbm5lbnQgbCdpbnNlcnQgc3VyIGxlIGJvw650aWVyIHN1cMOpcmlldXIuPC9wPgo8L3A+[\/vc_raw_html][\/vc_column_inner][\/vc_row_inner][vc_row_inner row_type=\u00a0\u00bbrow\u00a0\u00bb type=\u00a0\u00bbfull_width\u00a0\u00bb text_align=\u00a0\u00bbleft\u00a0\u00bb css_animation=\u00a0\u00bb\u00a0\u00bb][vc_column_inner width=\u00a0\u00bb1\/2&Prime;][vc_single_image image=\u00a0\u00bb19638&Prime; img_size=\u00a0\u00bbfull\u00a0\u00bb alignment=\u00a0\u00bbcenter\u00a0\u00bb qode_css_animation=\u00a0\u00bb\u00a0\u00bb][\/vc_column_inner][vc_column_inner el_class=\u00a0\u00bbinstruction-steps\u00a0\u00bb width=\u00a0\u00bb1\/2&Prime;][vc_raw_html]PHA+CjxzcGFuIGNsYXNzPSJpbnN0cnVjdGlvbi1udW1iZXIiPjc8L3NwYW4+IEFsaWduZXogbGVzIHRyb3VzIHN1cMOpcmlldXJzIGRlIGxhIHBhcnRpZSBzdXDDqXJpZXVyZSBzdXIgbGVzIHRyb3VzIGZpbGV0w6lzIGRlIGxhIHBhcnRpZSBpbmbDqXJpZXVyZS4gQXBwdXlleiBsYSBwYXJ0aWUgc3Vww6lyaWV1cmUgc3VyIGxlIGRlc3N1cyBkZSBsYSBwYXJ0aWUgaW5mw6lyaWV1cmUuIEluc8OpcmV6IGxlIHRvdXJuZXZpcyBkYW5zIGxlcyB0cm91cyBzdXDDqXJpZXVycyBldCBzZXJyZXogbGVzIGJvdWxvbnMgcXVpIHMneSB0cm91dmVudC4gU2kgbGVzIGJvdWxvbnMgbmUgc29udCB0b3Vqb3VycyBwYXMgYWxpZ27DqXMgYXZlYyBsZXVycyB0cm91cywgcmV0aXJleiBsYSBwYXJ0aWUgc3Vww6lyaWV1cmUgZXQgcsOpZXNzYXllei4gICAKPC9wPg==[\/vc_raw_html][\/vc_column_inner][\/vc_row_inner][\/vc_column][vc_column width=\u00a0\u00bb1\/6&Prime; offset=\u00a0\u00bbvc_hidden-md vc_hidden-sm vc_hidden-xs\u00a0\u00bb][\/vc_column][\/vc_row][vc_row css_animation=\u00a0\u00bb\u00a0\u00bb row_type=\u00a0\u00bbrow\u00a0\u00bb use_row_as_full_screen_section=\u00a0\u00bbno\u00a0\u00bb type=\u00a0\u00bbfull_width\u00a0\u00bb angled_section=\u00a0\u00bbno\u00a0\u00bb text_align=\u00a0\u00bbleft\u00a0\u00bb background_image_as_pattern=\u00a0\u00bbwithout_pattern\u00a0\u00bb el_class=\u00a0\u00bbinstruction-page\u00a0\u00bb z_index=\u00a0\u00bb\u00a0\u00bb][vc_column el_class=\u00a0\u00bblower-angle-polygon\u00a0\u00bb][vc_raw_html]PHN2ZyB2aWV3Ym94PSIwIDAgMTAwIDYiIGNsYXNzPSJzbW9vdGgtYWxsIiBzdHlsZT0iIj4KICAgICAgICA8cG9seWdvbiBwb2ludHM9IjAsMyAwLDAgMTAwLDAgMTAwLDIgNzAsMSIgc3R5bGU9ImZpbGw6ICNmZmZmZmY7Ii8+CiAgICAgICAgPHBvbHlnb24gcG9pbnRzPSIwLDUgMCwwIDEwMCwwIDEwMCw0IDY5LDEuNSIgc3R5bGU9ImZpbGw6ICNmZmZmZmY4ZjsiLz4KPC9zdmc+[\/vc_raw_html][\/vc_column][\/vc_row]<\/p>\n<\/div>","protected":false},"excerpt":{"rendered":"<p>[vc_row css_animation=\u00a0\u00bb\u00a0\u00bb row_type=\u00a0\u00bbrow\u00a0\u00bb use_row_as_full_screen_section=\u00a0\u00bbno\u00a0\u00bb type=\u00a0\u00bbfull_width\u00a0\u00bb angled_section=\u00a0\u00bbno\u00a0\u00bb text_align=\u00a0\u00bbleft\u00a0\u00bb background_image_as_pattern=\u00a0\u00bbwithout_pattern\u00a0\u00bb][vc_column el_class=\u00a0\u00bblower-angle-polygon\u00a0\u00bb][vc_raw_html css=\u00a0\u00bb\u00a0\u00bb]PHN2ZyB2aWV3Ym94PSIwIDAgMTAwIDYiIGNsYXNzPSJzbW9vdGgtYWxsIiBzdHlsZT0iIj4KICAgICAgICAgICAgPHBvbHlnb24gcG9pbnRzPSIwLDUgMCwwIDEwMCwwIDEwMCw0IDY5LDEuNSIgc3R5bGU9ImZpbGw6ICM0MTQxNDE4ZjsiLz4KICAgICAgICAgICAgPHBvbHlnb24gcG9pbnRzPSIwLDMgMCwwIDEwMCwwIDEwMCwyIDcwLDEiIHN0eWxlPSJmaWxsOiAjNDE0MTQxOyIvPiAgCjwvc3ZnPg==[\/vc_raw_html][\/vc_column][\/vc_row][vc_row css_animation=\u00a0\u00bb\u00a0\u00bb row_type=\u00a0\u00bbrow\u00a0\u00bb use_row_as_full_screen_section=\u00a0\u00bbno\u00a0\u00bb type=\u00a0\u00bbfull_width\u00a0\u00bb angled_section=\u00a0\u00bbno\u00a0\u00bb text_align=\u00a0\u00bbleft\u00a0\u00bb background_image_as_pattern=\u00a0\u00bbwithout_pattern\u00a0\u00bb el_id=\u00a0\u00bbmise \u00e0 niveau-diamant\u00a0\u00bb z_index=\u00a0\u00bb\u00a0\u00bb el_class=\u00a0\u00bbinstruction-section\u00a0\u00bb css=\u00a0\u00bb.vc_custom_1746748847845{padding-top: 100px !important;}\u00a0\u00bb][vc_column width=\u00a0\u00bb1\/6&Prime; offset=\u00a0\u00bbvc_hidden-md vc_hidden-sm vc_hidden-xs\u00a0\u00bb][\/vc_column][vc_column offset=\u00a0\u00bbvc_col-lg-8 vc_col-md-12 vc_col-xs-12&Prime;][vc_column_text el_class=\u00a0\u00bbsection-text\u00a0\u00bb] Am\u00e9lioration de la plaquette Carbide Bases Instructions pour la mise \u00e0 niveau&#8230;<\/p>\n","protected":false},"author":1,"featured_media":0,"parent":6999,"menu_order":0,"comment_status":"closed","ping_status":"closed","template":"","meta":{"editor_plus_copied_stylings":"{}","_monsterinsights_skip_tracking":false,"_monsterinsights_sitenote_active":false,"_monsterinsights_sitenote_note":"","_monsterinsights_sitenote_category":0,"footnotes":""},"class_list":["post-20476","page","type-page","status-publish","hentry"],"aioseo_notices":[],"_links":{"self":[{"href":"https:\/\/carbide.audio\/fr\/wp-json\/wp\/v2\/pages\/20476","targetHints":{"allow":["GET"]}}],"collection":[{"href":"https:\/\/carbide.audio\/fr\/wp-json\/wp\/v2\/pages"}],"about":[{"href":"https:\/\/carbide.audio\/fr\/wp-json\/wp\/v2\/types\/page"}],"author":[{"embeddable":true,"href":"https:\/\/carbide.audio\/fr\/wp-json\/wp\/v2\/users\/1"}],"replies":[{"embeddable":true,"href":"https:\/\/carbide.audio\/fr\/wp-json\/wp\/v2\/comments?post=20476"}],"version-history":[{"count":0,"href":"https:\/\/carbide.audio\/fr\/wp-json\/wp\/v2\/pages\/20476\/revisions"}],"up":[{"embeddable":true,"href":"https:\/\/carbide.audio\/fr\/wp-json\/wp\/v2\/pages\/6999"}],"wp:attachment":[{"href":"https:\/\/carbide.audio\/fr\/wp-json\/wp\/v2\/media?parent=20476"}],"curies":[{"name":"wp","href":"https:\/\/api.w.org\/{rel}","templated":true}]}}