{"id":19437,"date":"2023-04-15T15:07:59","date_gmt":"2023-04-15T20:07:59","guid":{"rendered":"https:\/\/carbide.audio\/instructions-pour-lacarbide-base\/installation-des-boulons\/"},"modified":"2025-06-09T21:18:30","modified_gmt":"2025-06-10T02:18:30","slug":"installation-des-boulons","status":"publish","type":"page","link":"https:\/\/carbide.audio\/fr\/instructions-pour-lacarbide-base\/installation-des-boulons\/","title":{"rendered":"Installation des boulons"},"content":{"rendered":"<div class=\"wpb-content-wrapper\"><p>[vc_row css_animation=\u00a0\u00bb\u00a0\u00bb row_type=\u00a0\u00bbrow\u00a0\u00bb use_row_as_full_screen_section=\u00a0\u00bbno\u00a0\u00bb type=\u00a0\u00bbfull_width\u00a0\u00bb angled_section=\u00a0\u00bbno\u00a0\u00bb text_align=\u00a0\u00bbleft\u00a0\u00bb background_image_as_pattern=\u00a0\u00bbwithout_pattern\u00a0\u00bb][vc_column el_class=\u00a0\u00bblower-angle-polygon\u00a0\u00bb][vc_raw_html css=\u00a0\u00bb\u00a0\u00bb]PHN2ZyB2aWV3Ym94PSIwIDAgMTAwIDYiIGNsYXNzPSJzbW9vdGgtYWxsIiBzdHlsZT0iIj4KICAgICAgICAgICAgPHBvbHlnb24gcG9pbnRzPSIwLDUgMCwwIDEwMCwwIDEwMCw0IDY5LDEuNSIgc3R5bGU9ImZpbGw6ICM0MTQxNDE4ZjsiLz4KICAgICAgICAgICAgPHBvbHlnb24gcG9pbnRzPSIwLDMgMCwwIDEwMCwwIDEwMCwyIDcwLDEiIHN0eWxlPSJmaWxsOiAjNDE0MTQxOyIvPiAgCjwvc3ZnPg==[\/vc_raw_html][\/vc_column][\/vc_row][vc_row css_animation=\u00a0\u00bb\u00a0\u00bb row_type=\u00a0\u00bbrow\u00a0\u00bb use_row_as_full_screen_section=\u00a0\u00bbno\u00a0\u00bb type=\u00a0\u00bbfull_width\u00a0\u00bb angled_section=\u00a0\u00bbno\u00a0\u00bb text_align=\u00a0\u00bbleft\u00a0\u00bb background_image_as_pattern=\u00a0\u00bbwithout_pattern\u00a0\u00bb el_id=\u00a0\u00bbpose de boulons\u00a0\u00bb z_index=\u00a0\u00bb\u00a0\u00bb el_class=\u00a0\u00bbinstruction-section\u00a0\u00bb css=\u00a0\u00bb.vc_custom_1746748802029{padding-top: 100px !important;}\u00a0\u00bb][vc_column width=\u00a0\u00bb1\/6&Prime; offset=\u00a0\u00bbvc_hidden-md vc_hidden-sm vc_hidden-xs\u00a0\u00bb][\/vc_column][vc_column offset=\u00a0\u00bbvc_col-lg-8 vc_col-xs-12&Prime;][vc_column_text el_class=\u00a0\u00bbsection-text\u00a0\u00bb]<\/p>\n<h1>Installation des boulons pour les haut-parleurs<\/h1>\n<p>Instructions pour l&rsquo;installation des boulons sur la semelle de la Carbide Bases. Cela permet \u00e0 la semelle Carbide Base de se visser dans les enceintes et les \u00e9quipements \u00e0 la place des pointes ou des semelles de stock. <\/p>\n<p>&nbsp;<\/p>\n<p>Un <a href=\"https:\/\/carbide.audio\/fr\/produit\/kit-footer-bolt\/\">kit de boulons<\/a> est disponible, comprenant les tailles de boulons les plus courantes, en syst\u00e8me m\u00e9trique ou imp\u00e9rial. Toutes les vis m\u00e9triques standard DIN 963A de M4 \u00e0 M10 ou les vis imp\u00e9riales standard ANSI B18.6.3 de #8-32 \u00e0 1\/2\u2033-13 peuvent \u00eatre utilis\u00e9es.<\/p>\n<p>&nbsp;<\/p>\n<p>Cette m\u00e9thode de montage est optionnelle. Il est possible d&rsquo;obtenir des r\u00e9sultats similaires en pla\u00e7ant simplement la pointe d&rsquo;un haut-parleur dans le trou situ\u00e9 au centre de la partie sup\u00e9rieure du pied de page.[\/vc_column_text][vc_row_inner row_type=\u00a0\u00bbrow\u00a0\u00bb type=\u00a0\u00bbfull_width\u00a0\u00bb text_align=\u00a0\u00bbleft\u00a0\u00bb css_animation=\u00a0\u00bb\u00a0\u00bb][vc_column_inner width=\u00a0\u00bb1\/2&Prime;][vc_single_image image=\u00a0\u00bb18099&Prime; img_size=\u00a0\u00bbfull\u00a0\u00bb alignment=\u00a0\u00bbcenter\u00a0\u00bb qode_css_animation=\u00a0\u00bb\u00a0\u00bb][\/vc_column_inner][vc_column_inner el_class=\u00a0\u00bbinstruction-steps\u00a0\u00bb width=\u00a0\u00bb1\/2&Prime;][vc_raw_html]PHA+PHNwYW4gY2xhc3M9Imluc3RydWN0aW9uLW51bWJlciI+MTwvc3Bhbj4gSW5zw6lyZXogbGUgdG91cm5ldmlzIMOgIHTDqnRlIHBsYXRlIGZvdXJuaSBkYW5zIGxlcyAzIHRyb3VzIHN1cMOpcmlldXJzIGV0IGTDqXZpc3NleiBsZXMgYm91bG9ucyBxdWkgcyd5IHRyb3V2ZW50LiA8ZW0+UmVtYXJxdWUgOjwvZW0+IHVuZSBmb2lzIGTDqXZpc3PDqXMsIGxlcyBib3Vsb25zIHJlc3Rlcm9udCBzb3VzIGxhIHBhcnRpZSBzdXDDqXJpZXVyZSBlbiBhY2llciBpbm94eWRhYmxlLjwvcD4=[\/vc_raw_html][\/vc_column_inner][\/vc_row_inner][vc_row_inner row_type=\u00a0\u00bbrow\u00a0\u00bb type=\u00a0\u00bbfull_width\u00a0\u00bb text_align=\u00a0\u00bbleft\u00a0\u00bb css_animation=\u00a0\u00bb\u00a0\u00bb][vc_column_inner width=\u00a0\u00bb1\/2&Prime;][vc_single_image image=\u00a0\u00bb18143&Prime; img_size=\u00a0\u00bbfull\u00a0\u00bb alignment=\u00a0\u00bbcenter\u00a0\u00bb qode_css_animation=\u00a0\u00bb\u00a0\u00bb][\/vc_column_inner][vc_column_inner el_class=\u00a0\u00bbinstruction-steps\u00a0\u00bb width=\u00a0\u00bb1\/2&Prime;][vc_raw_html css=\u00a0\u00bb\u00a0\u00bb]PHA+CjxzcGFuIGNsYXNzPSJpbnN0cnVjdGlvbi1udW1iZXIiPjI8L3NwYW4+IMOJY2FydGV6IGxlcyBwYXJ0aWVzIHN1cMOpcmlldXJlIGV0IGluZsOpcmlldXJlIHBvdXIgYWNjw6lkZXIgw6AgbGEgZmFjZSBpbmbDqXJpZXVyZSBkdSBib8OudGllciBzdXDDqXJpZXVyLiBTb3lleiBwYXRpZW50IGNhciBsZXMgVmlzY29SaW5n4oSiIHBldXZlbnQgZGV2ZW5pciBjb2xsYW50cyBldCBsZW50cyDDoCBzw6lwYXJlci4gIDxzdHJvbmc+RMOpdmlzc2V6IHBhcnRpZWxsZW1lbnQgbGUgYmFzIGRlIGxhIHNlbWVsbGUgcG91ciBhdWdtZW50ZXIgbCdlZmZldCBkZSBsZXZpZXIuPC9zdHJvbmc+CjwvcD4KCjxwPgogCjwvcD4KCjxwPgo8c3BhbiBjbGFzcz0iaW5zdHJ1Y3Rpb24tbnVtYmVyIj4zPC9zcGFuPiBJbnPDqXJleiBsZSB0b3VybmV2aXMgZm91cm5pIGRhbnMgbGEgZmVudGUgZHUgc3VwcG9ydCBkZSBib3Vsb24gZmlsZXTDqSBhdSBjZW50cmUgaW5mw6lyaWV1ciBkdSBib8OudGllci4KPC9wPg==[\/vc_raw_html][\/vc_column_inner][\/vc_row_inner][vc_row_inner row_type=\u00a0\u00bbrow\u00a0\u00bb type=\u00a0\u00bbfull_width\u00a0\u00bb text_align=\u00a0\u00bbleft\u00a0\u00bb css_animation=\u00a0\u00bb\u00a0\u00bb][vc_column_inner width=\u00a0\u00bb1\/2&Prime;][vc_single_image image=\u00a0\u00bb18153&Prime; img_size=\u00a0\u00bbfull\u00a0\u00bb alignment=\u00a0\u00bbcenter\u00a0\u00bb qode_css_animation=\u00a0\u00bb\u00a0\u00bb][\/vc_column_inner][vc_column_inner el_class=\u00a0\u00bbinstruction-steps\u00a0\u00bb width=\u00a0\u00bb1\/2&Prime;][vc_raw_html]PHA+CjxzcGFuIGNsYXNzPSJpbnN0cnVjdGlvbi1udW1iZXIiPjQ8L3NwYW4+IETDqXZpc3NleiBsZSBzdXBwb3J0IGRlIGJvdWxvbiBldCBtZXR0ZXotbGUgZGUgY8O0dMOpLiBEw6l0ZXJtaW5leiBsZSBib3Vsb24gw6AgdXRpbGlzZXIgZW4gbGUgdmlzc2FudCDDoCBsYSBtYWluIGRhbnMgbGUgdHJvdSBvdXZlcnQgw6AgbGEgYmFzZSBkZSB2b3RyZSDDqXF1aXBlbWVudCBhdWRpbyBvdSBkZSB2b3RyZSBoYXV0LXBhcmxldXIuIAo8L3A+Cgo8cD4KIAo8L3A+Cgo8cD4KPHNwYW4gY2xhc3M9Imluc3RydWN0aW9uLW51bWJlciI+NTwvc3Bhbj4gPGVtPihGYWN1bHRhdGlmKTwvZW0+IFNpIGxlIGJvdWxvbiBlc3QgdHJvcCBncmFuZCBwb3VyIGwnb3V2ZXJ0dXJlIGRlIGxhIHJvbmRlbGxlIGVuIG55bG9uIG5vaXIsIHJldGlyZXotbGUgZW4gcG91c3NhbnQgZGVzc3VzIHBhciBsZSBoYXV0LiBQb3VyIGxlcyBib3Vsb25zIHBsdXMgcGV0aXRzIGRlIHRhaWxsZSBNNCwgTTYsICM4LTMyIG91IDEvNCItMjAsIGxhaXNzZXogbGEgcm9uZGVsbGUgZW4gbnlsb24gZW4gcGxhY2UuIAo8L3A+[\/vc_raw_html][\/vc_column_inner][\/vc_row_inner][vc_row_inner row_type=\u00a0\u00bbrow\u00a0\u00bb type=\u00a0\u00bbfull_width\u00a0\u00bb text_align=\u00a0\u00bbleft\u00a0\u00bb css_animation=\u00a0\u00bb\u00a0\u00bb][vc_column_inner width=\u00a0\u00bb1\/2&Prime;][vc_single_image image=\u00a0\u00bb18163&Prime; img_size=\u00a0\u00bbfull\u00a0\u00bb alignment=\u00a0\u00bbcenter\u00a0\u00bb qode_css_animation=\u00a0\u00bb\u00a0\u00bb][\/vc_column_inner][vc_column_inner el_class=\u00a0\u00bbinstruction-steps\u00a0\u00bb width=\u00a0\u00bb1\/2&Prime;][vc_raw_html]PHA+CjxzcGFuIGNsYXNzPSJpbnN0cnVjdGlvbi1udW1iZXIiPjY8L3NwYW4+IEluc8OpcmV6IGxhIHZpcyBzb3VoYWl0w6llIGRhbnMgbGUgZm9uZCBkdSBib8OudGllci4gVG91dCBlbiBtYWludGVuYW50IGxlIGJvdWxvbiBlbiBwbGFjZSBkZXB1aXMgbGUgaGF1dCBkZSBsYSBzZW1lbGxlLCB2aXNzZXogPGVtPmZlcm1lbWVudDwvZW0+IGxlIHN1cHBvcnQgZGUgYm91bG9uIHNpdHXDqSBkZXJyacOocmUgbHVpLiBWZWlsbGV6IMOgIGNlIHF1ZSBsZSBib3Vsb24gbmUgc2UgdG9yZGUgcGFzIGVuIHBsYWNlLiA8ZW0+UmVtYXJxdWUgOjwvZW0+IHNpIGxlIGJvdWxvbiBzZSBkZXNzZXJyZSwgZMOpdmlzc2V6IGNvbXBsw6h0ZW1lbnQgZXQgcmV0aXJleiBsZSBiYXMgZGUgbGEgc2VtZWxsZS4gUmVzc2VycmV6IGxlIGJvdWxvbiBkZSByZXRlbnVlIGVuIHBhc3NhbnQgbGUgdG91cm5ldmlzIGRhbnMgbGUgdHJvdSBjZW50cmFsIGF1IGJhcyBkZSBsYSBzZW1lbGxlLiAgIAo8L3A+[\/vc_raw_html][\/vc_column_inner][\/vc_row_inner][vc_row_inner row_type=\u00a0\u00bbrow\u00a0\u00bb type=\u00a0\u00bbfull_width\u00a0\u00bb text_align=\u00a0\u00bbleft\u00a0\u00bb css_animation=\u00a0\u00bb\u00a0\u00bb][vc_column_inner width=\u00a0\u00bb1\/2&Prime;][vc_single_image image=\u00a0\u00bb18173&Prime; img_size=\u00a0\u00bbfull\u00a0\u00bb alignment=\u00a0\u00bbcenter\u00a0\u00bb qode_css_animation=\u00a0\u00bb\u00a0\u00bb][\/vc_column_inner][vc_column_inner el_class=\u00a0\u00bbinstruction-steps\u00a0\u00bb width=\u00a0\u00bb1\/2&Prime;][vc_raw_html css=\u00a0\u00bb\u00a0\u00bb]PHA+CjxzcGFuIGNsYXNzPSJpbnN0cnVjdGlvbi1udW1iZXIiPjc8L3NwYW4+IFBsYWNleiBsZSBWaXNjb1JpbmfihKIgZGFucyBsZSBsb2dlbWVudCBkZSBsYSBwYXJ0aWUgaW5mw6lyaWV1cmUgZW4gYWNpZXIgaW5veHlkYWJsZS4gQWxpZ25leiBsZXMgdHJvdXMgc3Vww6lyaWV1cnMgZGUgbGEgcGFydGllIHN1cMOpcmlldXJlIHN1ciBsZXMgdHJvdXMgZmlsZXTDqXMgZGUgbGEgcGFydGllIGluZsOpcmlldXJlLiBFbiBvcmllbnRhbnQgbGVzIGJvdWxvbnMgZGUgbGEgZmFjZSBpbmbDqXJpZXVyZSBkdSBib8OudGllciB2ZXJzIGxlIGJhcywgZW5mb25jZXogbGEgcGFydGllIHN1cMOpcmlldXJlIHN1ciBsZSBkZXNzdXMgZGUgVmlzY29SaW5n4oSiIGV0IGxhIHBhcnRpZSBpbmbDqXJpZXVyZS4gSW5zw6lyZXogbGUgdG91cm5ldmlzIGRhbnMgbGVzIHRyb3VzIHN1cMOpcmlldXJzIGV0IHNlcnJleiBsZXMgYm91bG9ucyBxdWkgcyd5IHRyb3V2ZW50LiAgPHN0cm9uZz5TaSBsZXMgYm91bG9ucyBuZSBzb250IHRvdWpvdXJzIHBhcyBhbGlnbsOpcyBhdmVjIGxldXJzIHRyb3VzLCByZXRpcmV6IGxhIHBhcnRpZSBzdXDDqXJpZXVyZSBldCByw6llc3NheWV6Ljwvc3Ryb25nPgo8L3A+[\/vc_raw_html][\/vc_column_inner][\/vc_row_inner][vc_row_inner row_type=\u00a0\u00bbrow\u00a0\u00bb type=\u00a0\u00bbfull_width\u00a0\u00bb text_align=\u00a0\u00bbleft\u00a0\u00bb css_animation=\u00a0\u00bb\u00a0\u00bb][vc_column_inner width=\u00a0\u00bb1\/2&Prime;][vc_single_image image=\u00a0\u00bb18183&Prime; img_size=\u00a0\u00bbfull\u00a0\u00bb alignment=\u00a0\u00bbcenter\u00a0\u00bb qode_css_animation=\u00a0\u00bb\u00a0\u00bb][\/vc_column_inner][vc_column_inner el_class=\u00a0\u00bbinstruction-steps\u00a0\u00bb width=\u00a0\u00bb1\/2&Prime;][vc_raw_html]PHA+CjxzcGFuIGNsYXNzPSJpbnN0cnVjdGlvbi1udW1iZXIiPjg8L3NwYW4+IFZpc3NleiBsZSBwaWVkIENhcmJpZGUgQmFzZSBkYW5zIGxlcyB0cm91cyBmaWxldMOpcyBzaXR1w6lzIHNvdXMgbCfDqXF1aXBlbWVudCBvdSBsZSBoYXV0LXBhcmxldXIuCjwvcD4=[\/vc_raw_html][\/vc_column_inner][\/vc_row_inner][\/vc_column][vc_column width=\u00a0\u00bb1\/6&Prime; offset=\u00a0\u00bbvc_hidden-md vc_hidden-sm vc_hidden-xs\u00a0\u00bb][\/vc_column][\/vc_row][vc_row css_animation=\u00a0\u00bb\u00a0\u00bb row_type=\u00a0\u00bbrow\u00a0\u00bb use_row_as_full_screen_section=\u00a0\u00bbno\u00a0\u00bb type=\u00a0\u00bbfull_width\u00a0\u00bb angled_section=\u00a0\u00bbno\u00a0\u00bb text_align=\u00a0\u00bbleft\u00a0\u00bb background_image_as_pattern=\u00a0\u00bbwithout_pattern\u00a0\u00bb el_class=\u00a0\u00bbinstruction-page\u00a0\u00bb z_index=\u00a0\u00bb\u00a0\u00bb][vc_column el_class=\u00a0\u00bblower-angle-polygon\u00a0\u00bb][vc_raw_html]PHN2ZyB2aWV3Ym94PSIwIDAgMTAwIDYiIGNsYXNzPSJzbW9vdGgtYWxsIiBzdHlsZT0iIj4KICAgICAgICA8cG9seWdvbiBwb2ludHM9IjAsMyAwLDAgMTAwLDAgMTAwLDIgNzAsMSIgc3R5bGU9ImZpbGw6ICNmZmZmZmY7Ii8+CiAgICAgICAgPHBvbHlnb24gcG9pbnRzPSIwLDUgMCwwIDEwMCwwIDEwMCw0IDY5LDEuNSIgc3R5bGU9ImZpbGw6ICNmZmZmZmY4ZjsiLz4KPC9zdmc+[\/vc_raw_html][\/vc_column][\/vc_row]<\/p>\n<\/div>","protected":false},"excerpt":{"rendered":"<p>[vc_row css_animation=\u00a0\u00bb\u00a0\u00bb row_type=\u00a0\u00bbrow\u00a0\u00bb use_row_as_full_screen_section=\u00a0\u00bbno\u00a0\u00bb type=\u00a0\u00bbfull_width\u00a0\u00bb angled_section=\u00a0\u00bbno\u00a0\u00bb text_align=\u00a0\u00bbleft\u00a0\u00bb background_image_as_pattern=\u00a0\u00bbwithout_pattern\u00a0\u00bb][vc_column el_class=\u00a0\u00bblower-angle-polygon\u00a0\u00bb][vc_raw_html css=\u00a0\u00bb\u00a0\u00bb]PHN2ZyB2aWV3Ym94PSIwIDAgMTAwIDYiIGNsYXNzPSJzbW9vdGgtYWxsIiBzdHlsZT0iIj4KICAgICAgICAgICAgPHBvbHlnb24gcG9pbnRzPSIwLDUgMCwwIDEwMCwwIDEwMCw0IDY5LDEuNSIgc3R5bGU9ImZpbGw6ICM0MTQxNDE4ZjsiLz4KICAgICAgICAgICAgPHBvbHlnb24gcG9pbnRzPSIwLDMgMCwwIDEwMCwwIDEwMCwyIDcwLDEiIHN0eWxlPSJmaWxsOiAjNDE0MTQxOyIvPiAgCjwvc3ZnPg==[\/vc_raw_html][\/vc_column][\/vc_row][vc_row css_animation=\u00a0\u00bb\u00a0\u00bb row_type=\u00a0\u00bbrow\u00a0\u00bb use_row_as_full_screen_section=\u00a0\u00bbno\u00a0\u00bb type=\u00a0\u00bbfull_width\u00a0\u00bb angled_section=\u00a0\u00bbno\u00a0\u00bb text_align=\u00a0\u00bbleft\u00a0\u00bb background_image_as_pattern=\u00a0\u00bbwithout_pattern\u00a0\u00bb el_id=\u00a0\u00bbpose de boulons\u00a0\u00bb z_index=\u00a0\u00bb\u00a0\u00bb el_class=\u00a0\u00bbinstruction-section\u00a0\u00bb css=\u00a0\u00bb.vc_custom_1746748802029{padding-top: 100px !important;}\u00a0\u00bb][vc_column width=\u00a0\u00bb1\/6&Prime; offset=\u00a0\u00bbvc_hidden-md vc_hidden-sm vc_hidden-xs\u00a0\u00bb][\/vc_column][vc_column offset=\u00a0\u00bbvc_col-lg-8 vc_col-xs-12&Prime;][vc_column_text el_class=\u00a0\u00bbsection-text\u00a0\u00bb] Installation des boulons pour les haut-parleurs Instructions pour l&rsquo;installation des boulons sur la&#8230;<\/p>\n","protected":false},"author":1,"featured_media":0,"parent":6999,"menu_order":0,"comment_status":"closed","ping_status":"closed","template":"","meta":{"editor_plus_copied_stylings":"{}","_monsterinsights_skip_tracking":false,"_monsterinsights_sitenote_active":false,"_monsterinsights_sitenote_note":"","_monsterinsights_sitenote_category":0,"footnotes":""},"class_list":["post-19437","page","type-page","status-publish","hentry"],"aioseo_notices":[],"_links":{"self":[{"href":"https:\/\/carbide.audio\/fr\/wp-json\/wp\/v2\/pages\/19437","targetHints":{"allow":["GET"]}}],"collection":[{"href":"https:\/\/carbide.audio\/fr\/wp-json\/wp\/v2\/pages"}],"about":[{"href":"https:\/\/carbide.audio\/fr\/wp-json\/wp\/v2\/types\/page"}],"author":[{"embeddable":true,"href":"https:\/\/carbide.audio\/fr\/wp-json\/wp\/v2\/users\/1"}],"replies":[{"embeddable":true,"href":"https:\/\/carbide.audio\/fr\/wp-json\/wp\/v2\/comments?post=19437"}],"version-history":[{"count":0,"href":"https:\/\/carbide.audio\/fr\/wp-json\/wp\/v2\/pages\/19437\/revisions"}],"up":[{"embeddable":true,"href":"https:\/\/carbide.audio\/fr\/wp-json\/wp\/v2\/pages\/6999"}],"wp:attachment":[{"href":"https:\/\/carbide.audio\/fr\/wp-json\/wp\/v2\/media?parent=19437"}],"curies":[{"name":"wp","href":"https:\/\/api.w.org\/{rel}","templated":true}]}}