{"id":18907,"date":"2023-05-18T07:01:34","date_gmt":"2023-05-18T12:01:34","guid":{"rendered":"https:\/\/carbide.audio\/mesures\/dissipation-des-vibrations-a-laide-de-semelles-de-carbide-base\/"},"modified":"2025-05-09T11:32:51","modified_gmt":"2025-05-09T16:32:51","slug":"dissipation-des-vibrations-a-laide-de-semelles-de-carbide-base","status":"publish","type":"page","link":"https:\/\/carbide.audio\/fr\/mesures\/dissipation-des-vibrations-a-laide-de-semelles-de-carbide-base\/","title":{"rendered":"Dissipation des vibrations \u00e0 l&rsquo;aide de semelles en Carbide Bases"},"content":{"rendered":"<div class=\"wpb-content-wrapper\"><p>[vc_row css_animation=\u00a0\u00bb\u00a0\u00bb row_type=\u00a0\u00bbrow\u00a0\u00bb use_row_as_full_screen_section=\u00a0\u00bbno\u00a0\u00bb type=\u00a0\u00bbfull_width\u00a0\u00bb angled_section=\u00a0\u00bbno\u00a0\u00bb text_align=\u00a0\u00bbleft\u00a0\u00bb background_image_as_pattern=\u00a0\u00bbwithout_pattern\u00a0\u00bb][vc_column el_class=\u00a0\u00bblower-angle-polygon\u00a0\u00bb][vc_raw_html css=\u00a0\u00bb\u00a0\u00bb]PHN2ZyB2aWV3Ym94PSIwIDAgMTAwIDYiIGNsYXNzPSJzbW9vdGgtYWxsIiBzdHlsZT0iIj4KICAgICAgICAgICAgPHBvbHlnb24gcG9pbnRzPSIwLDUgMCwwIDEwMCwwIDEwMCw0IDY5LDEuNSIgc3R5bGU9ImZpbGw6ICM0MTQxNDE4ZjsiLz4KICAgICAgICAgICAgPHBvbHlnb24gcG9pbnRzPSIwLDMgMCwwIDEwMCwwIDEwMCwyIDcwLDEiIHN0eWxlPSJmaWxsOiAjNDE0MTQxOyIvPiAgCjwvc3ZnPg==[\/vc_raw_html][\/vc_column][\/vc_row][vc_row css_animation=\u00a0\u00bb\u00a0\u00bb row_type=\u00a0\u00bbrow\u00a0\u00bb use_row_as_full_screen_section=\u00a0\u00bbno\u00a0\u00bb type=\u00a0\u00bbfull_width\u00a0\u00bb angled_section=\u00a0\u00bbno\u00a0\u00bb text_align=\u00a0\u00bbleft\u00a0\u00bb background_image_as_pattern=\u00a0\u00bbwithout_pattern\u00a0\u00bb z_index=\u00a0\u00bb\u00a0\u00bb el_class=\u00a0\u00bbmain-row\u00a0\u00bb css=\u00a0\u00bb.vc_custom_1746750016097{padding-top: 120px !important;}\u00a0\u00bb][vc_column width=\u00a0\u00bb1\/6&Prime;][\/vc_column][vc_column width=\u00a0\u00bb2\/3&Prime; el_class=\u00a0\u00bbcenter-column\u00a0\u00bb][vc_column_text css=\u00a0\u00bb.vc_custom_1684410292398{margin-bottom: 30px !important;}\u00a0\u00bb]<\/p>\n<h1>Dissipation des vibrations \u00e0 l&rsquo;aide de semelles en Carbide Bases<\/h1>\n<p>&nbsp;<\/p>\n<p>Il est connu qu&rsquo;une enceinte de haut-parleur contribue de mani\u00e8re significative au son total rayonn\u00e9 \u00e0 ses fr\u00e9quences de r\u00e9sonance inf\u00e9rieures<a class=\"cite-style\" href=\"#cite-1-1\">[1]<\/a>. M\u00eame si la vitesse de surface des panneaux d&rsquo;un haut-parleur est faible, les panneaux rayonnent avec une efficacit\u00e9 plusieurs fois sup\u00e9rieure \u00e0 celle des haut-parleurs. Cela est d\u00fb \u00e0 la grande surface de rayonnement des panneaux par rapport \u00e0 la surface de rayonnement des haut-parleurs. Le son rayonnant des panneaux de l&rsquo;enceinte peut provoquer une distorsion audible et doit \u00eatre att\u00e9nu\u00e9. L&rsquo;amortissement des panneaux de l&rsquo;enceinte est un moyen efficace de r\u00e9duire l&rsquo;amplitude des r\u00e9sonances<a class=\"cite-style\" href=\"#cite-1-2\">[2]<\/a>.<\/p>\n<p>&nbsp;<\/p>\n<p>L&rsquo;objectif de cette exp\u00e9rience \u00e9tait de d\u00e9terminer si le fait de placer des <a href=\"https:\/\/www.carbide.audio\/product\/carbide-base\/\">Carbide Base<\/a> sous un haut-parleur pouvait r\u00e9duire les r\u00e9sonances \u00e0 basse fr\u00e9quence \u00e0 l&rsquo;int\u00e9rieur des panneaux de l&rsquo;enceinte du haut-parleur. La r\u00e9duction des r\u00e9sonances des panneaux permettrait de quantifier l&rsquo;am\u00e9lioration de la dissipation des vibrations apport\u00e9e par les semelles. Cette am\u00e9lioration serait compar\u00e9e au cas de base d&rsquo;une enceinte de haut-parleur reposant sur des pointes de plancher en acier sur un sol en b\u00e9ton.[\/vc_column_text][vc_column_text]<\/p>\n<h3>Haut-parleur d&rsquo;essai<\/h3>\n<p>Pour r\u00e9aliser les tests de vibration, nous avons d&rsquo;abord construit une enceinte de haut-parleur de test. L&rsquo;enceinte a \u00e9t\u00e9 fabriqu\u00e9e \u00e0 partir de feuilles de poly\u00e9thyl\u00e8ne haute densit\u00e9 (PEHD), avec des panneaux de 25 mm d&rsquo;\u00e9paisseur \u00e0 l&rsquo;ext\u00e9rieur et des panneaux de 50 mm d&rsquo;\u00e9paisseur pour les renforts internes. Deux woofers Accuton AS250-6-552 de 250 mm (10 in) ont \u00e9t\u00e9 mont\u00e9s sur les c\u00f4t\u00e9s oppos\u00e9s de l&rsquo;enceinte. L&rsquo;enceinte a \u00e9t\u00e9 scell\u00e9e avec un volume interne de 129 litres, ce qui donne un Qtc d&rsquo;environ 0,64. Aucun rembourrage n&rsquo;\u00e9tait pr\u00e9sent \u00e0 l&rsquo;int\u00e9rieur de l&rsquo;enceinte. La masse totale de l&rsquo;enceinte avec les woofers mont\u00e9s \u00e9tait de 83 kg (183 lbs.).[\/vc_column_text][vc_row_inner row_type=\u00a0\u00bbrow\u00a0\u00bb type=\u00a0\u00bbfull_width\u00a0\u00bb text_align=\u00a0\u00bbleft\u00a0\u00bb css_animation=\u00a0\u00bb\u00a0\u00bb el_class=\u00a0\u00bbsection-row\u00a0\u00bb][vc_column_inner offset=\u00a0\u00bbvc_col-lg-4 vc_col-md-4 vc_col-xs-12&Prime;][vc_single_image image=\u00a0\u00bb4133&Prime; img_size=\u00a0\u00bbfull\u00a0\u00bb alignment=\u00a0\u00bbcenter\u00a0\u00bb onclick=\u00a0\u00bblink_image\u00a0\u00bb qode_css_animation=\u00a0\u00bb\u00a0\u00bb el_class=\u00a0\u00bbimg-borders\u00a0\u00bb][\/vc_column_inner][vc_column_inner offset=\u00a0\u00bbvc_col-lg-4 vc_col-md-4 vc_col-xs-12&Prime;][vc_single_image image=\u00a0\u00bb4155&Prime; img_size=\u00a0\u00bbfull\u00a0\u00bb alignment=\u00a0\u00bbcenter\u00a0\u00bb onclick=\u00a0\u00bblink_image\u00a0\u00bb qode_css_animation=\u00a0\u00bb\u00a0\u00bb el_class=\u00a0\u00bbimg-borders\u00a0\u00bb][\/vc_column_inner][vc_column_inner offset=\u00a0\u00bbvc_col-lg-4 vc_col-md-4 vc_col-xs-12&Prime;][vc_single_image image=\u00a0\u00bb4144&Prime; img_size=\u00a0\u00bbfull\u00a0\u00bb alignment=\u00a0\u00bbcenter\u00a0\u00bb onclick=\u00a0\u00bblink_image\u00a0\u00bb qode_css_animation=\u00a0\u00bb\u00a0\u00bb el_class=\u00a0\u00bbimg-borders\u00a0\u00bb][\/vc_column_inner][\/vc_row_inner][vc_row_inner row_type=\u00a0\u00bbrow\u00a0\u00bb type=\u00a0\u00bbfull_width\u00a0\u00bb text_align=\u00a0\u00bbleft\u00a0\u00bb css_animation=\u00a0\u00bb\u00a0\u00bb el_class=\u00a0\u00bbsection-row\u00a0\u00bb][vc_column_inner offset=\u00a0\u00bbvc_col-lg-3 vc_col-md-3 vc_col-xs-12&Prime;][vc_single_image image=\u00a0\u00bb4111&Prime; img_size=\u00a0\u00bbfull\u00a0\u00bb alignment=\u00a0\u00bbcenter\u00a0\u00bb onclick=\u00a0\u00bblink_image\u00a0\u00bb qode_css_animation=\u00a0\u00bb\u00a0\u00bb el_class=\u00a0\u00bbimg-borders\u00a0\u00bb][\/vc_column_inner][vc_column_inner offset=\u00a0\u00bbvc_col-lg-9 vc_col-md-9 vc_col-xs-12&Prime;][vc_column_text]<\/p>\n<h3>Mesures de la dissipation des vibrations<\/h3>\n<p>Dans notre exp\u00e9rience de dissipation des vibrations, les mesures ont \u00e9t\u00e9 effectu\u00e9es sur les panneaux ext\u00e9rieurs de l&rsquo;enceinte du haut-parleur. La premi\u00e8re s\u00e9rie de mesures a \u00e9t\u00e9 prise au centre du fond de l&rsquo;enceinte. La deuxi\u00e8me s\u00e9rie de mesures a \u00e9t\u00e9 prise sur la partie sup\u00e9rieure du panneau lat\u00e9ral gauche \u00e0 une hauteur de 76 cm (30 in) au-dessus du fond de l&rsquo;enceinte. Les mesures ont d&rsquo;abord \u00e9t\u00e9 prises avec l&rsquo;enceinte pos\u00e9e sur des pointes de plancher en acier en contact direct avec un sol en b\u00e9ton. La m\u00eame mesure a ensuite \u00e9t\u00e9 prise avec l&rsquo;enceinte reposant sur Carbide Base footers.    <\/p>\n<p>&nbsp;<\/p>\n<p>Pour mesurer les vibrations, nous avons utilis\u00e9 un capteur acc\u00e9l\u00e9rom\u00e9trique pi\u00e9zo\u00e9lectrique Measurement Specialties ACH-01. Le capteur a \u00e9t\u00e9 fix\u00e9 au bo\u00eetier \u00e0 l&rsquo;aide de ruban adh\u00e9sif double face. Un signal sinuso\u00efdal logarithmique de 35 Hz \u00e0 200 Hz a \u00e9t\u00e9 diffus\u00e9 dans les haut-parleurs et les vibrations du panneau ont \u00e9t\u00e9 mesur\u00e9es. Des graphiques en cascade ont \u00e9t\u00e9 g\u00e9n\u00e9r\u00e9s pour montrer la d\u00e9croissance de l&rsquo;amplitude des vibrations au fil du temps.   <\/p>\n<p>&nbsp;<\/p>\n<p>Les chutes d&rsquo;eau <span style=\"color: #6496f9;\">bleues<\/span> repr\u00e9sentent les mesures effectu\u00e9es avec l&rsquo;enceinte sur des semelles Carbide Base et les chutes d&rsquo;eau <span style=\"color: #fd6565;\">rouges<\/span> repr\u00e9sentent les mesures effectu\u00e9es avec l&rsquo;enceinte sur des pointes de sol en acier en contact direct avec le sol en b\u00e9ton.[\/vc_column_text][\/vc_column_inner][\/vc_row_inner][vc_column_text]<\/p>\n<h3 style=\"text-align: center;\">Panneau inf\u00e9rieur<\/h3>\n<p>[\/vc_column_text][vc_row_inner row_type=\u00a0\u00bbrow\u00a0\u00bb type=\u00a0\u00bbfull_width\u00a0\u00bb text_align=\u00a0\u00bbleft\u00a0\u00bb css_animation=\u00a0\u00bb\u00a0\u00bb el_class=\u00a0\u00bbsection-row\u00a0\u00bb][vc_column_inner offset=\u00a0\u00bbvc_col-lg-6 vc_col-md-6 vc_col-xs-12&Prime;][vc_single_image image=\u00a0\u00bb4177&Prime; img_size=\u00a0\u00bbfull\u00a0\u00bb alignment=\u00a0\u00bbcenter\u00a0\u00bb qode_css_animation=\u00a0\u00bb\u00a0\u00bb][vc_column_text]<\/p>\n<h6 style=\"text-align: center;\">Pointes au sol<\/h6>\n<p>[\/vc_column_text][\/vc_column_inner][vc_column_inner offset=\u00a0\u00bbvc_col-lg-6 vc_col-md-6 vc_col-xs-12&Prime;][vc_single_image image=\u00a0\u00bb4188&Prime; img_size=\u00a0\u00bbfull\u00a0\u00bb alignment=\u00a0\u00bbcenter\u00a0\u00bb qode_css_animation=\u00a0\u00bb\u00a0\u00bb][vc_column_text]<\/p>\n<h6 style=\"text-align: center;\">Sur Carbide Base Pieds de page<\/h6>\n<p>[\/vc_column_text][\/vc_column_inner][\/vc_row_inner][vc_column_text]<\/p>\n<h3 style=\"text-align: center;\">Panneau lat\u00e9ral sup\u00e9rieur<\/h3>\n<p>[\/vc_column_text][vc_row_inner row_type=\u00a0\u00bbrow\u00a0\u00bb type=\u00a0\u00bbfull_width\u00a0\u00bb text_align=\u00a0\u00bbleft\u00a0\u00bb css_animation=\u00a0\u00bb\u00a0\u00bb el_class=\u00a0\u00bbsection-row\u00a0\u00bb][vc_column_inner offset=\u00a0\u00bbvc_col-lg-6 vc_col-md-6 vc_col-xs-12&Prime;][vc_single_image image=\u00a0\u00bb4199&Prime; img_size=\u00a0\u00bbfull\u00a0\u00bb alignment=\u00a0\u00bbcenter\u00a0\u00bb qode_css_animation=\u00a0\u00bb\u00a0\u00bb][vc_column_text]<\/p>\n<h6 style=\"text-align: center;\">Pointes au sol<\/h6>\n<p>[\/vc_column_text][\/vc_column_inner][vc_column_inner offset=\u00a0\u00bbvc_col-lg-6 vc_col-md-6 vc_col-xs-12&Prime;][vc_single_image image=\u00a0\u00bb4210&Prime; img_size=\u00a0\u00bbfull\u00a0\u00bb alignment=\u00a0\u00bbcenter\u00a0\u00bb qode_css_animation=\u00a0\u00bb\u00a0\u00bb][vc_column_text]<\/p>\n<h6 style=\"text-align: center;\">Sur Carbide Base Pieds de page<\/h6>\n<p>[\/vc_column_text][\/vc_column_inner][\/vc_row_inner][vc_column_text el_class=\u00a0\u00bbsection-row\u00a0\u00bb]<\/p>\n<h3>Conclusion<\/h3>\n<p>Les mesures ont confirm\u00e9 que les r\u00e9sonances \u00e0 basse fr\u00e9quence \u00e0 l&rsquo;int\u00e9rieur des panneaux de notre enceinte de test \u00e9taient att\u00e9nu\u00e9es lorsque l&rsquo;enceinte \u00e9tait plac\u00e9e sur des pieds Carbide Base au lieu de pointes au sol. Cet effet d&rsquo;amortissement s&rsquo;est produit non seulement localement pr\u00e8s du contact avec les semelles, mais aussi \u00e0 un endroit situ\u00e9 pr\u00e8s de l&rsquo;extr\u00e9mit\u00e9 oppos\u00e9e de l&rsquo;enceinte. L&rsquo;amplitude et le temps de d\u00e9croissance de la plupart des r\u00e9sonances pr\u00e9sentes dans les deux panneaux ont \u00e9t\u00e9 r\u00e9duits lorsque le haut-parleur se trouvait sur les pieds Carbide Base. Une exception notable \u00e9tait la r\u00e9sonance autour de 150 Hz dans laquelle il y avait une diminution de l&rsquo;amplitude et une d\u00e9croissance initialement plus rapide, suivie d&rsquo;une petite augmentation du temps de d\u00e9croissance en dessous de -40 dBFS. Dans la r\u00e9gion des basses fr\u00e9quences, o\u00f9 les r\u00e9sonances de l&rsquo;enceinte sont les plus audibles, l&rsquo;amplitude des vibrations a \u00e9t\u00e9 r\u00e9duite dans certains cas de plus de 80 %.[\/vc_column_text][vc_column_text]<\/p>\n<h3>R\u00e9f\u00e9rences<\/h3>\n<p><cite id=\"cite-1-1\">[1] Bastyr, K. J., &amp; Capone, D. E. (2003). <a href=\"https:\/\/www.aes.org\/e-lib\/browse.cfm?elib=12234\">On the acoustic radiation from a loudspeaker&rsquo;s cabinet<\/a>. <em>AES : Journal of the Audio Engineering Society<\/em>, <em>51<\/em>(4), 234-243.<\/cite><\/p>\n<p>&nbsp;<\/p>\n<p><cite id=\"cite-1-2\">[2] Juha Backman, <a href=\"https:\/\/secure.aes.org\/forum\/pubs\/conventions\/?elib=7384\">Effect of panel damping on loudspeaker enclosure vibration<\/a>, 1996, Nokia Mobile Phones, Finlande.<\/cite>[\/vc_column_text][\/vc_column][vc_column width=\u00a0\u00bb1\/6&Prime;][\/vc_column][\/vc_row][vc_row css_animation=\u00a0\u00bb\u00a0\u00bb row_type=\u00a0\u00bbrow\u00a0\u00bb use_row_as_full_screen_section=\u00a0\u00bbno\u00a0\u00bb type=\u00a0\u00bbfull_width\u00a0\u00bb angled_section=\u00a0\u00bbno\u00a0\u00bb text_align=\u00a0\u00bbleft\u00a0\u00bb background_image_as_pattern=\u00a0\u00bbwithout_pattern\u00a0\u00bb][vc_column el_class=\u00a0\u00bblower-angle-polygon\u00a0\u00bb][vc_raw_html]PHN2ZyB2aWV3Ym94PSIwIDAgMTAwIDYiIGNsYXNzPSJzbW9vdGgtYWxsIiBzdHlsZT0iIj4KICAgICAgICA8cG9seWdvbiBwb2ludHM9IjAsMyAwLDAgMTAwLDAgMTAwLDIgNzAsMSIgc3R5bGU9ImZpbGw6ICNmZmZmZmY7Ii8+CiAgICAgICAgPHBvbHlnb24gcG9pbnRzPSIwLDUgMCwwIDEwMCwwIDEwMCw0IDY5LDEuNSIgc3R5bGU9ImZpbGw6ICNmZmZmZmY4ZjsiLz4KPC9zdmc+[\/vc_raw_html][\/vc_column][\/vc_row]<\/p>\n<\/div>","protected":false},"excerpt":{"rendered":"<p>[vc_row css_animation=\u00a0\u00bb\u00a0\u00bb row_type=\u00a0\u00bbrow\u00a0\u00bb use_row_as_full_screen_section=\u00a0\u00bbno\u00a0\u00bb type=\u00a0\u00bbfull_width\u00a0\u00bb angled_section=\u00a0\u00bbno\u00a0\u00bb text_align=\u00a0\u00bbleft\u00a0\u00bb background_image_as_pattern=\u00a0\u00bbwithout_pattern\u00a0\u00bb][vc_column el_class=\u00a0\u00bblower-angle-polygon\u00a0\u00bb][vc_raw_html css=\u00a0\u00bb\u00a0\u00bb]PHN2ZyB2aWV3Ym94PSIwIDAgMTAwIDYiIGNsYXNzPSJzbW9vdGgtYWxsIiBzdHlsZT0iIj4KICAgICAgICAgICAgPHBvbHlnb24gcG9pbnRzPSIwLDUgMCwwIDEwMCwwIDEwMCw0IDY5LDEuNSIgc3R5bGU9ImZpbGw6ICM0MTQxNDE4ZjsiLz4KICAgICAgICAgICAgPHBvbHlnb24gcG9pbnRzPSIwLDMgMCwwIDEwMCwwIDEwMCwyIDcwLDEiIHN0eWxlPSJmaWxsOiAjNDE0MTQxOyIvPiAgCjwvc3ZnPg==[\/vc_raw_html][\/vc_column][\/vc_row][vc_row css_animation=\u00a0\u00bb\u00a0\u00bb row_type=\u00a0\u00bbrow\u00a0\u00bb use_row_as_full_screen_section=\u00a0\u00bbno\u00a0\u00bb type=\u00a0\u00bbfull_width\u00a0\u00bb angled_section=\u00a0\u00bbno\u00a0\u00bb text_align=\u00a0\u00bbleft\u00a0\u00bb background_image_as_pattern=\u00a0\u00bbwithout_pattern\u00a0\u00bb z_index=\u00a0\u00bb\u00a0\u00bb el_class=\u00a0\u00bbmain-row\u00a0\u00bb css=\u00a0\u00bb.vc_custom_1746750016097{padding-top: 120px !important;}\u00a0\u00bb][vc_column width=\u00a0\u00bb1\/6&Prime;][\/vc_column][vc_column width=\u00a0\u00bb2\/3&Prime; el_class=\u00a0\u00bbcenter-column\u00a0\u00bb][vc_column_text css=\u00a0\u00bb.vc_custom_1684410292398{margin-bottom: 30px !important;}\u00a0\u00bb] Dissipation des vibrations \u00e0 l&rsquo;aide de semelles en Carbide Bases &nbsp; Il est connu qu&rsquo;une enceinte de&#8230;<\/p>\n","protected":false},"author":1,"featured_media":0,"parent":7022,"menu_order":0,"comment_status":"closed","ping_status":"closed","template":"","meta":{"editor_plus_copied_stylings":"{}","_monsterinsights_skip_tracking":false,"_monsterinsights_sitenote_active":false,"_monsterinsights_sitenote_note":"","_monsterinsights_sitenote_category":0,"footnotes":""},"class_list":["post-18907","page","type-page","status-publish","hentry"],"aioseo_notices":[],"_links":{"self":[{"href":"https:\/\/carbide.audio\/fr\/wp-json\/wp\/v2\/pages\/18907","targetHints":{"allow":["GET"]}}],"collection":[{"href":"https:\/\/carbide.audio\/fr\/wp-json\/wp\/v2\/pages"}],"about":[{"href":"https:\/\/carbide.audio\/fr\/wp-json\/wp\/v2\/types\/page"}],"author":[{"embeddable":true,"href":"https:\/\/carbide.audio\/fr\/wp-json\/wp\/v2\/users\/1"}],"replies":[{"embeddable":true,"href":"https:\/\/carbide.audio\/fr\/wp-json\/wp\/v2\/comments?post=18907"}],"version-history":[{"count":0,"href":"https:\/\/carbide.audio\/fr\/wp-json\/wp\/v2\/pages\/18907\/revisions"}],"up":[{"embeddable":true,"href":"https:\/\/carbide.audio\/fr\/wp-json\/wp\/v2\/pages\/7022"}],"wp:attachment":[{"href":"https:\/\/carbide.audio\/fr\/wp-json\/wp\/v2\/media?parent=18907"}],"curies":[{"name":"wp","href":"https:\/\/api.w.org\/{rel}","templated":true}]}}