{"id":16848,"date":"2023-02-07T09:16:07","date_gmt":"2023-02-07T15:16:07","guid":{"rendered":"https:\/\/www.carbide.audio\/distributeurs\/"},"modified":"2026-04-02T08:39:56","modified_gmt":"2026-04-02T13:39:56","slug":"distributeurs","status":"publish","type":"page","link":"https:\/\/carbide.audio\/fr\/distributeurs\/","title":{"rendered":"Distributeurs"},"content":{"rendered":"<div class=\"wpb-content-wrapper\"><p>[vc_row css_animation=\u00a0\u00bb\u00a0\u00bb row_type=\u00a0\u00bbrow\u00a0\u00bb use_row_as_full_screen_section=\u00a0\u00bbno\u00a0\u00bb type=\u00a0\u00bbfull_width\u00a0\u00bb angled_section=\u00a0\u00bbno\u00a0\u00bb text_align=\u00a0\u00bbleft\u00a0\u00bb background_image_as_pattern=\u00a0\u00bbwithout_pattern\u00a0\u00bb][vc_column el_class=\u00a0\u00bblower-angle-polygon\u00a0\u00bb][vc_raw_html css=\u00a0\u00bb\u00a0\u00bb]PHN2ZyB2aWV3Ym94PSIwIDAgMTAwIDYiIGNsYXNzPSJzbW9vdGgtYWxsIiBzdHlsZT0iIj4KICAgICAgICAgICAgPHBvbHlnb24gcG9pbnRzPSIwLDUgMCwwIDEwMCwwIDEwMCw0IDY5LDEuNSIgc3R5bGU9ImZpbGw6ICM0MTQxNDE4ZjsiLz4KICAgICAgICAgICAgPHBvbHlnb24gcG9pbnRzPSIwLDMgMCwwIDEwMCwwIDEwMCwyIDcwLDEiIHN0eWxlPSJmaWxsOiAjNDE0MTQxOyIvPiAgCjwvc3ZnPg==[\/vc_raw_html][\/vc_column][\/vc_row][vc_row css_animation=\u00a0\u00bb\u00a0\u00bb row_type=\u00a0\u00bbrow\u00a0\u00bb use_row_as_full_screen_section=\u00a0\u00bbno\u00a0\u00bb type=\u00a0\u00bbfull_width\u00a0\u00bb angled_section=\u00a0\u00bbno\u00a0\u00bb text_align=\u00a0\u00bbleft\u00a0\u00bb background_image_as_pattern=\u00a0\u00bbwithout_pattern\u00a0\u00bb el_class=\u00a0\u00bbmain-row\u00a0\u00bb z_index=\u00a0\u00bb\u00a0\u00bb css=\u00a0\u00bb.vc_custom_1746749059291{padding-top: 120px !important;}\u00a0\u00bb][vc_column width=\u00a0\u00bb1\/6&Prime;][\/vc_column][vc_column width=\u00a0\u00bb2\/3&Prime; el_class=\u00a0\u00bbcenter-column\u00a0\u00bb][vc_column_text css=\u00a0\u00bb\u00a0\u00bb]<\/p>\n<h1>Distributeurs et revendeurs<\/h1>\n<p>&nbsp;<\/p>\n<p>Les produits Carbide Audio peuvent \u00eatre achet\u00e9s aupr\u00e8s de nos distributeurs et revendeurs mondiaux ci-dessous.<\/p>\n<p>&nbsp;<\/p>\n<p>Nous pouvons \u00e9galement effectuer des livraisons directes dans toute l&rsquo;Am\u00e9rique du Nord ou \u00e0 l&rsquo;\u00e9tranger dans les pays qui ne sont pas repr\u00e9sent\u00e9s par un distributeur. Veuillez consulter notre <a href=\"https:\/\/carbide.audio\/fr\/politiques\/#shipping\">politique d&rsquo;exp\u00e9dition<\/a> pour plus de d\u00e9tails.[\/vc_column_text][vc_row_inner row_type=\u00a0\u00bbrow\u00a0\u00bb type=\u00a0\u00bbfull_width\u00a0\u00bb text_align=\u00a0\u00bbleft\u00a0\u00bb css_animation=\u00a0\u00bb\u00a0\u00bb el_class=\u00a0\u00bbsection-text\u00a0\u00bb][vc_column_inner width=\u00a0\u00bb1\/4&Prime;][vc_single_image image=\u00a0\u00bb27178&Prime; img_size=\u00a0\u00bbfull\u00a0\u00bb css=\u00a0\u00bb\u00a0\u00bb qode_css_animation=\u00a0\u00bb\u00a0\u00bb el_class=\u00a0\u00bbdistributor-logo\u00a0\u00bb][\/vc_column_inner][vc_column_inner width=\u00a0\u00bb3\/4&Prime;][vc_column_text css=\u00a0\u00bb\u00a0\u00bb]<\/p>\n<h2>Europe continentale<\/h2>\n<h3>DreamAudio<\/h3>\n<p>&nbsp;<\/p>\n<blockquote class=\"wp-embedded-content\" data-secret=\"QvRB1F5O2t\"><p><a href=\"https:\/\/dreamaudio.eu\/\">Home<\/a><\/p><\/blockquote>\n<p><iframe loading=\"lazy\" class=\"wp-embedded-content\" sandbox=\"allow-scripts\" security=\"restricted\" style=\"position: absolute; visibility: hidden;\" title=\"&#8220;Home&#8221; &#8212; Dreamaudio\" src=\"https:\/\/dreamaudio.eu\/embed\/#?secret=Aob0HW5pKF#?secret=QvRB1F5O2t\" data-secret=\"QvRB1F5O2t\" width=\"600\" height=\"338\" frameborder=\"0\" marginwidth=\"0\" marginheight=\"0\" scrolling=\"no\"><\/iframe><br \/>\nCourriel : <a href=\"mailto:info@dreamaudio.eu\" target=\"_blank\" rel=\"noopener\">info@dreamaudio.eu<\/a><\/p>\n<p>&nbsp;<\/p>\n<h4>Vienne<\/h4>\n<p><em>Josefsplatz 6,<br \/>\n1010 Wienna, Autriche<\/em><\/p>\n<p>T\u00e9l\u00e9phone : +43 660 958 3934 <a role=\"link\" href=\"tel:436609583934\" target=\"_blank\" rel=\"noopener\">+43 660 958 3934<\/a><\/p>\n<p>&nbsp;<\/p>\n<h4>Bratislava<\/h4>\n<p><em>Rusovsk\u00e1 cesta 46<br \/>\nBratislava-Petr\u017e\u00e1lka, 851 01<\/em><\/p>\n<p>T\u00e9l\u00e9phone : +421 (0) 907 838 806 <a role=\"link\" href=\"tel:4210907838806\" target=\"_blank\" rel=\"noopener\">+421 (0) 907 838 806<\/a><\/p>\n<p>&nbsp;<\/p>\n<h4>Ibiza<\/h4>\n<p><em>Carrer Salvador Camacho, 13, 07840 Santa Eul\u00e0ria des Riu,<br \/>\nIlles Balears, Espagne<\/em><\/p>\n<p>T\u00e9l\u00e9phone : <a role=\"link\" href=\"tel:34649909536\" target=\"_blank\" rel=\"noopener\">+34649909536<\/a>[\/vc_column_text][\/vc_column_inner][\/vc_row_inner][vc_row_inner row_type=\u00a0\u00bbrow\u00a0\u00bb type=\u00a0\u00bbfull_width\u00a0\u00bb text_align=\u00a0\u00bbleft\u00a0\u00bb css_animation=\u00a0\u00bb\u00a0\u00bb el_class=\u00a0\u00bbsection-text\u00a0\u00bb][vc_column_inner width=\u00a0\u00bb1\/4&Prime;][vc_single_image image=\u00a0\u00bb43349&Prime; img_size=\u00a0\u00bbfull\u00a0\u00bb css=\u00a0\u00bb\u00a0\u00bb qode_css_animation=\u00a0\u00bb\u00a0\u00bb el_class=\u00a0\u00bbdistributor-logo\u00a0\u00bb][\/vc_column_inner][vc_column_inner width=\u00a0\u00bb3\/4&Prime;][vc_column_text css=\u00a0\u00bb\u00a0\u00bb]<\/p>\n<h2>Royaume-Uni<\/h2>\n<h3>S\u00e9lectionner l&rsquo;audio<\/h3>\n<p><em>Royaume-Uni<\/em><\/p>\n<p>&nbsp;<\/p>\n<p><a href=\"https:\/\/www.selectaudio.co.uk\/\">https:\/\/www.selectaudio.co.uk\/<\/a><\/p>\n<p>Courriel : <a href=\"mailto:info@selectaudio.co.uk\" target=\"_blank\" rel=\"noopener\">info@selectaudio.co.uk<\/a><\/p>\n<p>T\u00e9l\u00e9phone : +44(0) 1900 601954 <a role=\"link\" href=\"tel:4401900601954\" target=\"_blank\" rel=\"noopener\">+44(0)1900 601954<\/a>[\/vc_column_text][\/vc_column_inner][\/vc_row_inner][vc_row_inner row_type=\u00a0\u00bbrow\u00a0\u00bb type=\u00a0\u00bbfull_width\u00a0\u00bb text_align=\u00a0\u00bbleft\u00a0\u00bb css_animation=\u00a0\u00bb\u00a0\u00bb el_class=\u00a0\u00bbsection-text\u00a0\u00bb][vc_column_inner width=\u00a0\u00bb1\/4&Prime;][vc_single_image image=\u00a0\u00bb27100&Prime; img_size=\u00a0\u00bbfull\u00a0\u00bb css=\u00a0\u00bb\u00a0\u00bb qode_css_animation=\u00a0\u00bb\u00a0\u00bb el_class=\u00a0\u00bbdistributor-logo\u00a0\u00bb][\/vc_column_inner][vc_column_inner width=\u00a0\u00bb3\/4&Prime;][vc_column_text]<\/p>\n<h2>Chine \/ Hong Kong \/ Macao<\/h2>\n<h3>Micro-New Co. Ltd. <\/h3>\n<p><em>Foshan, Chine<\/em><\/p>\n<p>&nbsp;<\/p>\n<p>Courriel : <a href=\"mailto:info@micro-new.com\" target=\"_blank\" rel=\"noopener\">info@micro-new.com<\/a><\/p>\n<p>T\u00e9l\u00e9phone : <a role=\"link\" href=\"tel:8613360300094\" target=\"_blank\" rel=\"noopener\">+86 13360300094<\/a>[\/vc_column_text][\/vc_column_inner][\/vc_row_inner][vc_row_inner row_type=\u00a0\u00bbrow\u00a0\u00bb type=\u00a0\u00bbfull_width\u00a0\u00bb text_align=\u00a0\u00bbleft\u00a0\u00bb css_animation=\u00a0\u00bb\u00a0\u00bb el_class=\u00a0\u00bbsection-text\u00a0\u00bb][vc_column_inner width=\u00a0\u00bb1\/4&Prime;][vc_single_image image=\u00a0\u00bb47268&Prime; img_size=\u00a0\u00bbfull\u00a0\u00bb css=\u00a0\u00bb\u00a0\u00bb qode_css_animation=\u00a0\u00bb\u00a0\u00bb el_class=\u00a0\u00bbdistributor-logo\u00a0\u00bb][\/vc_column_inner][vc_column_inner width=\u00a0\u00bb3\/4&Prime;][vc_column_text css=\u00a0\u00bb\u00a0\u00bb]<\/p>\n<h2>\u00c9tats-Unis<\/h2>\n<h3>Rhapsody.Audio<\/h3>\n<p><em>1 South Portland Avenue<\/em><\/p>\n<p><em>Brooklyn, New York 11217<\/em><\/p>\n<p>&nbsp;<\/p>\n<p><a href=\"https:\/\/rhapsody.audio\/\">https:\/\/rhapsody.audio\/<\/a><\/p>\n<p>T\u00e9l\u00e9phone : <a role=\"link\" href=\"tel:9173637423\" target=\"_blank\" rel=\"noopener\">917-363-7423<\/a>[\/vc_column_text][\/vc_column_inner][\/vc_row_inner][vc_row_inner row_type=\u00a0\u00bbrow\u00a0\u00bb type=\u00a0\u00bbfull_width\u00a0\u00bb text_align=\u00a0\u00bbleft\u00a0\u00bb css_animation=\u00a0\u00bb\u00a0\u00bb el_class=\u00a0\u00bbsection-text\u00a0\u00bb][vc_column_inner width=\u00a0\u00bb1\/4&Prime;][vc_single_image image=\u00a0\u00bb47298&Prime; img_size=\u00a0\u00bbfull\u00a0\u00bb css=\u00a0\u00bb\u00a0\u00bb qode_css_animation=\u00a0\u00bb\u00a0\u00bb el_class=\u00a0\u00bbdistributor-logo\u00a0\u00bb][\/vc_column_inner][vc_column_inner width=\u00a0\u00bb3\/4&Prime;][vc_column_text css=\u00a0\u00bb\u00a0\u00bb]<\/p>\n<h2>\u00c9tats-Unis<\/h2>\n<h3>Euphoria HiFi<\/h3>\n<p><em>Southlake, Texas 76092<\/em><\/p>\n<p>&nbsp;<\/p>\n<p><a href=\"https:\/\/euphoriahifi.com\/\">https:\/\/euphoriahifi.com\/<\/a><\/p>\n<p>T\u00e9l\u00e9phone : <a role=\"link\" href=\"tel:8177679002\" target=\"_blank\" rel=\"noopener\">817-767-9002<\/a>[\/vc_column_text][\/vc_column_inner][\/vc_row_inner][vc_row_inner row_type=\u00a0\u00bbrow\u00a0\u00bb type=\u00a0\u00bbfull_width\u00a0\u00bb text_align=\u00a0\u00bbleft\u00a0\u00bb css_animation=\u00a0\u00bb\u00a0\u00bb el_class=\u00a0\u00bbsection-text\u00a0\u00bb][vc_column_inner width=\u00a0\u00bb1\/4&Prime;][vc_single_image image=\u00a0\u00bb47283&Prime; img_size=\u00a0\u00bbfull\u00a0\u00bb css=\u00a0\u00bb\u00a0\u00bb qode_css_animation=\u00a0\u00bb\u00a0\u00bb el_class=\u00a0\u00bbdistributor-logo\u00a0\u00bb][\/vc_column_inner][vc_column_inner width=\u00a0\u00bb3\/4&Prime;][vc_column_text css=\u00a0\u00bb\u00a0\u00bb]<\/p>\n<h2>\u00c9tats-Unis<\/h2>\n<h3>Onde de flexion USA<\/h3>\n<p><em>2800 North Federal Highway, Unit\u00e9 #5<\/em><\/p>\n<p><em>Boca Raton, Floride 33431<\/em><\/p>\n<p>&nbsp;<\/p>\n<p><a href=\"https:\/\/www.bendingwaveusa.com\/\">https:\/\/www.bendingwaveusa.com\/<\/a><\/p>\n<p>T\u00e9l\u00e9phone : <a role=\"link\" href=\"tel:9545797463\" target=\"_blank\" rel=\"noopener\">954-579-7463<\/a>[\/vc_column_text][\/vc_column_inner][\/vc_row_inner][vc_row_inner row_type=\u00a0\u00bbrow\u00a0\u00bb type=\u00a0\u00bbfull_width\u00a0\u00bb text_align=\u00a0\u00bbleft\u00a0\u00bb css_animation=\u00a0\u00bb\u00a0\u00bb el_class=\u00a0\u00bbsection-text\u00a0\u00bb][vc_column_inner width=\u00a0\u00bb1\/4&Prime;][vc_single_image image=\u00a0\u00bb47313&Prime; img_size=\u00a0\u00bbfull\u00a0\u00bb css=\u00a0\u00bb\u00a0\u00bb qode_css_animation=\u00a0\u00bb\u00a0\u00bb el_class=\u00a0\u00bbdistributor-logo\u00a0\u00bb][\/vc_column_inner][vc_column_inner width=\u00a0\u00bb3\/4&Prime;][vc_column_text css=\u00a0\u00bb\u00a0\u00bb]<\/p>\n<h2>\u00c9tats-Unis<\/h2>\n<h3>Th\u00e9\u00e2tre de la premi\u00e8re rang\u00e9e<\/h3>\n<p><em>10404 W. Ste. Rd. 84 Ste.  101<\/em><\/p>\n<p><em>Davie, Floride 33324<\/em><\/p>\n<p>&nbsp;<\/p>\n<p><a href=\"https:\/\/www.frontrowtheater.com\/\">https:\/\/www.frontrowtheater.com\/<\/a><\/p>\n<p>T\u00e9l\u00e9phone : <a role=\"link\" href=\"tel:9543518985\" target=\"_blank\" rel=\"noopener\">954-351-8985<\/a>[\/vc_column_text][\/vc_column_inner][\/vc_row_inner][vc_row_inner row_type=\u00a0\u00bbrow\u00a0\u00bb type=\u00a0\u00bbfull_width\u00a0\u00bb text_align=\u00a0\u00bbleft\u00a0\u00bb css_animation=\u00a0\u00bb\u00a0\u00bb el_class=\u00a0\u00bbsection-text\u00a0\u00bb][vc_column_inner width=\u00a0\u00bb1\/4&Prime;][vc_single_image image=\u00a0\u00bb27133&Prime; img_size=\u00a0\u00bbfull\u00a0\u00bb css=\u00a0\u00bb\u00a0\u00bb qode_css_animation=\u00a0\u00bb\u00a0\u00bb el_class=\u00a0\u00bbdistributor-logo\u00a0\u00bb][\/vc_column_inner][vc_column_inner width=\u00a0\u00bb3\/4&Prime;][vc_column_text css=\u00a0\u00bb\u00a0\u00bb]<\/p>\n<h2>\u00c9tats-Unis<\/h2>\n<h3>Les sons du silence<\/h3>\n<p><i>Nashua, New Hampshire<\/i><\/p>\n<p>&nbsp;<\/p>\n<p><a href=\"http:\/\/www.soundsofsilence.com\/\">http:\/\/www.soundsofsilence.com\/<\/a><\/p>\n<p>T\u00e9l\u00e9phone : <a role=\"link\" href=\"tel:6037598323\" target=\"_blank\" rel=\"noopener\">603-759-8323<\/a>[\/vc_column_text][\/vc_column_inner][\/vc_row_inner][vc_row_inner row_type=\u00a0\u00bbrow\u00a0\u00bb type=\u00a0\u00bbfull_width\u00a0\u00bb text_align=\u00a0\u00bbleft\u00a0\u00bb css_animation=\u00a0\u00bb\u00a0\u00bb el_class=\u00a0\u00bbsection-text\u00a0\u00bb][vc_column_inner width=\u00a0\u00bb1\/4&Prime;][vc_single_image image=\u00a0\u00bb48163&Prime; img_size=\u00a0\u00bbfull\u00a0\u00bb css=\u00a0\u00bb\u00a0\u00bb qode_css_animation=\u00a0\u00bb\u00a0\u00bb el_class=\u00a0\u00bbdistributor-logo\u00a0\u00bb][\/vc_column_inner][vc_column_inner width=\u00a0\u00bb3\/4&Prime;][vc_column_text css=\u00a0\u00bb\u00a0\u00bb]<\/p>\n<h2>\u00c9tats-Unis<\/h2>\n<h3>Audio Elation<\/h3>\n<p><i>Florence, Montana<\/i><\/p>\n<p>&nbsp;<\/p>\n<p><a href=\"https:\/\/www.audioelation.com\/\">https:\/\/www.audioelation.com\/<\/a><\/p>\n<p>T\u00e9l\u00e9phone : <a role=\"link\" href=\"tel:4065469353\" target=\"_blank\" rel=\"noopener\">406-546-9353<\/a>[\/vc_column_text][\/vc_column_inner][\/vc_row_inner][vc_row_inner row_type=\u00a0\u00bbrow\u00a0\u00bb type=\u00a0\u00bbfull_width\u00a0\u00bb text_align=\u00a0\u00bbleft\u00a0\u00bb css_animation=\u00a0\u00bb\u00a0\u00bb el_class=\u00a0\u00bbsection-text\u00a0\u00bb][vc_column_inner width=\u00a0\u00bb1\/4&Prime;][vc_single_image image=\u00a0\u00bb48165&Prime; img_size=\u00a0\u00bbfull\u00a0\u00bb css=\u00a0\u00bb\u00a0\u00bb qode_css_animation=\u00a0\u00bb\u00a0\u00bb el_class=\u00a0\u00bbdistributor-logo\u00a0\u00bb][\/vc_column_inner][vc_column_inner width=\u00a0\u00bb3\/4&Prime;][vc_column_text css=\u00a0\u00bb\u00a0\u00bb]<\/p>\n<h2>\u00c9tats-Unis<\/h2>\n<h3>North Coast Audio<\/h3>\n<p><i>Vermilion, Ohio<\/i><\/p>\n<p>&nbsp;<\/p>\n<p><a href=\"https:\/\/ncaudiooh.com\/\">https:\/\/ncaudiooh.com\/<\/a><\/p>\n<p>T\u00e9l\u00e9phone : <a role=\"link\" href=\"tel:4406531339\" target=\"_blank\" rel=\"noopener\">440-653-1339<\/a>[\/vc_column_text][\/vc_column_inner][\/vc_row_inner][vc_row_inner row_type=\u00a0\u00bbrow\u00a0\u00bb type=\u00a0\u00bbfull_width\u00a0\u00bb text_align=\u00a0\u00bbleft\u00a0\u00bb css_animation=\u00a0\u00bb\u00a0\u00bb el_class=\u00a0\u00bbsection-text\u00a0\u00bb][vc_column_inner width=\u00a0\u00bb1\/4&Prime;][vc_single_image image=\u00a0\u00bb27682&Prime; img_size=\u00a0\u00bbfull\u00a0\u00bb css=\u00a0\u00bb\u00a0\u00bb qode_css_animation=\u00a0\u00bb\u00a0\u00bb el_class=\u00a0\u00bbdistributor-logo\u00a0\u00bb][\/vc_column_inner][vc_column_inner width=\u00a0\u00bb3\/4&Prime;][vc_column_text css=\u00a0\u00bb\u00a0\u00bb]<\/p>\n<h2>Canada<\/h2>\n<h3>Massif Audio Design<\/h3>\n<p><i>Ontario, Canada<\/i><\/p>\n<p>&nbsp;<\/p>\n<p><a href=\"https:\/\/www.massifaudiodesign.com\/\">https:\/\/www.massifaudiodesign.com\/<\/a><\/p>\n<p>Courriel : <a href=\"mailto:orders@massifaudiodesign.com\" target=\"_blank\" rel=\"noopener\">orders@massifaudiodesign.com<\/a><\/p>\n<p>T\u00e9l\u00e9phone : 416-420-4462 <a role=\"link\" href=\"tel:4164204462\" target=\"_blank\" rel=\"noopener\">416-420-4462<\/a>[\/vc_column_text][\/vc_column_inner][\/vc_row_inner][vc_row_inner row_type=\u00a0\u00bbrow\u00a0\u00bb type=\u00a0\u00bbfull_width\u00a0\u00bb text_align=\u00a0\u00bbleft\u00a0\u00bb css_animation=\u00a0\u00bb\u00a0\u00bb el_class=\u00a0\u00bbsection-text\u00a0\u00bb][vc_column_inner width=\u00a0\u00bb1\/4&Prime;][vc_single_image image=\u00a0\u00bb36853&Prime; img_size=\u00a0\u00bbfull\u00a0\u00bb css=\u00a0\u00bb\u00a0\u00bb qode_css_animation=\u00a0\u00bb\u00a0\u00bb el_class=\u00a0\u00bbdistributor-logo\u00a0\u00bb][\/vc_column_inner][vc_column_inner width=\u00a0\u00bb3\/4&Prime;][vc_column_text css=\u00a0\u00bb\u00a0\u00bb]<\/p>\n<h2>Espagne<\/h2>\n<h3>Elektra Hi-End<\/h3>\n<p><em>C. de Chile, 23, 6A<\/em><br \/>\n<em>Chamart\u00edn, 28016 Madrid<\/em><\/p>\n<p>&nbsp;<\/p>\n<p><a href=\"https:\/\/www.elektrahiend.com\/\">https:\/\/www.elektrahiend.com\/<\/a><\/p>\n<p>Courriel : <a href=\"info@elektrahiend.com\" target=\"_blank\" rel=\"noopener\">info@elektrahiend.com<\/a><\/p>\n<p>T\u00e9l\u00e9phone : <a role=\"link\" href=\"tel:34%20687830665\" target=\"_blank\" rel=\"noopener\">+34 687830665<\/a>[\/vc_column_text][\/vc_column_inner][\/vc_row_inner][vc_row_inner row_type=\u00a0\u00bbrow\u00a0\u00bb type=\u00a0\u00bbfull_width\u00a0\u00bb text_align=\u00a0\u00bbleft\u00a0\u00bb css_animation=\u00a0\u00bb\u00a0\u00bb el_class=\u00a0\u00bbsection-text\u00a0\u00bb][vc_column_inner width=\u00a0\u00bb1\/4&Prime;][vc_single_image image=\u00a0\u00bb27111&Prime; img_size=\u00a0\u00bbfull\u00a0\u00bb css=\u00a0\u00bb\u00a0\u00bb qode_css_animation=\u00a0\u00bb\u00a0\u00bb el_class=\u00a0\u00bbdistributor-logo\u00a0\u00bb][\/vc_column_inner][vc_column_inner width=\u00a0\u00bb3\/4&Prime;][vc_column_text css=\u00a0\u00bb\u00a0\u00bb]<\/p>\n<h2>Ta\u00efwan<\/h2>\n<h3>YuHsiang Audio<\/h3>\n<p>No. 238, Gongguan Rd., West Dist., Taichung City 403<\/p>\n<p>&nbsp;<\/p>\n<p><a href=\"https:\/\/www.facebook.com\/yuhsiang238\/\">https:\/\/www.facebook.com\/yuhsiang238\/<\/a><\/p>\n<p>Courriel : <a href=\"mailto:yuhsiang238@gmail.com\" target=\"_blank\" rel=\"noopener\">yuhsiang238@gmail.com<\/a><\/p>\n<p>T\u00e9l\u00e9phone : +886 905 783 755 <a role=\"link\" href=\"tel:886905783755\" target=\"_blank\" rel=\"noopener\">+886 905 783 755<\/a>[\/vc_column_text][\/vc_column_inner][\/vc_row_inner][vc_row_inner row_type=\u00a0\u00bbrow\u00a0\u00bb type=\u00a0\u00bbfull_width\u00a0\u00bb text_align=\u00a0\u00bbleft\u00a0\u00bb css_animation=\u00a0\u00bb\u00a0\u00bb el_class=\u00a0\u00bbsection-text\u00a0\u00bb][vc_column_inner width=\u00a0\u00bb1\/4&Prime;][\/vc_column_inner][vc_column_inner width=\u00a0\u00bb3\/4&Prime;][vc_column_text css=\u00a0\u00bb\u00a0\u00bb]<\/p>\n<h2>Malaisie<\/h2>\n<h3>D&amp;A &#8211; Op\u00e9rations d&rsquo;avances<\/h3>\n<p><em>U2-00-04, Cour de Goodyear 8,<\/em><br \/>\n<em>Jalan USJ 14\/1, Subang Jaya 47630 Selangor, Malaisie<\/em><\/p>\n<p>&nbsp;<\/p>\n<p>Courriel : <a href=\"da.advancetrading@gmail.com\" target=\"_blank\" rel=\"noopener\">da.advancetrading@gmail.com<\/a><\/p>\n<p>T\u00e9l\u00e9phone : <a role=\"link\" href=\"tel:60132334123\" target=\"_blank\" rel=\"noopener\">+60132334123<\/a>[\/vc_column_text][\/vc_column_inner][\/vc_row_inner][vc_row_inner row_type=\u00a0\u00bbrow\u00a0\u00bb type=\u00a0\u00bbfull_width\u00a0\u00bb text_align=\u00a0\u00bbleft\u00a0\u00bb css_animation=\u00a0\u00bb\u00a0\u00bb el_class=\u00a0\u00bbsection-text\u00a0\u00bb][vc_column_inner width=\u00a0\u00bb1\/4&Prime;][\/vc_column_inner][vc_column_inner width=\u00a0\u00bb3\/4&Prime;][vc_column_text css=\u00a0\u00bb\u00a0\u00bb]<\/p>\n<h2>Allemagne<\/h2>\n<h3>Audio Treff Neuss<\/h3>\n<p><em>Iris Eikwinkel<\/em><br \/>\n<em>Plei\u00dfeweg 18<\/em><br \/>\n<em>41469 Neuss<\/em><\/p>\n<p>&nbsp;<\/p>\n<p><a href=\"http:\/\/www.audiotreffneuss.de\/\">http:\/\/www.audiotreffneuss.de\/<\/a><\/p>\n<p>Courriel : <a href=\"info@audiotreffneuss.de\" target=\"_blank\" rel=\"noopener\">info@audiotreffneuss.de<\/a><\/p>\n<p>T\u00e9l\u00e9phone : <a role=\"link\" href=\"tel:0176%2093146695\" target=\"_blank\" rel=\"noopener\">+0176 93146695<\/a>[\/vc_column_text][\/vc_column_inner][\/vc_row_inner][vc_row_inner row_type=\u00a0\u00bbrow\u00a0\u00bb type=\u00a0\u00bbfull_width\u00a0\u00bb text_align=\u00a0\u00bbleft\u00a0\u00bb css_animation=\u00a0\u00bb\u00a0\u00bb el_class=\u00a0\u00bbsection-text\u00a0\u00bb][vc_column_inner width=\u00a0\u00bb1\/4&Prime;][\/vc_column_inner][vc_column_inner width=\u00a0\u00bb3\/4&Prime;][vc_column_text css=\u00a0\u00bb\u00a0\u00bb]<\/p>\n<h2>Allemagne<\/h2>\n<h3>Hifi Audio<\/h3>\n<p><em>L\u00fctzenkirchen &amp; Funke GbR<\/em><br \/>\n<em>Eulerstra\u00dfe 50<\/em><br \/>\n<em>40477 D\u00fcsseldorf<\/em><\/p>\n<p>&nbsp;<\/p>\n<p><a href=\"https:\/\/www.hifi-audio.de\">https:\/\/www.hifi-audio.de<\/a><\/p>\n<p>Courriel : <a href=\"info@hifi-audio.de\" target=\"_blank\" rel=\"noopener\">info@hifi-audio.de<\/a><\/p>\n<p>T\u00e9l\u00e9phone : +0211-787300 <a role=\"link\" href=\"tel:0211-787300\" target=\"_blank\" rel=\"noopener\">+0211-787300<\/a>[\/vc_column_text][\/vc_column_inner][\/vc_row_inner][vc_row_inner row_type=\u00a0\u00bbrow\u00a0\u00bb type=\u00a0\u00bbfull_width\u00a0\u00bb text_align=\u00a0\u00bbleft\u00a0\u00bb css_animation=\u00a0\u00bb\u00a0\u00bb el_class=\u00a0\u00bbsection-text\u00a0\u00bb][vc_column_inner width=\u00a0\u00bb1\/4&Prime;][\/vc_column_inner][vc_column_inner width=\u00a0\u00bb3\/4&Prime;][vc_column_text css=\u00a0\u00bb\u00a0\u00bb]<\/p>\n<h2>France<\/h2>\n<h3>Prikosnovenie<\/h3>\n<p><em>1, rue Saint Nicolas<\/em><br \/>\n<em>44190 CLISSON- France<\/em><\/p>\n<p>&nbsp;<\/p>\n<p><a href=\"https:\/\/www.magic-mastering.com\/shop\/fr\/\">https:\/\/www.magic-mastering.com\/shop\/fr\/<\/a><\/p>\n<p>Courriel : <a href=\"prikos@wanadoo.fr\" target=\"_blank\" rel=\"noopener\">prikos@wanadoo.fr<\/a><\/p>\n<p>T\u00e9l\u00e9phone : <a role=\"link\" href=\"tel:0971476482\" target=\"_blank\" rel=\"noopener\">+0971476482<\/a>[\/vc_column_text][\/vc_column_inner][\/vc_row_inner][vc_row_inner row_type=\u00a0\u00bbrow\u00a0\u00bb type=\u00a0\u00bbfull_width\u00a0\u00bb text_align=\u00a0\u00bbleft\u00a0\u00bb css_animation=\u00a0\u00bb\u00a0\u00bb el_class=\u00a0\u00bbsection-text\u00a0\u00bb][vc_column_inner width=\u00a0\u00bb1\/4&Prime;][vc_single_image image=\u00a0\u00bb27155&Prime; img_size=\u00a0\u00bbfull\u00a0\u00bb css=\u00a0\u00bb\u00a0\u00bb qode_css_animation=\u00a0\u00bb\u00a0\u00bb el_class=\u00a0\u00bbdistributor-logo\u00a0\u00bb][\/vc_column_inner][vc_column_inner width=\u00a0\u00bb3\/4&Prime;][vc_column_text]<\/p>\n<h2>Nouvelle-Z\u00e9lande<\/h2>\n<h3>Syst\u00e8mes audio de r\u00e9f\u00e9rence<\/h3>\n<p><em>Auckland, Nouvelle-Z\u00e9lande<\/em><\/p>\n<p>&nbsp;<\/p>\n<p><a href=\"https:\/\/www.referenceaudio.co.nz\/\">https:\/\/www.referenceaudio.co.nz\/<\/a><\/p>\n<p>Courriel : <a href=\"mailto:peter@referenceaudio.co.nz\" target=\"_blank\" rel=\"noopener\">peter@referenceaudio.co.nz<\/a><\/p>\n<p>T\u00e9l\u00e9phone : <a role=\"link\" href=\"tel:64210336456\" target=\"_blank\" rel=\"noopener\">+64 21 033 6456<\/a>[\/vc_column_text][\/vc_column_inner][\/vc_row_inner][vc_row_inner row_type=\u00a0\u00bbrow\u00a0\u00bb type=\u00a0\u00bbfull_width\u00a0\u00bb text_align=\u00a0\u00bbleft\u00a0\u00bb css_animation=\u00a0\u00bb\u00a0\u00bb el_class=\u00a0\u00bbsection-text\u00a0\u00bb][vc_column_inner width=\u00a0\u00bb1\/4&Prime;][vc_single_image image=\u00a0\u00bb27166&Prime; img_size=\u00a0\u00bbfull\u00a0\u00bb css=\u00a0\u00bb\u00a0\u00bb qode_css_animation=\u00a0\u00bb\u00a0\u00bb el_class=\u00a0\u00bbdistributor-logo\u00a0\u00bb][\/vc_column_inner][vc_column_inner width=\u00a0\u00bb3\/4&Prime;][vc_column_text]<\/p>\n<h2>Isra\u00ebl<\/h2>\n<h3>Levinson Audio<\/h3>\n<p><em>Bat Yam, Isra\u00ebl<\/em><\/p>\n<p>&nbsp;<\/p>\n<p><a href=\"https:\/\/www.levinson-y.co.il\/\">https:\/\/www.levinson-y.co.il\/<\/a><\/p>\n<p>Courriel : <a href=\"mailto:levinsonaudio121@gmail.com\" target=\"_blank\" rel=\"noopener\">levinsonaudio121@gmail.com<\/a><\/p>\n<p>T\u00e9l\u00e9phone : <a role=\"link\" href=\"tel:0507628600\" target=\"_blank\" rel=\"noopener\">050-762-8600<\/a>[\/vc_column_text][\/vc_column_inner][\/vc_row_inner][\/vc_column][vc_column width=\u00a0\u00bb1\/6&Prime;][\/vc_column][\/vc_row][vc_row css_animation=\u00a0\u00bb\u00a0\u00bb row_type=\u00a0\u00bbrow\u00a0\u00bb use_row_as_full_screen_section=\u00a0\u00bbno\u00a0\u00bb type=\u00a0\u00bbfull_width\u00a0\u00bb angled_section=\u00a0\u00bbno\u00a0\u00bb text_align=\u00a0\u00bbleft\u00a0\u00bb background_image_as_pattern=\u00a0\u00bbwithout_pattern\u00a0\u00bb][vc_column el_class=\u00a0\u00bblower-angle-polygon\u00a0\u00bb][vc_raw_html]PHN2ZyB2aWV3Ym94PSIwIDAgMTAwIDYiIGNsYXNzPSJzbW9vdGgtYWxsIiBzdHlsZT0iIj4KICAgICAgICA8cG9seWdvbiBwb2ludHM9IjAsMyAwLDAgMTAwLDAgMTAwLDIgNzAsMSIgc3R5bGU9ImZpbGw6ICNmZmZmZmY7Ii8+CiAgICAgICAgPHBvbHlnb24gcG9pbnRzPSIwLDUgMCwwIDEwMCwwIDEwMCw0IDY5LDEuNSIgc3R5bGU9ImZpbGw6ICNmZmZmZmY4ZjsiLz4KPC9zdmc+[\/vc_raw_html][\/vc_column][\/vc_row]<\/p>\n<\/div>","protected":false},"excerpt":{"rendered":"<p>[vc_row css_animation=\u00a0\u00bb\u00a0\u00bb row_type=\u00a0\u00bbrow\u00a0\u00bb use_row_as_full_screen_section=\u00a0\u00bbno\u00a0\u00bb type=\u00a0\u00bbfull_width\u00a0\u00bb angled_section=\u00a0\u00bbno\u00a0\u00bb text_align=\u00a0\u00bbleft\u00a0\u00bb background_image_as_pattern=\u00a0\u00bbwithout_pattern\u00a0\u00bb][vc_column el_class=\u00a0\u00bblower-angle-polygon\u00a0\u00bb][vc_raw_html css=\u00a0\u00bb\u00a0\u00bb]PHN2ZyB2aWV3Ym94PSIwIDAgMTAwIDYiIGNsYXNzPSJzbW9vdGgtYWxsIiBzdHlsZT0iIj4KICAgICAgICAgICAgPHBvbHlnb24gcG9pbnRzPSIwLDUgMCwwIDEwMCwwIDEwMCw0IDY5LDEuNSIgc3R5bGU9ImZpbGw6ICM0MTQxNDE4ZjsiLz4KICAgICAgICAgICAgPHBvbHlnb24gcG9pbnRzPSIwLDMgMCwwIDEwMCwwIDEwMCwyIDcwLDEiIHN0eWxlPSJmaWxsOiAjNDE0MTQxOyIvPiAgCjwvc3ZnPg==[\/vc_raw_html][\/vc_column][\/vc_row][vc_row css_animation=\u00a0\u00bb\u00a0\u00bb row_type=\u00a0\u00bbrow\u00a0\u00bb use_row_as_full_screen_section=\u00a0\u00bbno\u00a0\u00bb type=\u00a0\u00bbfull_width\u00a0\u00bb angled_section=\u00a0\u00bbno\u00a0\u00bb text_align=\u00a0\u00bbleft\u00a0\u00bb background_image_as_pattern=\u00a0\u00bbwithout_pattern\u00a0\u00bb el_class=\u00a0\u00bbmain-row\u00a0\u00bb z_index=\u00a0\u00bb\u00a0\u00bb css=\u00a0\u00bb.vc_custom_1746749059291{padding-top: 120px !important;}\u00a0\u00bb][vc_column width=\u00a0\u00bb1\/6&Prime;][\/vc_column][vc_column width=\u00a0\u00bb2\/3&Prime; el_class=\u00a0\u00bbcenter-column\u00a0\u00bb][vc_column_text css=\u00a0\u00bb\u00a0\u00bb] Distributeurs et revendeurs &nbsp; Les produits Carbide Audio peuvent \u00eatre achet\u00e9s aupr\u00e8s de nos distributeurs et revendeurs mondiaux ci-dessous&#8230;.<\/p>\n","protected":false},"author":1,"featured_media":0,"parent":0,"menu_order":0,"comment_status":"closed","ping_status":"closed","template":"full_width.php","meta":{"editor_plus_copied_stylings":"{}","_monsterinsights_skip_tracking":false,"_monsterinsights_sitenote_active":false,"_monsterinsights_sitenote_note":"","_monsterinsights_sitenote_category":0,"footnotes":""},"class_list":["post-16848","page","type-page","status-publish","hentry"],"aioseo_notices":[],"_links":{"self":[{"href":"https:\/\/carbide.audio\/fr\/wp-json\/wp\/v2\/pages\/16848","targetHints":{"allow":["GET"]}}],"collection":[{"href":"https:\/\/carbide.audio\/fr\/wp-json\/wp\/v2\/pages"}],"about":[{"href":"https:\/\/carbide.audio\/fr\/wp-json\/wp\/v2\/types\/page"}],"author":[{"embeddable":true,"href":"https:\/\/carbide.audio\/fr\/wp-json\/wp\/v2\/users\/1"}],"replies":[{"embeddable":true,"href":"https:\/\/carbide.audio\/fr\/wp-json\/wp\/v2\/comments?post=16848"}],"version-history":[{"count":8,"href":"https:\/\/carbide.audio\/fr\/wp-json\/wp\/v2\/pages\/16848\/revisions"}],"predecessor-version":[{"id":48226,"href":"https:\/\/carbide.audio\/fr\/wp-json\/wp\/v2\/pages\/16848\/revisions\/48226"}],"wp:attachment":[{"href":"https:\/\/carbide.audio\/fr\/wp-json\/wp\/v2\/media?parent=16848"}],"curies":[{"name":"wp","href":"https:\/\/api.w.org\/{rel}","templated":true}]}}