{"id":29276,"date":"2024-03-06T09:16:13","date_gmt":"2024-03-06T15:16:13","guid":{"rendered":"https:\/\/carbide.audio\/product\/nano\/"},"modified":"2025-07-14T00:36:06","modified_gmt":"2025-07-14T05:36:06","slug":"nano","status":"publish","type":"product","link":"https:\/\/carbide.audio\/es\/producto\/nano\/","title":{"rendered":"Nano"},"content":{"rendered":"<p>Pies de audio Nano de Carbide Audio. Los pies de p\u00e1gina Nano est\u00e1n disponibles en versi\u00f3n Est\u00e1ndar o Diamante. Se venden en juegos de 3 y 4.  <\/p>\n","protected":false},"excerpt":{"rendered":"<p>El pie de audio Nano destila nuestra mejor tecnolog\u00eda de aisladores de rodamientos de bolas en el factor de forma m\u00e1s peque\u00f1o posible.<\/p>\n<p>&nbsp;<\/p>\n<p>La extrema dureza y la baja fricci\u00f3n de las pistas de rodadura de los rodamientos de bolas utilizados en cada pie permiten un excelente rendimiento del aislamiento de las vibraciones en una amplia gama de frecuencias.<\/p>\n<p>&nbsp;<\/p>\n<p>Nano est\u00e1 disponible en versi\u00f3n Est\u00e1ndar con nuestras pistas de rodamiento de Zafiro o en versi\u00f3n Diamante con nuestras pistas de rodamiento de Diamante y aleaci\u00f3n de alta amortiguaci\u00f3n TwinDamp\u2122.<\/p>\n<p>&nbsp;<\/p>\n<p>Los pies de audio Nano pueden aceptar opcionalmente nuestros pinchos para atravesar la moqueta, o nuestro kit de pernos para atornillarlos directamente a altavoces o equipos de audio. Cada pie de apoyo Nano puede soportar hasta 55 kg (121 lbs). <\/p>\n<p>&nbsp;<\/p>\n<p>Se venden en juegos de 3 \u00f3 4 unidades.<\/p>\n","protected":false},"featured_media":28161,"template":"","meta":{"editor_plus_copied_stylings":"{}","_monsterinsights_skip_tracking":false,"_monsterinsights_sitenote_active":false,"_monsterinsights_sitenote_note":"","_monsterinsights_sitenote_category":0},"product_brand":[],"product_cat":[401],"product_tag":[],"class_list":{"0":"post-29276","1":"product","2":"type-product","3":"status-publish","4":"has-post-thumbnail","6":"product_cat-carbide-base-es","7":"pa_version-estandar","8":"pa_version-diamante-es","9":"tm-has-styled-variations","10":"tm-no-options-pxq","12":"first","13":"outofstock","14":"taxable","15":"shipping-taxable","16":"purchasable","17":"product-type-variable","18":"has-default-attributes"},"aioseo_notices":[],"_links":{"self":[{"href":"https:\/\/carbide.audio\/es\/wp-json\/wp\/v2\/product\/29276","targetHints":{"allow":["GET"]}}],"collection":[{"href":"https:\/\/carbide.audio\/es\/wp-json\/wp\/v2\/product"}],"about":[{"href":"https:\/\/carbide.audio\/es\/wp-json\/wp\/v2\/types\/product"}],"wp:featuredmedia":[{"embeddable":true,"href":"https:\/\/carbide.audio\/es\/wp-json\/wp\/v2\/media\/28161"}],"wp:attachment":[{"href":"https:\/\/carbide.audio\/es\/wp-json\/wp\/v2\/media?parent=29276"}],"wp:term":[{"taxonomy":"product_brand","embeddable":true,"href":"https:\/\/carbide.audio\/es\/wp-json\/wp\/v2\/product_brand?post=29276"},{"taxonomy":"product_cat","embeddable":true,"href":"https:\/\/carbide.audio\/es\/wp-json\/wp\/v2\/product_cat?post=29276"},{"taxonomy":"product_tag","embeddable":true,"href":"https:\/\/carbide.audio\/es\/wp-json\/wp\/v2\/product_tag?post=29276"}],"curies":[{"name":"wp","href":"https:\/\/api.w.org\/{rel}","templated":true}]}}