{"id":29267,"date":"2024-03-06T09:00:17","date_gmt":"2024-03-06T15:00:17","guid":{"rendered":"https:\/\/carbide.audio\/product\/micro-viscoring\/"},"modified":"2024-10-30T17:28:44","modified_gmt":"2024-10-30T22:28:44","slug":"micro-viscoring","status":"publish","type":"product","link":"https:\/\/carbide.audio\/es\/producto\/micro-viscoring\/","title":{"rendered":"Micro ViscoRing\u2122."},"content":{"rendered":"<p>Los anillos de aislamiento viscoel\u00e1stico Micro ViscoRing\u2122 se instalan en nuestros pies de audio Carbide Base. Pueden pedirse para pesos m\u00e1ximos de equipo Ligero (30 lbs o 13,5 kg), Medio (60 lbs o 27 kg), Pesado (170 lbs o 77 kg) o Superpesado (1400 lbs o 635 kg) (cuando se utilizan como un juego de 4). <\/p>\n","protected":false},"excerpt":{"rendered":"<p>Anillos de aislamiento viscoel\u00e1stico de repuesto Micro ViscoRing\u2122 para utilizar en nuestro pie de microaudio Carbide Base. La versi\u00f3n Super Heavy est\u00e1 fabricada con nuestra aleaci\u00f3n de alta amortiguaci\u00f3n TwinDamp\u2122 para una m\u00e1xima capacidad de soporte de peso. Se vende en un juego de 3 que se utilizan en un solo pie de micr\u00f3fono.  <\/p>\n","protected":false},"featured_media":28200,"template":"","meta":{"editor_plus_copied_stylings":"{}","_monsterinsights_skip_tracking":false,"_monsterinsights_sitenote_active":false,"_monsterinsights_sitenote_note":"","_monsterinsights_sitenote_category":0},"product_brand":[],"product_cat":[466,401],"product_tag":[],"class_list":{"0":"post-29267","1":"product","2":"type-product","3":"status-publish","4":"has-post-thumbnail","6":"product_cat-accesorios","7":"product_cat-carbide-base-es","8":"tm-has-styled-variations","9":"tm-no-options-pxq","11":"first","12":"instock","13":"taxable","14":"shipping-taxable","15":"purchasable","16":"product-type-variable"},"aioseo_notices":[],"_links":{"self":[{"href":"https:\/\/carbide.audio\/es\/wp-json\/wp\/v2\/product\/29267","targetHints":{"allow":["GET"]}}],"collection":[{"href":"https:\/\/carbide.audio\/es\/wp-json\/wp\/v2\/product"}],"about":[{"href":"https:\/\/carbide.audio\/es\/wp-json\/wp\/v2\/types\/product"}],"wp:featuredmedia":[{"embeddable":true,"href":"https:\/\/carbide.audio\/es\/wp-json\/wp\/v2\/media\/28200"}],"wp:attachment":[{"href":"https:\/\/carbide.audio\/es\/wp-json\/wp\/v2\/media?parent=29267"}],"wp:term":[{"taxonomy":"product_brand","embeddable":true,"href":"https:\/\/carbide.audio\/es\/wp-json\/wp\/v2\/product_brand?post=29267"},{"taxonomy":"product_cat","embeddable":true,"href":"https:\/\/carbide.audio\/es\/wp-json\/wp\/v2\/product_cat?post=29267"},{"taxonomy":"product_tag","embeddable":true,"href":"https:\/\/carbide.audio\/es\/wp-json\/wp\/v2\/product_tag?post=29267"}],"curies":[{"name":"wp","href":"https:\/\/api.w.org\/{rel}","templated":true}]}}