{"id":22097,"date":"2023-09-07T20:22:19","date_gmt":"2023-09-08T01:22:19","guid":{"rendered":"https:\/\/carbide.audio\/product\/kit-de-pernos-de-pie-de-pagina\/"},"modified":"2025-10-16T15:38:29","modified_gmt":"2025-10-16T20:38:29","slug":"footer-bolt-kit","status":"publish","type":"product","link":"https:\/\/carbide.audio\/es\/producto\/footer-bolt-kit\/","title":{"rendered":"Kit de pernos"},"content":{"rendered":"<p>Kit de pernos para el montaje de 8 pies en altavoces y otros equipos. Incluye 8 de cada perno en tama\u00f1os de rosca m\u00e9trica M4, M6, M8, M10 o en tama\u00f1os imperiales #8-32, 1\/4\u2033-20, 3\/8\u2033-16, 1\/2\u2033-13. <\/p>\n","protected":false},"excerpt":{"rendered":"<p>Un kit de pernos que incluye tornillos de m\u00e1quina est\u00e1ndar de cabeza plana. Se utiliza para el montaje opcional de 8 pies Carbide Audio en lugar de los picos y pies de serie bajo los altavoces u otros equipos de audio. Incluye 8 de cada tama\u00f1o de tornillo en rosca m\u00e9trica o imperial.  <\/p>\n<p>&nbsp;<\/p>\n<p><strong>Tornillos m\u00e9tricos:<\/strong> M4, M6, M8, M10<\/p>\n<p><strong>Tornillos imperiales:<\/strong> #8-32, 1\/4\u2033-20, 3\/8\u2033-16, 1\/2\u2033-13<\/p>\n","protected":false},"featured_media":22088,"template":"","meta":{"editor_plus_copied_stylings":"{}","_monsterinsights_skip_tracking":false,"_monsterinsights_sitenote_active":false,"_monsterinsights_sitenote_note":"","_monsterinsights_sitenote_category":0},"product_brand":[],"product_cat":[466,401],"product_tag":[],"class_list":{"0":"post-22097","1":"product","2":"type-product","3":"status-publish","4":"has-post-thumbnail","6":"product_cat-accesorios","7":"product_cat-carbide-base-es","8":"tm-has-styled-variations","9":"tm-no-options-pxq","11":"first","12":"instock","13":"taxable","14":"shipping-taxable","15":"purchasable","16":"product-type-variable","17":"has-default-attributes"},"aioseo_notices":[],"_links":{"self":[{"href":"https:\/\/carbide.audio\/es\/wp-json\/wp\/v2\/product\/22097","targetHints":{"allow":["GET"]}}],"collection":[{"href":"https:\/\/carbide.audio\/es\/wp-json\/wp\/v2\/product"}],"about":[{"href":"https:\/\/carbide.audio\/es\/wp-json\/wp\/v2\/types\/product"}],"wp:featuredmedia":[{"embeddable":true,"href":"https:\/\/carbide.audio\/es\/wp-json\/wp\/v2\/media\/22088"}],"wp:attachment":[{"href":"https:\/\/carbide.audio\/es\/wp-json\/wp\/v2\/media?parent=22097"}],"wp:term":[{"taxonomy":"product_brand","embeddable":true,"href":"https:\/\/carbide.audio\/es\/wp-json\/wp\/v2\/product_brand?post=22097"},{"taxonomy":"product_cat","embeddable":true,"href":"https:\/\/carbide.audio\/es\/wp-json\/wp\/v2\/product_cat?post=22097"},{"taxonomy":"product_tag","embeddable":true,"href":"https:\/\/carbide.audio\/es\/wp-json\/wp\/v2\/product_tag?post=22097"}],"curies":[{"name":"wp","href":"https:\/\/api.w.org\/{rel}","templated":true}]}}