{"id":20836,"date":"2023-08-05T19:19:47","date_gmt":"2023-08-06T00:19:47","guid":{"rendered":"https:\/\/carbide.audio\/product\/mejora-del-diamante\/"},"modified":"2024-10-30T19:32:40","modified_gmt":"2024-10-31T00:32:40","slug":"carbide-base-diamond-upgrade","status":"publish","type":"product","link":"https:\/\/carbide.audio\/es\/producto\/carbide-base-diamond-upgrade\/","title":{"rendered":"Insertos de carburo base"},"content":{"rendered":"<p>Insertos de base de carburo para actualizar la base de carburo est\u00e1ndar y la base de carburo Micro a las versiones de diamante y zafiro.<\/p>\n","protected":false},"excerpt":{"rendered":"<p>Carbide Base Insertos para actualizar los pies est\u00e1ndar de Carbide Base y Carbide Base Micro a las versiones Diamante o Zafiro. Se venden por separado. <\/p>\n<p>&nbsp;<\/p>\n<p>Seleccione la versi\u00f3n Zafiro o Diamante en las p\u00e1ginas de productos Carbide Base o Carbide Base Micro para adquirir los pies de p\u00e1gina completos.<\/p>\n","protected":false},"featured_media":26756,"template":"","meta":{"editor_plus_copied_stylings":"{}","_monsterinsights_skip_tracking":false,"_monsterinsights_sitenote_active":false,"_monsterinsights_sitenote_note":"","_monsterinsights_sitenote_category":0},"product_brand":[],"product_cat":[466,401],"product_tag":[],"class_list":{"0":"post-20836","1":"product","2":"type-product","3":"status-publish","4":"has-post-thumbnail","6":"product_cat-accesorios","7":"product_cat-carbide-base-es","8":"product_shipping_class-base-de-carburo","9":"pa_version-diamante-es","10":"pa_version-estandar","11":"pa_version-zafiro","12":"tm-has-styled-variations","13":"tm-no-options-pxq","15":"first","16":"instock","17":"taxable","18":"shipping-taxable","19":"purchasable","20":"product-type-variable","21":"has-default-attributes"},"aioseo_notices":[],"_links":{"self":[{"href":"https:\/\/carbide.audio\/es\/wp-json\/wp\/v2\/product\/20836","targetHints":{"allow":["GET"]}}],"collection":[{"href":"https:\/\/carbide.audio\/es\/wp-json\/wp\/v2\/product"}],"about":[{"href":"https:\/\/carbide.audio\/es\/wp-json\/wp\/v2\/types\/product"}],"wp:featuredmedia":[{"embeddable":true,"href":"https:\/\/carbide.audio\/es\/wp-json\/wp\/v2\/media\/26756"}],"wp:attachment":[{"href":"https:\/\/carbide.audio\/es\/wp-json\/wp\/v2\/media?parent=20836"}],"wp:term":[{"taxonomy":"product_brand","embeddable":true,"href":"https:\/\/carbide.audio\/es\/wp-json\/wp\/v2\/product_brand?post=20836"},{"taxonomy":"product_cat","embeddable":true,"href":"https:\/\/carbide.audio\/es\/wp-json\/wp\/v2\/product_cat?post=20836"},{"taxonomy":"product_tag","embeddable":true,"href":"https:\/\/carbide.audio\/es\/wp-json\/wp\/v2\/product_tag?post=20836"}],"curies":[{"name":"wp","href":"https:\/\/api.w.org\/{rel}","templated":true}]}}