{"id":13921,"date":"2020-06-25T21:14:03","date_gmt":"2020-06-26T02:14:03","guid":{"rendered":"https:\/\/www.carbide.audio\/product\/carbide-base\/"},"modified":"2025-12-19T12:27:50","modified_gmt":"2025-12-19T18:27:50","slug":"carbide-base","status":"publish","type":"product","link":"https:\/\/carbide.audio\/es\/producto\/carbide-base\/","title":{"rendered":"Carbide Base"},"content":{"rendered":"<p>Pies de aislamiento de audio Carbide Base para sus aparatos electr\u00f3nicos de audio, altavoces y giradiscos. Disponible en acabado negro o plateado.<\/p>\n","protected":false},"excerpt":{"rendered":"<p>Carbide Base Los pies de apoyo se venden individualmente en acabado negro o plateado. Elija el ViscoRing\u2122 instalado en funci\u00f3n del peso que pretenda soportar. <\/p>\n<p>&nbsp;<\/p>\n<p>Un dise\u00f1o modular permite a\u00f1adir insertos de cojinetes de bolas en la parte superior del pie para un aislamiento adicional. Elija la versi\u00f3n Zafiro o Diamante para a\u00f1adir los respectivos insertos Carbide Base. Los insertos Nano tambi\u00e9n se pueden a\u00f1adir a cualquier versi\u00f3n si el orificio central no se va a utilizar para atornillar los pies al equipo o aceptar la punta de un pincho de altavoz. <\/p>\n","protected":false},"featured_media":17278,"template":"","meta":{"editor_plus_copied_stylings":"{}","_monsterinsights_skip_tracking":false,"_monsterinsights_sitenote_active":false,"_monsterinsights_sitenote_note":"","_monsterinsights_sitenote_category":0},"product_brand":[],"product_cat":[401],"product_tag":[],"class_list":{"0":"post-13921","1":"product","2":"type-product","3":"status-publish","4":"has-post-thumbnail","6":"product_cat-carbide-base-es","7":"pa_version-diamante-es","8":"pa_version-estandar","9":"pa_version-zafiro","10":"tm-has-styled-variations","11":"tm-no-options-pxq","13":"first","14":"instock","15":"taxable","16":"shipping-taxable","17":"purchasable","18":"product-type-variable"},"aioseo_notices":[],"_links":{"self":[{"href":"https:\/\/carbide.audio\/es\/wp-json\/wp\/v2\/product\/13921","targetHints":{"allow":["GET"]}}],"collection":[{"href":"https:\/\/carbide.audio\/es\/wp-json\/wp\/v2\/product"}],"about":[{"href":"https:\/\/carbide.audio\/es\/wp-json\/wp\/v2\/types\/product"}],"wp:featuredmedia":[{"embeddable":true,"href":"https:\/\/carbide.audio\/es\/wp-json\/wp\/v2\/media\/17278"}],"wp:attachment":[{"href":"https:\/\/carbide.audio\/es\/wp-json\/wp\/v2\/media?parent=13921"}],"wp:term":[{"taxonomy":"product_brand","embeddable":true,"href":"https:\/\/carbide.audio\/es\/wp-json\/wp\/v2\/product_brand?post=13921"},{"taxonomy":"product_cat","embeddable":true,"href":"https:\/\/carbide.audio\/es\/wp-json\/wp\/v2\/product_cat?post=13921"},{"taxonomy":"product_tag","embeddable":true,"href":"https:\/\/carbide.audio\/es\/wp-json\/wp\/v2\/product_tag?post=13921"}],"curies":[{"name":"wp","href":"https:\/\/api.w.org\/{rel}","templated":true}]}}